{"id":991,"date":"2025-10-20T23:33:20","date_gmt":"2025-10-20T23:33:20","guid":{"rendered":"https:\/\/softlite.ro\/?page_id=991"},"modified":"2025-11-22T18:08:38","modified_gmt":"2025-11-22T18:08:38","slug":"installation-guides","status":"publish","type":"page","link":"https:\/\/softlite.ro\/ro\/installation-guides\/","title":{"rendered":"Ghiduri de instalare"},"content":{"rendered":"<div data-elementor-type=\"wp-page\" data-elementor-id=\"991\" class=\"elementor elementor-991\">\n\t\t\t\t<div class=\"elementor-element elementor-element-b07d332 e-flex e-con-boxed e-con e-parent\" data-id=\"b07d332\" data-element_type=\"container\" data-e-type=\"container\">\n\t\t\t\t\t<div class=\"e-con-inner\">\n\t\t\t\t<div class=\"elementor-element elementor-element-9af0987 elementor-widget elementor-widget-text-editor\" data-id=\"9af0987\" data-element_type=\"widget\" data-e-type=\"widget\" data-widget_type=\"text-editor.default\">\n\t\t\t\t\t\t\t\t\t<h2 data-start=\"110\" data-end=\"160\">\ud83d\udda5\ufe0f <strong data-start=\"117\" data-end=\"160\">Windows 10 \/ 11 Pro \u2013 Ghid de Instalare<\/strong><\/h2><ol data-start=\"162\" data-end=\"790\"><li data-start=\"162\" data-end=\"347\"><p data-start=\"165\" data-end=\"347\"><strong data-start=\"165\" data-end=\"205\">Verifica\u021bi inboxul \u0219i folderul Spam.<\/strong><br data-start=\"205\" data-end=\"208\" \/>Ve\u021bi primi cheia de licen\u021b\u0103 \u0219i linkul de desc\u0103rcare. Folosi\u021bi \u00eentotdeauna linkul furnizat de noi pentru o versiune sigur\u0103 \u0219i verificat\u0103.<\/p><\/li><li data-start=\"349\" data-end=\"442\"><p data-start=\"352\" data-end=\"442\"><strong data-start=\"352\" data-end=\"390\">Desc\u0103rca\u021bi fi\u0219ierul ISO de Windows<\/strong> folosind linkul primit.<br data-start=\"414\" data-end=\"417\" \/>Salva\u021bi-l pe computer.<\/p><\/li><li data-start=\"444\" data-end=\"543\"><p data-start=\"447\" data-end=\"543\"><strong data-start=\"447\" data-end=\"478\">Porni\u021bi instalarea Windows.<\/strong><br data-start=\"478\" data-end=\"481\" \/>Alege\u021bi \u201eInstall Now\u201d \u0219i urma\u021bi instruc\u021biunile de pe ecran.<\/p><\/li><li data-start=\"545\" data-end=\"621\"><p data-start=\"548\" data-end=\"621\"><strong data-start=\"548\" data-end=\"621\">C\u00e2nd vi se cere cheia de produs, introduce\u021bi cheia primit\u0103 de la noi.<\/strong><\/p><\/li><li data-start=\"623\" data-end=\"790\"><p data-start=\"626\" data-end=\"790\"><strong data-start=\"626\" data-end=\"662\">Activa\u021bi Windows dup\u0103 instalare:<\/strong><br data-start=\"662\" data-end=\"665\" \/>Accesa\u021bi <strong data-start=\"677\" data-end=\"711\">Settings \u2192 System \u2192 Activation<\/strong><br data-start=\"711\" data-end=\"714\" \/>Introduce\u021bi cheia de produs dac\u0103 nu a fost ad\u0103ugat\u0103 \u00een timpul instal\u0103rii.<\/p><\/li><\/ol><h3 data-start=\"792\" data-end=\"851\">\u2705 Gata! Windows este acum activat \u0219i gata de utilizare.<\/h3><hr data-start=\"853\" data-end=\"856\" \/><h2 data-start=\"858\" data-end=\"924\">\ud83d\udcbc <strong data-start=\"864\" data-end=\"924\">Office 2021 \/ 2024 Professional Plus \u2013 Ghid de Instalare<\/strong><\/h2><ol data-start=\"926\" data-end=\"1650\"><li data-start=\"926\" data-end=\"1098\"><p data-start=\"929\" data-end=\"1098\"><strong data-start=\"929\" data-end=\"969\">Verifica\u021bi inboxul \u0219i folderul Spam.<\/strong><br data-start=\"969\" data-end=\"972\" \/>Ve\u021bi primi cheia de licen\u021b\u0103 \u0219i linkul de desc\u0103rcare. Folosi\u021bi \u00eentotdeauna linkul nostru pentru instalatorul corect offline.<\/p><\/li><li data-start=\"1100\" data-end=\"1230\"><p data-start=\"1103\" data-end=\"1230\"><strong data-start=\"1103\" data-end=\"1130\">Desc\u0103rca\u021bi instalatorul<\/strong> folosind linkul primit.<br data-start=\"1154\" data-end=\"1157\" \/>Salva\u021bi fi\u0219ierul pe computer \u0219i dezarhiva\u021bi-l dac\u0103 este \u00een format ZIP.<\/p><\/li><li data-start=\"1232\" data-end=\"1379\"><p data-start=\"1235\" data-end=\"1379\"><strong data-start=\"1235\" data-end=\"1267\">Rula\u021bi fi\u0219ierul de instalare<\/strong> (Setup.exe sau OfficeSetup.exe).<br data-start=\"1300\" data-end=\"1303\" \/>A\u0219tepta\u021bi p\u00e2n\u0103 c\u00e2nd instalarea se finalizeaz\u0103 \u2014 poate dura c\u00e2teva minute.<\/p><\/li><li data-start=\"1381\" data-end=\"1583\"><p data-start=\"1384\" data-end=\"1407\"><strong data-start=\"1384\" data-end=\"1405\">Activarea Office:<\/strong><\/p><ul data-start=\"1411\" data-end=\"1583\"><li data-start=\"1411\" data-end=\"1455\"><p data-start=\"1413\" data-end=\"1455\">Deschide\u021bi o aplica\u021bie (Word sau Excel).<\/p><\/li><li data-start=\"1459\" data-end=\"1522\"><p data-start=\"1461\" data-end=\"1522\">Dac\u0103 vi se cere cheia de produs, introduce\u021bi cheia primit\u0103.<\/p><\/li><li data-start=\"1526\" data-end=\"1583\"><p data-start=\"1528\" data-end=\"1583\">A\u0219tepta\u021bi c\u00e2teva secunde p\u00e2n\u0103 se finalizeaz\u0103 activarea.<\/p><\/li><\/ul><\/li><li data-start=\"1585\" data-end=\"1650\"><p data-start=\"1588\" data-end=\"1650\"><strong data-start=\"1588\" data-end=\"1612\">Reporni\u021bi computerul<\/strong> pentru a finaliza complet instalarea.<\/p><\/li><\/ol><h3 data-start=\"1652\" data-end=\"1735\">\u2705 Acum pute\u021bi utiliza Word, Excel, PowerPoint, Outlook, Access \u0219i multe altele!<\/h3><hr data-start=\"1737\" data-end=\"1740\" \/><h2 data-start=\"1742\" data-end=\"1836\">\ud83c\udfa8 <strong data-start=\"1748\" data-end=\"1836\">Produse Grafice \u2013 Ghid de Instalare (Photoshop, Illustrator, InDesign, Acrobat etc.)<\/strong><\/h2><ol data-start=\"1838\" data-end=\"2613\"><li data-start=\"1838\" data-end=\"2011\"><p data-start=\"1841\" data-end=\"2011\"><strong data-start=\"1841\" data-end=\"1881\">Verifica\u021bi inboxul \u0219i folderul Spam.<\/strong><br data-start=\"1881\" data-end=\"1884\" \/>Ve\u021bi primi codul de licen\u021b\u0103 \u0219i linkul de desc\u0103rcare. Desc\u0103rca\u021bi \u00eentotdeauna doar din linkul nostru pentru versiunea corect\u0103.<\/p><\/li><li data-start=\"2013\" data-end=\"2099\"><p data-start=\"2016\" data-end=\"2099\"><strong data-start=\"2016\" data-end=\"2049\">Desc\u0103rca\u021bi kitul de instalare<\/strong> \u0219i dezarhiva\u021bi-l dac\u0103 este \u00een format ZIP sau RAR.<\/p><\/li><li data-start=\"2101\" data-end=\"2225\"><p data-start=\"2104\" data-end=\"2130\"><strong data-start=\"2104\" data-end=\"2128\">Rula\u021bi instalatorul:<\/strong><\/p><ul data-start=\"2134\" data-end=\"2225\"><li data-start=\"2134\" data-end=\"2173\"><p data-start=\"2136\" data-end=\"2173\">Da\u021bi dublu click pe fi\u0219ierul setup.<\/p><\/li><li data-start=\"2177\" data-end=\"2225\"><p data-start=\"2179\" data-end=\"2225\">Dac\u0103 Windows cere permisiune, ap\u0103sa\u021bi <strong data-start=\"2217\" data-end=\"2224\">Yes<\/strong>.<\/p><\/li><\/ul><\/li><li data-start=\"2227\" data-end=\"2347\"><p data-start=\"2230\" data-end=\"2257\"><strong data-start=\"2230\" data-end=\"2255\">\u00cen timpul instal\u0103rii:<\/strong><\/p><ul data-start=\"2261\" data-end=\"2347\"><li data-start=\"2261\" data-end=\"2308\"><p data-start=\"2263\" data-end=\"2308\">Alege\u021bi limba dorit\u0103 \u0219i loca\u021bia instal\u0103rii.<\/p><\/li><li data-start=\"2312\" data-end=\"2347\"><p data-start=\"2314\" data-end=\"2347\">A\u0219tepta\u021bi finalizarea instal\u0103rii.<\/p><\/li><\/ul><\/li><li data-start=\"2349\" data-end=\"2554\"><p data-start=\"2352\" data-end=\"2368\"><strong data-start=\"2352\" data-end=\"2366\">Activarea:<\/strong><\/p><ul data-start=\"2372\" data-end=\"2554\"><li data-start=\"2372\" data-end=\"2397\"><p data-start=\"2374\" data-end=\"2397\">Deschide\u021bi programul.<\/p><\/li><li data-start=\"2401\" data-end=\"2471\"><p data-start=\"2403\" data-end=\"2471\">Dac\u0103 vi se cere o licen\u021b\u0103 sau un serial, introduce\u021bi codul primit.<\/p><\/li><li data-start=\"2475\" data-end=\"2554\"><p data-start=\"2477\" data-end=\"2554\"><strong data-start=\"2477\" data-end=\"2514\">Nu v\u0103 conecta\u021bi la Creative Cloud<\/strong>, dec\u00e2t dac\u0103 primi\u021bi instruc\u021biuni clare.<\/p><\/li><\/ul><\/li><li data-start=\"2556\" data-end=\"2613\"><p data-start=\"2559\" data-end=\"2613\"><strong data-start=\"2559\" data-end=\"2613\">Dup\u0103 activare, programul poate fi folosit offline.<\/strong><\/p><\/li><\/ol><h3 data-start=\"2615\" data-end=\"2672\">\u2705 Software-ul dvs. Adobe este acum gata de utilizare!<\/h3><hr data-start=\"2674\" data-end=\"2677\" \/><h2 data-start=\"2679\" data-end=\"2730\">\u26a0\ufe0f <strong data-start=\"2685\" data-end=\"2730\">Sfaturi Importante pentru Toate Produsele<\/strong><\/h2><ul data-start=\"2732\" data-end=\"3053\"><li data-start=\"2732\" data-end=\"2827\"><p data-start=\"2734\" data-end=\"2827\">Folosi\u021bi \u00eentotdeauna linkurile de desc\u0103rcare primite de la noi \u2014 sunt verificate \u0219i sigure.<\/p><\/li><li data-start=\"2828\" data-end=\"2899\"><p data-start=\"2830\" data-end=\"2899\">Verifica\u021bi folderul Spam\/Junk dac\u0103 nu vede\u021bi emailul \u00een c\u00e2teva ore.<\/p><\/li><li data-start=\"2900\" data-end=\"2974\"><p data-start=\"2902\" data-end=\"2974\">P\u0103stra\u021bi cheia de licen\u021b\u0103 \u00eentr-un loc sigur pentru utiliz\u0103ri viitoare.<\/p><\/li><li data-start=\"2975\" data-end=\"3053\"><p data-start=\"2977\" data-end=\"3053\">Dac\u0103 \u00eent\u00e2mpina\u021bi probleme, contacta\u021bi-ne \u0219i v\u0103 vom ajuta rapid cu activarea.<\/p><\/li><\/ul>\t\t\t\t\t\t\t\t<\/div>\n\t\t\t\t\t<\/div>\n\t\t\t\t<\/div>\n\t\t\t\t<\/div>","protected":false},"excerpt":{"rendered":"<p>\ud83d\udda5\ufe0f Windows 10 \/ 11 Pro \u2013 Ghid de Instalare Verifica\u021bi inboxul \u0219i folderul Spam.Ve\u021bi primi cheia de licen\u021b\u0103 \u0219i linkul de desc\u0103rcare. Folosi\u021bi \u00eentotdeauna linkul furnizat de noi pentru o versiune sigur\u0103 \u0219i verificat\u0103. Desc\u0103rca\u021bi fi\u0219ierul ISO de Windows folosind linkul primit.Salva\u021bi-l pe computer. Porni\u021bi instalarea Windows.Alege\u021bi \u201eInstall Now\u201d \u0219i urma\u021bi instruc\u021biunile de pe [&hellip;]<\/p>\n","protected":false},"author":1,"featured_media":0,"parent":0,"menu_order":0,"comment_status":"closed","ping_status":"closed","template":"","meta":{"footnotes":""},"class_list":["post-991","page","type-page","status-publish","hentry"],"blocksy_meta":[],"_links":{"self":[{"href":"https:\/\/softlite.ro\/ro\/wp-json\/wp\/v2\/pages\/991","targetHints":{"allow":["GET"]}}],"collection":[{"href":"https:\/\/softlite.ro\/ro\/wp-json\/wp\/v2\/pages"}],"about":[{"href":"https:\/\/softlite.ro\/ro\/wp-json\/wp\/v2\/types\/page"}],"author":[{"embeddable":true,"href":"https:\/\/softlite.ro\/ro\/wp-json\/wp\/v2\/users\/1"}],"replies":[{"embeddable":true,"href":"https:\/\/softlite.ro\/ro\/wp-json\/wp\/v2\/comments?post=991"}],"version-history":[{"count":7,"href":"https:\/\/softlite.ro\/ro\/wp-json\/wp\/v2\/pages\/991\/revisions"}],"predecessor-version":[{"id":1463,"href":"https:\/\/softlite.ro\/ro\/wp-json\/wp\/v2\/pages\/991\/revisions\/1463"}],"wp:attachment":[{"href":"https:\/\/softlite.ro\/ro\/wp-json\/wp\/v2\/media?parent=991"}],"curies":[{"name":"wp","href":"https:\/\/api.w.org\/{rel}","templated":true}]}}