{"id":993,"date":"2025-10-20T23:33:38","date_gmt":"2025-10-20T23:33:38","guid":{"rendered":"https:\/\/softlite.ro\/?page_id=993"},"modified":"2025-11-29T07:08:23","modified_gmt":"2025-11-29T07:08:23","slug":"legal-basis","status":"publish","type":"page","link":"https:\/\/softlite.ro\/ro\/legal-basis\/","title":{"rendered":"Temeiul juridic"},"content":{"rendered":"<div data-elementor-type=\"wp-page\" data-elementor-id=\"993\" class=\"elementor elementor-993\">\n\t\t\t\t<div class=\"elementor-element elementor-element-ecf576b e-flex e-con-boxed e-con e-parent\" data-id=\"ecf576b\" data-element_type=\"container\" data-e-type=\"container\">\n\t\t\t\t\t<div class=\"e-con-inner\">\n\t\t\t\t<div class=\"elementor-element elementor-element-bf0c3b3 elementor-widget elementor-widget-text-editor\" data-id=\"bf0c3b3\" data-element_type=\"widget\" data-e-type=\"widget\" data-widget_type=\"text-editor.default\">\n\t\t\t\t\t\t\t\t\t<h2 data-start=\"152\" data-end=\"210\">Baza legal\u0103 pentru rev\u00e2nzarea software-ului second-hand<\/h2><p data-start=\"212\" data-end=\"601\">Magazinul nostru este specializat \u00een rev\u00e2nzarea de <strong data-start=\"263\" data-end=\"312\">licen\u021be software second-hand (deja utilizate)<\/strong> \u00een cadrul Uniunii Europene. Legalitatea acestui model de afaceri se bazeaz\u0103 pe <strong data-start=\"392\" data-end=\"439\">doctrina epuiz\u0103rii dreptului de distribu\u021bie<\/strong> pentru programele de calculator prev\u0103zut\u0103 de dreptul Uniunii Europene, precum \u0219i pe jurispruden\u021ba corespunz\u0103toare a Cur\u021bii de Justi\u021bie a Uniunii Europene (CJUE).<\/p><p data-start=\"603\" data-end=\"1208\">\u00cen conformitate cu <strong data-start=\"622\" data-end=\"705\">Directiva 2009\/24\/CE privind protec\u021bia juridic\u0103 a programelor pentru calculator<\/strong>, dreptul exclusiv al titularului drepturilor de a distribui o anumit\u0103 copie a unui program de calculator este <strong data-start=\"816\" data-end=\"827\">epuizat<\/strong> dup\u0103 prima v\u00e2nzare a acestei copii \u00een Uniunea European\u0103 \/ Spa\u021biul Economic European, \u00een m\u0103sura \u00een care v\u00e2nzarea a fost realizat\u0103 de titularul drepturilor sau cu consim\u021b\u0103m\u00e2ntul acestuia. Odat\u0103 epuizat acest drept de distribu\u021bie, copia respectiv\u0103 poate fi rev\u00e2ndut\u0103 \u00een UE\/SEE f\u0103r\u0103 a fi necesar\u0103 o nou\u0103 autorizare din partea titularului drepturilor, cu respectarea anumitor condi\u021bii.<\/p><p data-start=\"1210\" data-end=\"1576\">\u00cen hot\u0103r\u00e2rea sa de referin\u021b\u0103 <strong data-start=\"1239\" data-end=\"1304\">UsedSoft GmbH \u00eempotriva Oracle International Corp. (C-128\/11)<\/strong>, Curtea de Justi\u021bie a Uniunii Europene a confirmat c\u0103 acest principiu al epuiz\u0103rii se aplic\u0103 \u0219i \u00een cazul software-ului care a fost <strong data-start=\"1436\" data-end=\"1449\">desc\u0103rcat<\/strong> de pe site-ul titularului drepturilor \u0219i nu numai programelor furnizate pe suport material. Curtea a stabilit c\u0103, atunci c\u00e2nd:<\/p><ul data-start=\"1578\" data-end=\"1793\"><li data-start=\"1578\" data-end=\"1656\"><p data-start=\"1580\" data-end=\"1656\">licen\u021ba este acordat\u0103 primului dob\u00e2nditor pe o <strong data-start=\"1627\" data-end=\"1650\">perioad\u0103 nelimitat\u0103<\/strong>, \u0219i<\/p><\/li><li data-start=\"1657\" data-end=\"1793\"><p data-start=\"1659\" data-end=\"1793\">dob\u00e2nditorul pl\u0103te\u0219te un <strong data-start=\"1684\" data-end=\"1697\">pre\u021b unic<\/strong>, destinat s\u0103 remunereze titularul drepturilor pentru valoarea economic\u0103 a copiei software-ului,<\/p><\/li><\/ul><p data-start=\"1795\" data-end=\"2135\">tranzac\u021bia este echivalent\u0103 cu o <strong data-start=\"1828\" data-end=\"1839\">v\u00e2nzare<\/strong>, iar dreptul de distribu\u021bie al titularului asupra copiei respective este epuizat. Dob\u00e2nditorul este, prin urmare, \u00eendrept\u0103\u021bit s\u0103 rev\u00e2nd\u0103 licen\u021ba, cu condi\u021bia s\u0103 nu mai utilizeze software-ul \u0219i s\u0103 fac\u0103 propria copie inutilizabil\u0103 (de exemplu, prin dezinstalare \u0219i f\u0103r\u0103 a p\u0103stra copii de rezerv\u0103).<\/p><p data-start=\"2137\" data-end=\"2530\">Pe aceast\u0103 baz\u0103, dob\u00e2nditorul ulterior al unei licen\u021be software second-hand este considerat un <strong data-start=\"2232\" data-end=\"2252\">dob\u00e2nditor legal<\/strong> al programului \u0219i este \u00eendrept\u0103\u021bit s\u0103 descarce, s\u0103 instaleze \u0219i s\u0103 utilizeze software-ul \u00een limitele prev\u0103zute de termenii originali ai licen\u021bei, \u00een conformitate cu articolele 4 alineatul (2) \u0219i 5 alineatul (1) din Directiva 2009\/24\/CE, astfel cum au fost interpretate de CJUE.<\/p><hr data-start=\"2532\" data-end=\"2535\" \/><h2 data-start=\"2537\" data-end=\"2566\">Cum asigur\u0103m conformitatea<\/h2><p data-start=\"2568\" data-end=\"2714\">Pentru a respecta cadrul juridic al Uniunii Europene, magazinul nostru aplic\u0103 urm\u0103toarele principii tuturor licen\u021belor second-hand comercializate:<\/p><h3 data-start=\"2716\" data-end=\"2739\">Origine \u00een UE\/SEE<\/h3><p data-start=\"2740\" data-end=\"2985\">Comercializ\u0103m exclusiv licen\u021be a c\u0103ror dob\u00e2ndire ini\u021bial\u0103 a avut loc \u00een Uniunea European\u0103 \/ Spa\u021biul Economic European, de la titularul drepturilor sau de la un distribuitor autorizat, astfel \u00eenc\u00e2t s\u0103 se aplice epuizarea dreptului de distribu\u021bie.<\/p><h3 data-start=\"2987\" data-end=\"3014\">Doar licen\u021be perpetue<\/h3><p data-start=\"3015\" data-end=\"3234\">Vindem exclusiv licen\u021be care au fost acordate ini\u021bial pentru o <strong data-start=\"3078\" data-end=\"3120\">perioad\u0103 nelimitat\u0103 (licen\u021be perpetue)<\/strong>. Abonamentele, licen\u021bele limitate \u00een timp sau contractele de \u00eenchiriere nu sunt v\u00e2ndute ca \u201elicen\u021be second-hand\u201d.<\/p><h3 data-start=\"3236\" data-end=\"3266\">F\u0103r\u0103 utilizare simultan\u0103<\/h3><p data-start=\"3267\" data-end=\"3358\">Ob\u021binem declara\u021bii obligatorii din partea proprietarului anterior prin care se confirm\u0103 c\u0103:<\/p><ul data-start=\"3360\" data-end=\"3536\"><li data-start=\"3360\" data-end=\"3397\"><p data-start=\"3362\" data-end=\"3397\">software-ul nu mai este utilizat,<\/p><\/li><li data-start=\"3398\" data-end=\"3444\"><p data-start=\"3400\" data-end=\"3444\">toate instal\u0103rile au fost dezinstalate, \u0219i<\/p><\/li><li data-start=\"3445\" data-end=\"3536\"><p data-start=\"3447\" data-end=\"3536\">nicio copie a software-ului nu mai este de\u021binut\u0103 sau controlat\u0103 de proprietarul anterior.<\/p><\/li><\/ul><p data-start=\"3538\" data-end=\"3632\">Acest lucru garanteaz\u0103 c\u0103 aceea\u0219i licen\u021b\u0103 nu este utilizat\u0103 simultan de mai mul\u021bi utilizatori.<\/p><h3 data-start=\"3634\" data-end=\"3691\">Interdic\u021bia diviz\u0103rii ilegale a licen\u021belor \u00een volum<\/h3><p data-start=\"3692\" data-end=\"3991\">\u00cen cazul \u00een care o licen\u021b\u0103 a fost ini\u021bial parte a unui contract de licen\u021biere \u00een volum sau multi-utilizator, rev\u00e2nzarea se face exclusiv \u00een conformitate cu legisla\u021bia aplicabil\u0103 \u0219i termenii contractuali ini\u021biali. Nu diviz\u0103m pachete de licen\u021be \u00eentr-un mod incompatibil cu drepturile acordate ini\u021bial.<\/p><h3 data-start=\"3993\" data-end=\"4045\">Documenta\u021bie \u0219i dovada lan\u021bului de proprietate<\/h3><p data-start=\"4046\" data-end=\"4294\">P\u0103str\u0103m documenta\u021bie intern\u0103 (facturi, contracte, declara\u021bii de dezinstalare) care demonstreaz\u0103 <strong data-start=\"4142\" data-end=\"4200\">lan\u021bul legal de proprietate \u0219i prima v\u00e2nzare \u00een UE\/SEE<\/strong>, astfel \u00eenc\u00e2t legalitatea fiec\u0103rei licen\u021be rev\u00e2ndute s\u0103 poat\u0103 fi dovedit\u0103, dac\u0103 este necesar.<\/p><hr data-start=\"4296\" data-end=\"4299\" \/><h2 data-start=\"4301\" data-end=\"4367\">Protec\u021bia consumatorului \u0219i regulile privind con\u021binutul digital<\/h2><p data-start=\"4369\" data-end=\"4496\">Atunci c\u00e2nd vindem software c\u0103tre consumatori, rela\u021biile contractuale sunt guvernate \u0219i de legisla\u021bia na\u021bional\u0103 care transpune:<\/p><ul data-start=\"4498\" data-end=\"4718\"><li data-start=\"4498\" data-end=\"4620\"><p data-start=\"4500\" data-end=\"4620\"><strong data-start=\"4500\" data-end=\"4614\">Directiva (UE) 2019\/770 privind anumite aspecte ale contractelor de furnizare de con\u021binut \u0219i servicii digitale<\/strong>, \u0219i<\/p><\/li><li data-start=\"4621\" data-end=\"4718\"><p data-start=\"4623\" data-end=\"4718\">alte acte normative aplicabile ale UE \u0219i legisla\u021bia na\u021bional\u0103 privind protec\u021bia consumatorului.<\/p><\/li><\/ul><p data-start=\"4720\" data-end=\"5168\">Aceste norme stabilesc drepturile consumatorului referitoare la <strong data-start=\"4784\" data-end=\"4822\">conformitatea con\u021binutului digital<\/strong>, la c\u0103ile de atac \u00een cazul unei neconformit\u0103\u021bi \u0219i, dup\u0103 caz, la obliga\u021biile privind actualiz\u0103rile \u0219i suportul. Termenii \u0219i Condi\u021biile noastre, politica de retragere \u0219i condi\u021biile de garan\u021bie sunt concepute pentru a respecta legisla\u021bia statului membru \u00een care este stabilit\u0103 compania noastr\u0103 \u0219i\/sau c\u0103tre care ne orient\u0103m activit\u0103\u021bile comerciale.<\/p><hr data-start=\"5170\" data-end=\"5173\" \/><h2 data-start=\"5175\" data-end=\"5185\">Rezerv\u0103<\/h2><p data-start=\"5187\" data-end=\"5733\">Rev\u00e2nzarea licen\u021belor software second-hand este o arie juridic\u0103 complex\u0103 \u0219i poate fi interpretat\u0103 diferit \u00een statele membre ale Uniunii Europene. Modelul nostru de afaceri \u0219i procesele interne sunt concepute pentru a respecta legisla\u021bia Uniunii Europene \u0219i jurispruden\u021ba Cur\u021bii de Justi\u021bie a UE \u00een interpretarea sa actual\u0103. Cu toate acestea, prezentul document nu constituie consiliere juridic\u0103 adresat\u0103 clien\u021bilor \u0219i nu reprezint\u0103 o renun\u021bare la niciun drept al companiei noastre sau al titularilor de drepturi \u00een temeiul legisla\u021biei aplicabile.<\/p>\t\t\t\t\t\t\t\t<\/div>\n\t\t\t\t\t<\/div>\n\t\t\t\t<\/div>\n\t\t\t\t<\/div>","protected":false},"excerpt":{"rendered":"<p>Baza legal\u0103 pentru rev\u00e2nzarea software-ului second-hand Magazinul nostru este specializat \u00een rev\u00e2nzarea de licen\u021be software second-hand (deja utilizate) \u00een cadrul Uniunii Europene. Legalitatea acestui model de afaceri se bazeaz\u0103 pe doctrina epuiz\u0103rii dreptului de distribu\u021bie pentru programele de calculator prev\u0103zut\u0103 de dreptul Uniunii Europene, precum \u0219i pe jurispruden\u021ba corespunz\u0103toare a Cur\u021bii de Justi\u021bie a Uniunii [&hellip;]<\/p>\n","protected":false},"author":1,"featured_media":0,"parent":0,"menu_order":0,"comment_status":"closed","ping_status":"closed","template":"","meta":{"footnotes":""},"class_list":["post-993","page","type-page","status-publish","hentry"],"blocksy_meta":[],"_links":{"self":[{"href":"https:\/\/softlite.ro\/ro\/wp-json\/wp\/v2\/pages\/993","targetHints":{"allow":["GET"]}}],"collection":[{"href":"https:\/\/softlite.ro\/ro\/wp-json\/wp\/v2\/pages"}],"about":[{"href":"https:\/\/softlite.ro\/ro\/wp-json\/wp\/v2\/types\/page"}],"author":[{"embeddable":true,"href":"https:\/\/softlite.ro\/ro\/wp-json\/wp\/v2\/users\/1"}],"replies":[{"embeddable":true,"href":"https:\/\/softlite.ro\/ro\/wp-json\/wp\/v2\/comments?post=993"}],"version-history":[{"count":4,"href":"https:\/\/softlite.ro\/ro\/wp-json\/wp\/v2\/pages\/993\/revisions"}],"predecessor-version":[{"id":1479,"href":"https:\/\/softlite.ro\/ro\/wp-json\/wp\/v2\/pages\/993\/revisions\/1479"}],"wp:attachment":[{"href":"https:\/\/softlite.ro\/ro\/wp-json\/wp\/v2\/media?parent=993"}],"curies":[{"name":"wp","href":"https:\/\/api.w.org\/{rel}","templated":true}]}}