{"id":1333,"date":"2025-11-22T17:43:49","date_gmt":"2025-11-22T17:43:49","guid":{"rendered":"https:\/\/softlite.ro\/?post_type=product&#038;p=1333"},"modified":"2025-11-22T18:12:39","modified_gmt":"2025-11-22T18:12:39","slug":"microsoft-windows-server-50-cal-2022-eng","status":"publish","type":"product","link":"https:\/\/softlite.ro\/ro\/produs\/microsoft-windows-server-50-cal-2022-eng\/","title":{"rendered":"Microsoft Windows Server 50 CAL 2022 ENG"},"content":{"rendered":"<p>Microsoft Windows Server CAL 2022 ENG (R18-06448) este o licen\u021b\u0103 care permite utilizatorilor s\u0103 acceseze func\u021bionalitatea Windows Server 2022. Acest produs este conceput pentru organiza\u021biile \u0219i \u00eentreprinderile care utilizeaz\u0103 Windows Server pentru infrastructura lor.<\/p>\n<p>Cu Windows Server CAL 2022, utilizatorii pot profita de diverse caracteristici \u0219i servicii ale sistemului de operare, cum ar fi partajarea fi\u0219ierelor, gestionarea re\u021belei, virtualizarea \u0219i multe altele. Licen\u021ba ofer\u0103 dreptul legal de a utiliza caracteristicile de server ale Windows Server 2022 pentru un anumit num\u0103r de utilizatori.<\/p>\n<p>Aceast\u0103 licen\u021b\u0103 CAL este important\u0103 pentru organiza\u021biile care doresc s\u0103 securizeze accesul \u0219i s\u0103 gestioneze utilizatorii din re\u021belele lor. Cu Windows Server CAL 2022, ob\u021bine\u021bi securitate, control \u0219i confort pentru infrastructura dvs. care este esen\u021bial\u0103 pentru func\u021bionarea cu succes a \u00eentreprinderii dvs.<\/p>","protected":false},"excerpt":{"rendered":"<p>Licen\u021b\u0103 de activare!Ave\u021bi nevoie de un server Windows activat existent pe care vi-l oferim gratuit \u00eempreun\u0103 cu acest produs, astfel \u00eenc\u00e2t ve\u021bi primi 2 licen\u021be diferite!<br \/>\nPentru 50 de utilizatori!<br \/>\nGaran\u021bie de activare de 1 an!<br \/>\nNU reinstalabil.<br \/>\n3 ani de suport.<br \/>\nLivrare digital\u0103<\/p>","protected":false},"featured_media":1363,"comment_status":"open","ping_status":"closed","template":"","meta":[],"product_brand":[],"product_cat":[15],"product_tag":[],"class_list":{"0":"post-1333","1":"product","2":"type-product","3":"status-publish","4":"has-post-thumbnail","6":"product_cat-operating-systems","8":"first","9":"instock","10":"sale","11":"shipping-taxable","12":"purchasable","13":"product-type-simple"},"_links":{"self":[{"href":"https:\/\/softlite.ro\/ro\/wp-json\/wp\/v2\/product\/1333","targetHints":{"allow":["GET"]}}],"collection":[{"href":"https:\/\/softlite.ro\/ro\/wp-json\/wp\/v2\/product"}],"about":[{"href":"https:\/\/softlite.ro\/ro\/wp-json\/wp\/v2\/types\/product"}],"replies":[{"embeddable":true,"href":"https:\/\/softlite.ro\/ro\/wp-json\/wp\/v2\/comments?post=1333"}],"wp:featuredmedia":[{"embeddable":true,"href":"https:\/\/softlite.ro\/ro\/wp-json\/wp\/v2\/media\/1363"}],"wp:attachment":[{"href":"https:\/\/softlite.ro\/ro\/wp-json\/wp\/v2\/media?parent=1333"}],"wp:term":[{"taxonomy":"product_brand","embeddable":true,"href":"https:\/\/softlite.ro\/ro\/wp-json\/wp\/v2\/product_brand?post=1333"},{"taxonomy":"product_cat","embeddable":true,"href":"https:\/\/softlite.ro\/ro\/wp-json\/wp\/v2\/product_cat?post=1333"},{"taxonomy":"product_tag","embeddable":true,"href":"https:\/\/softlite.ro\/ro\/wp-json\/wp\/v2\/product_tag?post=1333"}],"curies":[{"name":"wp","href":"https:\/\/api.w.org\/{rel}","templated":true}]}}