{"id":1334,"date":"2025-11-22T17:43:49","date_gmt":"2025-11-22T17:43:49","guid":{"rendered":"https:\/\/softlite.ro\/?post_type=product&#038;p=1334"},"modified":"2025-11-22T17:43:53","modified_gmt":"2025-11-22T17:43:53","slug":"microsoft-office-2019-home-business-mac","status":"publish","type":"product","link":"https:\/\/softlite.ro\/ro\/produs\/microsoft-office-2019-home-business-mac\/","title":{"rendered":"Microsoft Office 2019 Home &#038; Business (MAC)"},"content":{"rendered":"<h3>Cea mai bun\u0103 suit\u0103 de productivitate pentru acas\u0103 \u0219i la birou<\/h3>\n<p><strong>Office 2019 Home &amp; Business <\/strong>este solu\u021bia ideal\u0103 pentru profesioni\u0219tii, proprietarii de afaceri mici \u0219i utilizatorii casnici care au nevoie de o achizi\u021bie solid\u0103 \u0219i unic\u0103 de instrumente esen\u021biale de productivitate. Cu o experien\u021b\u0103 de utilizare perfect\u0103, caracteristici avansate \u0219i performan\u021b\u0103 fiabil\u0103, aceast\u0103 suit\u0103 ofer\u0103 puterea <strong>Microsoft Office <\/strong>f\u0103r\u0103 a fi nevoie de un abonament. Indiferent dac\u0103 crea\u021bi rapoarte, gestiona\u021bi finan\u021bele, prezenta\u021bi idei sau comunica\u021bi cu clien\u021bii, aceast\u0103 suit\u0103 v\u0103 permite s\u0103 face\u021bi mai mult &#8211; mai repede \u0219i mai inteligent.<\/p>\n<p>&nbsp;<\/p>\n<h3>Software inclus \u00een Office 2019 Home &amp; Business<\/h3>\n<p><strong>Office 2019 Home &amp; Business <\/strong>include urm\u0103toarele aplica\u021bii de baz\u0103. Fiecare este optimizat\u0103 pentru performan\u021b\u0103 \u0219i plin\u0103 de func\u021bii adaptate nevoilor personale \u0219i profesionale:<\/p>\n<ul>\n<li><strong>Microsoft Word: <\/strong>Procesor de texte lider \u00een industrie pentru toate tipurile de documente.\n<ul>\n<li>Instrumente inteligente de editare \u0219i verificare.<\/li>\n<li>Colaborare \u0219i comentarii \u00een timp real.<\/li>\n<li>Instrumente text-to-speech \u0219i de \u00eenv\u0103\u021bare \u00eembun\u0103t\u0103\u021bite.<\/li>\n<li>Compatibilitate PDF \u0219i func\u021bii de export \u00eembun\u0103t\u0103\u021bite.<\/li>\n<\/ul>\n<\/li>\n<li><strong>Microsoft Excel: <\/strong>Software puternic pentru foi de calcul pentru gestionarea \u0219i analiza datelor.\n<ul>\n<li>Formule \u0219i func\u021bii avansate.<\/li>\n<li>Grafice moderne \u0219i tabele pivot.<\/li>\n<li>Noi tipuri de date \u0219i instrumente de analiz\u0103.<\/li>\n<li>Integrare mai bun\u0103 cu Power BI \u0219i alte platforme de analiz\u0103.<\/li>\n<\/ul>\n<\/li>\n<li><strong>Microsoft PowerPoint: <\/strong>Software dinamic de prezentare pentru o comunicare de impact.\n<ul>\n<li>Tranzi\u021bie Morph \u0219i Zoom pentru mi\u0219care cinematic\u0103.<\/li>\n<li>Sugestii de proiectare a diapozitivelor cu PowerPoint Designer.<\/li>\n<li>Suport pentru fi\u0219iere SVG \u0219i modele 3D.<\/li>\n<li>Func\u021bii \u00eembun\u0103t\u0103\u021bite de cerneal\u0103 \u0219i colaborare.<\/li>\n<\/ul>\n<\/li>\n<li><strong>Microsoft Outlook: <\/strong>Aplica\u021bie de e-mail \u0219i calendar de nivel profesional.\n<ul>\n<li>Inbox concentrat pentru prioritizarea e-mailurilor importante.<\/li>\n<li>Instrumente \u00eembun\u0103t\u0103\u021bite de planificare \u0219i gestionare a timpului.<\/li>\n<li>C\u0103utare inteligent\u0103 \u0219i gestionarea ata\u0219amentelor.<\/li>\n<li>Gestionarea integrat\u0103 a contactelor \u0219i sarcinilor.<\/li>\n<\/ul>\n<\/li>\n<li><strong>Microsoft OneNote: <\/strong>Notebook digital intuitiv pentru luarea de noti\u021be \u0219i organizare.\n<ul>\n<li>Note audio, instrumente de desen \u0219i integrare multimedia.<\/li>\n<li>Organizare ierarhic\u0103 cu etichete \u0219i c\u0103utare.<\/li>\n<li>Sincronizare \u00een timp real \u00eentre dispozitive.<\/li>\n<li>Perfect pentru \u0219coal\u0103, serviciu sau uz personal.<\/li>\n<\/ul>\n<\/li>\n<\/ul>\n<p>&nbsp;<\/p>\n<h3>De ce s\u0103 alege\u021bi Office 2019 Home &amp; Business?<\/h3>\n<ul>\n<li><strong>Achizi\u021bie unic\u0103: <\/strong>Spre deosebire de noile modele bazate pe abonament, <strong>Office 2019 Home &amp; Business <\/strong>este o achizi\u021bie unic\u0103. F\u0103r\u0103 taxe lunare sau anuale. Odat\u0103 ce a\u021bi cump\u0103rat <strong>licen\u021ba digital\u0103<\/strong>, aceasta este a dvs. pentru totdeauna.<\/li>\n<li><strong>Acces offline: <\/strong>Toate aplica\u021biile func\u021bioneaz\u0103 perfect offline, ideal pentru utilizatorii cu acces limitat sau f\u0103r\u0103 acces la internet. Fi\u0219ierele \u0219i datele dvs. r\u0103m\u00e2n locale, cu excep\u021bia cazului \u00een care alege\u021bi s\u0103 le sincroniza\u021bi.<\/li>\n<li><strong>Performan\u021b\u0103 peste abonamente: <\/strong>Comparativ cu <a href=\"\/ro\/products\/microsoft-office-365-lifetime-license\/\">Office 365<\/a>, aceast\u0103 suit\u0103 ofer\u0103 o performan\u021b\u0103 local\u0103 mai rapid\u0103, f\u0103r\u0103 a se baza pe resursele cloud. Ob\u021bine\u021bi func\u021bionalitatea complet\u0103 din cutie, f\u0103r\u0103 costuri ascunse sau actualiz\u0103ri for\u021bate.<\/li>\n<li><strong>Mai bun dec\u00e2t versiunile anterioare: <\/strong>Comparativ cu Office 2016 \u0219i versiunile anterioare, <strong>Office 2019 Home &amp; Business <\/strong>introduce o interfa\u021b\u0103 mai elegant\u0103, instrumente de colaborare mai bune \u0219i suport pentru formate de fi\u0219iere \u0219i sisteme de operare mai noi.<\/li>\n<li><strong>Compatibilitate \u0219i stabilitate: <\/strong>Aceast\u0103 suit\u0103 a fost optimizat\u0103 pentru sistemele macOS. Func\u021bioneaz\u0103 f\u0103r\u0103 probleme pe ambele platforme \u0219i men\u021bine o interfa\u021b\u0103 \u0219i o func\u021bionalitate consecvente.<\/li>\n<\/ul>\n<p>C\u0103uta\u021bi o versiune mai recent\u0103 cu c\u00e2teva caracteristici suplimentare? Consulta\u021bi <a href=\"\/ro\/products\/microsoft-office-2021-home-and-business\/\">Office 2021 Home &amp; Business<\/a>.<\/p>\n<p>&nbsp;<\/p>\n<h3>Compara\u021bie cu Office 2024 Professional Plus \u0219i Office 2019 Professional<\/h3>\n<p>Atunci c\u00e2nd compara\u021bi Office 2019 Home &amp; Business cu edi\u021bii mai orientate c\u0103tre \u00eentreprinderi precum <a href=\"\/ro\/products\/microsoft-office-2024-professional-plus\/\">Office 2024 Professional Plus<\/a> \u0219i <a href=\"\/ro\/products\/microsoft-office-2019-professional-plus\/\">Office 2019 Professional Plus<\/a>, este important s\u0103 lua\u021bi \u00een considerare at\u00e2t beneficiile, c\u00e2t \u0219i limit\u0103rile pentru utilizatorii obi\u0219nui\u021bi.<\/p>\n<ul>\n<li><strong>Principalele beneficii ale Office 2019 Home &amp; Business:<\/strong>\n<ul>\n<li>Achizi\u021bie unic\u0103: Spre deosebire de Office 2024 Professional Plus, care necesit\u0103 adesea un abonament sau licen\u021be de volum, Office 2019 Home &amp; Business ofer\u0103 o licen\u021b\u0103 digital\u0103 cu o achizi\u021bie unic\u0103 \u0219i acces pe via\u021b\u0103 &#8211; ideal pentru utilizatorii individuali \u0219i \u00eentreprinderile mici care doresc s\u0103 evite costurile recurente.<\/li>\n<li>Experien\u021b\u0103 simplificat\u0103 a utilizatorului: Office 2019 este mai pu\u021bin aglomerat \u0219i mai simplificat dec\u00e2t Office 2024 Professional Plus bogat \u00een func\u021bii, ceea ce \u00eel face mai u\u0219or de navigat pentru utilizatorii care nu sunt companii.<\/li>\n<li>Func\u021bii actualizate fa\u021b\u0103 de 2019: Comparativ cu Office 2019 Professional, Office 2019 H&amp;B include instrumente mai avansate, cum ar fi Dynamic Arrays \u00een Excel, func\u021bii moderne de colaborare \u00een Word \u0219i PowerPoint \u0219i o performan\u021b\u0103 general\u0103 mai bun\u0103.<\/li>\n<\/ul>\n<\/li>\n<li><strong>Deficien\u021be notabile comparativ cu edi\u021biile profesionale:<\/strong>\n<ul>\n<li>Mai pu\u021bine aplica\u021bii: Office 2019 Home &amp; Business include aplica\u021bii de baz\u0103 (Word, Excel, PowerPoint, Outlook, OneNote), dar nu dispune de instrumente avansate precum Access, Publisher \u0219i integrarea Teams &#8211; caracteristici disponibile \u00een Office 2024 Professional Plus \u0219i Office 2019 Professional.<\/li>\n<li>Limitat la un singur dispozitiv: Aceast\u0103 edi\u021bie este licen\u021biat\u0103 pentru un singur PC sau Mac, spre deosebire de unele edi\u021bii Professional care ofer\u0103 op\u021biuni de implementare mai largi pentru mediile enterprise.<\/li>\n<li>F\u0103r\u0103 caracteristici Enterprise: Lipse\u0219te prevenirea pierderii de date, controalele avansate de implementare \u0219i integrarea cu sistemele enterprise &#8211; esen\u021biale pentru organiza\u021biile mari.<\/li>\n<\/ul>\n<\/li>\n<\/ul>\n<p>Pe scurt, Office 2019 Home &amp; Business este solu\u021bia intermediar\u0103 perfect\u0103 pentru utilizatorii care doresc cele mai recente caracteristici Microsoft Office f\u0103r\u0103 complexitatea sau costul suitelor profesionale complete, precum Office 2024 sau 2019 Professional.<\/p>\n<p>&nbsp;<\/p>\n<h3>Cerin\u021be de sistem<\/h3>\n<p>Aceast\u0103 suit\u0103 office este disponibil\u0103 numai pentru macOS. Pentru a asigura cea mai bun\u0103 performan\u021b\u0103 a <strong>Office 2019 Home &amp; Business<\/strong>, sistemul dvs. trebuie s\u0103 \u00eendeplineasc\u0103 urm\u0103toarele specifica\u021bii:<\/p>\n<table width=\"604\">\n<thead>\n<tr>\n<td width=\"84\"><strong>\u00a0<\/strong><\/td>\n<td width=\"260\"><strong>Minimum<\/strong><\/td>\n<td width=\"261\"><strong>Recomandate<\/strong><\/td>\n<\/tr>\n<\/thead>\n<tbody>\n<tr>\n<td width=\"84\"><strong><em>Procesor<\/em><\/strong><\/td>\n<td width=\"260\">Procesor Intel<\/td>\n<td width=\"261\">Siliciu Intel sau Apple<\/td>\n<\/tr>\n<tr>\n<td width=\"84\"><strong><em>RAM<\/em><\/strong><\/td>\n<td width=\"260\">4 GB<\/td>\n<td width=\"261\">8 GB<\/td>\n<\/tr>\n<tr>\n<td width=\"84\"><strong><em>Spa\u021biu pe disc<\/em><\/strong><\/td>\n<td width=\"260\">10 GB format HFS+<\/td>\n<td width=\"261\">SSD cu 10+ GB liberi<\/td>\n<\/tr>\n<tr>\n<td width=\"84\"><strong><em>Afi\u0219aj<\/em><\/strong><\/td>\n<td width=\"260\">1280 x 800<\/td>\n<td width=\"261\">Retina Display recomandat<\/td>\n<\/tr>\n<tr>\n<td width=\"84\"><strong><em>SO<\/em><\/strong><\/td>\n<td width=\"260\">macOS 10.14 Mojave sau o versiune ulterioar\u0103<\/td>\n<td width=\"261\">macOS Ventura sau o versiune ulterioar\u0103<\/td>\n<\/tr>\n<tr>\n<td width=\"84\"><strong><em>Internet<\/em><\/strong><\/td>\n<td width=\"260\">Necesar pentru activare \u0219i actualiz\u0103ri<\/td>\n<td width=\"261\">Necesar pentru activare \u0219i actualiz\u0103ri<\/td>\n<\/tr>\n<\/tbody>\n<\/table>\n<p>&nbsp;<\/p>\n<h3>Convenien\u021ba licen\u021bei digitale<\/h3>\n<p>Una dintre caracteristicile deosebite ale <strong>Office 2019 Home &amp; Business <\/strong>este modelul s\u0103u <strong>de licen\u021b\u0103 digital\u0103<\/strong>. Acest lucru permite:<\/p>\n<ul>\n<li><strong>F\u0103r\u0103 suport fizic <\/strong>&#8211; Ecologic \u0219i f\u0103r\u0103 complica\u021bii.<\/li>\n<li><strong>Transfer u\u0219or <\/strong>&#8211; Muta\u021bi licen\u021ba pe un alt dispozitiv compatibil, dac\u0103 este necesar.<\/li>\n<li><strong>Achizi\u021bie sigur\u0103 <\/strong>&#8211; Cu activare verificat\u0103 direct prin serverele Microsoft.<\/li>\n<\/ul>\n<p>O <strong>licen\u021b\u0103 digital\u0103 <\/strong>nu numai c\u0103 economise\u0219te timp, dar simplific\u0103 \u0219i procesul de instalare \u0219i activare &#8211; perfect pentru lucr\u0103torii la distan\u021b\u0103, studen\u021bi \u0219i \u00eentreprinderile mici.<\/p>\n<p>&nbsp;<\/p>\n<h3>Asisten\u021b\u0103 \u0219i resurse<\/h3>\n<p>Ave\u021bi nevoie de ajutor sau dori\u021bi s\u0103 afla\u021bi mai multe? Pute\u021bi g\u0103si documenta\u021bie extins\u0103 \u0219i asisten\u021b\u0103 pentru <strong>Microsoft Office <\/strong>\u0219i <strong>Office 2019 Home &amp; Business <\/strong>pe site-ul oficial al Microsoft. Vizita\u021bi <a href=\"https:\/\/support.microsoft.com\/en-us\/office\/what-s-new-in-office-2019-5077cbbe-0d94-44cc-b30e-654e37629b0c\">portalul oficial Microsoft Office <\/a>pentru a descoperi tutoriale, defalc\u0103ri ale caracteristicilor \u0219i ghiduri de depanare.<\/p>\n<p>&nbsp;<\/p>\n<h3>Merit\u0103 Office 2019 Home &amp; Business?<\/h3>\n<p>Dac\u0103 aprecia\u021bi stabilitatea, fiabilitatea \u0219i controlul, <strong>Office 2019 Home &amp; Business <\/strong>este o investi\u021bie inteligent\u0103. Cu <strong>licen\u021ba <\/strong>sa <strong>digital\u0103 <\/strong>unic\u0103, suita <strong>Microsoft Office <\/strong>complet\u0103 \u0219i capabilit\u0103\u021bile offline remarcabile, este perfect\u0103 pentru persoanele fizice \u0219i companiile care caut\u0103 instrumente de productivitate premium f\u0103r\u0103 taxe recurente. Indiferent dac\u0103 scrie\u021bi un roman, calcula\u021bi cifre, v\u0103 prezenta\u021bi clien\u021bilor sau v\u0103 organiza\u021bi via\u021ba, aceast\u0103 suit\u0103 are instrumentele de care ave\u021bi nevoie &#8211; \u00eempachetate eficient \u0219i gata de utilizare.<\/p>\n<p>De ce s\u0103 mai a\u0219tepta\u021bi? Preia controlul asupra productivit\u0103\u021bii tale ast\u0103zi cu <strong>Office 2019 Home &amp; Business<\/strong>.<\/p>\n<p>&nbsp;<\/p>\n<h3>INFORMA\u021aII IMPORTANTE<\/h3>\n<p><em>Acest produs este o <strong>cheie de licen\u021b\u0103 <\/strong>pentru a v\u0103 activa software-ul. Cheia de licen\u021b\u0103 va fi trimis\u0103 prin e-mail <strong>\u00een termen de 24 de ore<\/strong>. Nu v\u0103 va fi trimis niciun produs fizic.<\/em><\/p>","protected":false},"excerpt":{"rendered":"<ul>\n<li>Cheie de licen\u021b\u0103 digital\u0103, f\u0103r\u0103 abonament<\/li>\n<li>Livrare \u00een 24 de ore<\/li>\n<li>Instalare rapid\u0103, activare online<\/li>\n<li>Instalare unic\u0103 pe un singur dispozitiv<\/li>\n<li>Multilingv, utilizabil \u00een \u00eentreaga lume<\/li>\n<\/ul>","protected":false},"featured_media":1364,"comment_status":"open","ping_status":"closed","template":"","meta":[],"product_brand":[],"product_cat":[32],"product_tag":[],"class_list":{"0":"post-1334","1":"product","2":"type-product","3":"status-publish","4":"has-post-thumbnail","6":"product_cat-office","8":"first","9":"instock","10":"sale","11":"virtual","12":"purchasable","13":"product-type-simple"},"_links":{"self":[{"href":"https:\/\/softlite.ro\/ro\/wp-json\/wp\/v2\/product\/1334","targetHints":{"allow":["GET"]}}],"collection":[{"href":"https:\/\/softlite.ro\/ro\/wp-json\/wp\/v2\/product"}],"about":[{"href":"https:\/\/softlite.ro\/ro\/wp-json\/wp\/v2\/types\/product"}],"replies":[{"embeddable":true,"href":"https:\/\/softlite.ro\/ro\/wp-json\/wp\/v2\/comments?post=1334"}],"wp:featuredmedia":[{"embeddable":true,"href":"https:\/\/softlite.ro\/ro\/wp-json\/wp\/v2\/media\/1364"}],"wp:attachment":[{"href":"https:\/\/softlite.ro\/ro\/wp-json\/wp\/v2\/media?parent=1334"}],"wp:term":[{"taxonomy":"product_brand","embeddable":true,"href":"https:\/\/softlite.ro\/ro\/wp-json\/wp\/v2\/product_brand?post=1334"},{"taxonomy":"product_cat","embeddable":true,"href":"https:\/\/softlite.ro\/ro\/wp-json\/wp\/v2\/product_cat?post=1334"},{"taxonomy":"product_tag","embeddable":true,"href":"https:\/\/softlite.ro\/ro\/wp-json\/wp\/v2\/product_tag?post=1334"}],"curies":[{"name":"wp","href":"https:\/\/api.w.org\/{rel}","templated":true}]}}