{"id":1335,"date":"2025-11-22T17:43:49","date_gmt":"2025-11-22T17:43:49","guid":{"rendered":"https:\/\/softlite.ro\/?post_type=product&#038;p=1335"},"modified":"2025-11-22T18:12:18","modified_gmt":"2025-11-22T18:12:18","slug":"microsoft-office-2021-home-business-mac","status":"publish","type":"product","link":"https:\/\/softlite.ro\/ro\/produs\/microsoft-office-2021-home-business-mac\/","title":{"rendered":"Microsoft Office 2021 Home &#038; Business (MAC)"},"content":{"rendered":"<h3>Cea mai bun\u0103 suit\u0103 de productivitate pentru acas\u0103 \u0219i la birou<\/h3>\n<p>\u00cembun\u0103t\u0103\u021bi\u021bi-v\u0103 productivitatea cu <strong>Office 2021 Home &amp; Business<\/strong>, suita puternic\u0103 de instrumente software concepute at\u00e2t pentru utilizatorii casnici, c\u00e2t \u0219i pentru \u00eentreprinderile mici. Dispun\u00e2nd de cele mai recente versiuni ale aplica\u021biilor Microsoft de top din industrie, precum Word, Excel, PowerPoint, Outlook \u0219i OneNote, aceast\u0103 suit\u0103 ofer\u0103 performan\u021be \u00eembun\u0103t\u0103\u021bite \u0219i caracteristici de ultim\u0103 or\u0103 pentru a v\u0103 ajuta s\u0103 crea\u021bi, s\u0103 gestiona\u021bi \u0219i s\u0103 colabora\u021bi mai eficient. Fie c\u0103 redacta\u021bi un document, analiza\u021bi date, preg\u0103ti\u021bi prezent\u0103ri sau gestiona\u021bi e-mailuri, <strong>Office 2021 Home &amp; Business <\/strong>are tot ce v\u0103 trebuie pentru a v\u0103 spori productivitatea.<\/p>\n<p>&nbsp;<\/p>\n<h3>Ce este inclus \u00een Office 2021 Home &amp; Business?<\/h3>\n<p>Atunci c\u00e2nd alege\u021bi <strong>Office 2021 Home &amp; Business<\/strong>, nu ob\u021bine\u021bi doar instrumentele esen\u021biale pentru sarcinile zilnice, ci ave\u021bi acces la o suit\u0103 de software care simplific\u0103 fluxurile de lucru \u0219i v\u0103 sprijin\u0103 nevoile de afaceri.<\/p>\n<ul>\n<li><strong>Microsoft Word<\/strong>: Microsoft Word este procesorul de text preferat de milioane de oameni din \u00eentreaga lume. Cu <strong>Office 2021 Home &amp; Business<\/strong>, ob\u021bine\u021bi cea mai recent\u0103 versiune cu func\u021bii avansate \u0219i o interfa\u021b\u0103 de utilizator modernizat\u0103.\n<ul>\n<li><strong>Instrumente de colaborare \u00eembun\u0103t\u0103\u021bite<\/strong>: Co-autoriza\u021bi documente \u00een timp real, urm\u0103ri\u021bi modific\u0103rile \u0219i l\u0103sa\u021bi comentarii.<\/li>\n<li><strong>Instrumente rafinate de machetare \u0219i design<\/strong>: Crea\u021bi rapid documente cu aspect profesional cu o varietate de \u0219abloane \u0219i instrumente de formatare.<\/li>\n<li><strong>Caracteristici de accesibilitate \u00eembun\u0103t\u0103\u021bite<\/strong>: Suport pentru cititoare de ecran, dictare \u0219i alte instrumente de accesibilitate pentru o experien\u021b\u0103 mai incluziv\u0103.<\/li>\n<\/ul>\n<\/li>\n<li><strong>Microsoft Excel<\/strong>: Excel r\u0103m\u00e2ne standardul de aur \u00een aplica\u021biile de foi de calcul. Cu <strong>Office 2021 Home &amp; Business<\/strong>, beneficia\u021bi de cea mai actualizat\u0103 versiune a acestui instrument puternic, care vine cu caracteristici \u00eembun\u0103t\u0103\u021bite pentru analiza, vizualizarea \u0219i gestionarea datelor.\n<ul>\n<li><strong>Array-uri dinamice<\/strong>: Crea\u021bi cu u\u0219urin\u021b\u0103 aranjamente care se extind \u00een celulele adiacente, simplific\u00e2nd formulele complexe.<\/li>\n<li><strong>Func\u021bia XLOOKUP<\/strong>: \u00cenlocuie\u0219te func\u021biile de c\u0103utare mai vechi pentru a eficientiza c\u0103ut\u0103rile de date.<\/li>\n<li><strong>Vizualizare puternic\u0103 a datelor<\/strong>: Utiliza\u021bi instrumente \u00eembun\u0103t\u0103\u021bite de diagrame \u0219i grafice pentru a v\u0103 prezenta vizual datele \u00een formate clare \u0219i atractive.<\/li>\n<\/ul>\n<\/li>\n<li><strong>Microsoft PowerPoint<\/strong>: Crea\u021bi prezent\u0103ri uimitoare \u00een c\u00e2teva minute cu <strong>PowerPoint<\/strong>. Cu interfa\u021ba sa intuitiv\u0103 \u0219i instrumentele sale puternice, PowerPoint v\u0103 permite s\u0103 crea\u021bi prezent\u0103ri atr\u0103g\u0103toare din punct de vedere vizual, care v\u0103 vor captiva audien\u021ba.\n<ul>\n<li><strong>Antrenor de prezentare<\/strong>: Ob\u021bine\u021bi feedback cu privire la stilul \u0219i modul de prezentare, ajut\u00e2ndu-v\u0103 s\u0103 v\u0103 \u00eembun\u0103t\u0103\u021bi\u021bi cu fiecare prezentare.<\/li>\n<li><strong>Anima\u021bii \u00eembun\u0103t\u0103\u021bite<\/strong>: Da\u021bi via\u021b\u0103 diapozitivelor dvs. cu tranzi\u021bii \u0219i anima\u021bii mai fluide.<\/li>\n<li><strong>Caracteristici colaborative<\/strong>: Partaja\u021bi \u0219i lucra\u021bi \u00eempreun\u0103 la prezent\u0103ri \u00een timp real cu u\u0219urin\u021b\u0103.<\/li>\n<\/ul>\n<\/li>\n<li><strong>Microsoft Outlook<\/strong>: Outlook este managerul dvs. de informa\u021bii personale all-in-one. Indiferent dac\u0103 gestiona\u021bi e-mail, calendare, contacte sau sarcini, Outlook v\u0103 ofer\u0103 instrumentele de care ave\u021bi nevoie pentru a r\u0103m\u00e2ne organizat.\n<ul>\n<li><strong>Inbox concentrat<\/strong>: Separa\u021bi e-mailurile importante de restul pentru o productivitate mai bun\u0103.<\/li>\n<li><strong>Calendar integrat<\/strong>: Programa\u021bi \u00eent\u00e2lniri \u0219i evenimente cu u\u0219urin\u021b\u0103 \u0219i primi\u021bi memento-uri \u00een timp util.<\/li>\n<li><strong>Securitate avansat\u0103<\/strong>: Proteja\u021bi-v\u0103 e-mailurile cu func\u021bii de securitate de nivel superior, cum ar fi detectarea phishing-ului \u0219i autentificarea cu mai mul\u021bi factori.<\/li>\n<\/ul>\n<\/li>\n<li><strong>Microsoft OneNote<\/strong>: Captura\u021bi-v\u0103 ideile \u0219i organiza\u021bi-le \u00een OneNote, care v\u0103 permite s\u0103 stoca\u021bi note, imagini, materiale audio \u0219i chiar video \u00eentr-un singur loc.\n<ul>\n<li><strong>Sincronizare \u00een cloud<\/strong>: Accesa\u021bi notele dvs. de pe orice dispozitiv prin intermediul cloud-ului, asigur\u00e2ndu-v\u0103 c\u0103 ideile dvs. sunt \u00eentotdeauna cu dvs.<\/li>\n<li><strong>Recunoa\u0219terea scrisului de m\u00e2n\u0103<\/strong>: Scrie\u021bi sau desena\u021bi pe noti\u021bele dvs., iar OneNote v\u0103 va converti scrisul de m\u00e2n\u0103 \u00een text.<\/li>\n<li><strong>Instrumente de colaborare<\/strong>: Partaja\u021bi caietele dvs. \u0219i colabora\u021bi \u00een timp real.<\/li>\n<\/ul>\n<\/li>\n<\/ul>\n<p>&nbsp;<\/p>\n<h3>De ce s\u0103 alege\u021bi Office 2021 Home &amp; Business \u00een locul altor versiuni?<\/h3>\n<p>Atunci c\u00e2nd compara\u021bi <strong>Office 2021 Home &amp; Business <\/strong>cu alte solu\u021bii similare sau mai vechi, cum ar fi <a href=\"\/ro\/products\/microsoft-office-2019-home-and-business\/\">Office 2019 Home &amp; Business<\/a>, este clar c\u0103 cea mai recent\u0103 versiune ofer\u0103 \u00eembun\u0103t\u0103\u021biri substan\u021biale \u00een ceea ce prive\u0219te performan\u021ba, caracteristicile \u0219i u\u0219urin\u021ba de utilizare. Iat\u0103 c\u00e2teva beneficii:<\/p>\n<ul>\n<li><strong>Caracteristici \u00eembun\u0103t\u0103\u021bite<\/strong>: Office 2021 ofer\u0103 noi instrumente pentru o mai bun\u0103 colaborare \u0219i productivitate. Caracteristici precum Dynamic Arrays \u00een Excel \u0219i Presenter Coach \u00een PowerPoint fac munca mai intuitiv\u0103 \u0219i mai eficient\u0103.<\/li>\n<li><strong>Interfa\u021b\u0103 utilizator \u00eembun\u0103t\u0103\u021bit\u0103<\/strong>: Panglica modernizat\u0103 \u0219i barele de instrumente actualizate fac navigarea prin aplica\u021bii precum Word \u0219i Outlook mai u\u0219oar\u0103 \u0219i mai u\u0219or de utilizat.<\/li>\n<li><strong>Compatibilitate mai bun\u0103 cu dispozitivele moderne<\/strong>: Office 2021 Home &amp; Business este optimizat pentru cele mai recente echipamente hardware \u0219i sisteme de operare, asigur\u00e2nd o performan\u021b\u0103 f\u0103r\u0103 probleme pe toate dispozitivele.<\/li>\n<li>Spre deosebire de <a href=\"\/ro\/products\/microsoft-office-2024-professional-plus\/\">Office 2024 Professional Plus<\/a>, care este disponibil doar pentru Windows, aceast\u0103 versiune a Microsoft Office aduce aceste caracteristici utilizatorilor MAC.<\/li>\n<\/ul>\n<p>&nbsp;<\/p>\n<h3>Cum se compar\u0103 cu solu\u021biile mai noi?<\/h3>\n<p>Atunci c\u00e2nd lua\u021bi \u00een considerare o <strong>licen\u021b\u0103 digital\u0103 <\/strong>pentru <strong>Microsoft Office<\/strong>, <strong>Office 2021 Home &amp; Business <\/strong>iese \u00een eviden\u021b\u0103 deoarece este o achizi\u021bie unic\u0103, spre deosebire de modelele pe baz\u0103 de abonament precum Office 365. Acest lucru \u00eel face o alegere excelent\u0103 pentru utilizatorii care prefer\u0103 o solu\u021bie simpl\u0103, f\u0103r\u0103 taxe continue. \u00cen timp ce noile planuri bazate pe abonament ofer\u0103 actualiz\u0103ri regulate, <strong>Office 2021 Home &amp; Business <\/strong>vine cu toate instrumentele \u0219i caracteristicile esen\u021biale de care ave\u021bi nevoie imediat, iar cu o <strong>licen\u021b\u0103 digital\u0103<\/strong>, ob\u021bine\u021bi acces pe via\u021b\u0103 la suit\u0103.<\/p>\n<p>&nbsp;<\/p>\n<h3>Cerin\u021be de sistem<\/h3>\n<p>Acest costum de birou este disponibil numai pentru macOS. \u00cenainte de a achizi\u021biona <strong>Office 2021 Home &amp; Business<\/strong>, este important s\u0103 v\u0103 asigura\u021bi c\u0103 sistemul dvs. \u00eendepline\u0219te cerin\u021bele necesare pentru o func\u021bionare f\u0103r\u0103 probleme.<\/p>\n<table width=\"604\">\n<thead>\n<tr>\n<td width=\"144\"><strong>\u00a0<\/strong><\/td>\n<td width=\"230\"><strong>Minimum<\/strong><\/td>\n<td width=\"231\"><strong>Recomandate<\/strong><\/td>\n<\/tr>\n<\/thead>\n<tbody>\n<tr>\n<td width=\"144\"><strong><em>Sistem de operare<\/em><\/strong><\/td>\n<td width=\"230\">macOS 10.14 sau ulterior<\/td>\n<td width=\"231\">macOS 12 sau ulterior<\/td>\n<\/tr>\n<tr>\n<td width=\"144\"><strong><em>Procesor<\/em><\/strong><\/td>\n<td width=\"230\">Procesor Intel (Apple Silicon)<\/td>\n<td width=\"231\">Procesor Intel (Apple Silicon)<\/td>\n<\/tr>\n<tr>\n<td width=\"144\"><strong><em>RAM<\/em><\/strong><\/td>\n<td width=\"230\">4 GB<\/td>\n<td width=\"231\">8 GB<\/td>\n<\/tr>\n<tr>\n<td width=\"144\"><strong><em>Hard disk<\/em><\/strong><\/td>\n<td width=\"230\">10 GB de spa\u021biu de stocare disponibil<\/td>\n<td width=\"231\">20 GB de spa\u021biu de stocare disponibil<\/td>\n<\/tr>\n<tr>\n<td width=\"144\"><strong><em>Afi\u0219aj<\/em><\/strong><\/td>\n<td width=\"230\">Rezolu\u021bie 1280 x 800<\/td>\n<td width=\"231\">Rezolu\u021bie 1920 x 1080<\/td>\n<\/tr>\n<tr>\n<td width=\"144\"><strong><em>Grafic\u0103<\/em><\/strong><\/td>\n<td width=\"230\">Grafic\u0103 compatibil\u0103 cu metalul<\/td>\n<td width=\"231\">Grafic\u0103 compatibil\u0103 cu metalul<\/td>\n<\/tr>\n<\/tbody>\n<\/table>\n<p>&nbsp;<\/p>\n<h3>De ce s\u0103 alege\u021bi Office 2021 Home &amp; Business?<\/h3>\n<p>\u00cen concluzie, <strong>Office 2021 Home &amp; Business <\/strong>ofer\u0103 un set puternic de instrumente care sunt ideale at\u00e2t pentru uz casnic, c\u00e2t \u0219i pentru uz profesional. Cu aplica\u021bii precum Word, Excel, PowerPoint, Outlook \u0219i OneNote, ave\u021bi tot ce v\u0103 trebuie pentru a r\u0103m\u00e2ne productiv. Func\u021biile avansate ale software-ului, u\u0219urin\u021ba \u00een utilizare \u0219i performan\u021ba mai bun\u0103 \u00een compara\u021bie cu versiunile mai vechi, cum ar <strong>fi Office 2019 Home &amp; Business<\/strong>, \u00eel fac o investi\u021bie \u00een\u021beleapt\u0103 pentru utilizatorii care caut\u0103 o op\u021biune de achizi\u021bie unic\u0103 cu acces pe via\u021b\u0103.<\/p>\n<p>Prin alegerea acestei <strong>licen\u021be digitale<\/strong>, v\u0103 asigura\u021bi c\u0103 dispune\u021bi de o suit\u0103 fiabil\u0103 de aplica\u021bii pentru a v\u0103 sus\u021bine nevoile profesionale \u0219i personale. Cu instrumente modernizate \u0219i securitate \u00eembun\u0103t\u0103\u021bit\u0103, Office 2021 Home &amp; Business v\u0103 va ajuta s\u0103 lucra\u021bi mai inteligent \u0219i mai eficient, indiferent dac\u0103 sunte\u021bi acas\u0103 sau la birou.<\/p>\n<p>Consulta\u021bi <a href=\"https:\/\/support.microsoft.com\/en-us\/office\/what-s-new-in-office-2021-43848c29-665d-4b1b-bc12-acd2bfb3910a\">site-ul oficial Microsoft <\/a>pentru mai multe informa\u021bii.<\/p>\n<p>&nbsp;<\/p>\n<h3>INFORMA\u021aII IMPORTANTE<\/h3>\n<p><em>Acest produs este o <strong>cheie de licen\u021b\u0103 <\/strong>pentru a v\u0103 activa software-ul. Cheia de licen\u021b\u0103 va fi trimis\u0103 prin e-mail <strong>\u00een termen de 24 de ore<\/strong>. Nu v\u0103 va fi trimis niciun produs fizic.<\/em><\/p>","protected":false},"excerpt":{"rendered":"<ul>\n<li data-start=\"127\" data-end=\"196\">\n<p data-start=\"129\" data-end=\"196\">\ud83e\uddfe <strong data-start=\"132\" data-end=\"161\">Licen\u021b\u0103 digital\u0103 pe via\u021b\u0103<\/strong> \u2013 activare unic\u0103, f\u0103r\u0103 abonament<\/p>\n<\/li>\n<li data-start=\"197\" data-end=\"249\">\n<p data-start=\"199\" data-end=\"249\">\ud83d\udce7 <strong data-start=\"202\" data-end=\"247\">Livrare rapid\u0103 prin e-mail \u00een 1-24 de ore<\/strong><\/p>\n<\/li>\n<li data-start=\"250\" data-end=\"322\">\n<p data-start=\"252\" data-end=\"322\">\ud83d\udcbc Include aplica\u021bii esen\u021biale: <strong data-start=\"284\" data-end=\"320\">Word, Excel, PowerPoint, Outlook<\/strong><\/p>\n<\/li>\n<li data-start=\"323\" data-end=\"388\">\n<p data-start=\"325\" data-end=\"388\">\ud83d\udda5\ufe0f Compatibil at\u00e2t cu <strong data-start=\"348\" data-end=\"365\">Windows 10\/11<\/strong>, c\u00e2t \u0219i cu <strong data-start=\"377\" data-end=\"386\">macOS<\/strong><\/p>\n<\/li>\n<li data-start=\"389\" data-end=\"463\">\n<p data-start=\"391\" data-end=\"463\">\ud83d\udd10 Activare pe un singur dispozitiv \u2013 cont propriu, f\u0103r\u0103 cont partajat<\/p>\n<\/li>\n<li data-start=\"464\" data-end=\"546\">\n<p data-start=\"466\" data-end=\"546\">\ud83d\udeab Func\u021bioneaz\u0103 complet offline \u2013 nu necesit\u0103 conexiune permanent\u0103 la internet<\/p>\n<\/li>\n<li data-start=\"547\" data-end=\"624\">\n<p data-start=\"549\" data-end=\"624\">\ud83d\udc68\u200d\ud83d\udcbc Ideal pentru freelanceri, birouri mici \u0219i utilizatori profesioni\u0219ti<\/p>\n<\/li>\n<li data-start=\"625\" data-end=\"709\">\n<p data-start=\"627\" data-end=\"709\">\u26a1 Performan\u021b\u0103 optimizat\u0103 \u0219i interfa\u021b\u0103 modernizat\u0103 pentru productivitate crescut\u0103<\/p>\n<\/li>\n<\/ul>","protected":false},"featured_media":1365,"comment_status":"closed","ping_status":"closed","template":"","meta":[],"product_brand":[],"product_cat":[32],"product_tag":[],"class_list":{"0":"post-1335","1":"product","2":"type-product","3":"status-publish","4":"has-post-thumbnail","6":"product_cat-office","8":"first","9":"instock","10":"sale","11":"shipping-taxable","12":"purchasable","13":"product-type-simple"},"_links":{"self":[{"href":"https:\/\/softlite.ro\/ro\/wp-json\/wp\/v2\/product\/1335","targetHints":{"allow":["GET"]}}],"collection":[{"href":"https:\/\/softlite.ro\/ro\/wp-json\/wp\/v2\/product"}],"about":[{"href":"https:\/\/softlite.ro\/ro\/wp-json\/wp\/v2\/types\/product"}],"replies":[{"embeddable":true,"href":"https:\/\/softlite.ro\/ro\/wp-json\/wp\/v2\/comments?post=1335"}],"wp:featuredmedia":[{"embeddable":true,"href":"https:\/\/softlite.ro\/ro\/wp-json\/wp\/v2\/media\/1365"}],"wp:attachment":[{"href":"https:\/\/softlite.ro\/ro\/wp-json\/wp\/v2\/media?parent=1335"}],"wp:term":[{"taxonomy":"product_brand","embeddable":true,"href":"https:\/\/softlite.ro\/ro\/wp-json\/wp\/v2\/product_brand?post=1335"},{"taxonomy":"product_cat","embeddable":true,"href":"https:\/\/softlite.ro\/ro\/wp-json\/wp\/v2\/product_cat?post=1335"},{"taxonomy":"product_tag","embeddable":true,"href":"https:\/\/softlite.ro\/ro\/wp-json\/wp\/v2\/product_tag?post=1335"}],"curies":[{"name":"wp","href":"https:\/\/api.w.org\/{rel}","templated":true}]}}