{"id":1336,"date":"2025-11-22T17:43:50","date_gmt":"2025-11-22T17:43:50","guid":{"rendered":"https:\/\/softlite.ro\/?post_type=product&#038;p=1336"},"modified":"2025-11-22T17:43:54","modified_gmt":"2025-11-22T17:43:54","slug":"microsoft-office-2021-professional-plus","status":"publish","type":"product","link":"https:\/\/softlite.ro\/ro\/produs\/microsoft-office-2021-professional-plus\/","title":{"rendered":"Microsoft Office 2021 Professional Plus"},"content":{"rendered":"<h3>Spori\u021bi-v\u0103 productivitatea cu cea mai recent\u0103 suit\u0103 Microsoft Office<\/h3>\n<p>Office 2021 Professional Plus este solu\u021bia all-in-one care v\u0103 cre\u0219te productivitatea cu func\u021bii avansate \u0219i aplica\u021bii robuste concepute pentru a v\u0103 eficientiza fluxul de lucru. Ca parte a renumitei suite Microsoft Office, aceast\u0103 versiune ofer\u0103 un set cuprinz\u0103tor de instrumente ideale pentru profesioni\u0219ti, companii \u0219i utilizatori avansa\u021bi deopotriv\u0103. Fie c\u0103 gestiona\u021bi documente, crea\u021bi prezent\u0103ri sau v\u0103 ocupa\u021bi de e-mailuri, Office 2021 Professional Plus ofer\u0103 o func\u021bionalitate de neegalat, devenind un instrument esen\u021bial pentru spa\u021biul dvs. de lucru digital.<\/p>\n<p>&nbsp;<\/p>\n<h3>Software inclus \u00een Office 2021 Professional Plus<\/h3>\n<p>Office 2021 Professional Plus include mai multe aplica\u021bii cheie concepute pentru a satisface nevoile diverse ale utilizatorilor moderni. Iat\u0103 o privire detaliat\u0103 asupra fiec\u0103rui program \u0219i a caracteristicilor sale:<\/p>\n<ul>\n<li><strong>Microsoft Word<\/strong>\n<ul>\n<li>Procesare de text puternic\u0103 pentru crearea de documente.<\/li>\n<li>Noi func\u021bii de colaborare care permit mai multor utilizatori s\u0103 editeze documente \u00een timp real.<\/li>\n<li>Instrumente \u00eembun\u0103t\u0103\u021bite de editare a textului \u0219i a imaginilor pentru un document impecabil.<\/li>\n<li>Bibliotec\u0103 robust\u0103 de \u0219abloane pentru u\u0219urin\u021b\u0103 \u00een utilizare.<\/li>\n<\/ul>\n<\/li>\n<li><strong>Microsoft Excel<\/strong>\n<ul>\n<li>Instrumente avansate de analiz\u0103 a datelor, precum Power Query \u0219i Power Pivot.<\/li>\n<li>Noi tipuri de diagrame \u0219i instrumente mai bune de vizualizare a datelor.<\/li>\n<li>Op\u021biuni \u00eembun\u0103t\u0103\u021bite de colaborare \u0219i partajare pentru echipe.<\/li>\n<li>Foi de calcul personalizabile pentru organizarea \u0219i manipularea eficient\u0103 a datelor.<\/li>\n<\/ul>\n<\/li>\n<li><strong>Microsoft PowerPoint<\/strong>\n<ul>\n<li>Instrumente \u0219i \u0219abloane profesionale de proiectare a prezent\u0103rilor.<\/li>\n<li>Anima\u021bii \u0219i tranzi\u021bii avansate pentru a face prezent\u0103rile s\u0103 ias\u0103 \u00een eviden\u021b\u0103.<\/li>\n<li>Editare colaborativ\u0103 pentru mai mul\u021bi utilizatori.<\/li>\n<li>Integrare cu alte programe Microsoft Office pentru tranzi\u021bii f\u0103r\u0103 probleme.<\/li>\n<\/ul>\n<\/li>\n<li><strong>Microsoft Access<\/strong>\n<ul>\n<li>Gestionarea bazelor de date cu \u0219abloane \u00eembun\u0103t\u0103\u021bite pentru crearea mai rapid\u0103 a bazelor de date.<\/li>\n<li>Noi func\u021bii de partajare a datelor pentru o colaborare mai u\u0219oar\u0103.<\/li>\n<li>Func\u021bii avansate de interogare \u0219i instrumente de raportare pentru informa\u021bii detaliate.<\/li>\n<\/ul>\n<\/li>\n<li><strong>Microsoft Outlook<\/strong>\n<ul>\n<li>Gestionarea simplificat\u0103 a e-mailurilor cu o c\u0103su\u021b\u0103 de primire concentrat\u0103 \u0219i capacit\u0103\u021bi de c\u0103utare \u00eembun\u0103t\u0103\u021bite.<\/li>\n<li>Calendar \u00eencorporat \u0219i instrumente de gestionare a sarcinilor.<\/li>\n<li>Caracteristici de securitate \u00eembun\u0103t\u0103\u021bite pentru o protec\u021bie mai bun\u0103 \u00eempotriva phishing-ului \u0219i a programelor malware.<\/li>\n<li>Integrare perfect\u0103 cu alte aplica\u021bii Microsoft Office.<\/li>\n<\/ul>\n<\/li>\n<li><strong>Microsoft Teams<\/strong>\n<ul>\n<li>Colaborare \u00een timp real cu chat, apeluri video \u0219i partajarea fi\u0219ierelor.<\/li>\n<li>Integrare cu aplica\u021biile Office pentru fluxuri de lucru \u00een echip\u0103 f\u0103r\u0103 \u00eentreruperi.<\/li>\n<li>Programeaz\u0103 \u00eent\u00e2lniri virtuale \u0219i caracteristici de colaborare.<\/li>\n<li>Caracteristici robuste de securitate \u0219i conformitate pentru \u00eentreprinderi.<\/li>\n<\/ul>\n<\/li>\n<li><strong>Microsoft OneNote<\/strong>\n<ul>\n<li>Instrument de luat noti\u021be cu capacit\u0103\u021bi organiza\u021bionale.<\/li>\n<li>Suport pentru noti\u021be multimedia, inclusiv imagini, audio \u0219i clipuri web.<\/li>\n<li>Sincronizare \u00eentre toate dispozitivele dvs. pentru acces \u00een orice moment.<\/li>\n<li>Partajarea u\u0219oar\u0103 a noti\u021belor cu colegii sau echipele.<\/li>\n<\/ul>\n<\/li>\n<li><strong>Microsoft Publisher<\/strong>\n<ul>\n<li>Instrumente simple pentru desktop publishing, ideale pentru crearea de materiale de marketing, buletine informative \u0219i pliante.<\/li>\n<li>Integrarea cu alte aplica\u021bii Office pentru a crea documente dinamice.<\/li>\n<li>Caracteristici bogate de editare a imaginilor \u0219i \u0219abloane personalizabile.<\/li>\n<\/ul>\n<\/li>\n<\/ul>\n<p>&nbsp;<\/p>\n<h3>Principalele avantaje ale Office 2021 Professional Plus<\/h3>\n<p>Office 2021 Professional Plus ofer\u0103 numeroase avantaje comparativ cu solu\u021biile mai vechi \u0219i mai noi. Iat\u0103 c\u00e2teva dintre principalele beneficii:<\/p>\n<ul>\n<li><strong>Interfa\u021b\u0103 u\u0219or de utilizat<\/strong><br \/>\nCu o interfa\u021b\u0103 familiar\u0103, tranzi\u021bia de la versiunile anterioare ale Office sau de la alte suite software se face f\u0103r\u0103 probleme. Interfa\u021ba cu panglic\u0103 este optimizat\u0103 pentru o navigare u\u0219oar\u0103, asigur\u00e2ndu-v\u0103 c\u0103 pute\u021bi accesa rapid caracteristicile de care ave\u021bi nevoie.<\/li>\n<li><strong>Colaborare \u00eembun\u0103t\u0103\u021bit\u0103<\/strong><br \/>\nOffice 2021 Professional Plus se integreaz\u0103 cu solu\u021bii de stocare \u00een cloud precum OneDrive \u0219i SharePoint, permi\u021b\u00e2nd echipelor s\u0103 colaboreze \u00een timp real \u0219i s\u0103 partajeze documente \u00een siguran\u021b\u0103.<\/li>\n<li><strong>Caracteristici avansate pentru utilizatorii avansa\u021bi<\/strong><br \/>\nAceast\u0103 versiune include caracteristici noi, cum ar fi instrumente mai bune de analiz\u0103 a datelor \u00een Excel, op\u021biuni avansate de prezentare \u00een PowerPoint \u0219i capacit\u0103\u021bi mai robuste de gestionare a bazelor de date \u00een Access.<\/li>\n<li><strong>Performan\u021b\u0103 \u00eembun\u0103t\u0103\u021bit\u0103<\/strong><br \/>\nOffice 2021 Professional Plus este optimizat pentru a rula mai rapid \u0219i mai eficient, ajut\u00e2ndu-v\u0103 s\u0103 v\u0103 face\u021bi treaba mai repede, f\u0103r\u0103 \u00eent\u00e2rzieri sau \u00eencetiniri ale sistemului. Acest lucru \u00eel face o alegere perfect\u0103 pentru cei care se bazeaz\u0103 pe sarcini intensive de performan\u021b\u0103.<\/li>\n<li><strong>Activarea licen\u021bei digitale<\/strong><br \/>\nCu Office 2021 Professional Plus, primi\u021bi o licen\u021b\u0103 digital\u0103 securizat\u0103 care v\u0103 asigur\u0103 c\u0103 pute\u021bi activa \u0219i utiliza software-ul f\u0103r\u0103 a fi nevoie de o cheie de produs fizic\u0103. Acest lucru \u00eenseamn\u0103 mai pu\u021bine probleme \u0219i mai mult\u0103 siguran\u021b\u0103 pentru achizi\u021bia dvs.<\/li>\n<li><strong>Asisten\u021b\u0103 pe termen lung<\/strong><br \/>\nMicrosoft ofer\u0103 suport pe termen lung pentru Office 2021 Professional Plus, ceea ce \u00eenseamn\u0103 c\u0103 ve\u021bi primi actualiz\u0103ri de securitate \u0219i remedieri de erori timp de mul\u021bi ani, asigur\u00e2ndu-v\u0103 c\u0103 sistemul dvs. r\u0103m\u00e2ne stabil \u0219i protejat.<\/li>\n<\/ul>\n<p>&nbsp;<\/p>\n<h3>Compara\u021bie cu versiunile mai vechi \u0219i mai noi<\/h3>\n<p>\u00cen compara\u021bie cu versiunile mai vechi, cum ar fi Office 2019 Professional Plus, \u0219i cu alternativele mai noi, cum ar fi Office 2024 Professional Plus, Office 2021 Professional Plus \u00ee\u0219i men\u021bine pozi\u021bia. \u00cen timp ce Office 2024 Professional Plus introduce \u0219i mai multe func\u021bii, Office 2021 Professional Plus r\u0103m\u00e2ne o op\u021biune extrem de competitiv\u0103 pentru cei care nu au nevoie de cele mai recente progrese, dar doresc totu\u0219i o suit\u0103 plin\u0103 de func\u021bii. Pe de alt\u0103 parte, dep\u0103\u0219e\u0219te Office 2019 Professional Plus cu instrumente de colaborare \u00eembun\u0103t\u0103\u021bite \u0219i performan\u021be sporite.<\/p>\n<p><strong>Considera\u021bii:<\/strong><\/p>\n<ul>\n<li><a href=\"\/ro\/products\/microsoft-office-2024-professional-plus\/\"><strong>Office 2024 Professional Plus <\/strong><\/a>ofer\u0103 func\u021bii \u0219i mai avansate, dar vine cu un pre\u021b mai ridicat.<\/li>\n<li><a href=\"\/ro\/products\/microsoft-office-2019-professional-plus\/\"><strong>Office 2019 Professional Plus <\/strong><\/a>ofer\u0103 o experien\u021b\u0103 solid\u0103, dar nu dispune de colaborarea \u00eembun\u0103t\u0103\u021bit\u0103 \u0219i optimiz\u0103rile de performan\u021b\u0103 g\u0103site \u00een Office 2021.<\/li>\n<\/ul>\n<p>&nbsp;<\/p>\n<h3>Cerin\u021be de sistem pentru Office 2021 Professional Plus<\/h3>\n<p>Pentru a v\u0103 asigura c\u0103 beneficia\u021bi la maximum de Office 2021 Professional Plus, asigura\u021bi-v\u0103 c\u0103 sistemul dvs. \u00eendepline\u0219te urm\u0103toarele cerin\u021be.<\/p>\n<table width=\"604\">\n<thead>\n<tr>\n<td width=\"119\"><strong>\u00a0<\/strong><\/td>\n<td width=\"254\"><strong>Cerin\u021b\u0103 minim\u0103<\/strong><\/td>\n<td width=\"231\"><strong>Cerin\u021b\u0103 recomandat\u0103<\/strong><\/td>\n<\/tr>\n<\/thead>\n<tbody>\n<tr>\n<td width=\"119\"><strong><em>Sistem de operare<\/em><\/strong><\/td>\n<td width=\"254\">Windows 10 (32 sau 64 de bi\u021bi)<\/td>\n<td width=\"231\">Windows 11 Pro (pe 64 de bi\u021bi)<\/td>\n<\/tr>\n<tr>\n<td width=\"119\"><strong><em>Procesor<\/em><\/strong><\/td>\n<td width=\"254\">1,6 GHz, procesor cu 2 nuclee<\/td>\n<td width=\"231\">Procesor cu 4 nuclee de 2,5 GHz sau mai mare<\/td>\n<\/tr>\n<tr>\n<td width=\"119\"><strong><em>RAM<\/em><\/strong><\/td>\n<td width=\"254\">4 GB RAM (64 de bi\u021bi) \/ 2 GB RAM (32 de bi\u021bi)<\/td>\n<td width=\"231\">8 GB RAM sau mai mult<\/td>\n<\/tr>\n<tr>\n<td width=\"119\"><strong><em>Depozitare<\/em><\/strong><\/td>\n<td width=\"254\">4 GB de spa\u021biu disponibil pe disc<\/td>\n<td width=\"231\">10 GB sau mai mult<\/td>\n<\/tr>\n<tr>\n<td width=\"119\"><strong><em>Afi\u0219aj<\/em><\/strong><\/td>\n<td width=\"254\">Rezolu\u021bie 1280 x 768<\/td>\n<td width=\"231\">1920 x 1080 sau mai mare<\/td>\n<\/tr>\n<tr>\n<td width=\"119\"><strong><em>Grafic\u0103<\/em><\/strong><\/td>\n<td width=\"254\">DirectX 9 sau ulterior cu driver WDDM 2.0<\/td>\n<td width=\"231\">Plac\u0103 grafic\u0103 compatibil\u0103 cu DirectX 12<\/td>\n<\/tr>\n<\/tbody>\n<\/table>\n<p>&nbsp;<\/p>\n<h3>De ce s\u0103 alege\u021bi Office 2021 Professional Plus?<\/h3>\n<p>Achizi\u021bionarea Office 2021 Professional Plus cu o licen\u021b\u0103 digital\u0103 v\u0103 asigur\u0103 c\u0103 ob\u021bine\u021bi o suit\u0103 software de \u00eenalt\u0103 calitate \u0219i fiabil\u0103 pentru toate nevoile dvs. profesionale \u0219i personale. Integrarea sa perfect\u0103 cu platforma Windows, precum \u0219i setul s\u0103u puternic de aplica\u021bii, \u00eel fac o op\u021biune remarcabil\u0103. Office 2021 Professional Plus este perfect pentru oricine caut\u0103 o solu\u021bie u\u0219or de utilizat, de \u00eenalt\u0103 performan\u021b\u0103, care ofer\u0103 rezultate pe toate planurile.<\/p>\n<p>Pentru cei care doresc s\u0103 \u00ee\u0219i sporeasc\u0103 \u0219i mai mult productivitatea, lua\u021bi \u00een considerare aceste pachete:<\/p>\n<ul>\n<li><a href=\"\/ro\/products\/ms-windows-11-pro-and-office-2021-pro-plus\/\">Office 2021 Professional Plus + Windows 11 Pro<\/a><\/li>\n<li><a href=\"\/ro\/products\/windows-10-professional-office-2021-pro-plus\/\">Office 2021 Professional Plus + Windows 10 Pro<\/a><\/li>\n<\/ul>\n<p>Aleg\u00e2nd Office 2021 Professional Plus, investi\u021bi \u00eentr-o suit\u0103 de productivitate puternic\u0103 \u0219i fiabil\u0103, care v\u0103 va sprijini \u00een anii urm\u0103tori. Fie c\u0103 lucra\u021bi independent sau ca parte a unei echipe, aceast\u0103 versiune a Microsoft Office este o alegere excelent\u0103 pentru oricine are nevoie de un pachet software eficient \u0219i eficace.<\/p>\n<p>Afla\u021bi mai multe despre caracteristicile \u0219i specificul acestui produs vizit\u00e2nd <a href=\"https:\/\/support.microsoft.com\/en-us\/office\/what-s-new-in-office-2021-43848c29-665d-4b1b-bc12-acd2bfb3910a\">site-ul oficial Microsoft Office<\/a>.<\/p>\n<p>&nbsp;<\/p>\n<h3>INFORMA\u021aII IMPORTANTE<\/h3>\n<p><em>Acest produs este o <strong>cheie de licen\u021b\u0103 <\/strong>pentru a v\u0103 activa software-ul. Cheia de licen\u021b\u0103 va fi trimis\u0103 prin e-mail <strong>\u00een termen de 24 de ore<\/strong>. Nu v\u0103 va fi trimis niciun produs fizic.<\/em><\/p>","protected":false},"excerpt":{"rendered":"<ul>\n<li data-start=\"122\" data-end=\"189\">\ud83e\uddfe <strong data-start=\"125\" data-end=\"154\">Licen\u021b\u0103 digital\u0103 pe via\u021b\u0103<\/strong> \u2013 activare unic\u0103, f\u0103r\u0103 abonament<\/li>\n<li data-start=\"192\" data-end=\"242\">\ud83d\udce7 <strong data-start=\"195\" data-end=\"240\">Livrare rapid\u0103 prin e-mail \u00een 1-24 de ore<\/strong><\/li>\n<li data-start=\"245\" data-end=\"333\">\ud83d\udcbc Include aplica\u021bii complete: <strong data-start=\"276\" data-end=\"331\">Word, Excel, PowerPoint, Outlook, Publisher, Access<\/strong><\/li>\n<li data-start=\"336\" data-end=\"384\">\ud83d\udda5\ufe0f Compatibil cu <strong data-start=\"354\" data-end=\"382\">Windows 10 \u0219i Windows 11<\/strong><\/li>\n<li data-start=\"387\" data-end=\"470\">\ud83d\udd10 Activare permanent\u0103 pe un singur dispozitiv \u2013 cont propriu, f\u0103r\u0103 cont partajat<\/li>\n<li data-start=\"473\" data-end=\"543\">\ud83d\udeab Nu necesit\u0103 conexiune continu\u0103 la internet \u2013 func\u021bioneaz\u0103 offline<\/li>\n<li data-start=\"546\" data-end=\"614\">\ud83d\udcda Ideal pentru birou, \u0219coal\u0103, freelanceri \u0219i utilizatori business<\/li>\n<li data-start=\"617\" data-end=\"702\">\u26a1 Interfa\u021b\u0103 modern\u0103, performan\u021b\u0103 optimizat\u0103 \u0219i suport pentru formate noi de fi\u0219iere<\/li>\n<\/ul>","protected":false},"featured_media":1366,"comment_status":"open","ping_status":"closed","template":"","meta":[],"product_brand":[],"product_cat":[32],"product_tag":[],"class_list":{"0":"post-1336","1":"product","2":"type-product","3":"status-publish","4":"has-post-thumbnail","6":"product_cat-office","8":"first","9":"instock","10":"sale","11":"virtual","12":"purchasable","13":"product-type-simple"},"_links":{"self":[{"href":"https:\/\/softlite.ro\/ro\/wp-json\/wp\/v2\/product\/1336","targetHints":{"allow":["GET"]}}],"collection":[{"href":"https:\/\/softlite.ro\/ro\/wp-json\/wp\/v2\/product"}],"about":[{"href":"https:\/\/softlite.ro\/ro\/wp-json\/wp\/v2\/types\/product"}],"replies":[{"embeddable":true,"href":"https:\/\/softlite.ro\/ro\/wp-json\/wp\/v2\/comments?post=1336"}],"wp:featuredmedia":[{"embeddable":true,"href":"https:\/\/softlite.ro\/ro\/wp-json\/wp\/v2\/media\/1366"}],"wp:attachment":[{"href":"https:\/\/softlite.ro\/ro\/wp-json\/wp\/v2\/media?parent=1336"}],"wp:term":[{"taxonomy":"product_brand","embeddable":true,"href":"https:\/\/softlite.ro\/ro\/wp-json\/wp\/v2\/product_brand?post=1336"},{"taxonomy":"product_cat","embeddable":true,"href":"https:\/\/softlite.ro\/ro\/wp-json\/wp\/v2\/product_cat?post=1336"},{"taxonomy":"product_tag","embeddable":true,"href":"https:\/\/softlite.ro\/ro\/wp-json\/wp\/v2\/product_tag?post=1336"}],"curies":[{"name":"wp","href":"https:\/\/api.w.org\/{rel}","templated":true}]}}