{"id":1344,"date":"2025-11-22T17:43:50","date_gmt":"2025-11-22T17:43:50","guid":{"rendered":"https:\/\/softlite.ro\/?post_type=product&#038;p=1344"},"modified":"2025-11-22T17:43:54","modified_gmt":"2025-11-22T17:43:54","slug":"microsoft-office-2024-professional-plus","status":"publish","type":"product","link":"https:\/\/softlite.ro\/ro\/produs\/microsoft-office-2024-professional-plus\/","title":{"rendered":"Microsoft Office 2024 Professional Plus"},"content":{"rendered":"<ul>\n<li>\n<p class=\"p1\"><span class=\"s1\">\ud83d\udd11 <\/span><b>Cheie de licen\u021b\u0103 digital\u0103<\/b><span class=\"s1\">, f\u0103r\u0103 abonament<\/span><\/p>\n<\/li>\n<li>\n<p class=\"p1\"><span class=\"s1\">\u23f1\ufe0f <\/span><b>Livrare \u00een 24 de ore<\/b><span class=\"s1\"> pe e-mail<\/span><\/p>\n<\/li>\n<li>\n<p class=\"p1\">\u2699\ufe0f <span class=\"s1\"><b>Instalare rapid\u0103<\/b><\/span>, activare online<\/p>\n<\/li>\n<li>\n<p class=\"p1\"><span class=\"s1\">\ud83d\udcbb <\/span><b>Utilizabil pe un singur dispozitiv<\/b><b><\/b><\/p>\n<\/li>\n<li>\n<p class=\"p1\">\ud83c\udf0d <span class=\"s1\"><b>Multilingv<\/b><\/span> \u2013 func\u021bioneaz\u0103 oriunde \u00een lume<\/p>\n<\/li>\n<\/ul>\n<h3>Cea mai bun\u0103 suit\u0103 de productivitate pentru utilizatorii Windows<\/h3>\n<p><strong>Office 2024 Professional Plus <\/strong>este cea mai nou\u0103 \u0219i mai puternic\u0103 itera\u021bie a suitei de productivitate Microsoft, lider \u00een industrie, conceput\u0103 exclusiv pentru platforma Windows. Aceast\u0103 edi\u021bie este ideal\u0103 pentru profesioni\u0219tii din domeniul afacerilor, \u00eentreprinderi \u0219i utilizatorii exigen\u021bi care au nevoie de un set complet de instrumente pentru comunicare, analiz\u0103 de date, creare de con\u021binut \u0219i colaborare. Cu o achizi\u021bie unic\u0103 \u0219i o <strong>licen\u021b\u0103 digital\u0103<\/strong>, utilizatorii ob\u021bin acces permanent la cele mai actualizate versiuni ale aplica\u021biilor Office clasice, plus noi \u00eembun\u0103t\u0103\u021biri \u0219i caracteristici exclusive care sporesc productivitatea, simplific\u0103 fluxurile de lucru \u0219i permit lucrul \u00een echip\u0103 f\u0103r\u0103 \u00eentreruperi.<\/p>\n<p>&nbsp;<\/p>\n<h3>Ce este inclus \u00een Office 2024 Professional Plus?<\/h3>\n<p>Aceast\u0103 suit\u0103 reune\u0219te instrumentele de baz\u0103 Microsoft Office \u00een care au \u00eencredere milioane de oameni, cu actualiz\u0103ri semnificative \u0219i capacit\u0103\u021bi noi:<\/p>\n<ul>\n<li><strong>Microsoft Word<\/strong>\n<ul>\n<li>Crea\u021bi, edita\u021bi \u0219i formata\u021bi documente cu u\u0219urin\u021b\u0103.<\/li>\n<li>Utiliza\u021bi sugestiile de scriere asistate de AI pentru claritate \u0219i ton.<\/li>\n<li>Instrumente de colaborare \u00een timp real pentru editare simultan\u0103.<\/li>\n<li>Caracteristici integrate de citare \u0219i bibliografie pentru scrierea academic\u0103.<\/li>\n<\/ul>\n<\/li>\n<li><strong>Microsoft Excel<\/strong>\n<ul>\n<li>Gestionare avansat\u0103 a foilor de calcul cu formule puternice.<\/li>\n<li>Instrumente \u00eembun\u0103t\u0103\u021bite pentru diagrame \u0219i grafice.<\/li>\n<li>Analiza datelor cu Power Query \u0219i PivotTables.<\/li>\n<li>Suport \u00eencorporat pentru matrici dinamice \u0219i func\u021bii LET.<\/li>\n<\/ul>\n<\/li>\n<li><strong>Microsoft PowerPoint<\/strong>\n<ul>\n<li>Crea\u021bi prezent\u0103ri de nivel profesional.<\/li>\n<li>Noi efecte de anima\u021bie \u0219i tranzi\u021bii.<\/li>\n<li>Designer bazat pe inteligen\u021b\u0103 artificial\u0103 pentru sugestii de aspect.<\/li>\n<li>Antrenor de prezentare pentru a exersa \u0219i perfec\u021biona prezentarea.<\/li>\n<\/ul>\n<\/li>\n<li><strong>Microsoft Access<\/strong>\n<ul>\n<li>Construi\u021bi \u0219i gestiona\u021bi baze de date pentru aplica\u021bii de afaceri.<\/li>\n<li>\u0218abloane \u0219i macro-uri \u00eembun\u0103t\u0103\u021bite pentru automatizare.<\/li>\n<li>Integrare cu Power Platform \u0219i SQL Server.<\/li>\n<\/ul>\n<\/li>\n<li><strong>Microsoft Outlook<\/strong>\n<ul>\n<li>Gestiona\u021bi e-mailurile, calendarele \u0219i contactele \u00eentr-un singur loc.<\/li>\n<li>Op\u021biuni avansate de c\u0103utare \u0219i filtrare.<\/li>\n<li>Func\u021bii inteligente de planificare pentru \u00eent\u00e2lnirile de echip\u0103.<\/li>\n<li>Securitate \u00eembun\u0103t\u0103\u021bit\u0103 \u0219i filtre antispam.<\/li>\n<\/ul>\n<\/li>\n<li><strong>Microsoft Teams<\/strong>\n<ul>\n<li>Comunicare \u00een timp real prin chat, video \u0219i voce.<\/li>\n<li>Integrare perfect\u0103 cu alte aplica\u021bii Office.<\/li>\n<li>Instrumente \u00eembun\u0103t\u0103\u021bite de partajare a fi\u0219ierelor \u0219i de colaborare.<\/li>\n<li>Noi tablouri de bord pentru productivitate \u0219i urm\u0103rirea sarcinilor.<\/li>\n<\/ul>\n<\/li>\n<li><strong>Microsoft OneNote<\/strong>\n<ul>\n<li>Organiza\u021bi vizual noti\u021bele, cercet\u0103rile \u0219i sarcinile.<\/li>\n<li>Sincroniza\u021bi instantaneu \u00eentre dispozitive.<\/li>\n<li>Suport pentru scris de m\u00e2n\u0103 \u00een text \u0219i note audio.<\/li>\n<li>Integrare u\u0219oar\u0103 cu Word \u0219i Outlook.<\/li>\n<\/ul>\n<\/li>\n<\/ul>\n<p>Fiecare aplica\u021bie din <strong>Office 2024 Professional Plus <\/strong>a fost optimizat\u0103 pentru a rula mai rapid, pentru a gestiona fi\u0219iere mai mari \u0219i pentru a se integra f\u0103r\u0103 probleme cu mediile locale \u0219i cloud, fiind cea mai robust\u0103 versiune <strong>Microsoft Office <\/strong>de p\u00e2n\u0103 acum.<\/p>\n<p>&nbsp;<\/p>\n<h3>De ce s\u0103 alege\u021bi Office 2024 Professional Plus \u00een locul altor versiuni?<\/h3>\n<p>Comparativ cu edi\u021biile mai vechi precum <a href=\"\/ro\/products\/microsoft-office-2021-professional-plus\/\">Office 2021 Professional Plus <\/a>\u0219i <a href=\"\/ro\/products\/microsoft-office-2019-professional-plus\/\">Office 2019 Professional Plus<\/a>, <strong>Office 2024 Professional Plus <\/strong>ofer\u0103:<\/p>\n<ul>\n<li><strong>Mai multe caracteristici bazate pe inteligen\u021b\u0103 artificial\u0103<\/strong>: Spori\u021bi productivitatea cu instrumente inteligente care nu sunt disponibile \u00een versiunile anterioare.<\/li>\n<li><strong>Colaborare \u00eembun\u0103t\u0103\u021bit\u0103<\/strong>: Integrarea profund\u0103 cu Microsoft Teams permite comunicarea f\u0103r\u0103 \u00eentreruperi \u00eentre echipe.<\/li>\n<li><strong>Securitate sporit\u0103<\/strong>: Func\u021biile \u00eembun\u0103t\u0103\u021bite de criptare \u0219i protec\u021bie asigur\u0103 siguran\u021ba datelor.<\/li>\n<li><strong>Acces permanent<\/strong>: Spre deosebire de Microsoft 365, aceast\u0103 <strong>licen\u021b\u0103 digital\u0103 <\/strong>unic\u0103 nu implic\u0103 taxe de abonament recurente.<\/li>\n<li><strong>Performan\u021b\u0103 mai bun\u0103 pe sistemele moderne<\/strong>: Optimizat pentru <a href=\"\/ro\/products\/microsoft-windows-11-pro-digital-license\/\">Windows 11 Pro<\/a>, asigur\u00e2nd o vitez\u0103 \u0219i o receptivitate superioare.<\/li>\n<\/ul>\n<p>&nbsp;<\/p>\n<h3>Cerin\u021be de sistem pentru Office 2024 Professional Plus<\/h3>\n<table width=\"604\">\n<thead>\n<tr>\n<td width=\"110\"><strong>\u00a0<\/strong><\/td>\n<td width=\"250\"><strong>Cerin\u021be minime<\/strong><\/td>\n<td width=\"245\"><strong>Cerin\u021be recomandate<\/strong><\/td>\n<\/tr>\n<\/thead>\n<tbody>\n<tr>\n<td width=\"110\"><strong><em>Sistem de operare<\/em><\/strong><\/td>\n<td width=\"250\">Windows 10 sau Windows 11 (numai pe 64 de bi\u021bi)<\/td>\n<td width=\"245\">Windows 11 Pro (pe 64 de bi\u021bi)<\/td>\n<\/tr>\n<tr>\n<td width=\"110\"><strong><em>Procesor<\/em><\/strong><\/td>\n<td width=\"250\">1,6 GHz, procesor cu 2 nuclee<\/td>\n<td width=\"245\">Procesor cu 4 nuclee de 2,0 GHz sau mai rapid<\/td>\n<\/tr>\n<tr>\n<td width=\"110\"><strong><em>RAM<\/em><\/strong><\/td>\n<td width=\"250\">4 GB (pe 64 de bi\u021bi)<\/td>\n<td width=\"245\">8 GB sau mai mult<\/td>\n<\/tr>\n<tr>\n<td width=\"110\"><strong><em>Spa\u021biu pe hard disk<\/em><\/strong><\/td>\n<td width=\"250\">4 GB de spa\u021biu disponibil pe disc<\/td>\n<td width=\"245\">SSD cu 10+ GB spa\u021biu liber<\/td>\n<\/tr>\n<tr>\n<td width=\"110\"><strong><em>Afi\u0219aj<\/em><\/strong><\/td>\n<td width=\"250\">Rezolu\u021bie 1280 x 768<\/td>\n<td width=\"245\">Rezolu\u021bie 1920 x 1080 sau mai mare<\/td>\n<\/tr>\n<tr>\n<td width=\"110\"><strong><em>Grafic\u0103<\/em><\/strong><\/td>\n<td width=\"250\">Compatibil cu DirectX 9 cu driver WDDM 2.0<\/td>\n<td width=\"245\">DirectX 12 cu GPU superior<\/td>\n<\/tr>\n<tr>\n<td width=\"110\"><strong><em>Internet<\/em><\/strong><\/td>\n<td width=\"250\">Necesar pentru activare \u0219i actualiz\u0103ri<\/td>\n<td width=\"245\">Band\u0103 larg\u0103 recomandat\u0103 pentru utilizarea de c\u0103tre echipe<\/td>\n<\/tr>\n<\/tbody>\n<\/table>\n<p><strong>Not\u0103<\/strong>: Acest produs este <strong>disponibil numai pentru <\/strong>utilizatorii <strong>de Windows <\/strong>\u0219i nu este compatibil cu macOS.<\/p>\n<p>&nbsp;<\/p>\n<h3>Alege\u021bi o licen\u021b\u0103 digital\u0103 pentru o activare f\u0103r\u0103 probleme<\/h3>\n<p>Optarea pentru o <strong>licen\u021b\u0103 digital\u0103 <\/strong>\u00eenseamn\u0103 livrare instantanee, activare rapid\u0103 \u0219i nu este nevoie de suport fizic. Primi\u021bi cheia de licen\u021b\u0103 prin e-mail, cu instruc\u021biuni pas cu pas pentru a \u00eencepe imediat. F\u0103r\u0103 \u00eent\u00e2rzieri, f\u0103r\u0103 expediere &#8211; doar productivitate instantanee.<\/p>\n<p>&nbsp;<\/p>\n<h3>Pachete de produse cu Office 2024 Professional Plus<\/h3>\n<p>Dori\u021bi s\u0103 ob\u021bine\u021bi mai mult\u0103 valoare din achizi\u021bia dvs.? Aceste pachete combin\u0103 <strong>Office 2024 Professional Plus <\/strong>cu alte software-uri esen\u021biale:<\/p>\n<ul>\n<li><a href=\"\/ro\/products\/ms-windows-11-pro-and-office-2024-pro-plus\/\">Office 2024 Professional Plus + Windows 11 Pro<\/a><\/li>\n<li><a href=\"\/ro\/products\/adobe-acrobat-pro-2020-ms-office-2024-pro-plus\/\">Office 2024 Professional Plus + Adobe Acrobat Pro 2020<\/a><\/li>\n<li><a href=\"\/ro\/products\/adobe-acrobat-pro-2019-ms-office-2024-pro-plus\/\">Office 2024 Professional Plus + Adobe Acrobat Pro 2019<\/a><\/li>\n<li><a href=\"\/ro\/products\/acrobat-pro-20-windows-11-professional-off24pp\/\">Office 2024 Professional Plus + Adobe Acrobat Pro 2020 + Windows 11 Pro<\/a><\/li>\n<\/ul>\n<p>Aceste combina\u021bii sunt perfecte pentru \u00eentreprinderi, freelanceri \u0219i profesioni\u0219ti care doresc un mediu de lucru complet la un cost redus.<\/p>\n<p>&nbsp;<\/p>\n<h3>Afla\u021bi mai multe din resursele oficiale Microsoft Office<\/h3>\n<p>Pentru mai multe detalii despre <strong>Office 2024 Professional Plus<\/strong>, caracteristicile sale \u0219i asisten\u021b\u0103, vizita\u021bi <a href=\"https:\/\/support.microsoft.com\/en-us\/office\/what-s-new-in-office-2024-and-office-ltsc-2024-baadecbe-a8fc-4435-8cb8-70e93fd08b56\">resursele oficiale Microsoft Office<\/a>.<\/p>\n<p>&nbsp;<\/p>\n<h3>Elibera\u021bi-v\u0103 poten\u021bialul maxim cu Office 2024 Professional Plus<\/h3>\n<p>Fie c\u0103 face\u021bi upgrade de la o versiune mai veche sau trece\u021bi de la solu\u021bii pe baz\u0103 de abonament, Office 2024 Professional Plus v\u0103 ofer\u0103 ce este mai bun din ambele lumi: caracteristici moderne la o singur\u0103 achizi\u021bie. Cu suita sa puternic\u0103 de instrumente, performan\u021ba \u00eembun\u0103t\u0103\u021bit\u0103 \u0219i licen\u021bierea flexibil\u0103, este alegerea ideal\u0103 pentru orice utilizator Windows care apreciaz\u0103 productivitatea, stabilitatea \u0219i eficien\u021ba.<\/p>\n<p>Nu v\u0103 mul\u021bumi\u021bi cu mai pu\u021bin. Alege\u021bi <strong>Office 2024 Professional Plus <\/strong>ast\u0103zi \u0219i duce\u021bi fluxul de lucru digital la nivelul urm\u0103tor cu o solu\u021bie fiabil\u0103, all-in-one, sus\u021binut\u0103 de o <strong>licen\u021b\u0103 digital\u0103 <\/strong>de \u00eencredere.<\/p>\n<p>&nbsp;<\/p>\n<h3>INFORMA\u021aII IMPORTANTE<\/h3>\n<p><em>Acest produs este o <strong>cheie de licen\u021b\u0103 <\/strong>pentru a v\u0103 activa software-ul. Cheia de licen\u021b\u0103 va fi trimis\u0103 prin e-mail <strong>\u00een termen de 24 de ore<\/strong>. Nu v\u0103 va fi trimis niciun produs fizic.<\/em><\/p>","protected":false},"excerpt":{"rendered":"<ul>\n<li><strong>CADOU WINDOWS 11 PRO!<\/strong><\/li>\n<li>\n<p class=\"p1\"><span class=\"s1\">\ud83d\udd11 <\/span><b>Cheie de licen\u021b\u0103 digital\u0103<\/b><span class=\"s1\">, f\u0103r\u0103 abonament<\/span><\/p>\n<\/li>\n<li>\n<p class=\"p1\"><span class=\"s1\">\u23f1\ufe0f <\/span><b>Livrare \u00een 24 de ore<\/b><span class=\"s1\"> pe e-mail<\/span><\/p>\n<\/li>\n<li>\n<p class=\"p1\">\u2699\ufe0f <span class=\"s1\"><b>Instalare rapid\u0103<\/b><\/span>, activare online<\/p>\n<\/li>\n<li>\n<p class=\"p1\"><span class=\"s1\">\ud83d\udcbb <\/span><b>Utilizabil pe un singur dispozitiv<\/b><b><\/b><\/p>\n<\/li>\n<li>\n<p class=\"p1\">\ud83c\udf0d <span class=\"s1\"><b>Multilingv<\/b><\/span> \u2013 func\u021bioneaz\u0103 oriunde \u00een lume<\/p>\n<\/li>\n<li><\/li>\n<\/ul>","protected":false},"featured_media":1367,"comment_status":"closed","ping_status":"closed","template":"","meta":[],"product_brand":[],"product_cat":[32],"product_tag":[],"class_list":{"0":"post-1344","1":"product","2":"type-product","3":"status-publish","4":"has-post-thumbnail","6":"product_cat-office","8":"first","9":"instock","10":"sale","11":"featured","12":"shipping-taxable","13":"purchasable","14":"product-type-simple"},"_links":{"self":[{"href":"https:\/\/softlite.ro\/ro\/wp-json\/wp\/v2\/product\/1344","targetHints":{"allow":["GET"]}}],"collection":[{"href":"https:\/\/softlite.ro\/ro\/wp-json\/wp\/v2\/product"}],"about":[{"href":"https:\/\/softlite.ro\/ro\/wp-json\/wp\/v2\/types\/product"}],"replies":[{"embeddable":true,"href":"https:\/\/softlite.ro\/ro\/wp-json\/wp\/v2\/comments?post=1344"}],"wp:featuredmedia":[{"embeddable":true,"href":"https:\/\/softlite.ro\/ro\/wp-json\/wp\/v2\/media\/1367"}],"wp:attachment":[{"href":"https:\/\/softlite.ro\/ro\/wp-json\/wp\/v2\/media?parent=1344"}],"wp:term":[{"taxonomy":"product_brand","embeddable":true,"href":"https:\/\/softlite.ro\/ro\/wp-json\/wp\/v2\/product_brand?post=1344"},{"taxonomy":"product_cat","embeddable":true,"href":"https:\/\/softlite.ro\/ro\/wp-json\/wp\/v2\/product_cat?post=1344"},{"taxonomy":"product_tag","embeddable":true,"href":"https:\/\/softlite.ro\/ro\/wp-json\/wp\/v2\/product_tag?post=1344"}],"curies":[{"name":"wp","href":"https:\/\/api.w.org\/{rel}","templated":true}]}}