{"id":1345,"date":"2025-11-22T17:43:50","date_gmt":"2025-11-22T17:43:50","guid":{"rendered":"https:\/\/softlite.ro\/?post_type=product&#038;p=1345"},"modified":"2025-11-22T17:43:55","modified_gmt":"2025-11-22T17:43:55","slug":"microsoft-office-365-utilizator-pe-viata-5-dispozitive","status":"publish","type":"product","link":"https:\/\/softlite.ro\/ro\/produs\/microsoft-office-365-utilizator-pe-viata-5-dispozitive\/","title":{"rendered":"Microsoft Office 365 &#8211; Utilizator pe via\u021b\u0103, 5 dispozitive!"},"content":{"rendered":"<h3>Licen\u021ba digital\u0103 suprem\u0103 pentru productivitatea modern\u0103<\/h3>\n<p>Office 365 este o suit\u0103 de productivitate puternic\u0103, all-in-one, conceput\u0103 at\u00e2t pentru uz personal, c\u00e2t \u0219i profesional. Fie c\u0103 sunte\u021bi student, proprietar al unei mici afaceri sau profesionist, Office 365 v\u0103 ofer\u0103 instrumentele de care ave\u021bi nevoie pentru a crea, comunica \u0219i colabora eficient. Cu o singur\u0103 licen\u021b\u0103 digital\u0103 perpetu\u0103, aceast\u0103 suit\u0103 ofer\u0103 flexibilitatea instal\u0103rii pe p\u00e2n\u0103 la cinci dispozitive simultan, ceea ce o face alegerea ideal\u0103 pentru indivizi \u0219i echipe deopotriv\u0103.<\/p>\n<p>Spre deosebire de modelele pe baz\u0103 de abonament, Office 365 vine preactivat cu o adres\u0103 de e-mail unic\u0103. Este conceput pentru o integrare perfect\u0103 \u00een fluxul dvs. de lucru, f\u0103r\u0103 a fi nevoie s\u0103 \u00eel lega\u021bi sau s\u0103 \u00eel transfera\u021bi la un cont Microsoft existent. Aleg\u00e2nd Office 365, ob\u021bine\u021bi acces la o suit\u0103 de software de top din industrie, asigur\u00e2ndu-v\u0103 c\u0103 r\u0103m\u00e2ne\u021bi productiv \u0219i \u00een fruntea curentului.<\/p>\n<p>&nbsp;<\/p>\n<h3>Principalele caracteristici ale Office 365<\/h3>\n<p><strong>Office 365 <\/strong>include o varietate de aplica\u021bii Microsoft esen\u021biale, fiecare oferind caracteristici puternice pentru a v\u0103 spori productivitatea:<\/p>\n<ul>\n<li><strong>Cuv\u00e2nt<\/strong>\n<ul>\n<li>Crea\u021bi \u0219i edita\u021bi documente cu u\u0219urin\u021b\u0103<\/li>\n<li>Include instrumente avansate de formatare \u0219i colaborare<\/li>\n<li>Integrare \u00een cloud pentru partajarea documentelor \u00een timp real<\/li>\n<\/ul>\n<\/li>\n<li><strong>Excel<\/strong>\n<ul>\n<li>Instrumente puternice de analiz\u0103 \u0219i vizualizare a datelor<\/li>\n<li>Suport avansat pentru formule \u0219i func\u021bii de gestionare a datelor<\/li>\n<li>Integrare cu Microsoft Power BI pentru analize \u0219i mai robuste<\/li>\n<\/ul>\n<\/li>\n<li><strong>PowerPoint<\/strong>\n<ul>\n<li>Crea\u021bi prezent\u0103ri dinamice cu imagini de \u00eenalt\u0103 calitate<\/li>\n<li>Tranzi\u021bii \u0219i instrumente de anima\u021bie f\u0103r\u0103 cusur<\/li>\n<li>Colaborare \u00een timp real pentru prezent\u0103ri \u00een echip\u0103<\/li>\n<\/ul>\n<\/li>\n<li><strong>Perspective<\/strong>\n<ul>\n<li>Organiza\u021bi e-mailurile, calendarele \u0219i contactele \u00eentr-un singur loc<\/li>\n<li>Caracteristici avansate de filtrare a spam-ului \u0219i de securitate<\/li>\n<li>Gestionarea integrat\u0103 a sarcinilor \u0219i partajarea calendarului<\/li>\n<\/ul>\n<\/li>\n<li><strong>Echipe<\/strong>\n<ul>\n<li>Chat \u00een timp real, comunicare vocal\u0103 \u0219i video<\/li>\n<li>Partajare integrat\u0103 a fi\u0219ierelor \u0219i spa\u021biu de lucru colaborativ<\/li>\n<li>Cele mai bune caracteristici de securitate pentru \u00eent\u00e2lnirile online<\/li>\n<\/ul>\n<\/li>\n<li><strong>OneNote<\/strong>\n<ul>\n<li>Notebook digital pentru organizarea \u0219i schimbul de idei<\/li>\n<li>Capacit\u0103\u021bi puternice de c\u0103utare \u0219i etichetare<\/li>\n<li>Se sincronizeaz\u0103 pe toate dispozitivele pentru acces oriunde<\/li>\n<\/ul>\n<\/li>\n<li><strong>Copilot<\/strong>\n<ul>\n<li>Asistent cu AI pentru eficientizarea sarcinilor<\/li>\n<li>Automatizeaz\u0103 ac\u021biunile repetitive \u0219i \u00eembun\u0103t\u0103\u021be\u0219te fluxul de lucru<\/li>\n<li>Integrat \u00een Word, Excel, PowerPoint \u0219i Outlook<\/li>\n<\/ul>\n<\/li>\n<li><strong>OneDrive (100 GB de spa\u021biu liber)<\/strong>\n<ul>\n<li>Stocare \u00een cloud pentru toate fi\u0219ierele \u0219i documentele dvs.<\/li>\n<li>Accesa\u021bi fi\u0219iere de oriunde ave\u021bi conectivitate la internet<\/li>\n<li>Backup automat \u0219i partajare securizat\u0103 a fi\u0219ierelor<\/li>\n<\/ul>\n<\/li>\n<\/ul>\n<p>&nbsp;<\/p>\n<h3>Avantajele Office 365 fa\u021b\u0103 de alte solu\u021bii<\/h3>\n<p>\u00cen compara\u021bie cu alte suite software similare sau mai vechi, <strong>Office 365 <\/strong>se remarc\u0103 prin caracteristicile \u0219i capacit\u0103\u021bile sale unice. Spre deosebire de versiunile tradi\u021bionale ale <strong>Microsoft Office<\/strong>, care necesit\u0103 licen\u021be separate pentru fiecare utilizator sau dispozitiv, Office 365 ofer\u0103 o licen\u021b\u0103 digital\u0103 perpetu\u0103 pentru un cost redus.<\/p>\n<p>\u00cen plus, includerea <strong>OneDrive <\/strong>cu 1 TB de stocare \u00een cloud asigur\u0103 faptul c\u0103 toate fi\u0219ierele dvs. sunt stocate \u00een siguran\u021b\u0103 \u0219i u\u0219or accesibile. Acest lucru este deosebit de benefic pentru utilizatorii care necesit\u0103 flexibilitatea de a lucra pe mai multe dispozitive.<\/p>\n<p>Un alt avantaj este integrarea <strong>Copilot<\/strong>, un asistent cu inteligen\u021b\u0103 artificial\u0103 care spore\u0219te productivitatea prin automatizarea sarcinilor repetitive, o func\u021bie care nu este disponibil\u0103 \u00een versiunile mai vechi ale <strong>Microsoft Office<\/strong>. Acest plus de confort \u0219i eficien\u021b\u0103 fac din <strong>Office 365 <\/strong>o alegere orientat\u0103 spre viitor.<\/p>\n<p>&nbsp;<\/p>\n<h3>Cerin\u021be de sistem pentru Office 365<\/h3>\n<p>Pentru a asigura o performan\u021b\u0103 optim\u0103, este important s\u0103 verifica\u021bi cerin\u021bele de sistem pentru <strong>Office 365 <\/strong>pe platforma dvs. Mai jos sunt prezentate cerin\u021bele minime \u0219i recomandate at\u00e2t pentru <strong>Windows<\/strong>, c\u00e2t \u0219i <strong>pentru macOS<\/strong>:<\/p>\n<p><strong>\u00a0<\/strong><\/p>\n<p><strong>Cerin\u021be de sistem Windows<\/strong><\/p>\n<table width=\"604\">\n<thead>\n<tr>\n<td width=\"137\"><strong>\u00a0<\/strong><\/td>\n<td width=\"203\"><strong>Minimum<\/strong><\/td>\n<td width=\"264\"><strong>Recomandate<\/strong><\/td>\n<\/tr>\n<\/thead>\n<tbody>\n<tr>\n<td width=\"137\"><strong><em>Sistem de operare<\/em><\/strong><\/td>\n<td width=\"203\">Windows 10 sau ulterior<\/td>\n<td width=\"264\">Windows 11<\/td>\n<\/tr>\n<tr>\n<td width=\"137\"><strong><em>Procesor<\/em><\/strong><\/td>\n<td width=\"203\">1,6 GHz, procesor cu 2 nuclee<\/td>\n<td width=\"264\">Procesor cu 4 nuclee de 2,0 GHz sau mai rapid<\/td>\n<\/tr>\n<tr>\n<td width=\"137\"><strong><em>RAM<\/em><\/strong><\/td>\n<td width=\"203\">4 GB<\/td>\n<td width=\"264\">8 GB sau mai mult<\/td>\n<\/tr>\n<tr>\n<td width=\"137\"><strong><em>Depozitare<\/em><\/strong><\/td>\n<td width=\"203\">4 GB de spa\u021biu disponibil pe disc<\/td>\n<td width=\"264\">10 GB sau mai mult<\/td>\n<\/tr>\n<tr>\n<td width=\"137\"><strong><em>Afi\u0219aj<\/em><\/strong><\/td>\n<td width=\"203\">Rezolu\u021bie 1280 x 768<\/td>\n<td width=\"264\">Rezolu\u021bie 1920 x 1080<\/td>\n<\/tr>\n<tr>\n<td width=\"137\"><strong><em>Grafic\u0103<\/em><\/strong><\/td>\n<td width=\"203\">DirectX 9 sau ulterior<\/td>\n<td width=\"264\">Plac\u0103 grafic\u0103 compatibil\u0103 DirectX 12<\/td>\n<\/tr>\n<\/tbody>\n<\/table>\n<p><strong>\u00a0<\/strong><\/p>\n<p><strong>Cerin\u021be de sistem macOS<\/strong><\/p>\n<table width=\"604\">\n<thead>\n<tr>\n<td width=\"159\"><strong>\u00a0<\/strong><\/td>\n<td width=\"246\"><strong>Minimum<\/strong><\/td>\n<td width=\"199\"><strong>Recomandate<\/strong><\/td>\n<\/tr>\n<\/thead>\n<tbody>\n<tr>\n<td width=\"159\"><strong><em>Sistem de operare<\/em><\/strong><\/td>\n<td width=\"246\">macOS 10.14 sau ulterior<\/td>\n<td width=\"199\">macOS 11.0 sau ulterior<\/td>\n<\/tr>\n<tr>\n<td width=\"159\"><strong><em>Procesor<\/em><\/strong><\/td>\n<td width=\"246\">Procesor Intel<\/td>\n<td width=\"199\">Apple M1 sau ulterior<\/td>\n<\/tr>\n<tr>\n<td width=\"159\"><strong><em>RAM<\/em><\/strong><\/td>\n<td width=\"246\">4 GB<\/td>\n<td width=\"199\">8 GB sau mai mult<\/td>\n<\/tr>\n<tr>\n<td width=\"159\"><strong><em>Depozitare<\/em><\/strong><\/td>\n<td width=\"246\">10 GB de spa\u021biu disponibil pe disc<\/td>\n<td width=\"199\">20 GB sau mai mult<\/td>\n<\/tr>\n<tr>\n<td width=\"159\"><strong><em>Afi\u0219aj<\/em><\/strong><\/td>\n<td width=\"246\">Rezolu\u021bie 1280 x 800<\/td>\n<td width=\"199\">Rezolu\u021bie 1920 x 1080<\/td>\n<\/tr>\n<\/tbody>\n<\/table>\n<p>&nbsp;<\/p>\n<h3>De ce s\u0103 alege\u021bi Office 365?<\/h3>\n<p>Prin achizi\u021bionarea <strong>Office 365<\/strong>, debloca\u021bi accesul la o suit\u0103 cuprinz\u0103toare de instrumente de productivitate concepute pentru a v\u0103 simplifica munca \u0219i a v\u0103 \u00eembun\u0103t\u0103\u021bi eficien\u021ba. Licen\u021ba digital\u0103 perpetu\u0103 asigur\u0103 lipsa taxelor de abonament recurente, iar posibilitatea de instalare pe mai multe dispozitive v\u0103 ofer\u0103 flexibilitatea de a lucra de oriunde. Cu instrumente puternice precum <strong>Word<\/strong>, <strong>Excel<\/strong>, <strong>PowerPoint <\/strong>\u0219i <strong>Teams<\/strong>, al\u0103turi de stocare securizat\u0103 \u00een cloud \u0219i automatizare bazat\u0103 pe inteligen\u021b\u0103 artificial\u0103, Office 365 este o solu\u021bie imbatabil\u0103 pentru locul de munc\u0103 digital de ast\u0103zi.<\/p>\n<p>Dac\u0103 sunte\u021bi \u00een c\u0103utarea unei solu\u021bii mai specifice pentru Windows sau macOS, consulta\u021bi <a href=\"\/ro\/products\/microsoft-office-2024-professional-plus\/\">Office 2024 Professional Plus <\/a>pentru Windows \u0219i <a href=\"https:\/\/softlite.eu\/product\/microsoft-office-365-lifetime-license\/\">Office 2021 Home &amp; Business <\/a>pentru macOS.<\/p>\n<p>Pentru informa\u021bii mai detaliate despre Office 365, vizita\u021bi <a href=\"https:\/\/learn.microsoft.com\/en-us\/microsoft-365\/?view=o365-worldwide\">site-ul oficial Microsoft Office<\/a>.<\/p>\n<p>&nbsp;<\/p>\n<h3>INFORMA\u021aII IMPORTANTE<\/h3>\n<p><em>Acest produs este o <strong>cheie de licen\u021b\u0103 <\/strong>pentru a v\u0103 activa software-ul. Cheia de licen\u021b\u0103 va fi trimis\u0103 prin e-mail <strong>\u00een termen de 24 de ore<\/strong>. Nu v\u0103 va fi trimis niciun produs fizic.<\/em><\/p>","protected":false},"excerpt":{"rendered":"<p><strong>CADOU WINDOWS 11 PRO!<\/strong><\/p>\n<ul>\n<li data-start=\"123\" data-end=\"204\">\n<p data-start=\"125\" data-end=\"204\">\ud83e\uddfe <strong data-start=\"128\" data-end=\"157\">Licen\u021b\u0103 digital\u0103 pe via\u021b\u0103<\/strong> \u2013 activare prin cont Microsoft preconfigurat<\/p>\n<\/li>\n<li data-start=\"205\" data-end=\"276\">\n<p data-start=\"207\" data-end=\"276\">\ud83d\udce7 <strong data-start=\"210\" data-end=\"248\">Livrare prin e-mail \u00een 1-24 de ore<\/strong>, cu acces imediat la cont<\/p>\n<\/li>\n<li data-start=\"277\" data-end=\"362\">\n<p data-start=\"279\" data-end=\"362\">\ud83d\udcbb <strong data-start=\"282\" data-end=\"330\">Utilizabil pe p\u00e2n\u0103 la 5 dispozitive simultan<\/strong>: PC, Mac, tablet\u0103 sau telefon<\/p>\n<\/li>\n<li data-start=\"363\" data-end=\"445\">\n<p data-start=\"365\" data-end=\"445\">\ud83d\udce6 Include Word, Excel, PowerPoint, Outlook, OneNote, OneDrive \u0219i multe altele<\/p>\n<\/li>\n<li data-start=\"446\" data-end=\"518\">\n<p data-start=\"448\" data-end=\"518\">\u2601\ufe0f <strong data-start=\"451\" data-end=\"479\">100 GB stocare \u00een OneDrive<\/strong> inclus\u0103 \u2013 acces la fi\u0219iere din cloud<\/p>\n<\/li>\n<li data-start=\"519\" data-end=\"602\">\n<p data-start=\"521\" data-end=\"602\">\ud83d\udd12 <strong data-start=\"524\" data-end=\"558\">Cont Microsoft existent (used)<\/strong> \u2013 adresa de e-mail nu poate fi modificat\u0103<\/p>\n<\/li>\n<li data-start=\"603\" data-end=\"660\">\n<p data-start=\"605\" data-end=\"660\">\ud83d\udda5\ufe0f Compatibil cu <strong data-start=\"623\" data-end=\"658\">Windows 10, Windows 11 \u0219i macOS<\/strong><\/p>\n<\/li>\n<li data-start=\"661\" data-end=\"754\">\n<p data-start=\"663\" data-end=\"754\">\u2705 Ideal pentru uz personal, educa\u021bional sau profesional \u2013 f\u0103r\u0103 abonamente, f\u0103r\u0103 re\u00eennoiri<\/p>\n<\/li>\n<\/ul>","protected":false},"featured_media":1368,"comment_status":"closed","ping_status":"closed","template":"","meta":[],"product_brand":[],"product_cat":[32],"product_tag":[],"class_list":{"0":"post-1345","1":"product","2":"type-product","3":"status-publish","4":"has-post-thumbnail","6":"product_cat-office","8":"first","9":"instock","10":"sale","11":"featured","12":"virtual","13":"purchasable","14":"product-type-simple"},"_links":{"self":[{"href":"https:\/\/softlite.ro\/ro\/wp-json\/wp\/v2\/product\/1345","targetHints":{"allow":["GET"]}}],"collection":[{"href":"https:\/\/softlite.ro\/ro\/wp-json\/wp\/v2\/product"}],"about":[{"href":"https:\/\/softlite.ro\/ro\/wp-json\/wp\/v2\/types\/product"}],"replies":[{"embeddable":true,"href":"https:\/\/softlite.ro\/ro\/wp-json\/wp\/v2\/comments?post=1345"}],"wp:featuredmedia":[{"embeddable":true,"href":"https:\/\/softlite.ro\/ro\/wp-json\/wp\/v2\/media\/1368"}],"wp:attachment":[{"href":"https:\/\/softlite.ro\/ro\/wp-json\/wp\/v2\/media?parent=1345"}],"wp:term":[{"taxonomy":"product_brand","embeddable":true,"href":"https:\/\/softlite.ro\/ro\/wp-json\/wp\/v2\/product_brand?post=1345"},{"taxonomy":"product_cat","embeddable":true,"href":"https:\/\/softlite.ro\/ro\/wp-json\/wp\/v2\/product_cat?post=1345"},{"taxonomy":"product_tag","embeddable":true,"href":"https:\/\/softlite.ro\/ro\/wp-json\/wp\/v2\/product_tag?post=1345"}],"curies":[{"name":"wp","href":"https:\/\/api.w.org\/{rel}","templated":true}]}}