{"id":1346,"date":"2025-11-22T17:43:50","date_gmt":"2025-11-22T17:43:50","guid":{"rendered":"https:\/\/softlite.ro\/?post_type=product&#038;p=1346"},"modified":"2025-11-22T18:16:21","modified_gmt":"2025-11-22T18:16:21","slug":"autodesk-autocad","status":"publish","type":"product","link":"https:\/\/softlite.ro\/ro\/produs\/autodesk-autocad\/","title":{"rendered":"Autodesk AutoCAD"},"content":{"rendered":"<h3>Design de precizie la cel mai bun nivel<\/h3>\n<p><strong>Autodesk AutoCAD <\/strong>este cel mai important software CAD \u00een care au \u00eencredere profesioni\u0219tii din arhitectur\u0103, inginerie \u0219i design. Cunoscut pentru caracteristicile sale robuste \u0219i interfa\u021ba intuitiv\u0103, acesta simplific\u0103 desenarea \u0219i modelarea cu o precizie \u0219i o eficien\u021b\u0103 de neegalat. Livrat\u0103 <strong>sub <\/strong>form\u0103 de <strong>licen\u021b\u0103 digital\u0103<\/strong>, aceast\u0103 versiune permite colaborarea f\u0103r\u0103 \u00eentreruperi \u0219i flexibilitatea \u00eentre platforme, permi\u021b\u00e2ndu-v\u0103 s\u0103 da\u021bi via\u021b\u0103 viziunilor dvs. creative de oriunde.<\/p>\n<p>&nbsp;<\/p>\n<h3>Principalele caracteristici ale AutoCAD<\/h3>\n<p><strong>Autodesk AutoCAD <\/strong>introduce mai multe \u00eembun\u0103t\u0103\u021biri care sporesc productivitatea \u0219i calitatea proiect\u0103rii:<\/p>\n<ul>\n<li><strong>Plasarea inteligent\u0103 a blocurilor<\/strong><br \/>\nPlasa\u021bi blocurile eficient cu plasarea inteligent\u0103 care prezice unde ar trebui s\u0103 mearg\u0103 urm\u0103torul bloc.<\/li>\n<li><strong>Func\u021bie de num\u0103rare \u00eembun\u0103t\u0103\u021bit\u0103<\/strong><br \/>\nNum\u0103ra\u021bi automat blocurile sau obiectele dintr-un desen, reduc\u00e2nd erorile \u0219i \u00eembun\u0103t\u0103\u021bind eficien\u021ba.<\/li>\n<li><strong>Ferestre plutitoare<\/strong><br \/>\nLucra\u021bi simultan la mai multe desene cu ajutorul filelor drag-and-drop \u0219i al ferestrelor de desen separate.<\/li>\n<li><strong>Urme \u00een AutoCAD Web \u0219i mobil<\/strong><br \/>\nColabora\u021bi mai eficient prin ad\u0103ugarea de feedback \u00eentr-un mod nedistructiv pe toate platformele.<\/li>\n<li><strong>AutoLISP \u00een AutoCAD Web<\/strong><br \/>\nExtinde\u021bi func\u021bionalitatea \u00een versiunile web cu scripturi de automatizare limitate \u00een mod tradi\u021bional la desktop.<\/li>\n<li><strong>Modelare \u0219i vizualizare 3D<\/strong><br \/>\nCrea\u021bi modele \u0219i rand\u0103ri 3D realiste cu ajutorul instrumentelor puternice de vizualizare \u00eencorporate \u00een software.<\/li>\n<li><strong>\u00cembun\u0103t\u0103\u021biri ale compar\u0103rii DWG<\/strong><br \/>\nIdentifica\u021bi cu u\u0219urin\u021b\u0103 modific\u0103rile dintre versiunile desenelor cu ajutorul instrumentelor de comparare \u00eembun\u0103t\u0103\u021bite.<\/li>\n<\/ul>\n<p>&nbsp;<\/p>\n<h3>Software Autodesk integrat pentru un flux de lucru complet<\/h3>\n<p>Acesta func\u021bioneaz\u0103 perfect cu alte <strong>software-uri Autodesk <\/strong>pentru a oferi un flux de lucru complet integrat de la proiectare la construc\u021bie. Iat\u0103 c\u00e2teva instrumente integrate pe vertical\u0103 pe care le pute\u021bi verifica \u0219i \u00een magazinul nostru online:<\/p>\n<ul>\n<li><a href=\"\/ro\/products\/autodesk-civil-3d-1-year-digital-subscription\/\"><strong>Autodesk Civil 3D<\/strong><\/a><br \/>\nConceput pentru inginerie civil\u0103, se integreaz\u0103 cu AutoCAD pentru proiectarea amplasamentelor, nivelarea \u0219i coridoarele.<\/li>\n<li><a href=\"\/ro\/products\/autodesk-revit--1-year-digital-subscription\/\"><strong>Autodesk Revit<\/strong><\/a><br \/>\nIdeal pentru fluxurile de lucru BIM, Revit \u00eembun\u0103t\u0103\u021be\u0219te modelarea structural\u0103 \u0219i proiectarea arhitectural\u0103 atunci c\u00e2nd este asociat cu AutoCAD.<\/li>\n<li><a href=\"\/ro\/products\/autodesk-3ds-max-1-year-digital-subscription\/\"><strong>Autodesk 3ds Max<\/strong><\/a><br \/>\nUtilizat pentru randare \u0219i vizualizare, suport\u0103 prezent\u0103ri arhitecturale bazate pe modele AutoCAD.<\/li>\n<\/ul>\n<p>&nbsp;<\/p>\n<h3>De ce s\u0103 alege\u021bi AutoCAD \u00een locul altor solu\u021bii?<\/h3>\n<p>Comparativ cu versiunile anterioare, <strong>Autodesk AutoCAD <\/strong>ofer\u0103 instrumente mai simplificate, automatizare \u00eembun\u0103t\u0103\u021bit\u0103 \u0219i o mai bun\u0103 integrare \u00een cloud. Spre deosebire de unele alternative mai noi, AutoCAD \u00ee\u0219i men\u021bine reputa\u021bia pentru precizie \u0219i compatibilitate extins\u0103 a fi\u0219ierelor.<\/p>\n<ul>\n<li><strong>Comparativ cu alte software-uri CAD<\/strong><br \/>\nMulte instrumente CAD nu au ecosistemul \u0219i suportul pentru mai multe platforme pe care le ofer\u0103 acest software prin aplica\u021biile sale web, desktop \u0219i mobile.<\/li>\n<li><strong>Confortul licen\u021bei digitale<\/strong><br \/>\nSpune\u021bi adio instala\u021biilor fizice. Cu o <strong>licen\u021b\u0103 digital\u0103<\/strong>, o pute\u021bi instala \u0219i activa \u00een decurs de o zi, asigur\u00e2nd un timp minim de inactivitate.<\/li>\n<\/ul>\n<p>&nbsp;<\/p>\n<h3>Cerin\u021be de sistem<\/h3>\n<p><strong>Pentru Windows<\/strong><\/p>\n<table width=\"100%\">\n<thead>\n<tr>\n<td width=\"20%\"><\/td>\n<td width=\"36%\"><strong>Cerin\u021be minime<\/strong><\/td>\n<td width=\"41%\"><strong>Cerin\u021be recomandate<\/strong><\/td>\n<\/tr>\n<\/thead>\n<tbody>\n<tr>\n<td width=\"20%\"><strong><em>Sistem de operare<\/em><\/strong><\/td>\n<td width=\"36%\">Windows 10\/11 (numai pe 64 de bi\u021bi)<\/td>\n<td width=\"41%\">Windows 11 (pe 64 de bi\u021bi)<\/td>\n<\/tr>\n<tr>\n<td width=\"20%\"><strong><em>Procesor<\/em><\/strong><\/td>\n<td width=\"36%\">Procesor de 2,5-2,9 GHz<\/td>\n<td width=\"41%\">Procesor de peste 3 GHz (multi-core)<\/td>\n<\/tr>\n<tr>\n<td width=\"20%\"><strong><em>Memorie (RAM)<\/em><\/strong><\/td>\n<td width=\"36%\">8 GB<\/td>\n<td width=\"41%\">16 GB sau mai mult<\/td>\n<\/tr>\n<tr>\n<td width=\"20%\"><strong><em>Rezolu\u021bia ecranului<\/em><\/strong><\/td>\n<td width=\"36%\">1920 x 1080<\/td>\n<td width=\"41%\">3840 x 2160 (4K)<\/td>\n<\/tr>\n<tr>\n<td width=\"20%\"><strong><em>Spa\u021biu pe disc<\/em><\/strong><\/td>\n<td width=\"36%\">10 GB gratuit<\/td>\n<td width=\"41%\">SSD cu cel pu\u021bin 10 GB liberi<\/td>\n<\/tr>\n<tr>\n<td width=\"20%\"><strong><em>GPU<\/em><\/strong><\/td>\n<td width=\"36%\">1 GB GPU cu l\u0103\u021bime de band\u0103 de 29 GB\/s<\/td>\n<td width=\"41%\">GPU de 4 GB cu 106 GB\/s \u0219i DirectX 12<\/td>\n<\/tr>\n<\/tbody>\n<\/table>\n<p><strong>\u00a0<\/strong><\/p>\n<p><strong>Pentru macOS<\/strong><\/p>\n<table width=\"100%\">\n<thead>\n<tr>\n<td width=\"18%\"><\/td>\n<td width=\"44%\"><strong>Cerin\u021be minime<\/strong><\/td>\n<td width=\"35%\"><strong>Cerin\u021be recomandate<\/strong><\/td>\n<\/tr>\n<\/thead>\n<tbody>\n<tr>\n<td width=\"18%\"><strong><em>Sistem de operare<\/em><\/strong><\/td>\n<td width=\"44%\">macOS Monterey 12 sau ulterior<\/td>\n<td width=\"35%\">Cea mai recent\u0103 versiune de macOS Sonoma<\/td>\n<\/tr>\n<tr>\n<td width=\"18%\"><strong><em>Procesor<\/em><\/strong><\/td>\n<td width=\"44%\">Apple M1 \/ Intel i5 sau superior<\/td>\n<td width=\"35%\">Apple M2 Pro sau echivalent<\/td>\n<\/tr>\n<tr>\n<td width=\"18%\"><strong><em>Memorie (RAM)<\/em><\/strong><\/td>\n<td width=\"44%\">8 GB<\/td>\n<td width=\"35%\">16 GB<\/td>\n<\/tr>\n<tr>\n<td width=\"18%\"><strong><em>Spa\u021biu pe disc<\/em><\/strong><\/td>\n<td width=\"44%\">4 GB gratuit<\/td>\n<td width=\"35%\">SSD cu cel pu\u021bin 10 GB liberi<\/td>\n<\/tr>\n<tr>\n<td width=\"18%\"><strong><em>GPU<\/em><\/strong><\/td>\n<td width=\"44%\">GPU Apple integrat \/ GPU compatibil cu metal<\/td>\n<td width=\"35%\">GPU dedicat cu suport Metal<\/td>\n<\/tr>\n<\/tbody>\n<\/table>\n<p><strong>\u00a0<\/strong><\/p>\n<p><strong>Pentru Android (aplica\u021bie mobil\u0103)<\/strong><\/p>\n<table width=\"100%\">\n<thead>\n<tr>\n<td width=\"17%\"><\/td>\n<td width=\"41%\"><strong>Cerin\u021be minime<\/strong><\/td>\n<td width=\"39%\"><strong>Cerin\u021be recomandate<\/strong><\/td>\n<\/tr>\n<\/thead>\n<tbody>\n<tr>\n<td width=\"17%\"><strong><em>Versiunea sistemului de operare<\/em><\/strong><\/td>\n<td width=\"41%\">Android 10 sau superior<\/td>\n<td width=\"39%\">Android 12 sau superior<\/td>\n<\/tr>\n<tr>\n<td width=\"17%\"><strong><em>Memorie (RAM)<\/em><\/strong><\/td>\n<td width=\"41%\">3 GB<\/td>\n<td width=\"39%\">4 GB sau mai mult<\/td>\n<\/tr>\n<tr>\n<td width=\"17%\"><strong><em>Depozitare<\/em><\/strong><\/td>\n<td width=\"41%\">500 MB spa\u021biu liber<\/td>\n<td width=\"39%\">1 GB spa\u021biu liber<\/td>\n<\/tr>\n<tr>\n<td width=\"17%\"><strong><em>CPU<\/em><\/strong><\/td>\n<td width=\"41%\">Procesor bazat pe ARM sau Snapdragon<\/td>\n<td width=\"39%\">Snapdragon high-end sau echivalent<\/td>\n<\/tr>\n<\/tbody>\n<\/table>\n<p>&nbsp;<\/p>\n<h3>De ce AutoCAD este alegerea inteligent\u0103<\/h3>\n<p>Acest software este mai mult dec\u00e2t un simplu software CAD &#8211; este o putere de productivitate construit\u0103 pentru profesioni\u0219tii moderni. Cu caracteristici de ultim\u0103 or\u0103, integr\u0103ri puternice cu instrumente precum <strong>Autodesk Civil 3D <\/strong>\u0219i confortul unei <strong>licen\u021be digitale<\/strong>, AutoCAD stabile\u0219te standardul pentru software-ul de proiectare. Indiferent dac\u0103 face\u021bi upgrade de la o versiune mai veche sau v\u0103 muta\u021bi de pe o alt\u0103 platform\u0103, investi\u021bia \u00een AutoCAD v\u0103 asigur\u0103 c\u0103 r\u0103m\u00e2ne\u021bi \u00een frunte \u00een ceea ce prive\u0219te precizia, viteza \u0219i versatilitatea.<\/p>\n<p>Abonamentul este livrat prin <strong>licen\u021b\u0103 digital\u0103<\/strong>, care accept\u0103 utilizarea pe mai multe platforme, inclusiv aplica\u021bii web \u0219i mobile, perfect pentru profesioni\u0219tii \u00een mi\u0219care.<\/p>\n<p>Dori\u021bi s\u0103 aprofunda\u021bi caracteristicile \u0219i particularit\u0103\u021bile? <a href=\"https:\/\/www.autodesk.com\/products\/autocad\/features\">Vizita\u021bi site-ul oficial Autodesk <\/a>pentru tutoriale, pove\u0219ti ale clien\u021bilor \u0219i defalc\u0103ri complete ale func\u021biilor.<\/p>\n<p>&nbsp;<\/p>\n<h3>INFORMA\u021aII IMPORTANTE<\/h3>\n<p><em>Acest produs este o <strong>cheie de licen\u021b\u0103 <\/strong>pentru a v\u0103 activa software-ul. Cheia de licen\u021b\u0103 va fi trimis\u0103 prin e-mail <strong>\u00een termen de 24 de ore<\/strong>. Nu v\u0103 va fi trimis niciun produs fizic.<\/em><\/p>","protected":false},"excerpt":{"rendered":"<ul>\n<li data-start=\"119\" data-end=\"210\">\n<p data-start=\"121\" data-end=\"210\">\ud83d\udcd0 <strong data-start=\"124\" data-end=\"158\">Licen\u021b\u0103 digital\u0103 valabil\u0103 1 an<\/strong> \u2013 activare oficial\u0103 Autodesk, f\u0103r\u0103 livrare fizic\u0103<\/p>\n<\/li>\n<li data-start=\"211\" data-end=\"263\">\n<p data-start=\"213\" data-end=\"263\">\ud83d\udce7 <strong data-start=\"216\" data-end=\"261\">Livrare rapid\u0103 prin e-mail \u00een 1-24 de ore<\/strong><\/p>\n<\/li>\n<li data-start=\"264\" data-end=\"348\">\n<p data-start=\"266\" data-end=\"348\">\ud83d\udcbb Software profesional pentru desen tehnic 2D \u0219i modelare 3D de \u00eenalt\u0103 precizie<\/p>\n<\/li>\n<li data-start=\"349\" data-end=\"436\">\n<p data-start=\"351\" data-end=\"436\">\ud83e\uddf0 Include seturi de instrumente specializate: arhitectur\u0103, mecanic\u0103, electric etc.<\/p>\n<\/li>\n<li data-start=\"437\" data-end=\"506\">\n<p data-start=\"439\" data-end=\"506\">\ud83d\udd04 Compatibilitate complet\u0103 cu fi\u0219iere DWG \u0219i colaborare \u00een cloud<\/p>\n<\/li>\n<li data-start=\"507\" data-end=\"579\">\n<p data-start=\"509\" data-end=\"579\">\ud83e\udd16 Func\u021bii inteligente cu suport AI \u0219i fluxuri de lucru automatizate<\/p>\n<\/li>\n<li data-start=\"580\" data-end=\"637\">\n<p data-start=\"582\" data-end=\"637\">\ud83d\udda5\ufe0f Compatibil cu <strong data-start=\"600\" data-end=\"635\">Windows 10, Windows 11 \u0219i macOS<\/strong><\/p>\n<\/li>\n<li data-start=\"638\" data-end=\"734\">\n<p data-start=\"640\" data-end=\"734\">\ud83d\udc77\u200d\u2642\ufe0f Ideal pentru arhitec\u021bi, ingineri, proiectan\u021bi \u0219i profesioni\u0219ti CAD din toate domeniile<\/p>\n<\/li>\n<\/ul>","protected":false},"featured_media":1369,"comment_status":"closed","ping_status":"closed","template":"","meta":[],"product_brand":[],"product_cat":[33],"product_tag":[],"class_list":{"0":"post-1346","1":"product","2":"type-product","3":"status-publish","4":"has-post-thumbnail","6":"product_cat-design-engineering","8":"first","9":"instock","10":"sale","11":"featured","12":"shipping-taxable","13":"purchasable","14":"product-type-simple"},"_links":{"self":[{"href":"https:\/\/softlite.ro\/ro\/wp-json\/wp\/v2\/product\/1346","targetHints":{"allow":["GET"]}}],"collection":[{"href":"https:\/\/softlite.ro\/ro\/wp-json\/wp\/v2\/product"}],"about":[{"href":"https:\/\/softlite.ro\/ro\/wp-json\/wp\/v2\/types\/product"}],"replies":[{"embeddable":true,"href":"https:\/\/softlite.ro\/ro\/wp-json\/wp\/v2\/comments?post=1346"}],"wp:featuredmedia":[{"embeddable":true,"href":"https:\/\/softlite.ro\/ro\/wp-json\/wp\/v2\/media\/1369"}],"wp:attachment":[{"href":"https:\/\/softlite.ro\/ro\/wp-json\/wp\/v2\/media?parent=1346"}],"wp:term":[{"taxonomy":"product_brand","embeddable":true,"href":"https:\/\/softlite.ro\/ro\/wp-json\/wp\/v2\/product_brand?post=1346"},{"taxonomy":"product_cat","embeddable":true,"href":"https:\/\/softlite.ro\/ro\/wp-json\/wp\/v2\/product_cat?post=1346"},{"taxonomy":"product_tag","embeddable":true,"href":"https:\/\/softlite.ro\/ro\/wp-json\/wp\/v2\/product_tag?post=1346"}],"curies":[{"name":"wp","href":"https:\/\/api.w.org\/{rel}","templated":true}]}}