{"id":1347,"date":"2025-11-22T17:43:50","date_gmt":"2025-11-22T17:43:50","guid":{"rendered":"https:\/\/softlite.ro\/?post_type=product&#038;p=1347"},"modified":"2025-11-22T18:16:13","modified_gmt":"2025-11-22T18:16:13","slug":"autodesk-maya","status":"publish","type":"product","link":"https:\/\/softlite.ro\/ro\/produs\/autodesk-maya\/","title":{"rendered":"Autodesk Maya"},"content":{"rendered":"<h3>Software avansat de anima\u021bie \u0219i modelare 3D<\/h3>\n<p><strong>Autodesk Maya <\/strong>este un software de top \u00een lumea anima\u021biei, model\u0103rii, simul\u0103rii \u0219i rand\u0103rii 3D. Utilizat pe scar\u0103 larg\u0103 \u00een cinematografie, televiziune, dezvoltarea de jocuri \u0219i publicitate comercial\u0103, Autodesk Maya ofer\u0103 creatorilor instrumente de ultim\u0103 or\u0103 pentru a da via\u021b\u0103 imagina\u021biei. Fie c\u0103 sunte\u021bi un animator aspirant sau un profesionist din industrie, aceast\u0103 platform\u0103 puternic\u0103 ofer\u0103 performan\u021ba, flexibilitatea \u0219i profunzimea necesare pentru a produce eficient con\u021binut digital de \u00eenalt\u0103 calitate. Cu o <strong>licen\u021b\u0103 digital\u0103<\/strong>, utilizatorii pot implementa rapid software-ul \u0219i pot \u00eencepe s\u0103 creeze anima\u021bii \u0219i efecte complexe, realiste, de oriunde.<\/p>\n<p>&nbsp;<\/p>\n<h3>Caracteristici puternice ale Autodesk Maya<\/h3>\n<ul>\n<li><strong>Instrumente de anima\u021bie \u0219i rigging: <\/strong>Autodesk Maya se remarc\u0103 prin instrumentele sale sofisticate de anima\u021bie:<\/li>\n<\/ul>\n<ul>\n<li style=\"list-style-type: none;\">\n<ul>\n<li><strong>Editor de timp \u0219i editor grafic<\/strong>: Pentru gestionarea cu precizie a anima\u021biilor complexe.<\/li>\n<li><strong>Legarea voxelurilor geodezice<\/strong>: Simplific\u0103 procesul de skinning.<\/li>\n<li><strong>Anima\u021bie neliniar\u0103 (NLA)<\/strong>: Permite stratificarea clipurilor de mi\u0219care pentru rezultate dinamice.<\/li>\n<li><strong>Rigging avansat<\/strong>: Utiliza\u021bi HumanIK \u0219i Bifrost pentru manipul\u0103ri \u0219i simul\u0103ri personalizate.<\/li>\n<\/ul>\n<\/li>\n<\/ul>\n<ul>\n<li><strong>Capacit\u0103\u021bi de modelare: <\/strong>Arti\u0219tii pot construi modele 3D uimitoare cu:<\/li>\n<\/ul>\n<ul>\n<li style=\"list-style-type: none;\">\n<ul>\n<li><strong>Modelare poligonal\u0103 \u0219i NURBS<\/strong>: Instrumente versatile pentru crearea personajelor \u0219i a mediului.<\/li>\n<li><strong>Set de instrumente de sculptur\u0103<\/strong>: Pentru rafinarea formelor cu control la nivel \u00eenalt.<\/li>\n<li><strong>Editor UV<\/strong>: Caracteristici \u00eembun\u0103t\u0103\u021bite pentru o mai bun\u0103 cartografiere a texturii.<\/li>\n<\/ul>\n<\/li>\n<\/ul>\n<ul>\n<li><strong>Rendering \u0219i efecte: <\/strong>Crea\u021bi imagini fotorealiste cu:<\/li>\n<\/ul>\n<ul>\n<li style=\"list-style-type: none;\">\n<ul>\n<li><strong>Integrare Arnold Renderer<\/strong>: Permite previzualiz\u0103ri \u00een timp real \u0219i rand\u0103ri finale de \u00eenalt\u0103 calitate.<\/li>\n<li><strong>Bifrost pentru efecte procedurale<\/strong>: Simula\u021bi medii complexe precum fumul, focul \u0219i fluidele.<\/li>\n<li><strong>Instrumente Motion Graphics<\/strong>: Genera\u021bi imagini dinamice cu setul de instrumente MASH.<\/li>\n<\/ul>\n<\/li>\n<\/ul>\n<ul>\n<li><strong>Integrare perfect\u0103: <\/strong>Autodesk Maya se integreaz\u0103 f\u0103r\u0103 efort cu alte software-uri standard din industrie:<\/li>\n<\/ul>\n<ul>\n<li style=\"list-style-type: none;\">\n<ul>\n<li>Compatibilitate de import\/export cu <a href=\"\/ro\/products\/autodesk-autocad-1-year-subscription\/\">Autodesk AutoCAD<\/a>, <a href=\"\/ro\/products\/autodesk-3ds-max-1-year-digital-subscription\/\">Autodesk 3ds Max <\/a>\u0219i instrumente precum <a href=\"\/ro\/produs\/adobe-photoshop-2021-digital-lecense-key\/\">Adobe Photoshop 2021<\/a>, pe care le pute\u021bi verifica \u00een magazinul nostru online f\u0103c\u00e2nd clic pe linkuri.<\/li>\n<li>Dezvoltarea de pluginuri open-source folosind Python \u0219i MEL scripting.<\/li>\n<li>Leg\u0103tur\u0103 direct\u0103 cu motoarele de randare externe \u0219i sistemele de gestionare a activelor.<\/li>\n<\/ul>\n<\/li>\n<\/ul>\n<p>&nbsp;<\/p>\n<h3>Avantaje fa\u021b\u0103 de solu\u021bii similare<\/h3>\n<p>Atunci c\u00e2nd este comparat cu solu\u021bii 3D mai vechi sau alternative, <strong>Autodesk Maya <\/strong>str\u0103luce\u0219te \u00een mai multe domenii:<\/p>\n<ul>\n<li><strong>Versatilitate<\/strong>: Maya acoper\u0103 \u00eentregul pipeline &#8211; de la modelare \u0219i rigging la anima\u021bie \u0219i randare.<\/li>\n<li><strong>Scalabilitate<\/strong>: Potrivit at\u00e2t pentru liber-profesioni\u0219ti individuali, c\u00e2t \u0219i pentru produc\u021bii de studio pe scar\u0103 larg\u0103.<\/li>\n<li><strong>Eficien\u021b\u0103<\/strong>: Cu previzualiz\u0103ri accelerate de GPU \u0219i randare pe loturi, aceasta accelereaz\u0103 fluxurile de lucru \u00een mod dramatic.<\/li>\n<li><strong>Standard industrial<\/strong>: Maya este utilizat pe scar\u0103 larg\u0103 \u00een studiourile de top, oferind o compatibilitate de neegalat cu instrumente de top precum <strong>Autodesk 3ds Max<\/strong>.<\/li>\n<\/ul>\n<p>Spre deosebire de solu\u021biile mai noi, c\u0103rora le poate lipsi suportul solid al comunit\u0103\u021bii sau seturile de func\u021bii avansate, Autodesk Maya beneficiaz\u0103 de zeci de ani de dezvoltare \u0219i perfec\u021bionare. Maya este optimizat\u0103 special pentru anima\u021bie \u0219i crearea de con\u021binut cinematografic, ceea ce le face o pereche ideal\u0103 pentru studiouri \u0219i profesioni\u0219ti.<\/p>\n<p>&nbsp;<\/p>\n<h3>Cerin\u021be de sistem<\/h3>\n<p>Mai jos sunt cerin\u021bele de sistem <strong>minime <\/strong>\u0219i <strong>recomandate <\/strong>pentru Autodesk Maya, asigur\u00e2nd performan\u021be optime pe platformele Windows \u0219i macOS.<\/p>\n<p><strong>Pentru Windows<\/strong><\/p>\n<table width=\"100%\">\n<thead>\n<tr>\n<td width=\"16%\"><\/td>\n<td width=\"41%\"><strong>Minimum<\/strong><\/td>\n<td width=\"40%\"><strong>Recomandate<\/strong><\/td>\n<\/tr>\n<\/thead>\n<tbody>\n<tr>\n<td width=\"16%\"><strong><em>SO<\/em><\/strong><\/td>\n<td width=\"41%\">Windows 10 (64 de bi\u021bi), v1809+<\/td>\n<td width=\"40%\">Windows 11 (pe 64 de bi\u021bi)<\/td>\n<\/tr>\n<tr>\n<td width=\"16%\"><strong><em>CPU<\/em><\/strong><\/td>\n<td width=\"41%\">Multi-core Intel sau AMD, SSE4.2<\/td>\n<td width=\"40%\">Intel Core i7 sau AMD Ryzen 7+<\/td>\n<\/tr>\n<tr>\n<td width=\"16%\"><strong><em>RAM<\/em><\/strong><\/td>\n<td width=\"41%\">8 GB<\/td>\n<td width=\"40%\">16 GB sau mai mult<\/td>\n<\/tr>\n<tr>\n<td width=\"16%\"><strong><em>GPU<\/em><\/strong><\/td>\n<td width=\"41%\">GPU de 4 GB cu suport DirectX 11<\/td>\n<td width=\"40%\">8 GB GPU, NVIDIA RTX\/A-series<\/td>\n<\/tr>\n<tr>\n<td width=\"16%\"><strong><em>Spa\u021biu pe disc<\/em><\/strong><\/td>\n<td width=\"41%\">7 GB gratuit<\/td>\n<td width=\"40%\">SSD cu 10+ GB liberi<\/td>\n<\/tr>\n<tr>\n<td width=\"16%\"><strong><em>Afi\u0219aj<\/em><\/strong><\/td>\n<td width=\"41%\">1280&#215;800<\/td>\n<td width=\"40%\">1920&#215;1080 sau mai mare<\/td>\n<\/tr>\n<\/tbody>\n<\/table>\n<p><strong>\u00a0<\/strong><\/p>\n<p><strong>Pentru macOS<\/strong><\/p>\n<table width=\"100%\">\n<thead>\n<tr>\n<td width=\"17%\"><\/td>\n<td width=\"37%\"><strong>Minimum<\/strong><\/td>\n<td width=\"42%\"><strong>Recomandate<\/strong><\/td>\n<\/tr>\n<\/thead>\n<tbody>\n<tr>\n<td width=\"17%\"><em>SO<\/em><\/td>\n<td width=\"37%\">macOS 11.x sau ulterior<\/td>\n<td width=\"42%\">macOS 13.x Ventura sau ulterior<\/td>\n<\/tr>\n<tr>\n<td width=\"17%\"><em>CPU<\/em><\/td>\n<td width=\"37%\">Apple Silicon sau Intel x64<\/td>\n<td width=\"42%\">Apple M1 Pro\/Max sau Intel i7+<\/td>\n<\/tr>\n<tr>\n<td width=\"17%\"><em>RAM<\/em><\/td>\n<td width=\"37%\">8 GB<\/td>\n<td width=\"42%\">16 GB sau mai mult<\/td>\n<\/tr>\n<tr>\n<td width=\"17%\"><em>GPU<\/em><\/td>\n<td width=\"37%\">Metal Familia GPU Apple 2+<\/td>\n<td width=\"42%\">GPU discret cu suport metalic<\/td>\n<\/tr>\n<tr>\n<td width=\"17%\"><em>Spa\u021biu pe disc<\/em><\/td>\n<td width=\"37%\">7 GB gratuit<\/td>\n<td width=\"42%\">SSD cu 10+ GB liberi<\/td>\n<\/tr>\n<tr>\n<td width=\"17%\"><em>Afi\u0219aj<\/em><\/td>\n<td width=\"37%\">1280&#215;800<\/td>\n<td width=\"42%\">1920&#215;1080 sau mai mare<\/td>\n<\/tr>\n<\/tbody>\n<\/table>\n<p>&nbsp;<\/p>\n<p>O <strong>licen\u021b\u0103 digital\u0103 <\/strong>pentru Autodesk Maya asigur\u0103 o activare rapid\u0103, actualiz\u0103ri viitoare \u0219i acces la resursele online Autodesk, inclusiv stocarea \u00een cloud \u0219i instrumentele de colaborare.<\/p>\n<p>&nbsp;<\/p>\n<h3>De ce s\u0103 alege\u021bi Autodesk Maya?<\/h3>\n<p>Investi\u021bia \u00een <strong>Autodesk Maya <\/strong>cu o <strong>licen\u021b\u0103 digital\u0103 <\/strong>ofer\u0103 utilizatorilor acces la una dintre cele mai de \u00eencredere \u0219i complete suite de produc\u021bie 3D disponibile. Combina\u021bia de instrumente de anima\u021bie intuitive, modelare precis\u0103, randare puternic\u0103 \u0219i compatibilitate larg\u0103 cu alte software-uri, cum ar fi <strong>Autodesk AutoCAD <\/strong>\u0219i <strong>Autodesk 3ds Max<\/strong>, o face alegerea perfect\u0103 at\u00e2t pentru creatorii individuali, c\u00e2t \u0219i pentru echipele mari. Cu sprijinul puternic al comunit\u0103\u021bii, documenta\u021bia extins\u0103 \u0219i materialele de \u00eenv\u0103\u021bare disponibile pe site-ul web \u0219i pe forumurile Autodesk, ve\u021bi avea \u00eentotdeauna resursele necesare pentru a v\u0103 dezvolta abilit\u0103\u021bile \u0219i a realiza lucr\u0103ri remarcabile.<\/p>\n<p>Sunte\u021bi preg\u0103tit s\u0103 v\u0103 da\u021bi via\u021b\u0103 ideilor? Cu o <strong>licen\u021b\u0103 digital\u0103 <\/strong>de Autodesk Maya, nu ob\u021bine\u021bi doar software &#8211; debloca\u021bi un \u00eentreg ecosistem de poten\u021bial creativ. Afla\u021bi mai multe despre Autodesk Maya prin intermediul <a href=\"https:\/\/www.autodesk.com\/products\/maya\/features\">resurselor oficiale Maya<\/a>.<\/p>\n<p>&nbsp;<\/p>\n<h3>INFORMA\u021aII IMPORTANTE<\/h3>\n<p><em>Acest produs este o <strong>cheie de licen\u021b\u0103 <\/strong>pentru a v\u0103 activa software-ul. Cheia de licen\u021b\u0103 va fi trimis\u0103 prin e-mail <strong>\u00een termen de 24 de ore<\/strong>. Nu v\u0103 va fi trimis niciun produs fizic.<\/em><\/p>","protected":false},"excerpt":{"rendered":"<ul>\n<li data-start=\"97\" data-end=\"184\">\n<p data-start=\"99\" data-end=\"184\">\ud83c\udfac <strong data-start=\"102\" data-end=\"136\">Licen\u021b\u0103 digital\u0103 valabil\u0103 1 an<\/strong> \u2013 activare online, livrare exclusiv pe e-mail<\/p>\n<\/li>\n<li data-start=\"185\" data-end=\"242\">\n<p data-start=\"187\" data-end=\"242\">\ud83d\udce7 <strong data-start=\"190\" data-end=\"223\">Livrare rapid\u0103 \u00een 1-24 de ore<\/strong>, direct \u00een inbox<\/p>\n<\/li>\n<li data-start=\"243\" data-end=\"323\">\n<p data-start=\"245\" data-end=\"323\">\ud83e\uddd1\u200d\ud83c\udfa8 Software profesional pentru anima\u021bie 3D, modelare, simulare \u0219i randare<\/p>\n<\/li>\n<li data-start=\"324\" data-end=\"403\">\n<p data-start=\"326\" data-end=\"403\">\ud83c\udfa5 Ideal pentru industria filmului, jocurilor video \u0219i efecte vizuale (VFX)<\/p>\n<\/li>\n<li data-start=\"404\" data-end=\"484\">\n<p data-start=\"406\" data-end=\"484\">\u2699\ufe0f Unelte avansate pentru rigging, sculpting, shading \u0219i rendering cu Arnold<\/p>\n<\/li>\n<li data-start=\"485\" data-end=\"556\">\n<p data-start=\"487\" data-end=\"556\">\ud83d\udd04 Integrare u\u0219oar\u0103 cu alte aplica\u021bii Autodesk \u0219i pluginuri externe<\/p>\n<\/li>\n<li data-start=\"557\" data-end=\"606\">\n<p data-start=\"559\" data-end=\"606\">\ud83e\ude9f Compatibil cu <strong data-start=\"576\" data-end=\"604\">Windows 10 \u0219i Windows 11<\/strong><\/p>\n<\/li>\n<li data-start=\"607\" data-end=\"690\">\n<p data-start=\"609\" data-end=\"690\">\ud83d\udcbc Potrivit pentru arti\u0219ti 3D, studiouri de anima\u021bie \u0219i dezvoltatori multimedia<\/p>\n<\/li>\n<\/ul>","protected":false},"featured_media":1370,"comment_status":"closed","ping_status":"closed","template":"","meta":[],"product_brand":[],"product_cat":[33],"product_tag":[],"class_list":{"0":"post-1347","1":"product","2":"type-product","3":"status-publish","4":"has-post-thumbnail","6":"product_cat-design-engineering","8":"first","9":"instock","10":"sale","11":"shipping-taxable","12":"purchasable","13":"product-type-simple"},"_links":{"self":[{"href":"https:\/\/softlite.ro\/ro\/wp-json\/wp\/v2\/product\/1347","targetHints":{"allow":["GET"]}}],"collection":[{"href":"https:\/\/softlite.ro\/ro\/wp-json\/wp\/v2\/product"}],"about":[{"href":"https:\/\/softlite.ro\/ro\/wp-json\/wp\/v2\/types\/product"}],"replies":[{"embeddable":true,"href":"https:\/\/softlite.ro\/ro\/wp-json\/wp\/v2\/comments?post=1347"}],"wp:featuredmedia":[{"embeddable":true,"href":"https:\/\/softlite.ro\/ro\/wp-json\/wp\/v2\/media\/1370"}],"wp:attachment":[{"href":"https:\/\/softlite.ro\/ro\/wp-json\/wp\/v2\/media?parent=1347"}],"wp:term":[{"taxonomy":"product_brand","embeddable":true,"href":"https:\/\/softlite.ro\/ro\/wp-json\/wp\/v2\/product_brand?post=1347"},{"taxonomy":"product_cat","embeddable":true,"href":"https:\/\/softlite.ro\/ro\/wp-json\/wp\/v2\/product_cat?post=1347"},{"taxonomy":"product_tag","embeddable":true,"href":"https:\/\/softlite.ro\/ro\/wp-json\/wp\/v2\/product_tag?post=1347"}],"curies":[{"name":"wp","href":"https:\/\/api.w.org\/{rel}","templated":true}]}}