{"id":1348,"date":"2025-11-22T17:43:50","date_gmt":"2025-11-22T17:43:50","guid":{"rendered":"https:\/\/softlite.ro\/?post_type=product&#038;p=1348"},"modified":"2025-11-22T18:16:02","modified_gmt":"2025-11-22T18:16:02","slug":"autodesk-3ds-max","status":"publish","type":"product","link":"https:\/\/softlite.ro\/ro\/produs\/autodesk-3ds-max\/","title":{"rendered":"Autodesk 3ds Max"},"content":{"rendered":"<h3>Crea\u021bi vizualiz\u0103ri 3D uimitoare cu precizie<\/h3>\n<p><strong>Autodesk 3ds Max <\/strong>este un software de top pentru modelare 3D, anima\u021bie \u0219i randare \u00een care au \u00eencredere profesioni\u0219tii din arhitectur\u0103, vizualizare de design, dezvoltare de jocuri \u0219i produc\u021bie media. Cu setul s\u0103u robust de instrumente, fluxul de lucru intuitiv \u0219i capacit\u0103\u021bile puternice de randare, 3ds Max permite arti\u0219tilor s\u0103 dea via\u021b\u0103 viziunilor lor cu detalii \u0219i eficien\u021b\u0103 excep\u021bionale. Fie c\u0103 construi\u021bi lumi imersive sau proiecta\u021bi medii arhitecturale detaliate, <strong>Autodesk 3ds Max <\/strong>v\u0103 ofer\u0103 instrumentele de care ave\u021bi nevoie cu flexibilitatea unei <strong>licen\u021be digitale<\/strong>.<\/p>\n<p>&nbsp;<\/p>\n<h3>Instrumente \u0219i caracteristici puternice<\/h3>\n<p><strong>Autodesk 3ds Max <\/strong>ofer\u0103 o suit\u0103 complet\u0103 de instrumente adaptate pentru modelare \u0219i anima\u021bie 3D de \u00eenalt\u0103 performan\u021b\u0103. De la modelarea poligonal\u0103 la fluxurile de lucru procedurale, acest software este conceput pentru a satisface cerin\u021bele \u00een continu\u0103 evolu\u021bie ale profesioni\u0219tilor creativi. Caracteristicile sale cheie includ:<\/p>\n<ul>\n<li><strong>Modelare \u0219i texturare 3D<\/strong>\n<ul>\n<li>Fluxuri de lucru Smart Extrude \u0219i Editable Poly pentru modelare mai rapid\u0103.<\/li>\n<li>Instrumente procedurale precum stiva de modificatoare pentru editare nedistructiv\u0103.<\/li>\n<li>Func\u021bii \u00eencorporate de sculptur\u0103 \u0219i pictur\u0103 pentru personalizarea detaliat\u0103 a suprafe\u021bei.<\/li>\n<\/ul>\n<\/li>\n<li><strong>Instrumente de anima\u021bie<\/strong>\n<ul>\n<li>CAT (Character Animation Toolkit) \u0219i sisteme bipede pentru rigging \u0219i animarea personajelor.<\/li>\n<li>Trasee de mi\u0219care \u0219i instrumente de anima\u021bie a cadrelor cheie pentru tranzi\u021bii fluide ale obiectelor.<\/li>\n<li>Particle Flow \u0219i MassFX pentru simularea fizicii \u0219i dinamicii realiste.<\/li>\n<\/ul>\n<\/li>\n<li><strong>Capabilit\u0103\u021bi de randare<\/strong>\n<ul>\n<li>Renderer Arnold \u00eencorporat pentru ie\u0219ire de \u00eenalt\u0103 calitate.<\/li>\n<li>Previzualiz\u0103ri Viewport \u00een timp real cu randare ActiveShade.<\/li>\n<li>Suport pentru motoare de randare ter\u021be, precum V-Ray \u0219i Redshift.<\/li>\n<\/ul>\n<\/li>\n<li><strong>Interoperabilitate<\/strong>\n<ul>\n<li>Integrare perfect\u0103 cu <strong>Autodesk AutoCAD <\/strong>\u0219i <strong>Autodesk Maya<\/strong>.<\/li>\n<li>Suport pentru formate majore de fi\u0219iere, inclusiv FBX, OBJ \u0219i DWG.<\/li>\n<li>Redare automat\u0103 pe loturi \u0219i scripting cu MAXScript \u0219i Python.<\/li>\n<\/ul>\n<\/li>\n<li><strong>Ecosistemul plugin-urilor<\/strong>\n<ul>\n<li>Acces la o bibliotec\u0103 vast\u0103 de plugin-uri ter\u021be.<\/li>\n<li>Extinde\u021bi cu u\u0219urin\u021b\u0103 func\u021bionalitatea pentru fluxuri de lucru personalizate.<\/li>\n<\/ul>\n<\/li>\n<\/ul>\n<p>Cu interfa\u021ba sa intuitiv\u0103 \u0219i spa\u021biul de lucru personalizabil, <strong>Autodesk 3ds Max <\/strong>permite utilizatorilor s\u0103 \u00ee\u0219i eficientizeze procesul creativ, men\u021bin\u00e2nd \u00een acela\u0219i timp controlul deplin asupra scenelor \u0219i anima\u021biilor complexe.<\/p>\n<p>&nbsp;<\/p>\n<h3>De ce s\u0103 alege\u021bi Autodesk 3ds Max?<\/h3>\n<p>Atunci c\u00e2nd compara\u021bi <strong>Autodesk 3ds Max <\/strong>cu alte solu\u021bii &#8211; fie c\u0103 este vorba de versiuni mai vechi sau de instrumente alternative de proiectare 3D &#8211; acesta se remarc\u0103 \u00een mod constant prin puterea, flexibilitatea \u0219i dezvoltarea axat\u0103 pe utilizator.<\/p>\n<ul>\n<li><strong>\u00cembun\u0103t\u0103\u021biri ale performan\u021bei<\/strong>: Cea mai recent\u0103 versiune prezint\u0103 \u00eembun\u0103t\u0103\u021biri semnificative \u00een ceea ce prive\u0219te viteza de redare a viewport-ului \u0219i eficien\u021ba memoriei, reduc\u00e2nd decalajul \u00een timpul interac\u021biunii intense cu scena.<\/li>\n<li><strong>Colaborare \u00eembun\u0103t\u0103\u021bit\u0103<\/strong>: Cu o compatibilitate mai bun\u0103 cu <strong>Autodesk AutoCAD<\/strong>, arhitec\u021bii \u0219i designerii pot face schimb de fi\u0219iere f\u0103r\u0103 efort \u0219i pot men\u021bine fidelitatea datelor pe toate platformele.<\/li>\n<li><strong>Mai mult control<\/strong>: Spre deosebire de alte platforme care limiteaz\u0103 personalizarea, 3ds Max ofer\u0103 op\u021biuni extinse de scripting pentru automatizarea sarcinilor \u0219i crearea de instrumente personalizate.<\/li>\n<li><strong>Flexibilitate rentabil\u0103<\/strong>: Disponibilitatea unei <strong>licen\u021be digitale <\/strong>\u00eenseamn\u0103 c\u0103 pute\u021bi accesa software-ul oric\u00e2nd, oriunde &#8211; perfect pentru fluxurile de lucru de la distan\u021b\u0103 \u0219i echipele distribuite.<\/li>\n<\/ul>\n<p>\u00cen compara\u021bie cu alternativele open-source sau cu instrumentele 3D mai pu\u021bin specializate, <strong>Autodesk 3ds Max <\/strong>ofer\u0103 o solu\u021bie profesional\u0103 de \u00eencredere pentru studiourile AAA \u0219i firmele de arhitectur\u0103 de top din \u00eentreaga lume.<\/p>\n<p>&nbsp;<\/p>\n<h3>Cerin\u021be de sistem<\/h3>\n<p>Pentru a profita la maximum de <strong>Autodesk 3ds Max<\/strong>, asigura\u021bi-v\u0103 c\u0103 sistemul dvs. \u00eendepline\u0219te sau dep\u0103\u0219e\u0219te urm\u0103toarele cerin\u021be. Aceast\u0103 versiune este disponibil\u0103 exclusiv pentru sistemele de operare <strong>Windows<\/strong>.<\/p>\n<table width=\"100%\">\n<thead>\n<tr>\n<td width=\"17%\"><\/td>\n<td width=\"36%\"><strong>Cerin\u021be minime<\/strong><\/td>\n<td width=\"44%\"><strong>Cerin\u021be recomandate<\/strong><\/td>\n<\/tr>\n<\/thead>\n<tbody>\n<tr>\n<td width=\"17%\"><strong><em>Sistem de operare<\/em><\/strong><\/td>\n<td width=\"36%\">Windows 10 (pe 64 de bi\u021bi)<\/td>\n<td width=\"44%\">Windows 11 (pe 64 de bi\u021bi)<\/td>\n<\/tr>\n<tr>\n<td width=\"17%\"><strong><em>CPU<\/em><\/strong><\/td>\n<td width=\"36%\">Procesor Intel sau AMD multi-core pe 64 de bi\u021bi<\/td>\n<td width=\"44%\">Intel Core i7 sau AMD Ryzen 7+<\/td>\n<\/tr>\n<tr>\n<td width=\"17%\"><strong><em>RAM<\/em><\/strong><\/td>\n<td width=\"36%\">8 GB<\/td>\n<td width=\"44%\">16-32 GB<\/td>\n<\/tr>\n<tr>\n<td width=\"17%\"><strong><em>Plac\u0103 grafic\u0103<\/em><\/strong><\/td>\n<td width=\"36%\">DirectX 11 compatibil cu 4 GB VRAM<\/td>\n<td width=\"44%\">NVIDIA RTX sau AMD Radeon Pro cu 8+ GB VRAM<\/td>\n<\/tr>\n<tr>\n<td width=\"17%\"><strong><em>Spa\u021biu pe disc<\/em><\/strong><\/td>\n<td width=\"36%\">9 GB spa\u021biu liber pentru instalare<\/td>\n<td width=\"44%\">SSD cu 20+ GB spa\u021biu liber<\/td>\n<\/tr>\n<tr>\n<td width=\"17%\"><strong><em>Afi\u0219aj<\/em><\/strong><\/td>\n<td width=\"36%\">Rezolu\u021bie 1920\u00d71080<\/td>\n<td width=\"44%\">Suport pentru afi\u0219are 4K<\/td>\n<\/tr>\n<tr>\n<td width=\"17%\"><strong><em>Dispozitiv de direc\u021bionare<\/em><\/strong><\/td>\n<td width=\"36%\">Mouse sau tablet\u0103 compatibile cu Microsoft<\/td>\n<td width=\"44%\">Dispozitiv de conectare 3D pentru naviga\u021bie avansat\u0103<\/td>\n<\/tr>\n<tr>\n<td width=\"17%\"><strong><em>Internet<\/em><\/strong><\/td>\n<td width=\"36%\">Necesar pentru licen\u021biere \u0219i actualiz\u0103ri<\/td>\n<td width=\"44%\">Conexiune de mare vitez\u0103 recomandat\u0103<\/td>\n<\/tr>\n<\/tbody>\n<\/table>\n<p>Asigura\u021bi-v\u0103 c\u0103 hardware-ul dvs. este actualizat pentru a profita pe deplin de capacit\u0103\u021bile avansate de randare \u0219i simulare <strong>ale Autodesk 3ds Max<\/strong>.<\/p>\n<p>&nbsp;<\/p>\n<h3>Integrare perfect\u0103 cu alte instrumente<\/h3>\n<p><strong>Autodesk 3ds Max <\/strong>nu func\u021bioneaz\u0103 \u00een mod izolat &#8211; este proiectat s\u0103 se integreze \u00een fluxurile profesionale. Se integreaz\u0103 f\u0103r\u0103 probleme cu <a href=\"\/ro\/products\/autodesk-maya-1-year-digital-subscription\/\">Autodesk Maya <\/a>pentru partajarea activelor \u0219i fluxurile de lucru de anima\u021bie \u0219i cu <a href=\"\/ro\/products\/autodesk-autocad-1-year-subscription\/\">Autodesk AutoCAD <\/a>pentru importul geometriei arhitecturale precise. Aceast\u0103 compatibilitate spore\u0219te productivitatea \u0219i elimin\u0103 munca redundant\u0103 \u00eentre departamente.<\/p>\n<p>\u00cen plus, capacitatea de a importa \u0219i exporta diverse formate 3D asigur\u0103 compatibilitatea activelor dvs. pe cele mai populare platforme din industrie.<\/p>\n<p>&nbsp;<\/p>\n<h3>Beneficiile licen\u021bei digitale<\/h3>\n<p>Optarea pentru o <strong>licen\u021b\u0103 digital\u0103 <\/strong>de <strong>Autodesk 3ds Max <\/strong>ofer\u0103 mai multe avantaje:<\/p>\n<ul>\n<li><strong>Portabilitate<\/strong>: Lucra\u021bi din mai multe loca\u021bii, f\u0103r\u0103 a avea nevoie de suporturi fizice.<\/li>\n<li><strong>Securitate<\/strong>: Gestiona\u021bi cu u\u0219urin\u021b\u0103 licen\u021ba dvs. cu platforma securizat\u0103 Autodesk bazat\u0103 pe cloud.<\/li>\n<li><strong>Actualiz\u0103ri<\/strong>: Primi\u021bi actualiz\u0103ri automate \u0219i acces la cele mai recente instrumente \u0219i caracteristici.<\/li>\n<\/ul>\n<p>Cu o <strong>licen\u021b\u0103 digital\u0103<\/strong>, ob\u021bine\u021bi un software complet, cu flexibilitatea de a se extinde pe m\u0103sur\u0103 ce proiectele dumneavoastr\u0103 evolueaz\u0103.<\/p>\n<p>&nbsp;<\/p>\n<h3>De ce merit\u0103 Autodesk 3ds Max<\/h3>\n<p><strong>Autodesk 3ds Max <\/strong>este mai mult dec\u00e2t un simplu instrument de modelare 3D &#8211; este o solu\u021bie creativ\u0103 complet\u0103 pentru profesioni\u0219tii care solicit\u0103 precizie, putere \u0219i flexibilitate. Cu caracteristici de ultim\u0103 or\u0103, integrare perfect\u0103 cu instrumente precum <strong>Autodesk AutoCAD <\/strong>\u0219i <strong>Autodesk Maya <\/strong>\u0219i confortul unei <strong>licen\u021be digitale<\/strong>, este o investi\u021bie \u00een calitate \u0219i eficien\u021b\u0103.<\/p>\n<p>Fie c\u0103 vizualiza\u021bi spa\u021bii arhitecturale sau anima\u021bi personaje realiste, <strong>Autodesk 3ds Max <\/strong>v\u0103 ofer\u0103 performan\u021ba \u0219i controlul de care ave\u021bi nevoie pentru a r\u0103m\u00e2ne \u00een fruntea industriei.<\/p>\n<p>Dori\u021bi s\u0103 p\u0103trunde\u021bi mai ad\u00e2nc \u00een ceea ce poate oferi <strong>Autodesk 3ds Max<\/strong>? <a href=\"https:\/\/www.autodesk.com\/products\/3ds-max\/features\">Vizita\u021bi site-ul oficial Autodesk 3ds Max <\/a>pentru a explora tutoriale, ghiduri de caracteristici \u0219i pove\u0219ti de succes ale clien\u021bilor. Ve\u021bi g\u0103si documenta\u021bie detaliat\u0103 \u0219i suport din partea comunit\u0103\u021bii pentru a v\u0103 ajuta s\u0103 st\u0103p\u00e2ni\u021bi fiecare aspect al software-ului.<\/p>\n<p>&nbsp;<\/p>\n<h3>INFORMA\u021aII IMPORTANTE<\/h3>\n<p><em>Acest produs este o <strong>cheie de licen\u021b\u0103 <\/strong>pentru a v\u0103 activa software-ul. Cheia de licen\u021b\u0103 va fi trimis\u0103 prin e-mail <strong>\u00een termen de 24 de ore<\/strong>. Nu v\u0103 va fi trimis niciun produs fizic.<\/em><\/p>","protected":false},"excerpt":{"rendered":"<ul>\n<li data-start=\"100\" data-end=\"192\">\n<p data-start=\"102\" data-end=\"192\">\ud83d\udda5\ufe0f <strong data-start=\"106\" data-end=\"140\">Licen\u021b\u0103 digital\u0103 valabil\u0103 1 an<\/strong> \u2013 activare oficial\u0103 Autodesk, f\u0103r\u0103 livrare fizic\u0103<\/p>\n<\/li>\n<li data-start=\"193\" data-end=\"255\">\n<p data-start=\"195\" data-end=\"255\">\ud83d\udce7 <strong data-start=\"198\" data-end=\"236\">Livrare prin e-mail \u00een 1-24 de ore<\/strong> \u2013 rapid \u0219i sigur<\/p>\n<\/li>\n<li data-start=\"256\" data-end=\"336\">\n<p data-start=\"258\" data-end=\"336\">\ud83c\udfa8 Software profesional pentru modelare 3D, anima\u021bie \u0219i randare fotorealist\u0103<\/p>\n<\/li>\n<li data-start=\"337\" data-end=\"416\">\n<p data-start=\"339\" data-end=\"416\">\ud83e\uddf1 Ideal pentru arhitec\u021bi, designeri, dezvoltatori de jocuri \u0219i arti\u0219ti VFX<\/p>\n<\/li>\n<li data-start=\"417\" data-end=\"484\">\n<p data-start=\"419\" data-end=\"484\">\ud83d\udd27 Suport pentru pluginuri, scripturi \u0219i extensii personalizate<\/p>\n<\/li>\n<li data-start=\"485\" data-end=\"564\">\n<p data-start=\"487\" data-end=\"564\">\ud83d\udcd0 Interfa\u021b\u0103 intuitiv\u0103 cu unelte precise de editare poligonal\u0103 \u0219i texturare<\/p>\n<\/li>\n<li data-start=\"565\" data-end=\"614\">\n<p data-start=\"567\" data-end=\"614\">\ud83e\ude9f Compatibil cu <strong data-start=\"584\" data-end=\"612\">Windows 10 \u0219i Windows 11<\/strong><\/p>\n<\/li>\n<li data-start=\"615\" data-end=\"690\">\n<p data-start=\"617\" data-end=\"690\">\ud83d\udcbc Solu\u021bie complet\u0103 pentru proiecte comerciale, arhitecturale sau media<\/p>\n<\/li>\n<\/ul>","protected":false},"featured_media":1371,"comment_status":"closed","ping_status":"closed","template":"","meta":[],"product_brand":[],"product_cat":[33],"product_tag":[],"class_list":{"0":"post-1348","1":"product","2":"type-product","3":"status-publish","4":"has-post-thumbnail","6":"product_cat-design-engineering","8":"first","9":"instock","10":"sale","11":"shipping-taxable","12":"purchasable","13":"product-type-simple"},"_links":{"self":[{"href":"https:\/\/softlite.ro\/ro\/wp-json\/wp\/v2\/product\/1348","targetHints":{"allow":["GET"]}}],"collection":[{"href":"https:\/\/softlite.ro\/ro\/wp-json\/wp\/v2\/product"}],"about":[{"href":"https:\/\/softlite.ro\/ro\/wp-json\/wp\/v2\/types\/product"}],"replies":[{"embeddable":true,"href":"https:\/\/softlite.ro\/ro\/wp-json\/wp\/v2\/comments?post=1348"}],"wp:featuredmedia":[{"embeddable":true,"href":"https:\/\/softlite.ro\/ro\/wp-json\/wp\/v2\/media\/1371"}],"wp:attachment":[{"href":"https:\/\/softlite.ro\/ro\/wp-json\/wp\/v2\/media?parent=1348"}],"wp:term":[{"taxonomy":"product_brand","embeddable":true,"href":"https:\/\/softlite.ro\/ro\/wp-json\/wp\/v2\/product_brand?post=1348"},{"taxonomy":"product_cat","embeddable":true,"href":"https:\/\/softlite.ro\/ro\/wp-json\/wp\/v2\/product_cat?post=1348"},{"taxonomy":"product_tag","embeddable":true,"href":"https:\/\/softlite.ro\/ro\/wp-json\/wp\/v2\/product_tag?post=1348"}],"curies":[{"name":"wp","href":"https:\/\/api.w.org\/{rel}","templated":true}]}}