{"id":1351,"date":"2025-11-22T17:43:50","date_gmt":"2025-11-22T17:43:50","guid":{"rendered":"https:\/\/softlite.ro\/?post_type=product&#038;p=1351"},"modified":"2025-11-22T17:43:57","modified_gmt":"2025-11-22T17:43:57","slug":"acrobat-pro-2020","status":"publish","type":"product","link":"https:\/\/softlite.ro\/ro\/produs\/acrobat-pro-2020\/","title":{"rendered":"Acrobat Pro 2020"},"content":{"rendered":"<h3>Descoperi\u021bi puterea Acrobat Pro 2020<\/h3>\n<p><strong>Acrobat Pro 2020 <\/strong>este solu\u021bia definitiv\u0103 pentru gestionarea fluxurilor de lucru PDF cu precizie \u0219i profesionalism de neegalat. Fie c\u0103 sunte\u021bi student, proprietar de afacere sau profesionist creativ, acest editor PDF puternic ofer\u0103 instrumente robuste pentru editarea, conversia, semnarea \u0219i protejarea documentelor PDF. Cu o <strong>licen\u021b\u0103 digital\u0103<\/strong>, beneficia\u021bi de acces perpetuu la func\u021bii esen\u021biale de productivitate, f\u0103r\u0103 inconvenientele abonamentelor recurente. Ca versiune autonom\u0103 de \u00eencredere, Acrobat Pro 2020 este construit pentru stabilitate, compatibilitate \u0219i performan\u021b\u0103 \u00eentr-o varietate de nevoi profesionale \u0219i personale.<\/p>\n<p>&nbsp;<\/p>\n<p><em>Aceast\u0103 versiune a Acrobat Pro este o <strong>licen\u021b\u0103 offline, <\/strong>nu o cheie CC; NU se integreaz\u0103 cu Creative Cloud. Ve\u021bi avea \u00een continuare nevoie de acces la internet pentru a activa cu succes produsul atunci c\u00e2nd \u00eel instala\u021bi.<\/em><\/p>\n<p>&nbsp;<\/p>\n<h3>Principalele caracteristici ale Acrobat Pro 2020<\/h3>\n<p><strong>Acrobat Pro 2020 <\/strong>se bazeaz\u0103 pe ani de inova\u021bie \u00een domeniul PDF cu o suit\u0103 de caracteristici concepute pentru fluxurile moderne de lucru cu documente. Acesta ofer\u0103 instrumente puternice care simplific\u0103 editarea, \u00eembun\u0103t\u0103\u021besc colaborarea \u0219i securizeaz\u0103 con\u021binutul sensibil.<\/p>\n<ul>\n<li><strong>Editare PDF \u00eembun\u0103t\u0103\u021bit\u0103<\/strong><\/li>\n<\/ul>\n<ul>\n<li style=\"list-style-type: none;\">\n<ul>\n<li>Modifica\u021bi cu u\u0219urin\u021b\u0103 textul \u0219i imaginile direct \u00een PDF.<\/li>\n<li>Utiliza\u021bi interfa\u021ba intuitiv\u0103 pentru a ajusta formatarea, alinierea \u0219i aspectul.<\/li>\n<li>Redirec\u021bioneaz\u0103 automat textul atunci c\u00e2nd edita\u021bi paragrafe.<\/li>\n<\/ul>\n<\/li>\n<\/ul>\n<ul>\n<li><strong>Instrumente avansate de conversie<\/strong><\/li>\n<\/ul>\n<ul>\n<li style=\"list-style-type: none;\">\n<ul>\n<li>Converti\u021bi PDF-uri \u00een Microsoft Word, Excel, PowerPoint \u0219i formate de imagine cu acurate\u021be ridicat\u0103.<\/li>\n<li>Crea\u021bi PDF-uri din aproape orice tip de fi\u0219ier, inclusiv pagini web \u0219i documente scanate.<\/li>\n<\/ul>\n<\/li>\n<\/ul>\n<ul>\n<li><strong>Semnare electronic\u0103 f\u0103r\u0103 \u00eentreruperi \u0219i securitate<\/strong><\/li>\n<\/ul>\n<ul>\n<li style=\"list-style-type: none;\">\n<ul>\n<li>Completa\u021bi, semna\u021bi \u0219i trimite\u021bi formulare electronic cu semn\u0103turi electronice obligatorii din punct de vedere juridic.<\/li>\n<li>Proteja\u021bi documentele cu parole \u0219i seta\u021bi permisiuni pentru a controla accesul.<\/li>\n<\/ul>\n<\/li>\n<\/ul>\n<ul>\n<li><strong>Interfa\u021b\u0103 utilizator \u00eembun\u0103t\u0103\u021bit\u0103<\/strong><\/li>\n<\/ul>\n<ul>\n<li style=\"list-style-type: none;\">\n<ul>\n<li>Vizualizare Home \u00eembun\u0103t\u0103\u021bit\u0103 pentru acces mai rapid la fi\u0219ierele \u0219i instrumentele recente.<\/li>\n<li>Suport pentru modul \u00eentunecat pentru o lizibilitate \u00eembun\u0103t\u0103\u021bit\u0103 \u0219i reducerea oboselii ochilor.<\/li>\n<\/ul>\n<\/li>\n<\/ul>\n<p>&nbsp;<\/p>\n<h3>Software \u0219i instrumente incluse<\/h3>\n<p>De\u0219i <strong>Acrobat Pro 2020 <\/strong>este un produs de sine st\u0103t\u0103tor, acesta se integreaz\u0103 str\u00e2ns cu alte servicii pentru o experien\u021b\u0103 \u00eembun\u0103t\u0103\u021bit\u0103. Acesta nu include alte produse, ci le completeaz\u0103.<\/p>\n<ul>\n<li><strong>Aplica\u021bia Scan<\/strong>: Scana\u021bi documente de pe dispozitivul dvs. mobil \u0219i converti\u021bi-le \u00een PDF editabile pentru a le utiliza \u00een Acrobat Pro.<\/li>\n<li>Pentru nevoi grafice avansate, utilizatorii \u00eel asociaz\u0103 adesea cu<a href=\"\/ro\/produs\/adobe-photoshop-2021-digital-lecense-key\/\">\u00a0Photoshop 2021 <\/a>pentru editarea \u0219i proiectarea imaginilor.<\/li>\n<\/ul>\n<p>&nbsp;<\/p>\n<h3>De ce s\u0103 alege\u021bi Acrobat Pro 2020?<\/h3>\n<p>\u00cen compara\u021bie cu versiunile mai vechi, cum ar fi Acrobat Pro 2019, Acrobat Pro 2020 ofer\u0103 performan\u021be mai rapide, o interfa\u021b\u0103 re\u00eemprosp\u0103tat\u0103 \u0219i un suport mai bun pentru sistemele moderne. Iat\u0103 cum se eviden\u021biaz\u0103:<\/p>\n<ul>\n<li><strong>Avantaje fa\u021b\u0103 de versiunile mai vechi<\/strong><\/li>\n<\/ul>\n<ul>\n<li style=\"list-style-type: none;\">\n<ul>\n<li>Precizie \u00eembun\u0103t\u0103\u021bit\u0103 a recunoa\u0219terii optice a caracterelor (OCR).<\/li>\n<li>Caracteristici \u00eembun\u0103t\u0103\u021bite de accesibilitate pentru cititoarele de ecran.<\/li>\n<li>Interfa\u021b\u0103 actualizat\u0103 pentru o productivitate mai bun\u0103 \u0219i mai pu\u021bine clicuri.<\/li>\n<\/ul>\n<\/li>\n<\/ul>\n<ul>\n<li>Dori\u021bi s\u0103 verifica\u021bi versiunea mai veche? Vizita\u021bi <a href=\"\/ro\/produs\/adobe-acrobat-pro-2019-digital-license\/\">pagina produsului Acrobat Pro 2019 <\/a>de pe site-ul nostru pentru compara\u021bie.<\/li>\n<\/ul>\n<ul>\n<li><strong>Comparativ cu solu\u021biile mai noi pe baz\u0103 de abonament<\/strong><\/li>\n<\/ul>\n<ul>\n<li style=\"list-style-type: none;\">\n<ul>\n<li>Achizi\u021bie unic\u0103 cu o <strong>licen\u021b\u0103 digital\u0103 &#8211; f\u0103r\u0103 <\/strong>taxe lunare sau anuale.<\/li>\n<li>Ideal pentru utilizatorii care prefer\u0103 s\u0103 de\u021bin\u0103 software \u00een loc s\u0103 \u00eel \u00eenchirieze.<\/li>\n<li>Reducerea dependen\u021bei de actualiz\u0103ri constante \u0219i de accesul la internet.<\/li>\n<\/ul>\n<\/li>\n<\/ul>\n<p>&nbsp;<\/p>\n<h3>Cerin\u021be de sistem \u0219i compatibilitate cu platformele<\/h3>\n<p>Aceast\u0103 versiune a Acrobat Pro 2020 este disponibil\u0103 numai pentru Windows. Mai jos este prezentat\u0103 o defalcare a cerin\u021belor minime \u0219i recomandate:<\/p>\n<table width=\"56%\">\n<thead>\n<tr>\n<td width=\"32%\"><strong>Cerin\u021b\u0103<\/strong><\/td>\n<td width=\"29%\"><strong>Minim<\/strong><\/td>\n<td width=\"36%\"><strong>Recomandat<\/strong><\/td>\n<\/tr>\n<\/thead>\n<tbody>\n<tr>\n<td width=\"32%\"><strong><em>Sistem de operare<\/em><\/strong><\/td>\n<td width=\"29%\">Windows 10 (64 de bi\u021bi)<\/td>\n<td width=\"36%\">Windows 11<\/td>\n<\/tr>\n<tr>\n<td width=\"32%\"><strong><em>Procesor<\/em><\/strong><\/td>\n<td width=\"29%\">1,5 GHz<\/td>\n<td width=\"36%\">2.0 GHz sau mai rapid<\/td>\n<\/tr>\n<tr>\n<td width=\"32%\"><strong><em>RAM<\/em><\/strong><\/td>\n<td width=\"29%\">2 GB<\/td>\n<td width=\"36%\">4 GB sau mai mult<\/td>\n<\/tr>\n<tr>\n<td width=\"32%\"><strong><em>Depozitare<\/em><\/strong><\/td>\n<td width=\"29%\">4,5 GB disponibili<\/td>\n<td width=\"36%\">SSD recomandat<\/td>\n<\/tr>\n<tr>\n<td width=\"32%\"><strong><em>Afi\u0219aj<\/em><\/strong><\/td>\n<td width=\"29%\">1024&#215;768<\/td>\n<td width=\"36%\">1280&#215;800 sau mai mare<\/td>\n<\/tr>\n<\/tbody>\n<\/table>\n<p>&nbsp;<\/p>\n<h3>Licen\u021biere \u0219i proprietate digital\u0103<\/h3>\n<p>Achizi\u021bionarea <strong>Acrobat Pro 2020 <\/strong>cu o <strong>licen\u021b\u0103 digital\u0103 <\/strong>\u00eenseamn\u0103 c\u0103 de\u021bine\u021bi software-ul permanent. Acesta este un avantaj major pentru utilizatorii \u0219i companiile care prefer\u0103 stabilitatea \u0219i costurile previzibile. Activarea este simpl\u0103, iar licen\u021ba este valabil\u0103 pentru instalarea pe computerul principal.<\/p>\n<p><strong>Beneficiile unei licen\u021be digitale:<\/strong><\/p>\n<ul>\n<li>F\u0103r\u0103 taxe de abonament<\/li>\n<li>Acces permanent la caracteristici<\/li>\n<li>Reinstalare u\u0219oar\u0103 dac\u0103 actualiza\u021bi sistemele<\/li>\n<li>Ecologic &#8211; nu sunt necesare suporturi fizice<\/li>\n<\/ul>\n<p>&nbsp;<\/p>\n<h3>Resurse \u0219i asisten\u021b\u0103<\/h3>\n<p>Pentru documenta\u021bia oficial\u0103 a produsului, actualiz\u0103ri \u0219i ghiduri ale utilizatorului, vizita\u021bi pagina oficial\u0103 de asisten\u021b\u0103 pentru<a href=\"https:\/\/helpx.adobe.com\/acrobat\/user-guide.html\"><strong>\u00a0Acrobat Pro 2020<\/strong><\/a>. Ve\u021bi g\u0103si ghiduri utile, sfaturi pentru utilizare avansat\u0103 \u0219i note de compatibilitate.<\/p>\n<p>&nbsp;<\/p>\n<h3>De ce ar trebui s\u0103 cump\u0103ra\u021bi Acrobat Pro 2020<\/h3>\n<p><strong>Acrobat Pro 2020 <\/strong>ofer\u0103 echilibrul perfect \u00eentre performan\u021b\u0103, fiabilitate \u0219i accesibilitate. Fie c\u0103 face\u021bi upgrade de la o versiune mai veche sau c\u0103uta\u021bi o alternativ\u0103 mai rentabil\u0103 la modelele pe baz\u0103 de abonament, Acrobat Pro 2020 \u0219i <strong>licen\u021ba <\/strong>sa <strong>digital\u0103 <\/strong>v\u0103 ofer\u0103 tot ce ave\u021bi nevoie pentru a gestiona eficient PDF-urile. Cu instrumente de editare robuste, caracteristici de securitate superioare \u0219i compatibilitate pe principalele platforme, este solu\u021bia ideal\u0103 at\u00e2t pentru profesioni\u0219ti, c\u00e2t \u0219i pentru utilizatorii obi\u0219nui\u021bi. Face\u021bi o mi\u0219care inteligent\u0103 &#8211; de\u021bine\u021bi software-ul dvs. de productivitate \u0219i bucura\u021bi-v\u0103 de gestionarea f\u0103r\u0103 probleme a PDF-urilor cu puterea de \u00eencredere a<strong>\u00a0Acrobat<\/strong>.<\/p>\n<p>&nbsp;<\/p>\n<h3>INFORMA\u021aII IMPORTANTE<\/h3>\n<p><em>Acest produs este o <strong>cheie de licen\u021b\u0103 <\/strong>pentru a v\u0103 activa software-ul. Cheia de licen\u021b\u0103 va fi trimis\u0103 prin e-mail <strong>\u00een termen de 24 de ore<\/strong>. Nu v\u0103 va fi trimis niciun produs fizic.<\/em><\/p>","protected":false},"excerpt":{"rendered":"<div class=\"elementor-element elementor-element-e2ca357 wd-single-short-desc text-left elementor-widget elementor-widget-wd_single_product_short_description\" data-id=\"e2ca357\" data-element_type=\"widget\" data-widget_type=\"wd_single_product_short_description.default\">\n<div class=\"elementor-widget-container\">\n<div class=\"woocommerce-product-details__short-description\">\n<ul>\n<li data-start=\"110\" data-end=\"182\">\n<p data-start=\"112\" data-end=\"182\">\ud83d\udcc4 <strong data-start=\"115\" data-end=\"146\">Licen\u021b\u0103 digital\u0103 permanent\u0103<\/strong> \u2013 f\u0103r\u0103 abonament, activare online<\/p>\n<\/li>\n<li data-start=\"183\" data-end=\"235\">\n<p data-start=\"185\" data-end=\"235\">\ud83d\udce7 <strong data-start=\"188\" data-end=\"233\">Livrare rapid\u0103 prin e-mail \u00een 1-24 de ore<\/strong><\/p>\n<\/li>\n<li data-start=\"236\" data-end=\"287\">\n<p data-start=\"238\" data-end=\"287\">\ud83d\udcbb <strong data-start=\"241\" data-end=\"261\">Instalare u\u0219oar\u0103<\/strong> pe un singur dispozitiv<\/p>\n<\/li>\n<li data-start=\"288\" data-end=\"358\">\n<p data-start=\"290\" data-end=\"358\">\u270f\ufe0f Creeaz\u0103, editeaz\u0103 \u0219i converte\u0219te fi\u0219iere PDF ca un profesionist<\/p>\n<\/li>\n<li data-start=\"359\" data-end=\"436\">\n<p data-start=\"361\" data-end=\"436\">\ud83d\udd12 Adaug\u0103 semn\u0103turi digitale, parole \u0219i permisiuni avansate de securitate<\/p>\n<\/li>\n<li data-start=\"437\" data-end=\"511\">\n<p data-start=\"439\" data-end=\"511\">\ud83d\udd04 Transform\u0103 documentele Word, Excel, PowerPoint \u00een PDF-uri editabile<\/p>\n<\/li>\n<li data-start=\"512\" data-end=\"562\">\n<p data-start=\"514\" data-end=\"562\">\ud83d\udda5\ufe0f Compatibil cu <strong data-start=\"532\" data-end=\"560\">Windows 10 \u0219i Windows 11<\/strong><\/p>\n<\/li>\n<li data-start=\"563\" data-end=\"657\">\n<p data-start=\"565\" data-end=\"657\">\ud83e\uddd1\u200d\ud83d\udcbc Ideal pentru birouri, freelanceri \u0219i utilizatori care lucreaz\u0103 cu documente oficiale<\/p>\n<\/li>\n<\/ul>\n<\/div>\n<\/div>\n<\/div>","protected":false},"featured_media":1374,"comment_status":"closed","ping_status":"closed","template":"","meta":[],"product_brand":[],"product_cat":[32],"product_tag":[],"class_list":{"0":"post-1351","1":"product","2":"type-product","3":"status-publish","4":"has-post-thumbnail","6":"product_cat-office","8":"first","9":"instock","10":"sale","11":"shipping-taxable","12":"purchasable","13":"product-type-simple"},"_links":{"self":[{"href":"https:\/\/softlite.ro\/ro\/wp-json\/wp\/v2\/product\/1351","targetHints":{"allow":["GET"]}}],"collection":[{"href":"https:\/\/softlite.ro\/ro\/wp-json\/wp\/v2\/product"}],"about":[{"href":"https:\/\/softlite.ro\/ro\/wp-json\/wp\/v2\/types\/product"}],"replies":[{"embeddable":true,"href":"https:\/\/softlite.ro\/ro\/wp-json\/wp\/v2\/comments?post=1351"}],"wp:featuredmedia":[{"embeddable":true,"href":"https:\/\/softlite.ro\/ro\/wp-json\/wp\/v2\/media\/1374"}],"wp:attachment":[{"href":"https:\/\/softlite.ro\/ro\/wp-json\/wp\/v2\/media?parent=1351"}],"wp:term":[{"taxonomy":"product_brand","embeddable":true,"href":"https:\/\/softlite.ro\/ro\/wp-json\/wp\/v2\/product_brand?post=1351"},{"taxonomy":"product_cat","embeddable":true,"href":"https:\/\/softlite.ro\/ro\/wp-json\/wp\/v2\/product_cat?post=1351"},{"taxonomy":"product_tag","embeddable":true,"href":"https:\/\/softlite.ro\/ro\/wp-json\/wp\/v2\/product_tag?post=1351"}],"curies":[{"name":"wp","href":"https:\/\/api.w.org\/{rel}","templated":true}]}}