{"id":1352,"date":"2025-11-22T17:43:50","date_gmt":"2025-11-22T17:43:50","guid":{"rendered":"https:\/\/softlite.ro\/?post_type=product&#038;p=1352"},"modified":"2025-11-22T18:15:37","modified_gmt":"2025-11-22T18:15:37","slug":"coreldraw-graphics-suite-2022-cc-key-macos","status":"publish","type":"product","link":"https:\/\/softlite.ro\/ro\/produs\/coreldraw-graphics-suite-2022-cc-key-macos\/","title":{"rendered":"CorelDRAW Graphics Suite 2022 (CC Key) [MacOS]"},"content":{"rendered":"<h3>Debloca\u021bi-v\u0103 poten\u021bialul creativ<\/h3>\n<p>CorelDRAW Graphics Suite 2022 este o suit\u0103 software de design cuprinz\u0103toare \u0219i puternic\u0103, ideal\u0103 pentru designerii grafici, ilustratorii \u0219i arti\u0219tii care doresc s\u0103 creeze imagini uimitoare. Acest software este conceput pentru a oferi un set de instrumente versatil, cu o varietate de caracteristici creative pentru a v\u0103 \u00eembun\u0103t\u0103\u021bi fluxul de lucru. Fie c\u0103 lucra\u021bi la ilustra\u021bii vectoriale, layout-uri de pagin\u0103, editare foto sau design web, CorelDRAW Graphics Suite 2022 v\u0103 ofer\u0103 tot ce ave\u021bi nevoie pentru a da via\u021b\u0103 proiectelor dvs. creative. Disponibil\u0103 pentru macOS, aceast\u0103 versiune ofer\u0103 o experien\u021b\u0103 intuitiv\u0103 \u0219i f\u0103r\u0103 probleme pentru utilizatorii din mai multe industrii.<\/p>\n<p>&nbsp;<\/p>\n<h3>Instrumente \u0219i caracteristici ale CorelDRAW Graphics Suite 2022<\/h3>\n<p>CorelDRAW Graphics Suite 2022 este plin\u0103 de instrumente \u0219i caracteristici puternice care o fac alegerea perfect\u0103 pentru profesioni\u0219tii care doresc s\u0103 \u00ee\u0219i \u00eembun\u0103t\u0103\u021beasc\u0103 abilit\u0103\u021bile de design.<\/p>\n<ul>\n<li><strong>Instrumente de ilustrare vectorial\u0103: <\/strong>Caracteristica principal\u0103 a software-ului este instrumentul s\u0103u de ilustrare vectorial\u0103. Cu CorelDRAW Graphics Suite 2022, pute\u021bi crea \u0219i edita cu u\u0219urin\u021b\u0103 ilustra\u021bii vectoriale complexe cu precizie. Software-ul ofer\u0103 instrumente vectoriale avansate care v\u0103 permit s\u0103 proiecta\u021bi orice, de la logo-uri \u0219i bro\u0219uri la ilustra\u021bii detaliate.<\/li>\n<\/ul>\n<ul>\n<li style=\"list-style-type: none;\">\n<ul>\n<li><strong>Instrumentul Bezier<\/strong>: Crea\u021bi rapid curbe \u0219i linii pentru detalii de design mai complicate.<\/li>\n<li><strong>Instrumentul LiveSketch<\/strong>: Desena\u021bi \u00een mod natural cu acest instrument cu inteligen\u021b\u0103 artificial\u0103, permi\u021b\u00e2nd schi\u021belor dvs. s\u0103 prind\u0103 via\u021b\u0103 \u00een timp ce le desena\u021bi.<\/li>\n<li><strong>Editarea nodurilor<\/strong>: \u00cembun\u0103t\u0103\u021bi\u021bi-v\u0103 desenele prin rafinarea curbelor, liniilor \u0219i formelor cu ajutorul func\u021biei puternice de editare a nodurilor.<\/li>\n<\/ul>\n<\/li>\n<\/ul>\n<ul>\n<li><strong>Layout de pagin\u0103: <\/strong>Instrumentul de aranjare a paginii din CorelDRAW Graphics Suite 2022 permite utilizatorilor s\u0103 creeze cu u\u0219urin\u021b\u0103 desene cu mai multe pagini. De la bro\u0219uri la postere \u0219i prezent\u0103ri, acest instrument v\u0103 ofer\u0103 flexibilitatea de a lucra pe mai multe pagini simultan, eficientiz\u00e2nd procesul de proiectare.<\/li>\n<\/ul>\n<ul>\n<li style=\"list-style-type: none;\">\n<ul>\n<li><strong>Modele cu pagini multiple<\/strong>: Crea\u021bi machete cu mai multe pagini, men\u021bin\u00e2nd \u00een acela\u0219i timp coeren\u021ba \u00eentregului proiect.<\/li>\n<li><strong>Pagini principale<\/strong>: Aplica\u021bi elemente de design comune pe mai multe pagini pentru eficien\u021b\u0103.<\/li>\n<\/ul>\n<\/li>\n<\/ul>\n<ul>\n<li><strong>Instrumente de editare foto: <\/strong>Cu Corel PHOTO-PAINT, inclus \u00een suit\u0103, ave\u021bi acces la instrumente de editare foto de top. Este perfect pentru fotografii \u0219i designerii grafici care trebuie s\u0103 \u00ee\u0219i rafineze imaginile \u0219i s\u0103 le integreze \u00een proiectele lor.<\/li>\n<\/ul>\n<ul>\n<li style=\"list-style-type: none;\">\n<ul>\n<li><strong>Retu\u0219are \u0219i reparare<\/strong>: Elimina\u021bi cu u\u0219urin\u021b\u0103 imperfec\u021biunile sau \u00eembun\u0103t\u0103\u021bi\u021bi-v\u0103 fotografiile cu instrumente precum instrumentul Healing Clone.<\/li>\n<li><strong>Editare \u00een straturi<\/strong>: Efectua\u021bi ajust\u0103ri la straturile individuale ale imaginilor dvs. pentru a men\u021bine controlul creativ complet.<\/li>\n<\/ul>\n<\/li>\n<\/ul>\n<ul>\n<li><strong>Proiectare web \u0219i aplica\u021bii: <\/strong>CorelDRAW Graphics Suite 2022 exceleaz\u0103 \u0219i \u00een designul web. Pute\u021bi proiecta cu u\u0219urin\u021b\u0103 site-uri web receptive \u0219i aplica\u021bii mobile, datorit\u0103 unor caracteristici precum grile flexibile, \u0219abloane personalizabile \u0219i o colec\u021bie mare de fonturi \u0219i grafic\u0103 prietenoas\u0103 pentru web.<\/li>\n<\/ul>\n<ul>\n<li style=\"list-style-type: none;\">\n<ul>\n<li><strong>Fonturi web<\/strong>: Integra\u021bi fonturi moderne care v\u0103 \u00eembun\u0103t\u0103\u021besc designul web, f\u0103r\u0103 a v\u0103 face griji cu privire la problemele de licen\u021biere.<\/li>\n<li><strong>Op\u021biuni de export<\/strong>: Optimiza\u021bi-v\u0103 desenele pentru web prin exportul \u00een formate precum SVG, PNG \u0219i JPEG.<\/li>\n<\/ul>\n<\/li>\n<\/ul>\n<ul>\n<li><strong>Caracteristici cloud \u0219i de colaborare: <\/strong>CorelDRAW Graphics Suite 2022 ofer\u0103 func\u021bionalit\u0103\u021bi bazate pe cloud, ceea ce faciliteaz\u0103 partajarea proiectelor dvs. cu colegii \u0219i clien\u021bii. Cu CorelDRAW Cloud, v\u0103 pute\u021bi salva desenele \u0219i le pute\u021bi accesa de oriunde, asigur\u00e2ndu-v\u0103 c\u0103 sunte\u021bi \u00eentotdeauna conectat la munca dvs.<\/li>\n<\/ul>\n<ul>\n<li style=\"list-style-type: none;\">\n<ul>\n<li><strong>CorelDRAW Cloud<\/strong>: Sincroniza\u021bi desenele pe mai multe dispozitive pentru o colaborare f\u0103r\u0103 \u00eentreruperi.<\/li>\n<li><strong>Colaborare \u00een timp real<\/strong>: \u00cemp\u0103rt\u0103\u0219i\u021bi munca dvs. \u0219i ob\u021bine\u021bi feedback \u00een timp real cu membrii echipei sau cu clien\u021bii.<\/li>\n<\/ul>\n<\/li>\n<\/ul>\n<p>&nbsp;<\/p>\n<h3>Beneficiile suitei grafice CorelDRAW 2022<\/h3>\n<p>\u00cen compara\u021bie cu software-ul de design grafic mai vechi \u0219i mai nou, CorelDRAW Graphics Suite 2022 iese \u00een eviden\u021b\u0103 datorit\u0103 combina\u021biei sale de instrumente intuitive, capacit\u0103\u021bi puternice \u0219i interfa\u021b\u0103 u\u0219or de utilizat. Iat\u0103 o defalcare rapid\u0103 a beneficiilor sale:<\/p>\n<ul>\n<li><strong>U\u0219urin\u021ba de utilizare: <\/strong>CorelDRAW Graphics Suite 2022 ofer\u0103 o interfa\u021b\u0103 intuitiv\u0103 care este u\u0219or de navigat, ceea ce \u00eel face o alegere excelent\u0103 at\u00e2t pentru \u00eencep\u0103tori, c\u00e2t \u0219i pentru designerii experimenta\u021bi. Software-ul ofer\u0103 spa\u021bii de lucru personalizabile, permi\u021b\u00e2nd utilizatorilor s\u0103 adapteze interfa\u021ba la preferin\u021bele lor personale.<\/li>\n<li><strong>Accesibilitate: <\/strong>CorelDRAW Graphics Suite 2022 ofer\u0103 o structur\u0103 de pre\u021buri mai accesibil\u0103 \u00een compara\u021bie cu alte software-uri de design grafic similare, cu o licen\u021b\u0103 digital\u0103 care ofer\u0103 acces pe via\u021b\u0103 la software. Acest lucru elimin\u0103 necesitatea pl\u0103\u021bii continue a abonamentelor, oferind utilizatorilor economii pe termen lung.<\/li>\n<li><strong>Disponibilitate multiplatform\u0103: <\/strong>De\u0219i CorelDRAW Graphics Suite 2022 este disponibil exclusiv pentru macOS, capacit\u0103\u021bile sale puternice \u00eel fac un concurent de top \u00een lumea designului. Pentru utilizatorii care au nevoie de o solu\u021bie mai tehnic\u0103, CorelDRAW Technical Suite 2024, o versiune mai nou\u0103 pentru Windows, ofer\u0103 caracteristici tehnice de design \u00eembun\u0103t\u0103\u021bite.<\/li>\n<li><strong>Recunoa\u0219tere \u00een industrie: <\/strong>CorelDRAW este un instrument de proiectare de top de ani de zile. Este recunoscut pentru instrumentele sale de nivel profesional \u0219i pentru capacitatea sa de a gestiona proiecte de orice amploare, de la desene simple la ilustra\u021bii extrem de detaliate.<\/li>\n<\/ul>\n<p>&nbsp;<\/p>\n<h3>Cerin\u021be de sistem v (numai pentru MAC)<\/h3>\n<p>\u00cenainte de a achizi\u021biona CorelDRAW Graphics Suite 2022, este important s\u0103 v\u0103 asigura\u021bi c\u0103 sistemul dvs. macOS \u00eendepline\u0219te cerin\u021bele necesare. Mai jos sunt specifica\u021biile minime \u0219i recomandate ale sistemului:<\/p>\n<table width=\"100%\">\n<thead>\n<tr>\n<td width=\"15%\"><\/td>\n<td width=\"41%\"><strong>Cerin\u021be minime<\/strong><\/td>\n<td width=\"41%\"><strong>Cerin\u021be recomandate<\/strong><\/td>\n<\/tr>\n<\/thead>\n<tbody>\n<tr>\n<td width=\"15%\"><strong><em>Sistem de operare<\/em><\/strong><\/td>\n<td width=\"41%\">macOS 10.14 sau superior<\/td>\n<td width=\"41%\">macOS 11 sau superior<\/td>\n<\/tr>\n<tr>\n<td width=\"15%\"><strong><em>Procesor<\/em><\/strong><\/td>\n<td width=\"41%\">Intel Core i3 sau superior<\/td>\n<td width=\"41%\">Intel Core i5 sau superior<\/td>\n<\/tr>\n<tr>\n<td width=\"15%\"><strong><em>RAM<\/em><\/strong><\/td>\n<td width=\"41%\">4 GB RAM<\/td>\n<td width=\"41%\">8 GB RAM sau mai mare<\/td>\n<\/tr>\n<tr>\n<td width=\"15%\"><strong><em>Depozitare<\/em><\/strong><\/td>\n<td width=\"41%\">4 GB de spa\u021biu disponibil pe hard disk<\/td>\n<td width=\"41%\">10 GB de spa\u021biu disponibil pe hard disk<\/td>\n<\/tr>\n<tr>\n<td width=\"15%\"><strong><em>Grafic\u0103<\/em><\/strong><\/td>\n<td width=\"41%\">128 MB de memorie grafic\u0103<\/td>\n<td width=\"41%\">2 GB de memorie grafic\u0103 sau mai mare<\/td>\n<\/tr>\n<tr>\n<td width=\"15%\"><strong><em>Afi\u0219aj<\/em><\/strong><\/td>\n<td width=\"41%\">Rezolu\u021bie ecran 1280 x 720<\/td>\n<td width=\"41%\">Rezolu\u021bie ecran 1920 x 1080<\/td>\n<\/tr>\n<tr>\n<td width=\"15%\"><strong><em>Internet<\/em><\/strong><\/td>\n<td width=\"41%\">Conexiune la internet necesar\u0103 pentru activare \u0219i actualiz\u0103ri<\/td>\n<td width=\"41%\">Conexiune la internet necesar\u0103 pentru activare \u0219i actualiz\u0103ri<\/td>\n<\/tr>\n<\/tbody>\n<\/table>\n<p>&nbsp;<\/p>\n<h3>De ce s\u0103 alege\u021bi CorelDRAW Graphics Suite 2022?<\/h3>\n<p>CorelDRAW Graphics Suite 2022 ofer\u0103 versatilitate de neegalat, caracteristici puternice \u0219i u\u0219urin\u021b\u0103 de utilizare pentru designeri de toate nivelurile. Suita sa cuprinz\u0103toare de instrumente v\u0103 permite s\u0103 aborda\u021bi diverse proiecte de design, de la ilustra\u021bii vectoriale la editare foto \u0219i design web. Indiferent dac\u0103 dori\u021bi s\u0103 v\u0103 \u00eembun\u0103t\u0103\u021bi\u021bi capacit\u0103\u021bile creative sau s\u0103 v\u0103 eficientiza\u021bi fluxul de lucru, CorelDRAW Graphics Suite 2022 v\u0103 ofer\u0103 tot ce ave\u021bi nevoie pentru a crea proiecte de calitate profesional\u0103. Cu avantajul suplimentar al unei licen\u021be digitale, ob\u021bine\u021bi acces pe via\u021b\u0103 la acest software puternic, f\u0103r\u0103 s\u0103 v\u0103 face\u021bi griji cu privire la taxele de abonament.<\/p>\n<p>Dac\u0103 sunte\u021bi interesat de caracteristici mai avansate, a\u021bi putea dori s\u0103 explora\u021bi <a href=\"\/ro\/produs\/coreldraw-graphics-suite-2024-cc-key-for-macos\/\">CorelDRAW Graphics Suite 2024<\/a>, care ofer\u0103 instrumente \u0219i actualiz\u0103ri suplimentare. Alternativ, pentru o solu\u021bie de design mai tehnic\u0103, consulta\u021bi <a href=\"\/ro\/produs\/coreldraw-standard-2021-digital-license\/\">CorelDRAW Standard 2021 <\/a>pentru utilizatorii Windows. Pentru mai multe informa\u021bii despre CorelDRAW Graphics Suite 2022, nu uita\u021bi s\u0103 <a href=\"https:\/\/kb.corel.com\/en\/128880\">vizita\u021bi site-ul oficial al Corel <\/a>pentru specifica\u021bii detaliate \u0219i resurse de asisten\u021b\u0103.<\/p>\n<p>Face\u021bi o alegere inteligent\u0103 ast\u0103zi \u0219i \u00eembun\u0103t\u0103\u021bi\u021bi-v\u0103 proiectele de design cu CorelDRAW Graphics Suite 2022.<\/p>\n<p>&nbsp;<\/p>\n<h3>INFORMA\u021aII IMPORTANTE<\/h3>\n<p><em>Acest produs este o <strong>cheie de licen\u021b\u0103 <\/strong>pentru a v\u0103 activa software-ul. Cheia de licen\u021b\u0103 va fi trimis\u0103 prin e-mail <strong>\u00een termen de 24 de ore<\/strong>. Nu v\u0103 va fi trimis niciun produs fizic.<\/em><\/p>","protected":false},"excerpt":{"rendered":"<ul>\n<li data-start=\"149\" data-end=\"221\">\n<p data-start=\"151\" data-end=\"221\">\ud83c\udfa8 <strong data-start=\"154\" data-end=\"185\">Licen\u021b\u0103 digital\u0103 permanent\u0103<\/strong> \u2013 o singur\u0103 plat\u0103, f\u0103r\u0103 abonament<\/p>\n<\/li>\n<li data-start=\"222\" data-end=\"274\">\n<p data-start=\"224\" data-end=\"274\">\ud83d\udce9 <strong data-start=\"227\" data-end=\"272\">Livrare rapid\u0103 prin e-mail \u00een 1-24 de ore<\/strong><\/p>\n<\/li>\n<li data-start=\"275\" data-end=\"343\">\n<p data-start=\"277\" data-end=\"343\">\ud83d\udcbb <strong data-start=\"280\" data-end=\"300\">Instalare simpl\u0103<\/strong> pe un singur dispozitiv, activare online<\/p>\n<\/li>\n<li data-start=\"344\" data-end=\"423\">\n<p data-start=\"346\" data-end=\"423\">\ud83d\udd8c\ufe0f Include aplica\u021biile de baz\u0103: CorelDRAW Standard \u0219i PHOTO-PAINT Standard<\/p>\n<\/li>\n<li data-start=\"424\" data-end=\"502\">\n<p data-start=\"426\" data-end=\"502\">\ud83d\udcc1 Ideal pentru design grafic, materiale promo\u021bionale, afi\u0219e \u0219i ilustra\u021bii<\/p>\n<\/li>\n<li data-start=\"503\" data-end=\"576\">\n<p data-start=\"505\" data-end=\"576\">\ud83e\uddf0 Interfa\u021b\u0103 prietenoas\u0103, perfect\u0103 pentru freelanceri \u0219i afaceri mici<\/p>\n<\/li>\n<li data-start=\"577\" data-end=\"627\">\n<p data-start=\"579\" data-end=\"627\">\ud83d\udda5\ufe0f Compatibil cu <strong data-start=\"597\" data-end=\"625\">Windows 10 \u0219i Windows 11<\/strong><\/p>\n<\/li>\n<li data-start=\"628\" data-end=\"714\">\n<p data-start=\"630\" data-end=\"714\">\ud83d\uddbc\ufe0f Suport pentru grafic\u0103 vectorial\u0103, layout \u0219i editare foto \u00eentr-un singur pachet<\/p>\n<\/li>\n<\/ul>","protected":false},"featured_media":1375,"comment_status":"closed","ping_status":"closed","template":"","meta":[],"product_brand":[],"product_cat":[34],"product_tag":[],"class_list":{"0":"post-1352","1":"product","2":"type-product","3":"status-publish","4":"has-post-thumbnail","6":"product_cat-graphical","8":"first","9":"instock","10":"sale","11":"virtual","12":"purchasable","13":"product-type-simple"},"_links":{"self":[{"href":"https:\/\/softlite.ro\/ro\/wp-json\/wp\/v2\/product\/1352","targetHints":{"allow":["GET"]}}],"collection":[{"href":"https:\/\/softlite.ro\/ro\/wp-json\/wp\/v2\/product"}],"about":[{"href":"https:\/\/softlite.ro\/ro\/wp-json\/wp\/v2\/types\/product"}],"replies":[{"embeddable":true,"href":"https:\/\/softlite.ro\/ro\/wp-json\/wp\/v2\/comments?post=1352"}],"wp:featuredmedia":[{"embeddable":true,"href":"https:\/\/softlite.ro\/ro\/wp-json\/wp\/v2\/media\/1375"}],"wp:attachment":[{"href":"https:\/\/softlite.ro\/ro\/wp-json\/wp\/v2\/media?parent=1352"}],"wp:term":[{"taxonomy":"product_brand","embeddable":true,"href":"https:\/\/softlite.ro\/ro\/wp-json\/wp\/v2\/product_brand?post=1352"},{"taxonomy":"product_cat","embeddable":true,"href":"https:\/\/softlite.ro\/ro\/wp-json\/wp\/v2\/product_cat?post=1352"},{"taxonomy":"product_tag","embeddable":true,"href":"https:\/\/softlite.ro\/ro\/wp-json\/wp\/v2\/product_tag?post=1352"}],"curies":[{"name":"wp","href":"https:\/\/api.w.org\/{rel}","templated":true}]}}