{"id":1353,"date":"2025-11-22T17:43:50","date_gmt":"2025-11-22T17:43:50","guid":{"rendered":"https:\/\/softlite.ro\/?post_type=product&#038;p=1353"},"modified":"2025-11-22T18:15:22","modified_gmt":"2025-11-22T18:15:22","slug":"coreldraw-graphics-suite-2024-cc-key-macos","status":"publish","type":"product","link":"https:\/\/softlite.ro\/ro\/produs\/coreldraw-graphics-suite-2024-cc-key-macos\/","title":{"rendered":"CorelDRAW Graphics Suite 2024 (CC Key) [MacOS]"},"content":{"rendered":"<h3>Cel mai bun software de design grafic pentru profesioni\u0219ti<\/h3>\n<p>CorelDRAW Graphics Suite 2024 este un software de design grafic puternic, versatil \u0219i inovator care combin\u0103 instrumente \u0219i func\u021bii esen\u021biale pentru a ajuta profesioni\u0219tii s\u0103 creeze imagini uimitoare. Fie c\u0103 sunte\u021bi un designer experimentat sau la \u00eenceput de drum, aceast\u0103 suit\u0103 complet\u0103 are tot ce v\u0103 trebuie pentru a da via\u021b\u0103 ideilor dvs. creative. Cu interfa\u021ba sa u\u0219or de utilizat, caracteristicile avansate \u0219i integrarea perfect\u0103, CorelDRAW Graphics Suite 2024 este conceput pentru a oferi o experien\u021b\u0103 u\u0219oar\u0103 \u0219i eficient\u0103 designerilor grafici pe macOS.<\/p>\n<p>&nbsp;<\/p>\n<h3>Instrumente \u0219i caracteristici cheie ale CorelDRAW Graphics Suite 2024<\/h3>\n<p>CorelDRAW Graphics Suite 2024 vine cu o varietate de instrumente avansate pentru a v\u0103 ajuta s\u0103 crea\u021bi cu u\u0219urin\u021b\u0103 \u0219i precizie. Iat\u0103 o privire mai atent\u0103 la caracteristicile care diferen\u021biaz\u0103 aceast\u0103 versiune:<\/p>\n<ul>\n<li><strong>Ilustra\u021bie vectorial\u0103<\/strong>: CorelDRAW ofer\u0103 instrumente excep\u021bionale pentru ilustra\u021bia vectorial\u0103, ceea ce \u00eel face perfect pentru proiectarea de logo-uri, ilustra\u021bii \u0219i grafic\u0103 detaliat\u0103. Acesta dispune de o suit\u0103 puternic\u0103 de instrumente de desen, inclusiv instrumentul Bezier, instrumente de schi\u021bare cu m\u00e2na liber\u0103 \u0219i instrumente avansate de form\u0103 pentru a crea cu u\u0219urin\u021b\u0103 desene complicate.<\/li>\n<li><strong>Dispunere \u00een pagin\u0103<\/strong>: Cu CorelDRAW Graphics Suite 2024, v\u0103 pute\u021bi aranja cu u\u0219urin\u021b\u0103 desenele pe mai multe pagini. Aceasta include instrumente flexibile pentru crearea de bro\u0219uri, documente cu mai multe pagini, buletine informative \u0219i multe altele. Func\u021biile de aranjare a paginii permit organizarea \u0219i personalizarea eficient\u0103 a lucr\u0103rilor dvs.<\/li>\n<li><strong>Instrumente de tipografie \u0219i text<\/strong>: Aceast\u0103 suit\u0103 ofer\u0103 instrumente avansate de tipografie pentru a v\u0103 ajuta s\u0103 crea\u021bi efecte text uimitoare. Cu editare de text \u00een timp real, suport pentru fonturi de tip deschis \u0219i gestionare interactiv\u0103 a fonturilor, CorelDRAW v\u0103 asigur\u0103 c\u0103 textul dvs. iese \u00een eviden\u021b\u0103.<\/li>\n<li><strong>Editarea imaginilor<\/strong>: Corel PHOTO-PAINT 2024 se integreaz\u0103 perfect cu CorelDRAW, oferind instrumente avansate de editare a imaginilor. Pute\u021bi edita fotografii, elimina imperfec\u021biunile \u0219i aplica filtre pentru a v\u0103 \u00eembun\u0103t\u0103\u021bi desenele. Integrarea dintre cele dou\u0103 aplica\u021bii asigur\u0103 un flux de lucru f\u0103r\u0103 \u00eentreruperi.<\/li>\n<li><strong>Gestionarea culorilor<\/strong>: CorelDRAW Graphics Suite 2024 include instrumente robuste de gestionare a culorilor pentru a v\u0103 asigura c\u0103 culorile sunt precise \u0219i consecvente pe toate dispozitivele. De la RGB la CMYK, pute\u021bi men\u021bine fidelitatea culorilor \u00een toate proiectele dvs.<\/li>\n<li><strong>Instrumente de colaborare<\/strong>: Partaja\u021bi \u0219i colabora\u021bi cu u\u0219urin\u021b\u0103 utiliz\u00e2nd serviciile integrate bazate pe cloud. CorelDRAW permite feedback \u00een timp real, partajarea documentelor \u0219i colaborarea online, ceea ce este perfect pentru echipele care lucreaz\u0103 de la distan\u021b\u0103 sau pentru clien\u021bii care ofer\u0103 feedback.<\/li>\n<li><strong>Compatibilitate puternic\u0103<\/strong>: Software-ul accept\u0103 o gam\u0103 larg\u0103 de formate de fi\u0219iere, facilit\u00e2nd importul, exportul \u0219i lucrul cu tipurile de fi\u0219iere standard din industrie. Fie c\u0103 lucra\u021bi cu fi\u0219iere AI, EPS, PDF sau chiar raster, CorelDRAW ofer\u0103 compatibilitate flexibil\u0103.<\/li>\n<\/ul>\n<p>&nbsp;<\/p>\n<h3>Avantajele CorelDRAW Graphics Suite 2024 comparativ cu solu\u021biile mai vechi \u0219i mai noi<\/h3>\n<p>CorelDRAW Graphics Suite 2024 iese \u00een eviden\u021b\u0103 printre alte software-uri de design grafic datorit\u0103 setului s\u0103u impresionant de func\u021bii, interfe\u021bei intuitive \u0219i inova\u021biei continue. Comparativ cu <strong>CorelDRAW Graphics Suite 2022<\/strong>, versiunea 2024 ofer\u0103 performan\u021be \u00eembun\u0103t\u0103\u021bite \u0219i o experien\u021b\u0103 de utilizare mai rafinat\u0103. Edi\u021bia 2024 include viteze de procesare mai mari, noi instrumente bazate pe inteligen\u021b\u0103 artificial\u0103 \u0219i \u0219abloane suplimentare pentru o finalizare mai rapid\u0103 a proiectelor. \u00cen plus, suport\u0103 cele mai recente caracteristici macOS, asigur\u00e2nd performan\u021b\u0103 \u0219i compatibilitate f\u0103r\u0103 probleme.<\/p>\n<p>\u00cen compara\u021bie cu solu\u021bii mai noi, cum ar fi <strong>CorelDRAW Technical Suite 2024<\/strong>, care este adaptat\u0103 profesioni\u0219tilor din domeniul designului tehnic pe Windows, CorelDRAW Graphics Suite 2024 este conceput\u0103 special pentru creativii axa\u021bi pe design \u0219i branding, oferind o gam\u0103 mai larg\u0103 de instrumente artistice. Este alegerea ideal\u0103 pentru designerii grafici care acord\u0103 prioritate flexibilit\u0103\u021bii, u\u0219urin\u021bei \u00een utilizare \u0219i unui set bogat de caracteristici f\u0103r\u0103 complexitatea designului tehnic.<\/p>\n<p>CorelDRAW Graphics Suite 2024 este, de asemenea, o alternativ\u0103 excelent\u0103 la alte programe de design grafic, precum Adobe Illustrator sau Affinity Designer. Acesta ofer\u0103 pre\u021buri competitive, o op\u021biune de licen\u021b\u0103 digital\u0103 unic\u0103 \u0219i niciun model bazat pe abonament, oferind utilizatorilor o solu\u021bie mai rentabil\u0103. \u00cen plus, instrumentele de proiectare CorelDRAW sunt extrem de personalizabile, oferindu-v\u0103 libertatea de a adapta spa\u021biul de lucru la preferin\u021bele dumneavoastr\u0103 exacte.<\/p>\n<p>&nbsp;<\/p>\n<h3>Cerin\u021be de sistem (numai macOS)<\/h3>\n<p>\u00cenainte de a achizi\u021biona CorelDRAW Graphics Suite 2024, este esen\u021bial s\u0103 v\u0103 asigura\u021bi c\u0103 sistemul dvs. macOS \u00eendepline\u0219te cerin\u021bele minime \u0219i recomandate pentru o performan\u021b\u0103 optim\u0103. Mai jos este un tabel care detaliaz\u0103 cerin\u021bele de sistem:<\/p>\n<table width=\"100%\">\n<thead>\n<tr>\n<td width=\"16%\"><\/td>\n<td width=\"35%\"><strong>Cerin\u021be minime<\/strong><\/td>\n<td width=\"46%\"><strong>Cerin\u021be recomandate<\/strong><\/td>\n<\/tr>\n<\/thead>\n<tbody>\n<tr>\n<td width=\"16%\"><strong><em>Sistem de operare<\/em><\/strong><\/td>\n<td width=\"35%\">macOS 12.0 sau ulterior<\/td>\n<td width=\"46%\">macOS 13.0 sau ulterior<\/td>\n<\/tr>\n<tr>\n<td width=\"16%\"><strong><em>Procesor<\/em><\/strong><\/td>\n<td width=\"35%\">Cip Intel Core i5 sau Apple M1<\/td>\n<td width=\"46%\">Apple M1 Pro\/Max sau Intel Core i7<\/td>\n<\/tr>\n<tr>\n<td width=\"16%\"><strong><em>RAM<\/em><\/strong><\/td>\n<td width=\"35%\">8 GB RAM<\/td>\n<td width=\"46%\">16 GB RAM<\/td>\n<\/tr>\n<tr>\n<td width=\"16%\"><strong><em>Hard disk<\/em><\/strong><\/td>\n<td width=\"35%\">4 GB de spa\u021biu liber pe hard disk<\/td>\n<td width=\"46%\">10 GB de spa\u021biu liber pe hard disk<\/td>\n<\/tr>\n<tr>\n<td width=\"16%\"><strong><em>Grafic\u0103<\/em><\/strong><\/td>\n<td width=\"35%\">GPU integrat cu 2 GB de VRAM<\/td>\n<td width=\"46%\">GPU dedicat cu 4 GB de VRAM<\/td>\n<\/tr>\n<tr>\n<td width=\"16%\"><strong><em>Afi\u0219aj<\/em><\/strong><\/td>\n<td width=\"35%\">Rezolu\u021bie 1280 x 800, scar\u0103 100%<\/td>\n<td width=\"46%\">Rezolu\u021bie 1920 x 1080 sau mai mare, suport pentru ecran Retina<\/td>\n<\/tr>\n<tr>\n<td width=\"16%\"><strong><em>Internet<\/em><\/strong><\/td>\n<td width=\"35%\">Necesar pentru activarea \u0219i actualiz\u0103rile produsului<\/td>\n<td width=\"46%\">Necesar pentru activarea produsului, actualiz\u0103ri \u0219i func\u021bii cloud<\/td>\n<\/tr>\n<\/tbody>\n<\/table>\n<p>CorelDRAW Graphics Suite 2024 este conceput pentru a rula f\u0103r\u0103 probleme pe macOS, cu performan\u021be optimizate pe noile dispozitive Apple Silicon. Software-ul ofer\u0103 capabilit\u0103\u021bi puternice care cu siguran\u021b\u0103 vor satisface nevoile oric\u0103rui designer grafic, de la arti\u0219ti independen\u021bi la echipe mari.<\/p>\n<p>&nbsp;<\/p>\n<h3>De ce s\u0103 alege\u021bi CorelDRAW Graphics Suite 2024?<\/h3>\n<p>CorelDRAW Graphics Suite 2024 este o alegere excelent\u0103 pentru oricine caut\u0103 un instrument de design grafic profesional, all-in-one. Func\u021biile sale puternice, u\u0219urin\u021ba \u00een utilizare \u0219i licen\u021ba digital\u0103 rentabil\u0103 o fac un instrument indispensabil at\u00e2t pentru designerii noi, c\u00e2t \u0219i pentru cei experimenta\u021bi. \u00cen compara\u021bie cu versiunile mai vechi, cum ar fi <a href=\"\/ro\/produs\/coreldraw-graphics-suite-2022-cc-key-for-macos\/\">CorelDRAW Graphics Suite 2022 <\/a>sau cu solu\u021bii alternative precum <a href=\"\/ro\/produs\/coreldraw-technical-suite-2024-digital-license\/\">CorelDRAW Technical Suite 2024 <\/a>(conceput\u0103 pentru utilizatorii Windows), CorelDRAW Graphics Suite 2024 ofer\u0103 performan\u021be mai bune, instrumente \u00eembun\u0103t\u0103\u021bite \u0219i o versatilitate mai mare.<\/p>\n<p>Combina\u021bia de instrumente de proiectare puternice, caracteristici u\u0219or de utilizat \u0219i posibilitatea de a achizi\u021biona o licen\u021b\u0103 digital\u0103 f\u0103r\u0103 un abonament periodic face din CorelDRAW Graphics Suite 2024 o alegere de top pentru profesioni\u0219tii care doresc s\u0103 r\u0103m\u00e2n\u0103 \u00een frunte \u00een industria de proiectare \u00een ritm rapid.<\/p>\n<p>Pentru mai multe informa\u021bii despre caracteristici \u0219i specifica\u021bii tehnice, nu uita\u021bi s\u0103 <a href=\"https:\/\/learn.corel.com\/tutorials\/whats-new-in-coreldraw-graphics-suite\/\">consulta\u021bi resursele oficiale Corel<\/a>.<\/p>\n<p>Cu valoarea sa excep\u021bional\u0103 \u0219i instrumentele inovatoare, CorelDRAW Graphics Suite 2024 este o investi\u021bie \u00een\u021beleapt\u0103 pentru oricine se ocup\u0103 serios de design grafic.<\/p>\n<p>&nbsp;<\/p>\n<h3>IMPORTANT INFORMATION<\/h3>\n<p><em>Acest produs este o <strong>cheie de licen\u021b\u0103 <\/strong>pentru a v\u0103 activa software-ul. Cheia de licen\u021b\u0103 va fi trimis\u0103 prin e-mail <strong>\u00een termen de 24 de ore<\/strong>. Nu v\u0103 va fi trimis niciun produs fizic.<\/em><\/p>","protected":false},"excerpt":{"rendered":"<ul>\n<li data-start=\"117\" data-end=\"189\">\n<p data-start=\"119\" data-end=\"189\">\ud83c\udfa8 <strong data-start=\"122\" data-end=\"153\">Licen\u021b\u0103 digital\u0103 permanent\u0103<\/strong> \u2013 f\u0103r\u0103 abonament, activare online<\/p>\n<\/li>\n<li data-start=\"190\" data-end=\"242\">\n<p data-start=\"192\" data-end=\"242\">\ud83d\udce9 <strong data-start=\"195\" data-end=\"240\">Livrare rapid\u0103 prin e-mail \u00een 1-24 de ore<\/strong><\/p>\n<\/li>\n<li data-start=\"243\" data-end=\"314\">\n<p data-start=\"245\" data-end=\"314\">\ud83d\udcbe <strong data-start=\"248\" data-end=\"291\">Instalare unic\u0103 pe un singur dispozitiv<\/strong> \u2013 simplu \u0219i eficient<\/p>\n<\/li>\n<li data-start=\"315\" data-end=\"393\">\n<p data-start=\"317\" data-end=\"393\">\ud83d\udd8c\ufe0f Include aplica\u021bii esen\u021biale: CorelDRAW, PHOTO-PAINT, Font Manager etc.<\/p>\n<\/li>\n<li data-start=\"394\" data-end=\"474\">\n<p data-start=\"396\" data-end=\"474\">\ud83e\udde0 Func\u021bii inteligente de design asistat de AI pentru productivitate sporit\u0103<\/p>\n<\/li>\n<li data-start=\"475\" data-end=\"557\">\n<p data-start=\"477\" data-end=\"557\">\ud83d\uddbc\ufe0f Suport complet pentru design vectorial, editare foto \u0219i layout profesional<\/p>\n<\/li>\n<li data-start=\"558\" data-end=\"607\">\n<p data-start=\"560\" data-end=\"607\">\ud83e\ude9f Compatibil cu <strong data-start=\"577\" data-end=\"605\">Windows 10 \u0219i Windows 11<\/strong><\/p>\n<\/li>\n<li data-start=\"608\" data-end=\"691\">\n<p data-start=\"610\" data-end=\"691\">\ud83e\uddd1\u200d\ud83c\udfa8 Ideal pentru graficieni, ilustratori, designeri de ambalaje \u0219i tipografii<\/p>\n<\/li>\n<\/ul>","protected":false},"featured_media":1376,"comment_status":"closed","ping_status":"closed","template":"","meta":[],"product_brand":[],"product_cat":[34],"product_tag":[],"class_list":{"0":"post-1353","1":"product","2":"type-product","3":"status-publish","4":"has-post-thumbnail","6":"product_cat-graphical","8":"first","9":"instock","10":"sale","11":"virtual","12":"purchasable","13":"product-type-simple"},"_links":{"self":[{"href":"https:\/\/softlite.ro\/ro\/wp-json\/wp\/v2\/product\/1353","targetHints":{"allow":["GET"]}}],"collection":[{"href":"https:\/\/softlite.ro\/ro\/wp-json\/wp\/v2\/product"}],"about":[{"href":"https:\/\/softlite.ro\/ro\/wp-json\/wp\/v2\/types\/product"}],"replies":[{"embeddable":true,"href":"https:\/\/softlite.ro\/ro\/wp-json\/wp\/v2\/comments?post=1353"}],"wp:featuredmedia":[{"embeddable":true,"href":"https:\/\/softlite.ro\/ro\/wp-json\/wp\/v2\/media\/1376"}],"wp:attachment":[{"href":"https:\/\/softlite.ro\/ro\/wp-json\/wp\/v2\/media?parent=1353"}],"wp:term":[{"taxonomy":"product_brand","embeddable":true,"href":"https:\/\/softlite.ro\/ro\/wp-json\/wp\/v2\/product_brand?post=1353"},{"taxonomy":"product_cat","embeddable":true,"href":"https:\/\/softlite.ro\/ro\/wp-json\/wp\/v2\/product_cat?post=1353"},{"taxonomy":"product_tag","embeddable":true,"href":"https:\/\/softlite.ro\/ro\/wp-json\/wp\/v2\/product_tag?post=1353"}],"curies":[{"name":"wp","href":"https:\/\/api.w.org\/{rel}","templated":true}]}}