{"id":1379,"date":"2025-11-22T17:44:00","date_gmt":"2025-11-22T17:44:00","guid":{"rendered":"https:\/\/softlite.ro\/?post_type=product&#038;p=1379"},"modified":"2025-11-22T18:20:24","modified_gmt":"2025-11-22T18:20:24","slug":"coreldraw-technical-suite-2024","status":"publish","type":"product","link":"https:\/\/softlite.ro\/ro\/produs\/coreldraw-technical-suite-2024\/","title":{"rendered":"CorelDRAW Technical Suite 2024"},"content":{"rendered":"<h3>O solu\u021bie complet\u0103 pentru lucr\u0103ri de design profesionale<\/h3>\n<p>CorelDRAW Technical Suite 2024 este cea mai recent\u0103 versiune a software-ului de top adaptat pentru profesioni\u0219tii din domeniul proiect\u0103rii tehnice. Oferind instrumente avansate \u0219i o interfa\u021b\u0103 intuitiv\u0103, aceast\u0103 suit\u0103 este conceput\u0103 pentru utilizatorii din domenii precum inginerie, arhitectur\u0103 \u0219i produc\u021bie. Cu un set cuprinz\u0103tor de caracteristici, CorelDRAW Technical Suite 2024 se remarc\u0103 ca fiind solu\u021bia ideal\u0103 pentru crearea ilustra\u021biilor \u0219i diagramelor tehnice detaliate. Software-ul ofer\u0103 precizie \u0219i personalizare de neegalat, devenind un instrument vital pentru profesioni\u0219tii care doresc s\u0103 \u00ee\u0219i \u00eembun\u0103t\u0103\u021beasc\u0103 proiectele de design tehnic.<\/p>\n<p>&nbsp;<\/p>\n<h3>Instrumente \u0219i caracteristici puternice ale CorelDRAW Technical Suite 2024<\/h3>\n<p>CorelDRAW Technical Suite 2024 aduce o serie de instrumente \u0219i caracteristici puternice care fac designul tehnic mai u\u0219or, mai eficient \u0219i mai precis. Suita include CorelDRAW, Corel DESIGNER \u0219i Corel PHOTO-PAINT, fiecare optimizat pentru diverse nevoi de proiectare.<\/p>\n<p><strong>CorelDRAW <\/strong>ofer\u0103 instrumente robuste de ilustrare vectorial\u0103, \u00een timp ce <strong>Corel DESIGNER <\/strong>ofer\u0103 caracteristici specializate pentru crearea de desene tehnice detaliate, cum ar fi scheme, diagrame \u0219i desene tehnice. <strong>Corel PHOTO-PAINT <\/strong>permite editarea \u0219i retu\u0219area imaginilor de \u00eenalt\u0103 calitate, asigur\u00e2ndu-se c\u0103 fiecare design este \u0219lefuit \u0219i profesional. Principalele caracteristici ale CorelDRAW Technical Suite 2024 includ:<\/p>\n<ul>\n<li><strong>Instrumente de precizie:<\/strong> Instrumente avansate de m\u0103surare \u0219i aliniere pentru pozi\u021bionare \u0219i scar\u0103 exacte.<\/li>\n<li><strong>Instrumente 3D \u00eembun\u0103t\u0103\u021bite:<\/strong> Crea\u021bi modele \u0219i rand\u0103ri 3D uimitoare care dau via\u021b\u0103 proiectelor tehnice.<\/li>\n<li><strong>Compatibilitate cuprinz\u0103toare a fi\u0219ierelor:<\/strong> Suport\u0103 o gam\u0103 larg\u0103 de formate de fi\u0219iere, inclusiv fi\u0219iere CAD, facilit\u00e2nd colaborarea cu al\u021bi profesioni\u0219ti sau departamente.<\/li>\n<li><strong>Suport multi-pagin\u0103:<\/strong> Gestiona\u021bi cu u\u0219urin\u021b\u0103 proiecte complexe, cu mai multe pagini.<\/li>\n<li><strong>Integrare multiplatform\u0103: <\/strong>Integrare perfect\u0103 cu alte produse Corel, cum <a href=\"\/ro\/produs\/coreldraw-graphics-suite-2024-cc-key-for-macos\/\">ar fi CorelDRAW Graphics Suite 2024 <\/a>pentru MAC sau <a href=\"\/ro\/produs\/coreldraw-standard-2021-digital-license\/\">CorelDRAW Standard 2021 <\/a>pentru un flux de lucru \u00eembun\u0103t\u0103\u021bit (consulta\u021bi linkurile c\u0103tre aceste produse pentru mai multe detalii).<\/li>\n<li><strong>Op\u021biuni detaliate de export:<\/strong> Exporta\u021bi fi\u0219iere \u00een diferite formate pentru partajare \u0219i colaborare u\u0219oar\u0103, inclusiv PDF, SVG \u0219i DXF.<\/li>\n<\/ul>\n<p>Includerea acestor instrumente face din CorelDRAW Technical Suite 2024 o solu\u021bie complet\u0103 pentru proiectarea tehnic\u0103. Fie c\u0103 crea\u021bi scheme tehnice detaliate sau ilustra\u021bii tehnice sofisticate, aceast\u0103 suit\u0103 ofer\u0103 instrumentele necesare pentru fiecare sarcin\u0103.<\/p>\n<p>&nbsp;<\/p>\n<h3>Principalele beneficii ale CorelDRAW Technical Suite 2024<\/h3>\n<p>Atunci c\u00e2nd se compar\u0103 CorelDRAW Technical Suite 2024 cu alte solu\u021bii de proiectare, devine evident c\u0103 aceasta dep\u0103\u0219e\u0219te mul\u021bi dintre concuren\u021bii s\u0103i. \u00cen timp ce versiunile mai vechi de CorelDRAW, cum ar fi <strong>CorelDRAW Standard 2021<\/strong>, pot fi suficiente pentru nevoile de proiectare de baz\u0103, acestea nu dispun de caracteristicile specializate \u0219i func\u021bionalitatea avansat\u0103 pe care le g\u0103se\u0219te versiunea 2024.<\/p>\n<p>Comparativ cu instrumentele de proiectare mai noi, CorelDRAW Technical Suite 2024 ofer\u0103 mai multe avantaje:<\/p>\n<ul>\n<li><strong>Conceput pentru design tehnic:<\/strong> Spre deosebire de software-ul general de design grafic, CorelDRAW Technical Suite 2024 este special creat pentru ilustra\u021bia tehnic\u0103. Ofer\u0103 instrumente \u0219i caracteristici care r\u0103spund cerin\u021belor unice ale desenului tehnic, cum ar fi alinierea de precizie, compatibilitatea avansat\u0103 a fi\u0219ierelor \u0219i \u0219abloanele specializate.<\/li>\n<li><strong>Eficien\u021b\u0103 care economise\u0219te timp:<\/strong> Caracteristicile simplificate ale fluxului de lucru ale suitei economisesc timp pre\u021bios, permi\u021b\u00e2nd designerilor s\u0103 lucreze mai rapid f\u0103r\u0103 a sacrifica calitatea. Instrumente precum stiluri de obiect, pagini principale \u0219i o bibliotec\u0103 de con\u021binut puternic\u0103 accelereaz\u0103 sarcinile repetitive, ceea ce este esen\u021bial pentru profesioni\u0219tii care gestioneaz\u0103 proiecte mari.<\/li>\n<li><strong>Suport cuprinz\u0103tor pentru standardele de design tehnic:<\/strong> CorelDRAW Technical Suite 2024 ader\u0103 la standardele interna\u021bionale de ilustra\u021bie tehnic\u0103, devenind un instrument de \u00eencredere pentru profesioni\u0219tii care lucreaz\u0103 cu proiecte complexe care necesit\u0103 precizie \u0219i consecven\u021b\u0103.<\/li>\n<\/ul>\n<p>Interfa\u021ba u\u0219or de utilizat a software-ului, combinat\u0103 cu caracteristicile sale robuste, asigur\u0103 c\u0103 at\u00e2t profesioni\u0219tii experimenta\u021bi, c\u00e2t \u0219i utilizatorii noi pot ob\u021bine rezultatele dorite. \u00cen plus, CorelDRAW Technical Suite 2024 suport\u0103 cele mai recente standarde de design digital, asigur\u00e2ndu-se c\u0103 utilizatorii r\u0103m\u00e2n \u00een fruntea curentului.<\/p>\n<p>&nbsp;<\/p>\n<h3>Cerin\u021be de sistem pentru CorelDRAW Technical Suite 2024<\/h3>\n<p>\u00cenainte de a instala CorelDRAW Technical Suite 2024, este important s\u0103 v\u0103 asigura\u021bi c\u0103 sistemul dvs. \u00eendepline\u0219te cerin\u021bele software-ului. Iat\u0103 o defalcare a specifica\u021biilor minime \u0219i recomandate ale sistemului pentru software:<\/p>\n<table width=\"100%\">\n<thead>\n<tr>\n<td width=\"17%\"><strong>Component\u0103<\/strong><\/td>\n<td width=\"36%\"><strong>Cerin\u021be minime<\/strong><\/td>\n<td width=\"44%\"><strong>Cerin\u021be recomandate<\/strong><\/td>\n<\/tr>\n<\/thead>\n<tbody>\n<tr>\n<td width=\"17%\"><strong>Sistem de operare<\/strong><\/td>\n<td width=\"36%\">Windows 10 (pe 64 de bi\u021bi) sau o versiune superioar\u0103<\/td>\n<td width=\"44%\">Windows 11 (pe 64 de bi\u021bi) sau versiune superioar\u0103<\/td>\n<\/tr>\n<tr>\n<td width=\"17%\"><strong>Procesor<\/strong><\/td>\n<td width=\"36%\">Procesor Intel sau AMD multi-core, 2.0 GHz<\/td>\n<td width=\"44%\">Procesor Intel sau AMD multi-core, 3.0 GHz+<\/td>\n<\/tr>\n<tr>\n<td width=\"17%\"><strong>RAM<\/strong><\/td>\n<td width=\"36%\">8 GB<\/td>\n<td width=\"44%\">16 GB sau mai mare<\/td>\n<\/tr>\n<tr>\n<td width=\"17%\"><strong>Hard disk<\/strong><\/td>\n<td width=\"36%\">5 GB de spa\u021biu disponibil pe hard-disk<\/td>\n<td width=\"44%\">SSD cu 10 GB de spa\u021biu disponibil<\/td>\n<\/tr>\n<tr>\n<td width=\"17%\"><strong>Grafic\u0103<\/strong><\/td>\n<td width=\"36%\">Plac\u0103 grafic\u0103 VGA de 128 MB<\/td>\n<td width=\"44%\">Plac\u0103 grafic\u0103 de 1 GB sau mai mare cu suport DirectX 12<\/td>\n<\/tr>\n<tr>\n<td width=\"17%\"><strong>Afi\u0219aj<\/strong><\/td>\n<td width=\"36%\">Rezolu\u021bie de 1280 x 800 sau mai mare<\/td>\n<td width=\"44%\">Rezolu\u021bie 1920 x 1080 sau mai mare<\/td>\n<\/tr>\n<tr>\n<td width=\"17%\"><strong>Licen\u021b\u0103 digital\u0103<\/strong><\/td>\n<td width=\"36%\">Necesar pentru instalare<\/td>\n<td width=\"44%\">Necesar pentru instalare<\/td>\n<\/tr>\n<tr>\n<td width=\"17%\"><strong>Internet<\/strong><\/td>\n<td width=\"36%\">Conexiune la internet necesar\u0103 pentru activare<\/td>\n<td width=\"44%\">Conexiune la internet necesar\u0103 pentru activare<\/td>\n<\/tr>\n<\/tbody>\n<\/table>\n<p>Dup\u0103 cum pute\u021bi vedea, cerin\u021bele minime v\u0103 permit s\u0103 rula\u021bi CorelDRAW Technical Suite 2024, dar pentru cea mai bun\u0103 performan\u021b\u0103, \u00een special atunci c\u00e2nd manipula\u021bi ilustra\u021bii tehnice complexe, este recomandat s\u0103 \u00eendeplini\u021bi sau s\u0103 dep\u0103\u0219i\u021bi specifica\u021biile superioare.<\/p>\n<p>&nbsp;<\/p>\n<h3>De ce s\u0103 alege\u021bi CorelDRAW Technical Suite 2024?<\/h3>\n<p>Investi\u021bia \u00een CorelDRAW Technical Suite 2024 ofer\u0103 numeroase avantaje care o fac un instrument valoros pentru orice profesionist din domeniul proiect\u0103rii tehnice. De la instrumente de precizie \u00eembun\u0103t\u0103\u021bite \u0219i func\u021bii specializate p\u00e2n\u0103 la integrarea \u00eentre platforme \u0219i compatibilitatea robust\u0103 a fi\u0219ierelor, CorelDRAW Technical Suite 2024 ofer\u0103 tot ce are nevoie un designer pentru a r\u0103m\u00e2ne productiv \u0219i eficient.<\/p>\n<p>Cu interfa\u021ba sa u\u0219or de utilizat \u0219i o gam\u0103 larg\u0103 de instrumente, aceast\u0103 suit\u0103 permite profesioni\u0219tilor s\u0103 creeze ilustra\u021bii tehnice cu mai mult\u0103 u\u0219urin\u021b\u0103 \u0219i precizie. Compatibilitatea sa cu o varietate de formate de fi\u0219iere \u0219i licen\u021be digitale asigur\u0103 integrarea perfect\u0103 \u00een orice flux de lucru de proiectare. Fie c\u0103 sunte\u021bi un \u00eencep\u0103tor \u00een domeniul designului tehnic sau un profesionist cu experien\u021b\u0103, CorelDRAW Technical Suite 2024 v\u0103 va \u00eembun\u0103t\u0103\u021bi capacit\u0103\u021bile de design \u0219i v\u0103 va accelera productivitatea.<\/p>\n<p>\u00cen concluzie, CorelDRAW Technical Suite 2024 este solu\u021bia ideal\u0103 pentru cei care caut\u0103 o suit\u0103 software all-in-one pentru design tehnic profesional. Oferind instrumente puternice, compatibilitate perfect\u0103 a fi\u0219ierelor \u0219i o interfa\u021b\u0103 u\u0219or de utilizat, se asigur\u0103 c\u0103 ilustra\u021biile dvs. tehnice \u00eendeplinesc cele mai \u00eenalte standarde de acurate\u021be \u0219i precizie. Cu o licen\u021b\u0103 digital\u0103, ob\u021bine\u021bi flexibilitatea de a lucra la proiectele dvs. oric\u00e2nd \u0219i oriunde ave\u021bi nevoie. Nu v\u0103 mul\u021bumi\u021bi cu mai pu\u021bin c\u00e2nd pute\u021bi avea cel mai bun software de design tehnic. Alege\u021bi CorelDRAW Technical Suite 2024 \u0219i duce\u021bi proiectele dvs. la nivelul urm\u0103tor.<\/p>\n<p>Pentru informa\u021bii mai detaliate, pute\u021bi vizita <a href=\"https:\/\/www.coreldraw.com\/en\/product\/technical-suite\/?srsltid=AfmBOortdZFsdmCaoyzrkb9_YvLe-cY3_wJnm6VyIA8X5-nU_b7H3Hib#overview\">site-ul oficial CorelDRAW<\/a>, unde pute\u021bi explora toate caracteristicile \u0219i beneficiile software-ului.<\/p>\n<p>&nbsp;<\/p>\n<h3>INFORMA\u021aII IMPORTANTE<\/h3>\n<p><em>Acest produs este o <strong>cheie de licen\u021b\u0103 <\/strong>pentru a v\u0103 activa software-ul. Cheia de licen\u021b\u0103 va fi trimis\u0103 prin e-mail <strong>\u00een termen de 24 de ore<\/strong>. Nu v\u0103 va fi trimis niciun produs fizic.<\/em><\/p>","protected":false},"excerpt":{"rendered":"<ul data-start=\"122\" data-end=\"712\">\n<li data-start=\"122\" data-end=\"194\">\n<p data-start=\"124\" data-end=\"194\">\ud83d\udee0\ufe0f <strong data-start=\"128\" data-end=\"169\">Licen\u021b\u0103 digital\u0103 complet\u0103, permanent\u0103<\/strong> \u2013 f\u0103r\u0103 abonament lunar<\/p>\n<\/li>\n<li data-start=\"195\" data-end=\"257\">\n<p data-start=\"197\" data-end=\"257\">\ud83d\udce7 <strong data-start=\"200\" data-end=\"238\">Livrare prin e-mail \u00een 1-24 de ore<\/strong> \u2013 rapid \u0219i sigur<\/p>\n<\/li>\n<li data-start=\"258\" data-end=\"326\">\n<p data-start=\"260\" data-end=\"326\">\ud83d\udcbb <strong data-start=\"263\" data-end=\"283\">Instalare u\u0219oar\u0103<\/strong> pe un singur dispozitiv, activare online<\/p>\n<\/li>\n<li data-start=\"327\" data-end=\"410\">\n<p data-start=\"329\" data-end=\"410\">\ud83d\udcd0 Include instrumente tehnice avansate: Corel DESIGNER, CorelDRAW, PHOTO-PAINT<\/p>\n<\/li>\n<li data-start=\"411\" data-end=\"487\">\n<p data-start=\"413\" data-end=\"487\">\ud83e\udde9 Suport pentru formate CAD (DWG, DXF) \u0219i 3D (XVL Studio Corel Edition)<\/p>\n<\/li>\n<li data-start=\"488\" data-end=\"574\">\n<p data-start=\"490\" data-end=\"574\">\ud83c\udfaf Ideal pentru documenta\u021bii tehnice, manuale de utilizare \u0219i ilustra\u021bii detaliate<\/p>\n<\/li>\n<li data-start=\"575\" data-end=\"625\">\n<p data-start=\"577\" data-end=\"625\">\ud83d\udda5\ufe0f Compatibil cu <strong data-start=\"595\" data-end=\"623\">Windows 10 \u0219i Windows 11<\/strong><\/p>\n<\/li>\n<li data-start=\"626\" data-end=\"712\">\n<p data-start=\"628\" data-end=\"712\">\ud83d\udd0d Precizie maxim\u0103 \u00een desenul tehnic, cotare, sec\u021bionare \u0219i perspective isometrice<\/p>\n<\/li>\n<\/ul>","protected":false},"featured_media":1409,"comment_status":"closed","ping_status":"closed","template":"","meta":[],"product_brand":[],"product_cat":[34],"product_tag":[],"class_list":{"0":"post-1379","1":"product","2":"type-product","3":"status-publish","4":"has-post-thumbnail","6":"product_cat-graphical","8":"first","9":"instock","10":"sale","11":"virtual","12":"purchasable","13":"product-type-simple"},"_links":{"self":[{"href":"https:\/\/softlite.ro\/ro\/wp-json\/wp\/v2\/product\/1379","targetHints":{"allow":["GET"]}}],"collection":[{"href":"https:\/\/softlite.ro\/ro\/wp-json\/wp\/v2\/product"}],"about":[{"href":"https:\/\/softlite.ro\/ro\/wp-json\/wp\/v2\/types\/product"}],"replies":[{"embeddable":true,"href":"https:\/\/softlite.ro\/ro\/wp-json\/wp\/v2\/comments?post=1379"}],"wp:featuredmedia":[{"embeddable":true,"href":"https:\/\/softlite.ro\/ro\/wp-json\/wp\/v2\/media\/1409"}],"wp:attachment":[{"href":"https:\/\/softlite.ro\/ro\/wp-json\/wp\/v2\/media?parent=1379"}],"wp:term":[{"taxonomy":"product_brand","embeddable":true,"href":"https:\/\/softlite.ro\/ro\/wp-json\/wp\/v2\/product_brand?post=1379"},{"taxonomy":"product_cat","embeddable":true,"href":"https:\/\/softlite.ro\/ro\/wp-json\/wp\/v2\/product_cat?post=1379"},{"taxonomy":"product_tag","embeddable":true,"href":"https:\/\/softlite.ro\/ro\/wp-json\/wp\/v2\/product_tag?post=1379"}],"curies":[{"name":"wp","href":"https:\/\/api.w.org\/{rel}","templated":true}]}}