{"id":1383,"date":"2025-11-22T17:44:00","date_gmt":"2025-11-22T17:44:00","guid":{"rendered":"https:\/\/softlite.ro\/?post_type=product&#038;p=1383"},"modified":"2025-11-22T17:44:03","modified_gmt":"2025-11-22T17:44:03","slug":"microsoft-visio-2024-professional","status":"publish","type":"product","link":"https:\/\/softlite.ro\/ro\/produs\/microsoft-visio-2024-professional\/","title":{"rendered":"Microsoft Visio 2024 Professional"},"content":{"rendered":"<h3>Cea mai bun\u0103 solu\u021bie de diagramare pentru profesioni\u0219ti<\/h3>\n<p>Microsoft Visio 2024 Professional este cea mai recent\u0103 versiune a gamei puternice de software de diagrame \u0219i grafic\u0103 vectorial\u0103 Visio. Este conceput special pentru profesioni\u0219tii care trebuie s\u0103 creeze diagrame \u0219i diagrame de flux detaliate \u0219i precise. Indiferent dac\u0103 lucra\u021bi \u00een inginerie, arhitectur\u0103, managementul proceselor de afaceri sau IT, Visio 2024 Professional ofer\u0103 o gam\u0103 larg\u0103 de instrumente \u0219i caracteristici care v\u0103 ajut\u0103 s\u0103 proiecta\u021bi diagrame complexe \u0219i s\u0103 v\u0103 comunica\u021bi ideile mai eficient. Cu interfa\u021ba sa intuitiv\u0103, capabilit\u0103\u021bile avansate \u0219i integrarea perfect\u0103 cu alte aplica\u021bii Microsoft Office, Visio 2024 Professional este solu\u021bia ideal\u0103 pentru profesioni\u0219tii care doresc s\u0103 \u00ee\u0219i \u00eembun\u0103t\u0103\u021beasc\u0103 productivitatea \u0219i procesele de proiectare.<\/p>\n<p>&nbsp;<\/p>\n<h3>Instrumente \u0219i caracteristici ale Microsoft Visio 2024 Professional<\/h3>\n<p>Microsoft Visio 2024 Professional ofer\u0103 un set cuprinz\u0103tor de instrumente \u0219i caracteristici pentru a v\u0103 eficientiza procesul de creare a diagramelor. Cu noi \u00eembun\u0103t\u0103\u021biri \u0219i capabilit\u0103\u021bi, Visio faciliteaz\u0103 mai mult ca niciodat\u0103 proiectarea de la diagrame de flux de baz\u0103 la diagrame de re\u021bea complexe.<\/p>\n<ul>\n<li><strong>\u0218abloane \u0219i \u0219abloane<\/strong>: Visio 2024 Professional vine cu o bibliotec\u0103 extins\u0103 de \u0219abloane \u0219i \u0219abloane, facilit\u00e2nd \u00eenceperea imediat\u0103 a cre\u0103rii de diagrame. Aceste \u0219abloane sunt concepute pentru o varietate de industrii \u0219i cazuri de utilizare, inclusiv:<\/li>\n<\/ul>\n<ul>\n<li style=\"list-style-type: none;\">\n<ul>\n<li><strong>Diagrame de flux ale proceselor de afaceri<\/strong><\/li>\n<li><strong>Diagrame organiza\u021bionale<\/strong><\/li>\n<li><strong>Diagrame de re\u021bea \u0219i infrastructur\u0103 IT<\/strong><\/li>\n<li><strong>Diagrame tehnice<\/strong><\/li>\n<li><strong>Planuri \u0219i planificarea spa\u021biului<\/strong><\/li>\n<\/ul>\n<\/li>\n<\/ul>\n<ul>\n<li>Aceste \u0219abloane gata f\u0103cute pot fi personalizate pentru a se potrivi nevoilor dvs. specifice, economisindu-v\u0103 timp pre\u021bios la crearea diagramelor.<\/li>\n<\/ul>\n<ul>\n<li><strong>SmartShapes \u0219i legarea datelor: <\/strong>SmartShapes din Visio 2024 Professional v\u0103 permit s\u0103 glisa\u021bi \u0219i s\u0103 elibera\u021bi elemente \u00een diagrama dvs., care se ajusteaz\u0103 automat \u00een func\u021bie de informa\u021biile introduse. Acest lucru face ca crearea de forme \u0219i structuri complexe s\u0103 fie mai rapid\u0103 \u0219i mai intuitiv\u0103. \u00cen plus, Visio 2024 v\u0103 permite s\u0103 lega\u021bi date din surse externe direct la diagramele dvs., cum ar fi din Excel sau alte baze de date, facilit\u00e2nd vizualizarea informa\u021biilor \u00een timp real.<\/li>\n<li><strong>Colaborare \u0219i integrare \u00een cloud: <\/strong>Una dintre cele mai interesante caracteristici ale Microsoft Visio 2024 Professional este integrarea sa profund\u0103 cu serviciile cloud precum OneDrive \u0219i SharePoint. Acest lucru \u00eenseamn\u0103 c\u0103 pute\u021bi colabora cu echipa dvs. \u00een timp real, indiferent dac\u0103 lucra\u021bi la distan\u021b\u0103 sau la birou. De asemenea, pute\u021bi partaja diagramele dvs. \u00een siguran\u021b\u0103, asigur\u00e2ndu-v\u0103 c\u0103 toate p\u0103r\u021bile interesate au acces la cea mai recent\u0103 versiune a lucr\u0103rii dvs.<\/li>\n<li><strong>Instrumente avansate de creare a diagramelor: <\/strong>Visio 2024 Professional include instrumente avansate pentru crearea de diagrame foarte detaliate \u0219i tehnice, cum ar fi:<\/li>\n<\/ul>\n<ul>\n<li style=\"list-style-type: none;\">\n<ul>\n<li><strong>Stratificare \u0219i grupare<\/strong>: Organiza\u021bi-v\u0103 diagramele \u00een straturi \u0219i grupuri pentru o gestionare mai u\u0219oar\u0103.<\/li>\n<li><strong>Personalizarea formelor<\/strong>: Personaliza\u021bi formele cu text, culoare \u0219i alte op\u021biuni de formatare.<\/li>\n<li><strong>Diagrame bazate pe date<\/strong>: Vizualiza\u021bi \u0219i analiza\u021bi date complexe cu instrumente integrate pentru integrarea \u0219i vizualizarea datelor.<\/li>\n<li><strong>Rapoarte privind formele<\/strong>: Crea\u021bi rapoarte detaliate bazate pe formele \u0219i datele din diagramele dvs.<\/li>\n<\/ul>\n<\/li>\n<\/ul>\n<p>&nbsp;<\/p>\n<h3>Avantajele Visio 2024 Professional \u00een compara\u021bie cu alte solu\u021bii<\/h3>\n<p>Visio 2024 Professional ofer\u0103 mai multe avantaje fa\u021b\u0103 de alte solu\u021bii de diagramare similare sau mai vechi, inclusiv versiuni mai vechi ale Visio, cum ar fi <a href=\"\/ro\/produs\/ms-visio-2021-professional-digital-license\/\">Microsoft Visio 2021 Professional<\/a>. Aceste avantaje \u00eel fac alegerea de top pentru profesioni\u0219tii care caut\u0103 un instrument de diagramare puternic, dar intuitiv.<\/p>\n<ul>\n<li><strong>Performan\u021b\u0103 \u0219i utilitate \u00eembun\u0103t\u0103\u021bite: <\/strong>Visio 2024 Professional aduce \u00eembun\u0103t\u0103\u021biri de performan\u021b\u0103 fa\u021b\u0103 de versiunile anterioare, oferind o redare mai rapid\u0103 \u0219i fluxuri de lucru mai fluide pentru diagrame. Noua interfa\u021b\u0103 utilizator este mai ra\u021bionalizat\u0103, cu bare de instrumente personalizabile \u0219i accesibilitate \u00eembun\u0103t\u0103\u021bit\u0103 pentru utilizatorii cu dizabilit\u0103\u021bi. \u00cen compara\u021bie cu versiunile anterioare, cum ar fi <strong>Microsoft Visio 2021 Professional<\/strong>, Visio 2024 are un design mai intuitiv, fiind mai u\u0219or de navigat \u0219i utilizat.<\/li>\n<li><strong>Integrare perfect\u0103 cu ecosistemul Microsoft: <\/strong>Una dintre caracteristicile remarcabile ale Visio 2024 Professional este integrarea sa cu ecosistemul Microsoft. Indiferent dac\u0103 utiliza\u021bi Microsoft Excel, PowerPoint sau Word, Visio 2024 Professional faciliteaz\u0103 importul, exportul \u0219i partajarea diagramelor \u00eentre diverse aplica\u021bii. Aceast\u0103 integrare \u00eembun\u0103t\u0103\u021be\u0219te productivitatea, deoarece nu trebuie s\u0103 trece\u021bi de la un software la altul pentru a partaja sau a v\u0103 prezenta munca.<\/li>\n<li><strong>Instrumente de colaborare \u00eembun\u0103t\u0103\u021bite: <\/strong>Capacit\u0103\u021bile cloud ale Visio 2024 Professional \u00eembun\u0103t\u0103\u021besc semnificativ colaborarea. Cu posibilitatea de a co-autoriza diagrame \u00een timp real \u0219i de a accesa diagrame prin intermediul web-ului, ofer\u0103 un nivel de flexibilitate \u0219i eficien\u021b\u0103 pe care solu\u021biile mai vechi pur \u0219i simplu nu \u00eel pot egala. Func\u021biile de colaborare din Visio 2024 sunt mai robuste, permi\u021b\u00e2nd utilizatorilor s\u0103 lase comentarii, s\u0103 urm\u0103reasc\u0103 modific\u0103rile \u0219i s\u0103 asigure acurate\u021bea diagramelor pe parcursul procesului de revizuire.<\/li>\n<li><strong>Vizualizare mai bun\u0103 a datelor: <\/strong>Visio 2024 Professional v\u0103 permite s\u0103 crea\u021bi diagrame mai interactive \u0219i mai dinamice prin conectarea datelor direct la formele dvs. Aceast\u0103 caracteristic\u0103 este ideal\u0103 pentru aplica\u021biile IT, de gestionare a re\u021belelor \u0219i de business intelligence, unde abilitatea de a vizualiza date complexe poate duce la luarea unor decizii mai bune. Instrumentele de date \u0219i elementele vizuale \u00eembun\u0103t\u0103\u021bite ale software-ului asigur\u0103 c\u0103 utilizatorii pot crea reprezent\u0103ri vizuale precise \u0219i u\u0219or de \u00een\u021beles ale datelor lor.<\/li>\n<\/ul>\n<p>&nbsp;<\/p>\n<h3>Cerin\u021be de sistem pentru Visio 2024 Pro<\/h3>\n<p>\u00cenainte de a achizi\u021biona Microsoft Visio 2024 Professional, este important s\u0103 v\u0103 asigura\u021bi c\u0103 sistemul dvs. \u00eendepline\u0219te cerin\u021bele necesare pentru o performan\u021b\u0103 f\u0103r\u0103 probleme. Mai jos este prezentat un tabel cu cerin\u021bele minime \u0219i recomandate ale sistemului:<\/p>\n<table width=\"100%\">\n<thead>\n<tr>\n<td width=\"16%\"><\/td>\n<td width=\"39%\"><strong>Minimum<\/strong><\/td>\n<td width=\"42%\"><strong>Recomandate<\/strong><\/td>\n<\/tr>\n<\/thead>\n<tbody>\n<tr>\n<td width=\"16%\"><strong><em>Sistem de operare<\/em><\/strong><\/td>\n<td width=\"39%\">Windows 10 (pe 64 de bi\u021bi) sau ulterior<\/td>\n<td width=\"42%\"><a href=\"\/ro\/produs\/microsoft-windows-11-pro-digital-license\/\">Windows 11 Pro<\/a><\/td>\n<\/tr>\n<tr>\n<td width=\"16%\"><strong><em>Procesor<\/em><\/strong><\/td>\n<td width=\"39%\">Procesor cu 2 nuclee de 1,6 GHz sau mai rapid<\/td>\n<td width=\"42%\">Procesor cu 4 nuclee de 2,5 GHz sau mai rapid<\/td>\n<\/tr>\n<tr>\n<td width=\"16%\"><strong><em>RAM<\/em><\/strong><\/td>\n<td width=\"39%\">4 GB RAM<\/td>\n<td width=\"42%\">8 GB RAM<\/td>\n<\/tr>\n<tr>\n<td width=\"16%\"><strong><em>Hard disk<\/em><\/strong><\/td>\n<td width=\"39%\">4 GB de spa\u021biu disponibil pe disc<\/td>\n<td width=\"42%\">5 GB de spa\u021biu disponibil pe disc<\/td>\n<\/tr>\n<tr>\n<td width=\"16%\"><strong><em>Afi\u0219aj<\/em><\/strong><\/td>\n<td width=\"39%\">Rezolu\u021bie de 1280 x 768 sau mai mare<\/td>\n<td width=\"42%\">Rezolu\u021bie 1920 x 1080 sau mai mare<\/td>\n<\/tr>\n<tr>\n<td width=\"16%\"><strong><em>Grafic\u0103<\/em><\/strong><\/td>\n<td width=\"39%\">DirectX 9 sau ulterior cu driver WDDM 2.0<\/td>\n<td width=\"42%\">Plac\u0103 grafic\u0103 compatibil\u0103 DirectX 12<\/td>\n<\/tr>\n<tr>\n<td width=\"16%\"><strong><em>Internet<\/em><\/strong><\/td>\n<td width=\"39%\">Conexiune la internet necesar\u0103 pentru configurarea licen\u021bei digitale<\/td>\n<td width=\"42%\">Conexiune la internet necesar\u0103 pentru actualiz\u0103ri \u0219i activare<\/td>\n<\/tr>\n<tr>\n<td width=\"16%\"><strong><em>Cont Microsoft<\/em><\/strong><\/td>\n<td width=\"39%\">Necesar pentru activare \u0219i actualiz\u0103ri<\/td>\n<td width=\"42%\">Necesar pentru activare \u0219i actualiz\u0103ri<\/td>\n<\/tr>\n<\/tbody>\n<\/table>\n<p>&nbsp;<\/p>\n<h3>De ce s\u0103 achizi\u021biona\u021bi Microsoft Visio 2024 Professional?<\/h3>\n<p>\u00cen concluzie, Microsoft Visio 2024 Professional este un instrument complet \u0219i puternic care ofer\u0103 caracteristici avansate \u0219i o utilizare \u00eembun\u0103t\u0103\u021bit\u0103 \u00een compara\u021bie cu versiunile anterioare, cum ar fi <strong>Microsoft Visio 2021 Professional<\/strong>. Cu instrumente de colaborare \u00eembun\u0103t\u0103\u021bite, capacit\u0103\u021bi mai bune de vizualizare a datelor \u0219i integrare perfect\u0103 cu alte aplica\u021bii Microsoft, Visio 2024 este solu\u021bia perfect\u0103 pentru profesioni\u0219tii care trebuie s\u0103 creeze diagrame detaliate \u0219i s\u0103 \u00eemp\u0103rt\u0103\u0219easc\u0103 munca lor cu echipele.<\/p>\n<p>Indiferent dac\u0103 proiecta\u021bi sisteme de re\u021bea, fluxuri de procese de afaceri sau organigrame, Visio 2024 Professional v\u0103 ofer\u0103 instrumentele \u0219i caracteristicile necesare pentru a v\u0103 face treaba eficient. \u00cen plus, cu confortul unei licen\u021be digitale, v\u0103 pute\u021bi activa \u0219i accesa software-ul cu u\u0219urin\u021b\u0103. Dac\u0103 sunte\u021bi \u00een c\u0103utarea unei solu\u021bii profesionale de creare de diagrame, Microsoft Visio 2024 Professional este o investi\u021bie care v\u0103 va spori productivitatea \u0219i v\u0103 va ajuta s\u0103 r\u0103m\u00e2ne\u021bi \u00een fa\u021ba concuren\u021bei.<\/p>\n<p>Pentru mai multe informa\u021bii, <a href=\"https:\/\/support.microsoft.com\/en-us\/office\/what-s-new-in-visio-2024-0295be56-187c-4254-9463-1b67dd6e0eb1\">consulta\u021bi site-ul oficial<\/a>.<\/p>\n<p>&nbsp;<\/p>\n<h3>INFORMA\u021aII IMPORTANTE<\/h3>\n<p><em>Acest produs este o <strong>cheie de licen\u021b\u0103 <\/strong>pentru a v\u0103 activa software-ul. Cheia de licen\u021b\u0103 va fi trimis\u0103 prin e-mail <strong>\u00een termen de 24 de ore<\/strong>. Nu v\u0103 va fi trimis niciun produs fizic.<\/em><\/p>","protected":false},"excerpt":{"rendered":"<ul>\n<li>\n<p data-start=\"138\" data-end=\"257\"><br data-start=\"207\" data-end=\"210\" \/>\ud83d\udce9 Livrare prin e-mail \u00een <strong data-start=\"236\" data-end=\"257\">maximum 24 de ore<\/strong><\/p>\n<p data-start=\"259\" data-end=\"609\">\ud83d\udc64 <strong data-start=\"262\" data-end=\"293\">1 utilizator \u2013 1 dispozitiv<\/strong><br data-start=\"293\" data-end=\"296\" \/>\ud83d\udd12 <strong data-start=\"299\" data-end=\"319\">Licen\u021b\u0103 pe via\u021b\u0103<\/strong>, f\u0103r\u0103 abonamente sau pl\u0103\u021bi recurente<br data-start=\"356\" data-end=\"359\" \/>\ud83e\udde0 Ideal pentru creare de diagrame avansate, fluxuri de lucru, planuri tehnice \u0219i organigrame<br data-start=\"452\" data-end=\"455\" data-is-only-node=\"\" \/>\ud83d\udcbb Compatibil cu <strong data-start=\"472\" data-end=\"500\">Windows 10 \u0219i Windows 11<\/strong><br data-start=\"500\" data-end=\"503\" \/>\u2699\ufe0f Instalare simpl\u0103 + ghid complet inclus<br data-start=\"544\" data-end=\"547\" \/>\u2705 Activare online rapid\u0103 \u0219i 100% sigur\u0103, direct prin Microsoft<\/p>\n<\/li>\n<\/ul>","protected":false},"featured_media":1413,"comment_status":"closed","ping_status":"closed","template":"","meta":[],"product_brand":[],"product_cat":[32],"product_tag":[],"class_list":{"0":"post-1383","1":"product","2":"type-product","3":"status-publish","4":"has-post-thumbnail","6":"product_cat-office","8":"first","9":"instock","10":"sale","11":"shipping-taxable","12":"purchasable","13":"product-type-simple"},"_links":{"self":[{"href":"https:\/\/softlite.ro\/ro\/wp-json\/wp\/v2\/product\/1383","targetHints":{"allow":["GET"]}}],"collection":[{"href":"https:\/\/softlite.ro\/ro\/wp-json\/wp\/v2\/product"}],"about":[{"href":"https:\/\/softlite.ro\/ro\/wp-json\/wp\/v2\/types\/product"}],"replies":[{"embeddable":true,"href":"https:\/\/softlite.ro\/ro\/wp-json\/wp\/v2\/comments?post=1383"}],"wp:featuredmedia":[{"embeddable":true,"href":"https:\/\/softlite.ro\/ro\/wp-json\/wp\/v2\/media\/1413"}],"wp:attachment":[{"href":"https:\/\/softlite.ro\/ro\/wp-json\/wp\/v2\/media?parent=1383"}],"wp:term":[{"taxonomy":"product_brand","embeddable":true,"href":"https:\/\/softlite.ro\/ro\/wp-json\/wp\/v2\/product_brand?post=1383"},{"taxonomy":"product_cat","embeddable":true,"href":"https:\/\/softlite.ro\/ro\/wp-json\/wp\/v2\/product_cat?post=1383"},{"taxonomy":"product_tag","embeddable":true,"href":"https:\/\/softlite.ro\/ro\/wp-json\/wp\/v2\/product_tag?post=1383"}],"curies":[{"name":"wp","href":"https:\/\/api.w.org\/{rel}","templated":true}]}}