{"id":1384,"date":"2025-11-22T17:44:00","date_gmt":"2025-11-22T17:44:00","guid":{"rendered":"https:\/\/softlite.ro\/?post_type=product&#038;p=1384"},"modified":"2025-11-22T17:44:04","modified_gmt":"2025-11-22T17:44:04","slug":"microsoft-visio-2021-professional","status":"publish","type":"product","link":"https:\/\/softlite.ro\/ro\/produs\/microsoft-visio-2021-professional\/","title":{"rendered":"Microsoft Visio 2021 Professional"},"content":{"rendered":"<h3>Simplifica\u021bi-v\u0103 diagramele \u0219i vizualiz\u0103rile<\/h3>\n<p>Microsoft Visio 2021 Professional este un software puternic de diagrame conceput pentru a ajuta profesioni\u0219tii s\u0103 creeze diagrame \u0219i organigrame detaliate, clare \u0219i atractive din punct de vedere vizual. Indiferent dac\u0103 lucra\u021bi la organigrame complexe, diagrame de re\u021bea sau procese de afaceri, Visio 2021 Professional ofer\u0103 instrumentele necesare pentru a da via\u021b\u0103 ideilor dvs. cu u\u0219urin\u021b\u0103. Disponibil numai pentru Windows, acest software ofer\u0103 o suit\u0103 cuprinz\u0103toare de caracteristici pentru profesioni\u0219tii din diverse industrii. Cu instrumentele sale avansate de creare de diagrame, interfa\u021ba intuitiv\u0103 \u0219i integrarea perfect\u0103 cu produsele Microsoft, Visio 2021 Professional este alegerea ideal\u0103 pentru oricine dore\u0219te s\u0103 \u00ee\u0219i \u00eembun\u0103t\u0103\u021beasc\u0103 capacit\u0103\u021bile de comunicare vizual\u0103.<\/p>\n<p>&nbsp;<\/p>\n<h3>Principalele caracteristici \u0219i instrumente ale Visio 2021 Pro<\/h3>\n<p>Visio 2021 Professional aduce c\u00e2teva caracteristici noi \u0219i \u00eembun\u0103t\u0103\u021bite care \u00eel fac o alegere remarcabil\u0103 pentru profesioni\u0219tii care au nevoie de diagrame detaliate. Aceast\u0103 versiune include o selec\u021bie vast\u0103 de \u0219abloane \u0219i forme, facilit\u00e2nd crearea de diagrame complexe cu doar c\u00e2teva clicuri.<\/p>\n<ul>\n<li><strong>Bibliotec\u0103 extins\u0103 de \u0219abloane<\/strong>: Visio 2021 Professional ofer\u0103 o gam\u0103 larg\u0103 de \u0219abloane pentru diferite tipuri de diagrame, inclusiv: Aceste \u0219abloane sunt personalizabile, astfel \u00eenc\u00e2t utilizatorii le pot modifica pentru a se potrivi nevoilor lor unice.\n<ul>\n<li>Diagrame de flux<\/li>\n<li>Organigrame<\/li>\n<li>Diagrame de re\u021bea<\/li>\n<li>Planuri de etaj<\/li>\n<li>Diagrame Venn \u0219i multe altele.<\/li>\n<\/ul>\n<\/li>\n<\/ul>\n<ul>\n<li><strong>Leg\u0103tura \u0219i integrarea datelor<\/strong><\/li>\n<\/ul>\n<ul>\n<li style=\"list-style-type: none;\">\n<ul>\n<li>Una dintre caracteristicile remarcabile ale Microsoft Visio este capacitatea sa de a conecta diagramele la date \u00een timp real. Aceasta \u00eenseamn\u0103 c\u0103 v\u0103 pute\u021bi actualiza automat diagramele pentru a reflecta modific\u0103rile datelor, asigur\u00e2ndu-v\u0103 c\u0103 reprezent\u0103rile vizuale sunt \u00eentotdeauna exacte.<\/li>\n<li>Visio 2021 Professional permite utilizatorilor s\u0103 conecteze diagramele la surse de date externe, cum ar fi foi de calcul Excel, baze de date \u0219i chiar liste SharePoint.<\/li>\n<\/ul>\n<\/li>\n<\/ul>\n<ul>\n<li><strong>Instrumente de colaborare \u00eembun\u0103t\u0103\u021bite<\/strong><\/li>\n<\/ul>\n<ul>\n<li style=\"list-style-type: none;\">\n<ul>\n<li>Colaborarea este mai u\u0219oar\u0103 cu Visio 2021 Professional. Pute\u021bi partaja diagramele dvs. direct \u00een mediul Microsoft 365, facilit\u00e2nd colaborarea cu colegii din diferite departamente sau loca\u021bii.<\/li>\n<li>Func\u021biile de co-autorizare \u00een timp real permit mai multor utilizatori s\u0103 lucreze simultan la aceea\u0219i diagram\u0103, cresc\u00e2nd eficien\u021ba \u0219i reduc\u00e2nd riscul problemelor legate de controlul versiunii.<\/li>\n<\/ul>\n<\/li>\n<\/ul>\n<ul>\n<li><strong>Personalizarea formei \u0219i a designului<\/strong><\/li>\n<\/ul>\n<ul>\n<li style=\"list-style-type: none;\">\n<ul>\n<li>Cu Visio 2021 Professional, utilizatorii au acces la o gam\u0103 larg\u0103 de op\u021biuni de formatare a formei. Pute\u021bi ajusta cu u\u0219urin\u021b\u0103 culorile, dimensiunile \u0219i stilurile pentru a se potrivi cu brandul organiza\u021biei dvs. sau cu cerin\u021bele specifice.<\/li>\n<li>Software-ul suport\u0103, de asemenea, instrumente avansate de desen, cum ar fi formele libere \u0219i posibilitatea de a crea propriile \u0219abloane personalizate pentru diagrame unice.<\/li>\n<\/ul>\n<\/li>\n<\/ul>\n<ul>\n<li><strong>Automatizarea \u0219i optimizarea fluxului de lucru<\/strong><\/li>\n<\/ul>\n<ul>\n<li style=\"list-style-type: none;\">\n<ul>\n<li>Visio 2021 Professional include instrumente pentru automatizarea sarcinilor repetitive, cum ar fi crearea \u0219i actualizarea formelor, permi\u021b\u00e2nd gestionarea mai rapid\u0103 a fluxului de lucru.<\/li>\n<li>Software-ul ofer\u0103, de asemenea, func\u021bii automate de aliniere \u0219i spa\u021biere, asigur\u00e2ndu-se c\u0103 diagramele dvs. sunt \u00eengrijite \u0219i bine organizate, f\u0103r\u0103 a necesita mult efort manual.<\/li>\n<\/ul>\n<\/li>\n<\/ul>\n<p>&nbsp;<\/p>\n<h3>Avantaje comparativ cu alte solu\u021bii<\/h3>\n<ul>\n<li><strong>Mai u\u0219or de utilizat<\/strong><\/li>\n<\/ul>\n<ul>\n<li style=\"list-style-type: none;\">\n<ul>\n<li>\u00cen compara\u021bie cu alte instrumente de diagramare precum <a href=\"\/ro\/produs\/ms-visio-2019-professional-digital-license\/\">Microsoft Visio 2019 Professional <\/a>sau versiuni mai noi precum <a href=\"\/ro\/produs\/ms-visio-2024-professional-digital-license\/\">Microsoft Visio 2024 Professional<\/a>, Visio 2021 Professional ofer\u0103 un echilibru \u00eentre caracteristici puternice \u0219i u\u0219urin\u021b\u0103 \u00een utilizare.<\/li>\n<li>Cu interfa\u021ba sa intuitiv\u0103 \u0219i experien\u021ba de utilizare \u00eembun\u0103t\u0103\u021bit\u0103, pute\u021bi \u00eencepe s\u0103 crea\u021bi diagrame de \u00eenalt\u0103 calitate aproape imediat, indiferent de nivelul dumneavoastr\u0103 de experien\u021b\u0103.<\/li>\n<\/ul>\n<\/li>\n<\/ul>\n<ul>\n<li><strong>Integrare simplificat\u0103 a fluxului de lucru<\/strong><\/li>\n<\/ul>\n<ul>\n<li style=\"list-style-type: none;\">\n<ul>\n<li>Spre deosebire de versiunile mai vechi ale Visio, cum ar fi Visio 2019, Visio 2021 Professional ofer\u0103 o mai bun\u0103 integrare cu <a href=\"\/ro\/produs\/microsoft-office-365-lifetime-license\/\">Microsoft Office 365<\/a>, asigur\u00e2nd o colaborare perfect\u0103 cu alte instrumente Microsoft precum Word, Excel \u0219i Teams.<\/li>\n<li>Aceast\u0103 integrare v\u0103 \u00eembun\u0103t\u0103\u021be\u0219te semnificativ fluxul de lucru, permi\u021b\u00e2nd partajarea mai rapid\u0103 \u0219i mai eficient\u0103 a documentelor, legarea datelor \u0219i colaborarea \u00een echip\u0103.<\/li>\n<\/ul>\n<\/li>\n<\/ul>\n<ul>\n<li><strong>Licen\u021b\u0103 digital\u0103 rentabil\u0103<\/strong><\/li>\n<\/ul>\n<ul>\n<li style=\"list-style-type: none;\">\n<ul>\n<li>Cu o <strong>licen\u021b\u0103 digital\u0103 <\/strong>pentru Visio 2021 Professional, ve\u021bi beneficia de un model de achizi\u021bie unic\u0103, oferind o solu\u021bie mai previzibil\u0103 \u0219i mai rentabil\u0103 \u00een compara\u021bie cu planurile pe baz\u0103 de abonament.<\/li>\n<li>O <strong>licen\u021b\u0103 digital\u0103 <\/strong>v\u0103 permite s\u0103 accesa\u021bi toate caracteristicile Visio 2021 Professional, asigur\u00e2nd accesul pe termen lung la acest instrument robust de creare a diagramelor, f\u0103r\u0103 taxe recurente.<\/li>\n<\/ul>\n<\/li>\n<\/ul>\n<ul>\n<li><strong>Versatilitate pentru mai multe industrii<\/strong><\/li>\n<\/ul>\n<ul>\n<li style=\"list-style-type: none;\">\n<ul>\n<li>Fie c\u0103 sunte\u021bi inginer, analist de afaceri, profesionist IT sau manager de proiect, Microsoft Visio 2021 Professional ofer\u0103 \u0219abloane \u0219i instrumente specifice industriei. Spre deosebire de alte software-uri care necesit\u0103 plugin-uri suplimentare sau personalizare, Visio ofer\u0103 o solu\u021bie complet\u0103 out-of-the-box.<\/li>\n<li>Software-ul poate fi utilizat \u00eentr-o gam\u0103 larg\u0103 de industrii pentru orice, de la diagrame topologice de re\u021bea la diagrame de flux ale proceselor, ceea ce \u00eel face un instrument versatil pentru diverse medii profesionale.<\/li>\n<\/ul>\n<\/li>\n<\/ul>\n<p>&nbsp;<\/p>\n<h3>Cerin\u021be de sistem pentru Visio 2021<\/h3>\n<p>Pentru a asigura buna func\u021bionare a Visio 2021 Professional, este esen\u021bial s\u0103 \u00eendeplini\u021bi sau s\u0103 dep\u0103\u0219i\u021bi urm\u0103toarele cerin\u021be de sistem. Mai jos este o defalcare a specifica\u021biilor minime \u0219i recomandate:<\/p>\n<table width=\"100%\">\n<thead>\n<tr>\n<td width=\"19%\"><\/td>\n<td width=\"42%\"><strong>Minimum<\/strong><\/td>\n<td width=\"36%\"><strong>Recomandate<\/strong><\/td>\n<\/tr>\n<\/thead>\n<tbody>\n<tr>\n<td width=\"19%\"><strong><em>Sistem de operare<\/em><\/strong><\/td>\n<td width=\"42%\">Windows 10 (pe 64 de bi\u021bi)<\/td>\n<td width=\"36%\">Windows 11 Pro (pentru performan\u021be mai bune)<\/td>\n<\/tr>\n<tr>\n<td width=\"19%\"><strong><em>Procesor<\/em><\/strong><\/td>\n<td width=\"42%\">1 GHz sau mai rapid cu cel pu\u021bin 2 nuclee<\/td>\n<td width=\"36%\">2,5 GHz sau mai rapid cu cel pu\u021bin 4 nuclee<\/td>\n<\/tr>\n<tr>\n<td width=\"19%\"><strong><em>RAM<\/em><\/strong><\/td>\n<td width=\"42%\">4 GB<\/td>\n<td width=\"36%\">8 GB sau mai mult<\/td>\n<\/tr>\n<tr>\n<td width=\"19%\"><strong><em>Spa\u021biu pe hard disk<\/em><\/strong><\/td>\n<td width=\"42%\">4 GB de spa\u021biu disponibil pe disc<\/td>\n<td width=\"36%\">6 GB de spa\u021biu disponibil pe disc<\/td>\n<\/tr>\n<tr>\n<td width=\"19%\"><strong><em>Grafic\u0103<\/em><\/strong><\/td>\n<td width=\"42%\">Plac\u0103 grafic\u0103 compatibil\u0103 DirectX 9 cu WDDM 2.0<\/td>\n<td width=\"36%\">Plac\u0103 grafic\u0103 compatibil\u0103 DirectX 12<\/td>\n<\/tr>\n<tr>\n<td width=\"19%\"><strong><em>Afi\u0219aj<\/em><\/strong><\/td>\n<td width=\"42%\">Rezolu\u021bie de 1280 x 800 sau mai mare<\/td>\n<td width=\"36%\">Rezolu\u021bie 1920 x 1080 sau mai mare<\/td>\n<\/tr>\n<tr>\n<td width=\"19%\"><strong><em>Alte cerin\u021be<\/em><\/strong><\/td>\n<td width=\"42%\">.NET 4.7.2 sau ulterior<\/td>\n<td width=\"36%\">.NET 5.0 sau ulterior<\/td>\n<\/tr>\n<\/tbody>\n<\/table>\n<p>&nbsp;<\/p>\n<h3>De ce s\u0103 alege\u021bi Microsoft Visio 2021 Professional<\/h3>\n<p>Pe scurt, <strong>Microsoft Visio 2021 Professional <\/strong>este solu\u021bia ideal\u0103 pentru profesioni\u0219tii care doresc s\u0103 creeze diagrame detaliate \u0219i diagrame de flux. Cu instrumentele sale avansate, integrarea u\u0219oar\u0103 cu Microsoft 365 \u0219i op\u021biunile extinse de personalizare, acesta ofer\u0103 o experien\u021b\u0103 superioar\u0103 de creare a diagramelor. Indiferent dac\u0103 face\u021bi upgrade de la o versiune mai veche, cum ar fi <strong>Microsoft Visio 2019 Professional <\/strong>sau lua\u021bi \u00een considerare cea mai nou\u0103 <strong>versiune Microsoft Visio 2024 Professional<\/strong>, Visio 2021 Professional reprezint\u0103 o alegere versatil\u0103, fiabil\u0103 \u0219i rentabil\u0103.<\/p>\n<p>Achizi\u021bionarea Visio 2021 Professional cu o <strong>licen\u021b\u0103 digital\u0103 <\/strong>asigur\u0103 accesul pe termen lung la caracteristici puternice, f\u0103r\u0103 costul continuu al modelelor de abonament. Nu rata\u021bi ocazia de a v\u0103 \u00eembun\u0103t\u0103\u021bi capacit\u0103\u021bile de creare a diagramelor &#8211; investi\u021bi ast\u0103zi \u00een Microsoft Visio 2021 Professional!<\/p>\n<p>Pentru informa\u021bii suplimentare \u0219i specifica\u021bii detaliate, v\u0103 rug\u0103m s\u0103 vizita\u021bi <a href=\"https:\/\/support.microsoft.com\/en-us\/office\/what-s-new-in-visio-professional-2021-96732c1e-a022-4362-af07-fc817011ced5\">site-ul oficial Microsoft Visio<\/a>.<\/p>\n<p>&nbsp;<\/p>\n<h3>INFORMA\u021aII IMPORTANTE<\/h3>\n<p><em>Acest produs este o <strong>cheie de licen\u021b\u0103 <\/strong>pentru a v\u0103 activa software-ul. Cheia de licen\u021b\u0103 va fi trimis\u0103 prin e-mail <strong>\u00een termen de 24 de ore<\/strong>. Nu v\u0103 va fi trimis niciun produs fizic.<\/em><\/p>","protected":false},"excerpt":{"rendered":"<ul>\n<li>\n<p data-start=\"129\" data-end=\"247\"><br data-start=\"198\" data-end=\"201\" \/>\ud83d\udce9 Livrare rapid\u0103 prin e-mail \u00een <strong data-start=\"234\" data-end=\"247\">24 de ore<\/strong><\/p>\n<p data-start=\"249\" data-end=\"582\">\ud83d\udc64 <strong data-start=\"252\" data-end=\"283\">1 utilizator \u2013 1 dispozitiv<\/strong><br data-start=\"283\" data-end=\"286\" \/>\ud83d\udd12 <strong data-start=\"289\" data-end=\"311\">Licen\u021b\u0103 permanent\u0103<\/strong>, f\u0103r\u0103 abonament<br data-start=\"327\" data-end=\"330\" \/>\ud83e\udde0 Ideal pentru profesioni\u0219ti: diagrame complexe, planuri de re\u021bea, organigrame \u0219i procese<br data-start=\"420\" data-end=\"423\" data-is-only-node=\"\" \/>\ud83d\udcbb Compatibil cu <strong data-start=\"440\" data-end=\"468\">Windows 10 \u0219i Windows 11<\/strong><br data-start=\"468\" data-end=\"471\" \/>\ud83d\udee0\ufe0f Instalare rapid\u0103 cu ghid complet inclus<br data-start=\"514\" data-end=\"517\" \/>\u2705 Activare online direct pe platforma Microsoft \u2013 sigur \u0219i simplu<\/p>\n<\/li>\n<\/ul>","protected":false},"featured_media":1414,"comment_status":"closed","ping_status":"closed","template":"","meta":[],"product_brand":[],"product_cat":[32],"product_tag":[],"class_list":{"0":"post-1384","1":"product","2":"type-product","3":"status-publish","4":"has-post-thumbnail","6":"product_cat-office","8":"first","9":"instock","10":"sale","11":"shipping-taxable","12":"purchasable","13":"product-type-simple"},"_links":{"self":[{"href":"https:\/\/softlite.ro\/ro\/wp-json\/wp\/v2\/product\/1384","targetHints":{"allow":["GET"]}}],"collection":[{"href":"https:\/\/softlite.ro\/ro\/wp-json\/wp\/v2\/product"}],"about":[{"href":"https:\/\/softlite.ro\/ro\/wp-json\/wp\/v2\/types\/product"}],"replies":[{"embeddable":true,"href":"https:\/\/softlite.ro\/ro\/wp-json\/wp\/v2\/comments?post=1384"}],"wp:featuredmedia":[{"embeddable":true,"href":"https:\/\/softlite.ro\/ro\/wp-json\/wp\/v2\/media\/1414"}],"wp:attachment":[{"href":"https:\/\/softlite.ro\/ro\/wp-json\/wp\/v2\/media?parent=1384"}],"wp:term":[{"taxonomy":"product_brand","embeddable":true,"href":"https:\/\/softlite.ro\/ro\/wp-json\/wp\/v2\/product_brand?post=1384"},{"taxonomy":"product_cat","embeddable":true,"href":"https:\/\/softlite.ro\/ro\/wp-json\/wp\/v2\/product_cat?post=1384"},{"taxonomy":"product_tag","embeddable":true,"href":"https:\/\/softlite.ro\/ro\/wp-json\/wp\/v2\/product_tag?post=1384"}],"curies":[{"name":"wp","href":"https:\/\/api.w.org\/{rel}","templated":true}]}}