{"id":1385,"date":"2025-11-22T17:44:00","date_gmt":"2025-11-22T17:44:00","guid":{"rendered":"https:\/\/softlite.ro\/?post_type=product&#038;p=1385"},"modified":"2025-11-22T17:44:04","modified_gmt":"2025-11-22T17:44:04","slug":"microsoft-visio-2019-professional","status":"publish","type":"product","link":"https:\/\/softlite.ro\/ro\/produs\/microsoft-visio-2019-professional\/","title":{"rendered":"Microsoft Visio 2019 Professional"},"content":{"rendered":"<h3>Solu\u021bia dvs. ideal\u0103 de diagramare<\/h3>\n<p>Microsoft Visio 2019 Professional este un instrument puternic de diagramare \u0219i grafic\u0103 vectorial\u0103 care permite utilizatorilor s\u0103 creeze cu u\u0219urin\u021b\u0103 diagrame de calitate profesional\u0103. Indiferent dac\u0103 crea\u021bi diagrame de flux, diagrame de re\u021bea, organigrame sau planuri, Visio 2019 Professional ofer\u0103 instrumentele de care ave\u021bi nevoie pentru a vizualiza date complexe \u0219i a comunica idei \u00een mod clar. Cu caracteristici \u00eembun\u0103t\u0103\u021bite comparativ cu versiunile mai vechi \u0219i compatibilitate cu sistemele moderne, acest software r\u0103m\u00e2ne o alegere de top pentru \u00eentreprinderi \u0219i profesioni\u0219ti din \u00eentreaga lume.<\/p>\n<p>&nbsp;<\/p>\n<h3>Principalele caracteristici \u0219i instrumente ale Microsoft Visio 2019 Professional<\/h3>\n<p>Microsoft Visio 2019 Professional ofer\u0103 o gam\u0103 larg\u0103 de instrumente \u0219i caracteristici pentru a ajuta utilizatorii s\u0103 creeze diagrame care sunt at\u00e2t atractive din punct de vedere vizual, c\u00e2t \u0219i func\u021bionale. Unele dintre caracteristicile remarcabile includ:<\/p>\n<ul>\n<li><strong>Varietate de \u0219abloane \u0219i forme<\/strong>: Visio 2019 Professional ofer\u0103 o bibliotec\u0103 bogat\u0103 de \u0219abloane \u0219i forme care permit utilizatorilor s\u0103 creeze o gam\u0103 larg\u0103 de diagrame, de la diagrame de flux simple la diagrame de re\u021bea complexe. Biblioteca extins\u0103 de forme asigur\u0103 faptul c\u0103 diagramele dvs. sunt at\u00e2t de detaliate \u0219i precise pe c\u00e2t ave\u021bi nevoie s\u0103 fie.<\/li>\n<li><strong>Instrumente de colaborare \u00eembun\u0103t\u0103\u021bite<\/strong>: Colaborarea este facilitat\u0103 cu Visio 2019 Professional. Utilizatorii pot partaja cu u\u0219urin\u021b\u0103 diagrame cu colegii \u0219i pot colabora \u00een timp real, indiferent dac\u0103 lucra\u021bi de la distan\u021b\u0103 sau \u00een cadrul aceluia\u0219i birou. Integrarea Visio cu Microsoft OneDrive \u0219i SharePoint simplific\u0103 procesul de salvare \u0219i partajare a fi\u0219ierelor.<\/li>\n<li><strong>Diagrame legate de date<\/strong>: Una dintre cele mai puternice caracteristici ale Microsoft Visio este capacitatea sa de a conecta diagramele la surse externe de date, cum ar fi foi de calcul Excel sau baze de date. Acest lucru v\u0103 permite s\u0103 crea\u021bi diagrame dinamice care se actualizeaz\u0103 automat pe m\u0103sur\u0103 ce datele se modific\u0103.<\/li>\n<li><strong>Forme inteligente \u0219i aliniere automat\u0103<\/strong>: Visio 2019 Professional ofer\u0103 forme inteligente care se ajusteaz\u0103 automat pe m\u0103sur\u0103 ce lucra\u021bi, f\u0103c\u00e2nd crearea de diagrame mai rapid\u0103 \u0219i mai u\u0219oar\u0103. Func\u021bia de aliniere automat\u0103 v\u0103 asigur\u0103 c\u0103 diagramele dvs. sunt \u00eengrijite \u0219i bine organizate, economisindu-v\u0103 timp cu ajust\u0103rile manuale.<\/li>\n<li><strong>Interfa\u021b\u0103 utilizator \u00eembun\u0103t\u0103\u021bit\u0103<\/strong>: Interfa\u021ba utilizator din Visio 2019 Professional este conceput\u0103 pentru productivitate maxim\u0103. Cu controale intuitive \u0219i un aspect u\u0219or de navigat, pute\u021bi accesa toate instrumentele \u0219i caracteristicile de care ave\u021bi nevoie cu doar c\u00e2teva clicuri.<\/li>\n<li><strong>Op\u021biuni avansate de formatare<\/strong>: Cu Visio 2019 Professional, ave\u021bi acces la instrumente avansate de formatare, care v\u0103 permit s\u0103 personaliza\u021bi aspectul diagramelor dvs. cu un control mai mare . Pute\u021bi ajusta culorile, fonturile, grosimea liniilor \u0219i alte elemente vizuale pentru a v\u0103 face diagramele s\u0103 ias\u0103 \u00een eviden\u021b\u0103.<\/li>\n<li><strong>Datele formei<\/strong>: Visio v\u0103 permite s\u0103 asocia\u021bi metadate cu formele, facilit\u00e2nd urm\u0103rirea detaliilor despre obiectele din diagramele dvs. Aceast\u0103 caracteristic\u0103 este deosebit de util\u0103 pentru profesioni\u0219tii care lucreaz\u0103 \u00een domeniile inginerie, arhitectur\u0103 sau IT.<\/li>\n<\/ul>\n<p>&nbsp;<\/p>\n<h3>De ce s\u0103 alege\u021bi Visio 2019 Professional \u00een locul altor solu\u021bii?<\/h3>\n<p>\u00cen compara\u021bie cu versiunile mai noi sau mai vechi de Visio, Microsoft Visio 2019 Professional atinge un echilibru ideal \u00eentre func\u021bionalitatea avansat\u0103 \u0219i utilitate. \u00cen timp ce <a href=\"\/ro\/produs\/ms-visio-2024-professional-digital-license\/\">Visio 2024 Professional <\/a>ofer\u0103 func\u021bii de ultim\u0103 genera\u021bie, Visio 2019 Professional r\u0103m\u00e2ne o solu\u021bie extrem de fiabil\u0103 \u0219i plin\u0103 de func\u021bii, \u00een special pentru companiile care nu necesit\u0103 \u00eenc\u0103 cele mai recente actualiz\u0103ri. Este o alegere excelent\u0103 pentru utilizatorii care au nevoie de un instrument fiabil f\u0103r\u0103 curba de \u00eenv\u0103\u021bare sau cerin\u021bele de sistem ale versiunilor mai noi.<\/p>\n<p>Visio 2019 Professional ofer\u0103 \u00eembun\u0103t\u0103\u021biri semnificative fa\u021b\u0103 de <a href=\"\/ro\/produs\/ms-visio-2016-professional-digital-license\/\">Visio 2016 Professional<\/a>, inclusiv instrumente de colaborare mai bune, \u0219abloane \u00eembun\u0103t\u0103\u021bite \u0219i forme actualizate care faciliteaz\u0103 crearea de diagrame conving\u0103toare din punct de vedere vizual. \u00cen plus, cu suport pentru sisteme de operare moderne \u0219i integrare cu servicii cloud precum OneDrive, Visio 2019 Professional este o solu\u021bie versatil\u0103 \u0219i preg\u0103tit\u0103 pentru viitor.<\/p>\n<p>Microsoft Visio se diferen\u021biaz\u0103, de asemenea, de instrumentele de diagramare similare, cum ar fi Lucidchart sau SmartDraw. Integrarea perfect\u0103 cu alte produse Microsoft Office precum Word, Excel \u0219i PowerPoint face din Visio 2019 Professional un instrument indispensabil pentru oricine lucreaz\u0103 \u00een cadrul ecosistemului Microsoft. Aceast\u0103 integrare profund\u0103 permite op\u021biuni mai bune de import\/export de date \u0219i o colaborare \u00eembun\u0103t\u0103\u021bit\u0103 \u00eentre echipe.<\/p>\n<p>\u00cen plus, accentul pus de Visio pe furnizarea unei <strong>licen\u021be digitale <\/strong>pentru utilizatorii individuali \u00eenseamn\u0103 c\u0103 v\u0103 pute\u021bi bucura de software f\u0103r\u0103 s\u0103 v\u0103 face\u021bi griji cu privire la problemele de licen\u021biere, asigur\u00e2ndu-v\u0103 c\u0103 software-ul dvs. este \u00eentotdeauna actualizat \u0219i conform cu nevoile organiza\u021biei dvs.<\/p>\n<p>&nbsp;<\/p>\n<h3>Cerin\u021be de sistem pentru Microsoft Visio 2019 Professional<\/h3>\n<p>\u00cenainte de cump\u0103rare, este esen\u021bial s\u0103 v\u0103 asigura\u021bi c\u0103 sistemul dvs. \u00eendepline\u0219te cerin\u021bele minime sau recomandate pentru o performan\u021b\u0103 optim\u0103. Mai jos este prezentat\u0103 o defalcare a cerin\u021belor de sistem pentru Visio 2019 Professional:<\/p>\n<table width=\"100%\">\n<thead>\n<tr>\n<td width=\"16%\"><\/td>\n<td width=\"43%\"><strong>Minimum<\/strong><\/td>\n<td width=\"39%\"><strong>Recomandate<\/strong><\/td>\n<\/tr>\n<\/thead>\n<tbody>\n<tr>\n<td width=\"16%\"><strong><em>Sistem de operare<\/em><\/strong><\/td>\n<td width=\"43%\">Windows 10 (64 de bi\u021bi), Windows 8.1 sau Windows 7 SP1<\/td>\n<td width=\"39%\"><a href=\"\/ro\/produs\/microsoft-windows-11-pro-digital-license\/\">Windows 11 Pro<\/a><\/td>\n<\/tr>\n<tr>\n<td width=\"16%\"><strong><em>Procesor<\/em><\/strong><\/td>\n<td width=\"43%\">1,0 GHz sau mai rapid, procesor pe 32 sau 64 de bi\u021bi<\/td>\n<td width=\"39%\">Procesor de 1,3 GHz sau mai rapid, pe 64 de bi\u021bi<\/td>\n<\/tr>\n<tr>\n<td width=\"16%\"><strong><em>RAM<\/em><\/strong><\/td>\n<td width=\"43%\">2 GB RAM (32 de bi\u021bi), 4 GB RAM (64 de bi\u021bi)<\/td>\n<td width=\"39%\">4 GB RAM sau mai mult<\/td>\n<\/tr>\n<tr>\n<td width=\"16%\"><strong><em>Hard disk<\/em><\/strong><\/td>\n<td width=\"43%\">3.0 GB de spa\u021biu disponibil pe disc<\/td>\n<td width=\"39%\">4,0 GB de spa\u021biu disponibil pe disc<\/td>\n<\/tr>\n<tr>\n<td width=\"16%\"><strong><em>Afi\u0219aj<\/em><\/strong><\/td>\n<td width=\"43%\">Rezolu\u021bie ecran 1280 x 768<\/td>\n<td width=\"39%\">Rezolu\u021bie ecran 1920 x 1080 sau mai mare<\/td>\n<\/tr>\n<tr>\n<td width=\"16%\"><strong><em>Grafic\u0103<\/em><\/strong><\/td>\n<td width=\"43%\">Dispozitiv grafic DirectX 9 cu WDDM 2.0 sau superior<\/td>\n<td width=\"39%\">Plac\u0103 grafic\u0103 compatibil\u0103 DirectX 12<\/td>\n<\/tr>\n<tr>\n<td width=\"16%\"><strong><em>Browser<\/em><\/strong><\/td>\n<td width=\"43%\">Internet Explorer 11, Microsoft Edge, Chrome sau Firefox<\/td>\n<td width=\"39%\">Microsoft Edge sau cele mai recente versiuni Chrome\/Firefox<\/td>\n<\/tr>\n<tr>\n<td width=\"16%\"><strong><em>Cont Microsoft<\/em><\/strong><\/td>\n<td width=\"43%\">Necesar pentru activare \u0219i abonament<\/td>\n<td width=\"39%\">Necesar pentru activare \u0219i abonament<\/td>\n<\/tr>\n<\/tbody>\n<\/table>\n<p>&nbsp;<\/p>\n<h3>De ce s\u0103 cump\u0103ra\u021bi Visio 2019 Professional?<\/h3>\n<p>Microsoft Visio 2019 Professional este un instrument esen\u021bial pentru profesioni\u0219tii care doresc s\u0103 creeze diagrame vizuale atractive \u0219i bazate pe date. Cu caracteristici puternice, cum ar fi colaborarea \u00eembun\u0103t\u0103\u021bit\u0103, diagramele legate de date \u0219i o selec\u021bie larg\u0103 de \u0219abloane, acesta ofer\u0103 o versatilitate de neegalat pentru toate nevoile dvs. de creare a diagramelor. \u00cen compara\u021bie cu versiunile mai vechi, cum ar fi Visio 2016 Professional \u0219i versiunile mai recente, cum ar fi Visio 2024 Professional, Visio 2019 Professional iese \u00een eviden\u021b\u0103 prin echilibrul excelent al func\u021biilor, u\u0219urin\u021bei \u00een utilizare \u0219i compatibilit\u0103\u021bii cu ecosistemul Microsoft.<\/p>\n<p>Cu o <strong>licen\u021b\u0103 digital\u0103 <\/strong>disponibil\u0103 pentru o activare u\u0219oar\u0103 \u0219i sigur\u0103, Visio 2019 Professional v\u0103 asigur\u0103 c\u0103 sunte\u021bi \u00eentotdeauna actualizat \u0219i preg\u0103tit s\u0103 lucra\u021bi la urm\u0103torul proiect. Fie c\u0103 proiecta\u021bi o diagram\u0103 de flux simpl\u0103 sau o diagram\u0103 de re\u021bea complex\u0103, acest instrument v\u0103 permite s\u0103 v\u0103 comunica\u021bi eficient ideile. Alege\u021bi Visio 2019 Professional ast\u0103zi \u0219i experimenta\u021bi puterea diagramei de nivel profesional.<\/p>\n<p>Pentru o list\u0103 detaliat\u0103 de caracteristici \u0219i specifica\u021bii tehnice, <a href=\"https:\/\/support.microsoft.com\/en-us\/office\/what-s-new-in-visio-2019-19b8e98d-9cf9-40ad-9277-eb65e3713a79\">vizita\u021bi site-ul oficial Microsoft<\/a>.<\/p>\n<p>&nbsp;<\/p>\n<h3>INFORMA\u021aII IMPORTANTE<\/h3>\n<p><em>Acest produs este o <strong>cheie de licen\u021b\u0103 <\/strong>pentru a v\u0103 activa software-ul. Cheia de licen\u021b\u0103 va fi trimis\u0103 prin e-mail <strong>\u00een termen de 24 de ore<\/strong>. Nu v\u0103 va fi trimis niciun produs fizic.<\/em><\/p>","protected":false},"excerpt":{"rendered":"<p data-start=\"148\" data-end=\"267\"><br data-start=\"216\" data-end=\"219\" \/>\ud83d\udce9 Livrare prin e-mail \u00een <strong data-start=\"245\" data-end=\"267\">cel mult 24 de ore<\/strong><\/p>\n<p data-start=\"269\" data-end=\"587\">\ud83d\udc64 <strong data-start=\"272\" data-end=\"303\">1 utilizator \u2013 1 dispozitiv<\/strong><br data-start=\"303\" data-end=\"306\" \/>\ud83d\udd12 <strong data-start=\"309\" data-end=\"329\">Licen\u021b\u0103 pe via\u021b\u0103<\/strong>, f\u0103r\u0103 costuri recurente<br data-start=\"353\" data-end=\"356\" \/>\ud83e\udde9 Instrument avansat pentru diagrame, fluxuri de lucru, organigrame \u0219i planuri tehnice<br data-start=\"443\" data-end=\"446\" data-is-only-node=\"\" \/>\ud83d\udcbb Compatibil cu <strong data-start=\"463\" data-end=\"491\">Windows 10 \u0219i Windows 11<\/strong><br data-start=\"491\" data-end=\"494\" \/>\u2699\ufe0f Instalare u\u0219oar\u0103 + ghid pas cu pas inclus<br data-start=\"538\" data-end=\"541\" \/>\u2705 Activare online sigur\u0103 direct prin Microsoft<\/p>","protected":false},"featured_media":1415,"comment_status":"closed","ping_status":"closed","template":"","meta":[],"product_brand":[],"product_cat":[32],"product_tag":[],"class_list":{"0":"post-1385","1":"product","2":"type-product","3":"status-publish","4":"has-post-thumbnail","6":"product_cat-office","8":"first","9":"instock","10":"sale","11":"shipping-taxable","12":"purchasable","13":"product-type-simple"},"_links":{"self":[{"href":"https:\/\/softlite.ro\/ro\/wp-json\/wp\/v2\/product\/1385","targetHints":{"allow":["GET"]}}],"collection":[{"href":"https:\/\/softlite.ro\/ro\/wp-json\/wp\/v2\/product"}],"about":[{"href":"https:\/\/softlite.ro\/ro\/wp-json\/wp\/v2\/types\/product"}],"replies":[{"embeddable":true,"href":"https:\/\/softlite.ro\/ro\/wp-json\/wp\/v2\/comments?post=1385"}],"wp:featuredmedia":[{"embeddable":true,"href":"https:\/\/softlite.ro\/ro\/wp-json\/wp\/v2\/media\/1415"}],"wp:attachment":[{"href":"https:\/\/softlite.ro\/ro\/wp-json\/wp\/v2\/media?parent=1385"}],"wp:term":[{"taxonomy":"product_brand","embeddable":true,"href":"https:\/\/softlite.ro\/ro\/wp-json\/wp\/v2\/product_brand?post=1385"},{"taxonomy":"product_cat","embeddable":true,"href":"https:\/\/softlite.ro\/ro\/wp-json\/wp\/v2\/product_cat?post=1385"},{"taxonomy":"product_tag","embeddable":true,"href":"https:\/\/softlite.ro\/ro\/wp-json\/wp\/v2\/product_tag?post=1385"}],"curies":[{"name":"wp","href":"https:\/\/api.w.org\/{rel}","templated":true}]}}