{"id":1386,"date":"2025-11-22T17:44:00","date_gmt":"2025-11-22T17:44:00","guid":{"rendered":"https:\/\/softlite.ro\/?post_type=product&#038;p=1386"},"modified":"2025-11-22T17:44:05","modified_gmt":"2025-11-22T17:44:05","slug":"microsoft-visio-2016-professional","status":"publish","type":"product","link":"https:\/\/softlite.ro\/ro\/produs\/microsoft-visio-2016-professional\/","title":{"rendered":"Microsoft Visio 2016 Professional"},"content":{"rendered":"<h3>Solu\u021bia complet\u0103 pentru diagrame<\/h3>\n<p>Microsoft Visio 2016 Professional este un instrument cuprinz\u0103tor de creare de diagrame conceput pentru \u00eentreprinderi \u0219i profesioni\u0219ti care necesit\u0103 reprezent\u0103ri vizuale avansate ale datelor, proceselor \u0219i sistemelor. Indiferent dac\u0103 proiecta\u021bi diagrame de flux, organigrame, diagrame de re\u021bea sau scheme tehnice complexe, Visio 2016 Professional ofer\u0103 toate instrumentele de care ave\u021bi nevoie pentru a da via\u021b\u0103 ideilor dvs. Datorit\u0103 caracteristicilor sale puternice, capacit\u0103\u021bilor de integrare \u0219i interfe\u021bei u\u0219or de utilizat, acesta r\u0103m\u00e2ne alegerea preferat\u0103 a multora fa\u021b\u0103 de solu\u021bii mai noi \u0219i concurente.<\/p>\n<p>&nbsp;<\/p>\n<h3>Instrumente \u0219i caracteristici puternice ale Visio 2016 Professional<\/h3>\n<p>Visio 2016 Professional este echipat cu o varietate de instrumente \u0219i caracteristici care ajut\u0103 utilizatorii s\u0103 creeze cu u\u0219urin\u021b\u0103 diagrame detaliate, de \u00eenalt\u0103 calitate. Unele dintre cele mai notabile caracteristici includ:<\/p>\n<ul>\n<li><strong>\u0218abloane prestabilite<\/strong>: Visio ofer\u0103 o gam\u0103 larg\u0103 de \u0219abloane pentru a crea orice, de la diagrame de flux de baz\u0103 la diagrame complexe de re\u021bea \u0219i de inginerie. Aceste \u0219abloane ajut\u0103 utilizatorii s\u0103 \u00eenceap\u0103 rapid \u0219i asigur\u0103 consecven\u021ba \u00een cadrul proiectelor.<\/li>\n<li><strong>Forme \u0219i \u0219abloane<\/strong>: Microsoft Visio Professional include o bibliotec\u0103 vast\u0103 de forme \u0219i \u0219abloane care se adreseaz\u0103 diferitelor industrii \u0219i nevoi de diagramare. Utilizatorii pot glisa \u0219i plasa cu u\u0219urin\u021b\u0103 aceste elemente \u00een diagramele lor.<\/li>\n<li><strong>Integrarea datelor<\/strong>: Una dintre caracteristicile cheie ale Visio 2016 Professional este capacitatea sa de a conecta diagramele la date reale. Aceast\u0103 integrare permite actualizarea automat\u0103 a formelor \u0219i a punctelor de date, facilit\u00e2nd vizualizarea schimb\u0103rilor \u0219i evolu\u021biilor \u00een timp real.<\/li>\n<li><strong>Instrumente avansate de creare a diagramelor<\/strong>: Cu capacitatea de a crea diagrame extrem de detaliate, Visio Professional include instrumente specializate pentru m\u0103sur\u0103tori precise, aliniere \u0219i pozi\u021bionare, asigur\u00e2nd c\u0103 fiecare diagram\u0103 este precis\u0103 \u0219i are un aspect profesional.<\/li>\n<li><strong>Instrumente de colaborare<\/strong>: Microsoft Visio permite utilizatorilor s\u0103 colaboreze cu colegii \u0219i p\u0103r\u021bile interesate \u00een timp real. Spa\u021biile de lucru partajate, func\u021biile de comentariu \u0219i suportul cloud fac ca lucrul \u00eempreun\u0103 s\u0103 fie perfect.<\/li>\n<li><strong>Op\u021biuni de personalizare<\/strong>: Visio 2016 Professional ofer\u0103, de asemenea, o gam\u0103 larg\u0103 de op\u021biuni de personalizare, permi\u021b\u00e2nd utilizatorilor s\u0103 adapteze \u0219abloanele, formele \u0219i stencilurile la nevoile lor specifice.<\/li>\n<\/ul>\n<p>Aceste caracteristici fac din Visio Professional un instrument indispensabil pentru oricine trebuie s\u0103 creeze rapid \u0219i eficient diagrame de calitate profesional\u0103.<\/p>\n<p>&nbsp;<\/p>\n<h3>Visio 2016 Professional vs. Solu\u021bii mai noi \u0219i mai vechi<\/h3>\n<p>Atunci c\u00e2nd compara\u021bi Microsoft Visio 2016 Professional cu alte versiuni sau solu\u021bii mai noi, cum ar fi <a href=\"\/ro\/produs\/ms-visio-2024-professional-digital-license\/\">Microsoft Visio 2024 Professional<\/a>, exist\u0103 avantaje cheie care \u00eel diferen\u021biaz\u0103:<\/p>\n<ul>\n<li><strong>Rentabil<\/strong>: De\u0219i versiunile mai noi ale Visio pot veni cu func\u021bii \u0219i \u00eembun\u0103t\u0103\u021biri suplimentare, Visio 2016 Professional r\u0103m\u00e2ne o alegere rentabil\u0103 pentru utilizatorii care au nevoie de capabilit\u0103\u021bi fiabile de creare de diagrame f\u0103r\u0103 cele mai recente func\u021bii. <strong>Licen\u021ba digital\u0103 <\/strong>pentru Visio 2016 Professional asigur\u0103 o achizi\u021bie unic\u0103, oferind valoare pe termen lung.<\/li>\n<li><strong>Interfa\u021b\u0103 de utilizator familiar\u0103<\/strong>: Pentru companiile care utilizeaz\u0103 Visio de ani de zile, Visio 2016 Professional ofer\u0103 o interfa\u021b\u0103 familiar\u0103 cu toate caracteristicile necesare. Spre deosebire de versiunile mai noi care pot introduce modific\u0103ri \u00een fluxul de lucru sau \u00een instrumente, Visio 2016 Professional este conceput pentru a oferi o experien\u021b\u0103 de utilizare uniform\u0103 \u0219i consecvent\u0103.<\/li>\n<li><strong>Compatibilitate<\/strong>: Visio 2016 Professional func\u021bioneaz\u0103 f\u0103r\u0103 probleme cu sistemele \u0219i software-ul mai vechi. Dac\u0103 face\u021bi upgrade de la o versiune mai veche de Visio, tranzi\u021bia va fi u\u0219oar\u0103 f\u0103r\u0103 a fi nevoie s\u0103 v\u0103 actualiza\u021bi \u00eentregul sistem. <strong>Licen\u021ba digital\u0103 <\/strong>v\u0103 asigur\u0103 accesul continuu la software f\u0103r\u0103 a avea nevoie de un abonament.<\/li>\n<li><strong>Performan\u021b\u0103 \u00eembun\u0103t\u0103\u021bit\u0103<\/strong>: Comparativ cu instrumentele mai vechi de creare a diagramelor, Visio 2016 Professional exceleaz\u0103 \u00een ceea ce prive\u0219te performan\u021ba. Poate gestiona seturi de date mai mari \u0219i diagrame mai complexe f\u0103r\u0103 s\u0103 \u00eencetineasc\u0103, ceea ce \u00eel face ideal pentru proiectele la nivel de \u00eentreprindere.<\/li>\n<\/ul>\n<p>De\u0219i versiunile noi de software pot oferi func\u021bii suplimentare, Visio 2016 Professional r\u0103m\u00e2ne un instrument extrem de fiabil \u0219i flexibil pentru majoritatea nevoilor de creare de diagrame, \u00een special pentru cei care au nevoie de o solu\u021bie accesibil\u0103 cu performan\u021be puternice.<\/p>\n<p>&nbsp;<\/p>\n<h3>Cerin\u021be de sistem pentru Microsoft Visio 2016 Professional<\/h3>\n<p>Pentru a asigura o performan\u021b\u0103 f\u0103r\u0103 probleme \u0219i func\u021bionalitate complet\u0103, este important s\u0103 utiliza\u021bi un sistem care \u00eendepline\u0219te sau dep\u0103\u0219e\u0219te urm\u0103toarele cerin\u021be pentru Microsoft Visio 2016 Professional:<\/p>\n<table width=\"100%\">\n<thead>\n<tr>\n<td width=\"18%\"><\/td>\n<td width=\"40%\"><strong>Minimum<\/strong><\/td>\n<td width=\"40%\"><strong>Recomandate<\/strong><\/td>\n<\/tr>\n<\/thead>\n<tbody>\n<tr>\n<td width=\"18%\"><strong><em>Sistem de operare<\/em><\/strong><\/td>\n<td width=\"40%\">Windows 7 sau ulterior<\/td>\n<td width=\"40%\">Windows 10 sau ulterior<\/td>\n<\/tr>\n<tr>\n<td width=\"18%\"><strong><em>Procesor<\/em><\/strong><\/td>\n<td width=\"40%\">1 GHz sau mai rapid, x86 sau x64-bit<\/td>\n<td width=\"40%\">2 GHz sau mai rapid, x64-bit<\/td>\n<\/tr>\n<tr>\n<td width=\"18%\"><strong><em>RAM<\/em><\/strong><\/td>\n<td width=\"40%\">1 GB pentru 32 de bi\u021bi, 2 GB pentru 64 de bi\u021bi<\/td>\n<td width=\"40%\">4 GB sau mai mult<\/td>\n<\/tr>\n<tr>\n<td width=\"18%\"><strong><em>Spa\u021biu pe hard disk<\/em><\/strong><\/td>\n<td width=\"40%\">3 GB de spa\u021biu disponibil pe disc<\/td>\n<td width=\"40%\">4 GB sau mai mult<\/td>\n<\/tr>\n<tr>\n<td width=\"18%\"><strong><em>Grafic\u0103<\/em><\/strong><\/td>\n<td width=\"40%\">Grafic\u0103 DirectX 9 cu WDDM 1.0<\/td>\n<td width=\"40%\">Grafic\u0103 DirectX 10<\/td>\n<\/tr>\n<tr>\n<td width=\"18%\"><strong><em>Afi\u0219aj<\/em><\/strong><\/td>\n<td width=\"40%\">Rezolu\u021bie 1024&#215;576<\/td>\n<td width=\"40%\">Rezolu\u021bie 1920&#215;1080<\/td>\n<\/tr>\n<tr>\n<td width=\"18%\"><strong><em>Internet<\/em><\/strong><\/td>\n<td width=\"40%\">Necesar pentru actualiz\u0103ri \u0219i caracteristici online<\/td>\n<td width=\"40%\">Necesar pentru actualiz\u0103ri \u0219i caracteristici online<\/td>\n<\/tr>\n<tr>\n<td width=\"18%\"><strong><em>Cont Microsoft<\/em><\/strong><\/td>\n<td width=\"40%\">Necesar pentru activare \u0219i func\u021bii cloud<\/td>\n<td width=\"40%\">Necesar pentru activare \u0219i func\u021bii cloud<\/td>\n<\/tr>\n<\/tbody>\n<\/table>\n<p>Pentru a ob\u021bine cea mai bun\u0103 experien\u021b\u0103, este recomandat s\u0103 rula\u021bi Visio 2016 Professional pe cea mai recent\u0103 versiune a <a href=\"\/ro\/produs\/microsoft-windows-11-pro-digital-license\/\">Microsoft Windows 11 Pro<\/a>, deoarece ofer\u0103 capacit\u0103\u021bi \u00eembun\u0103t\u0103\u021bite de securitate \u0219i performan\u021b\u0103.<\/p>\n<p>&nbsp;<\/p>\n<h3>De ce s\u0103 alege\u021bi Microsoft Visio 2016 Professional?<\/h3>\n<p>Microsoft Visio 2016 Professional ofer\u0103 o solu\u021bie puternic\u0103 \u0219i rentabil\u0103 pentru nevoile de creare a diagramelor. Fie c\u0103 sunte\u021bi proprietarul unei mici afaceri, manager de proiect sau profesionist IT, Visio 2016 Professional v\u0103 ofer\u0103 instrumentele necesare pentru a crea reprezent\u0103ri vizuale clare \u0219i precise ale datelor dvs. Datorit\u0103 gamei sale largi de caracteristici, compatibilit\u0103\u021bii cu sistemele mai vechi \u0219i u\u0219urin\u021bei de utilizare, se remarc\u0103 ca o alegere de top \u00een clasa sa.<\/p>\n<p>Pentru utilizatorii care prioritizeaz\u0103 o <strong>licen\u021b\u0103 digital\u0103<\/strong>, Visio 2016 Professional este o investi\u021bie inteligent\u0103. Software-ul necesit\u0103 o achizi\u021bie unic\u0103, ceea ce \u00eenseamn\u0103 f\u0103r\u0103 taxe de abonament continue \u0219i o solu\u021bie de lung\u0103 durat\u0103 care va r\u0103m\u00e2ne eficient\u0103 pentru anii urm\u0103tori.<\/p>\n<p>Visio 2016 Professional este o solu\u021bie dovedit\u0103 pentru oricine dore\u0219te s\u0103 \u00ee\u0219i \u00eembun\u0103t\u0103\u021beasc\u0103 capacit\u0103\u021bile de creare a diagramelor. Fie c\u0103 face\u021bi upgrade de la o versiune mai veche sau c\u0103uta\u021bi un instrument fiabil pentru nevoile dvs. de afaceri, Visio 2016 Professional r\u0103m\u00e2ne o alegere excelent\u0103. Dac\u0103 sunte\u021bi \u00een c\u0103utarea celor mai recente actualiz\u0103ri, lua\u021bi \u00een considerare <strong>Microsoft Visio 2024 Professional <\/strong>sau explora\u021bi mai multe despre Visio pe <a href=\"https:\/\/microsoft.fandom.com\/wiki\/Microsoft_Visio\">wikipedia Microsoft <\/a>pentru detalii suplimentare.<\/p>\n<p>&nbsp;<\/p>\n<h3>INFORMA\u021aII IMPORTANTE<\/h3>\n<p><em>Acest produs este o <strong>cheie de licen\u021b\u0103 <\/strong>pentru a v\u0103 activa software-ul. Cheia de licen\u021b\u0103 va fi trimis\u0103 prin e-mail <strong>\u00een termen de 24 de ore<\/strong>. Nu v\u0103 va fi trimis niciun produs fizic.<\/em><\/p>","protected":false},"excerpt":{"rendered":"<ul>\n<li>\n<p data-start=\"129\" data-end=\"246\"><br data-start=\"198\" data-end=\"201\" \/>\ud83d\udce9 Livrare prin e-mail \u00een <strong data-start=\"227\" data-end=\"246\">maxim 24 de ore<\/strong><\/p>\n<p data-start=\"248\" data-end=\"534\">\ud83d\udc64 <strong data-start=\"251\" data-end=\"282\">1 utilizator \u2013 1 dispozitiv<\/strong><br data-start=\"282\" data-end=\"285\" \/>\ud83d\udd12 <strong data-start=\"288\" data-end=\"310\">Licen\u021b\u0103 permanent\u0103<\/strong>, f\u0103r\u0103 abonament<br data-start=\"326\" data-end=\"329\" \/>\ud83e\udde0 Ideal pentru diagrame profesionale, organigrame, planuri de re\u021bea<br data-start=\"397\" data-end=\"400\" data-is-only-node=\"\" \/>\ud83d\udcbb Compatibil cu Windows 10 \u0219i Windows 11<br data-start=\"441\" data-end=\"444\" \/>\ud83d\udee0\ufe0f Instalare rapid\u0103 + ghid complet inclus<br data-start=\"486\" data-end=\"489\" \/>\u2705 Activare online direct pe site-ul Microsoft<\/p>\n<\/li>\n<\/ul>","protected":false},"featured_media":1416,"comment_status":"closed","ping_status":"closed","template":"","meta":[],"product_brand":[],"product_cat":[32],"product_tag":[],"class_list":{"0":"post-1386","1":"product","2":"type-product","3":"status-publish","4":"has-post-thumbnail","6":"product_cat-office","8":"first","9":"instock","10":"sale","11":"shipping-taxable","12":"purchasable","13":"product-type-simple"},"_links":{"self":[{"href":"https:\/\/softlite.ro\/ro\/wp-json\/wp\/v2\/product\/1386","targetHints":{"allow":["GET"]}}],"collection":[{"href":"https:\/\/softlite.ro\/ro\/wp-json\/wp\/v2\/product"}],"about":[{"href":"https:\/\/softlite.ro\/ro\/wp-json\/wp\/v2\/types\/product"}],"replies":[{"embeddable":true,"href":"https:\/\/softlite.ro\/ro\/wp-json\/wp\/v2\/comments?post=1386"}],"wp:featuredmedia":[{"embeddable":true,"href":"https:\/\/softlite.ro\/ro\/wp-json\/wp\/v2\/media\/1416"}],"wp:attachment":[{"href":"https:\/\/softlite.ro\/ro\/wp-json\/wp\/v2\/media?parent=1386"}],"wp:term":[{"taxonomy":"product_brand","embeddable":true,"href":"https:\/\/softlite.ro\/ro\/wp-json\/wp\/v2\/product_brand?post=1386"},{"taxonomy":"product_cat","embeddable":true,"href":"https:\/\/softlite.ro\/ro\/wp-json\/wp\/v2\/product_cat?post=1386"},{"taxonomy":"product_tag","embeddable":true,"href":"https:\/\/softlite.ro\/ro\/wp-json\/wp\/v2\/product_tag?post=1386"}],"curies":[{"name":"wp","href":"https:\/\/api.w.org\/{rel}","templated":true}]}}