{"id":1388,"date":"2025-11-22T17:44:00","date_gmt":"2025-11-22T17:44:00","guid":{"rendered":"https:\/\/softlite.ro\/?post_type=product&#038;p=1388"},"modified":"2025-11-22T18:19:05","modified_gmt":"2025-11-22T18:19:05","slug":"indesign-2021","status":"publish","type":"product","link":"https:\/\/softlite.ro\/ro\/produs\/indesign-2021\/","title":{"rendered":"InDesign 2021"},"content":{"rendered":"<h3>Instrumentul dvs. final de publicare<\/h3>\n<p>InDesign 2021 este principalul software de editare desktop conceput pentru a r\u0103spunde cerin\u021belor designerilor grafici, profesioni\u0219tilor \u00een marketing \u0219i editurilor. Cu un set puternic de instrumente intuitive, InDesign 2021 faciliteaz\u0103 mai mult ca niciodat\u0103 crearea de machete conving\u0103toare pentru presa tip\u0103rit\u0103 \u0219i digital\u0103. Fie c\u0103 proiecta\u021bi bro\u0219uri, c\u0103r\u021bi electronice, reviste sau PDF-uri interactive, InDesign ofer\u0103 o integrare perfect\u0103 cu alte produse, eficientiz\u00e2nd fluxul de lucru creativ.<\/p>\n<p>&nbsp;<\/p>\n<h3>Instrumente puternice \u0219i func\u021bii avansate \u00een InDesign 2021<\/h3>\n<p>InDesign 2021 include numeroase caracteristici avansate concepute pentru a spori productivitatea \u0219i creativitatea:<\/p>\n<ul>\n<li><strong>Controale tipografice \u00eembun\u0103t\u0103\u021bite<\/strong>: Gestionarea precis\u0103 a textului \u0219i a tipografiei cu c\u0103utarea \u0219i filtrarea \u00eembun\u0103t\u0103\u021bit\u0103 a fonturilor.<\/li>\n<li><strong>Integrare Sensei<\/strong>: Ajust\u0103ri automate bazate pe inteligen\u021b\u0103 artificial\u0103 \u0219i adaptare \u00een func\u021bie de con\u021binut pentru a optimiza instantaneu ajust\u0103rile de aspect.<\/li>\n<li><strong>PDF-uri interactive \u0219i export ePub<\/strong>: Crea\u021bi documente atractive, interactive, cu clipuri video, audio, hyperlink-uri \u0219i anima\u021bii, potrivite pentru toate dispozitivele.<\/li>\n<li><strong>Integrare perfect\u0103 cu<\/strong>: Importa\u021bi cu u\u0219urin\u021b\u0103 grafic\u0103 \u0219i desene din alte programe, cum ar fi <a href=\"\/ro\/produs\/adobe-photoshop-2021-digital-lecense-key\/\">Photoshop 2021 <\/a>\u0219i <a href=\"\/ro\/produs\/adobe-illustrator-2023-digital-license\/\">\u00a0Illustrator 2023<\/a>.<\/li>\n<li><strong>Colaborare simplificat\u0103<\/strong>: Instrumentele integrate de revizuire \u0219i colaborare permit utilizatorilor s\u0103 partajeze cu u\u0219urin\u021b\u0103 proiectele lor cu clien\u021bii sau membrii echipei pentru un feedback rapid.<\/li>\n<li><strong>Op\u021biuni flexibile de aranjare<\/strong>: Op\u021biuni avansate pentru personalizarea layout-ului, inclusiv layout-uri alternative, layout-uri lichide \u0219i potrivire \u00een func\u021bie de con\u021binut.<\/li>\n<\/ul>\n<p>&nbsp;<\/p>\n<h3>Avantaje comparativ cu alte solu\u021bii<\/h3>\n<p>\u00cen compara\u021bie cu alte produse similare, InDesign 2021 se eviden\u021biaz\u0103 semnificativ:<\/p>\n<ul>\n<li><strong>Fa\u021b\u0103 de versiunile anterioare<\/strong>: InDesign 2021 ofer\u0103 o experien\u021b\u0103 de utilizare mai ra\u021bionalizat\u0103, o optimizare mai bun\u0103 a performan\u021bei \u0219i caracteristici \u00eembun\u0103t\u0103\u021bite bazate pe inteligen\u021b\u0103 artificial\u0103, f\u0103c\u00e2ndu-l mai rapid \u0219i mai u\u0219or dec\u00e2t versiunile anterioare.<\/li>\n<li><strong>Versus concuren\u021bi<\/strong>: Spre deosebire de alte software-uri de editare desktop, InDesign 2021 ofer\u0103 interoperabilitate superioar\u0103 cu aplica\u021biil Creative Cloud, gestionare de neegalat a tipografiei \u0219i suport superior pentru elemente interactive \u0219i multimedia.<\/li>\n<li><strong>Valoare pe termen lung<\/strong>: Achizi\u021bionarea unei licen\u021be digitale pentru InDesign 2021 asigur\u0103 accesul la un software stabil, f\u0103r\u0103 costuri lunare recurente. Licen\u021ba dvs. digital\u0103 v\u0103 permite s\u0103 reinstala\u021bi \u0219i s\u0103 transfera\u021bi software-ul pe mai multe dispozitive, oferind flexibilitate \u0219i valoare pe termen lung.<\/li>\n<\/ul>\n<p>&nbsp;<\/p>\n<h3>Cerin\u021be de sistem<\/h3>\n<p>Aceast\u0103 versiune a InDesign 2021 este disponibil\u0103 numai pentru Windows. Iat\u0103 cerin\u021bele de sistem pentru a asigura performan\u021be optime:<\/p>\n<p><strong>Ferestre<\/strong><\/p>\n<table>\n<tbody>\n<tr>\n<td><\/td>\n<td><strong>Minimum<\/strong><\/td>\n<td><strong>Recomandate<\/strong><\/td>\n<\/tr>\n<tr>\n<td><strong><em>Procesor<\/em><\/strong><\/td>\n<td>Intel Pentium 5 sau AMD Athlon 64<\/td>\n<td>Intel i5 sau AMD Ryzen 5<\/td>\n<\/tr>\n<tr>\n<td><strong><em>Sistem de operare<\/em><\/strong><\/td>\n<td>Windows 10 (pe 64 de bi\u021bi) versiunea 1809 sau ulterioar\u0103<\/td>\n<td>Windows 10 (pe 64 de bi\u021bi) cea mai recent\u0103 actualizare<\/td>\n<\/tr>\n<tr>\n<td><strong><em>RAM<\/em><\/strong><\/td>\n<td>4 GB<\/td>\n<td>16 GB sau mai mult<\/td>\n<\/tr>\n<tr>\n<td><strong><em>Spa\u021biu pe hard disk<\/em><\/strong><\/td>\n<td>3.6 GB<\/td>\n<td>SSD cu 5 GB spa\u021biu liber<\/td>\n<\/tr>\n<tr>\n<td><strong><em>Rezolu\u021bia monitorului<\/em><\/strong><\/td>\n<td>1024 x 768<\/td>\n<td>1920 x 1080 sau mai mare<\/td>\n<\/tr>\n<tr>\n<td><strong><em>GPU<\/em><\/strong><\/td>\n<td>Grafic\u0103 integrat\u0103<\/td>\n<td>GPU dedicat cu 2 GB VRAM<\/td>\n<\/tr>\n<\/tbody>\n<\/table>\n<p>&nbsp;<\/p>\n<h3>De ce s\u0103 alege\u021bi InDesign 2021?<\/h3>\n<p>Alegerea InDesign 2021 v\u0103 asigur\u0103 c\u0103 dispune\u021bi de cele mai bune instrumente disponibile pentru publicarea profesional\u0103. Func\u021biile avansate ale software-ului, integrarea perfect\u0103 \u00een Creative Cloud \u0219i capacit\u0103\u021bile puternice de layout permit utilizatorilor s\u0103 creeze eficient con\u021binut uimitor din punct de vedere vizual. Investind \u00eentr-o licen\u021b\u0103 digital\u0103 pentru InDesign 2021, ob\u021bine\u021bi flexibilitate, fiabilitate \u0219i asisten\u021b\u0103 excep\u021bional\u0103, asigur\u00e2ndu-v\u0103 c\u0103 proiectele dvs. au \u00eentotdeauna un aspect \u00eengrijit \u0219i profesional. Fie c\u0103 lucra\u021bi la reviste tip\u0103rite sau la publica\u021bii digitale interactive, InDesign 2021 ofer\u0103 performan\u021b\u0103, eficien\u021b\u0103 \u0219i creativitate de neegalat pentru toate nevoile dvs. de publicare.<\/p>\n<p>Descoperi\u021bi mai multe despre InDesign 2021 pe <a href=\"https:\/\/blog.adobe.com\/en\/publish\/2021\/10\/26\/indesign-2021-update-faster-collaborative-modern\">blogul oficial <\/a>\u0219i \u00eembun\u0103t\u0103\u021bi\u021bi-v\u0103 ast\u0103zi proiectele de publicare.<\/p>\n<p>&nbsp;<\/p>\n<h3>INFORMA\u021aII IMPORTANTE<\/h3>\n<p><em>Acest produs este o <strong>cheie de licen\u021b\u0103 <\/strong>pentru a v\u0103 activa software-ul. Cheia de licen\u021b\u0103 va fi trimis\u0103 prin e-mail <strong>\u00een termen de 24 de ore<\/strong>. Nu v\u0103 va fi trimis niciun produs fizic.<\/em><\/p>","protected":false},"excerpt":{"rendered":"<div class=\"elementor-element elementor-element-e2ca357 wd-single-short-desc text-left elementor-widget elementor-widget-wd_single_product_short_description\" data-id=\"e2ca357\" data-element_type=\"widget\" data-widget_type=\"wd_single_product_short_description.default\">\n<div class=\"elementor-widget-container\">\n<div class=\"woocommerce-product-details__short-description\">\n<ul>\n<li>\n<p data-start=\"115\" data-end=\"217\">\ud83c\udfa8<strong data-start=\"118\" data-end=\"169\">\u00a0InDesign 2021 \u2013 Licen\u021b\u0103 digital\u0103 complet\u0103<\/strong><br data-start=\"169\" data-end=\"172\" \/>\ud83d\udce9 Livrare prin e-mail \u00een <strong data-start=\"198\" data-end=\"217\">maxim 24 de ore<\/strong><\/p>\n<p data-start=\"219\" data-end=\"579\">\ud83d\udcbb <strong data-start=\"222\" data-end=\"253\">1 utilizator \u2013 1 dispozitiv<\/strong><br data-start=\"253\" data-end=\"256\" \/>\ud83d\udd13 <strong data-start=\"259\" data-end=\"281\">Licen\u021b\u0103 permanent\u0103<\/strong>, f\u0103r\u0103 abonament lunar<br data-start=\"303\" data-end=\"306\" \/>\u26a1 <strong data-start=\"308\" data-end=\"349\" data-is-only-node=\"\">Activare online instantanee \u0219i sigur\u0103<\/strong><br data-start=\"349\" data-end=\"352\" \/>\ud83d\udcda Ideal pentru design editorial: bro\u0219uri, reviste, c\u0103r\u021bi, afi\u0219e<br data-start=\"416\" data-end=\"419\" \/>\ud83d\udda5\ufe0f Compatibil cu Windows 10 \u0219i Windows 11<br data-start=\"461\" data-end=\"464\" \/>\ud83d\udee0\ufe0f Instruc\u021biuni de instalare incluse + suport tehnic disponibil<br data-start=\"528\" data-end=\"531\" \/>\u2705 Activare simpl\u0103 \u2013 nu necesit\u0103 cont Adobe Cloud<\/p>\n<\/li>\n<\/ul>\n<\/div>\n<\/div>\n<\/div>","protected":false},"featured_media":1418,"comment_status":"closed","ping_status":"closed","template":"","meta":[],"product_brand":[],"product_cat":[34],"product_tag":[],"class_list":{"0":"post-1388","1":"product","2":"type-product","3":"status-publish","4":"has-post-thumbnail","6":"product_cat-graphical","8":"first","9":"instock","10":"sale","11":"shipping-taxable","12":"purchasable","13":"product-type-simple"},"_links":{"self":[{"href":"https:\/\/softlite.ro\/ro\/wp-json\/wp\/v2\/product\/1388","targetHints":{"allow":["GET"]}}],"collection":[{"href":"https:\/\/softlite.ro\/ro\/wp-json\/wp\/v2\/product"}],"about":[{"href":"https:\/\/softlite.ro\/ro\/wp-json\/wp\/v2\/types\/product"}],"replies":[{"embeddable":true,"href":"https:\/\/softlite.ro\/ro\/wp-json\/wp\/v2\/comments?post=1388"}],"wp:featuredmedia":[{"embeddable":true,"href":"https:\/\/softlite.ro\/ro\/wp-json\/wp\/v2\/media\/1418"}],"wp:attachment":[{"href":"https:\/\/softlite.ro\/ro\/wp-json\/wp\/v2\/media?parent=1388"}],"wp:term":[{"taxonomy":"product_brand","embeddable":true,"href":"https:\/\/softlite.ro\/ro\/wp-json\/wp\/v2\/product_brand?post=1388"},{"taxonomy":"product_cat","embeddable":true,"href":"https:\/\/softlite.ro\/ro\/wp-json\/wp\/v2\/product_cat?post=1388"},{"taxonomy":"product_tag","embeddable":true,"href":"https:\/\/softlite.ro\/ro\/wp-json\/wp\/v2\/product_tag?post=1388"}],"curies":[{"name":"wp","href":"https:\/\/api.w.org\/{rel}","templated":true}]}}