{"id":1389,"date":"2025-11-22T17:44:00","date_gmt":"2025-11-22T17:44:00","guid":{"rendered":"https:\/\/softlite.ro\/?post_type=product&#038;p=1389"},"modified":"2025-11-22T18:18:58","modified_gmt":"2025-11-22T18:18:58","slug":"illustrator-2021","status":"publish","type":"product","link":"https:\/\/softlite.ro\/ro\/produs\/illustrator-2021\/","title":{"rendered":"Illustrator 2021"},"content":{"rendered":"<h3>Cel mai bun software de design grafic<\/h3>\n<p>Illustrator 2021 stabile\u0219te standardul \u00een materie de software de design grafic vectorial, permi\u021b\u00e2nd at\u00e2t profesioni\u0219tilor, c\u00e2t \u0219i pasiona\u021bilor de crea\u021bie s\u0103 produc\u0103 cu precizie imagini uimitoare, scalabile. De la crearea de logo-uri la ilustra\u021bii complexe \u0219i tipografie detaliat\u0103, Illustrator 2021 este setul dvs. cuprinz\u0103tor de instrumente de art\u0103 digital\u0103. O <strong>licen\u021b\u0103 digital\u0103 <\/strong>acord\u0103 acces instantaneu la o suit\u0103 robust\u0103 de instrumente avansate \u0219i fluxuri de lucru simplificate, ridic\u00e2nd capacit\u0103\u021bile dvs. de design la noi \u00een\u0103l\u021bimi. Fie c\u0103 face\u021bi upgrade de la o versiune mai veche sau explora\u021bi grafica vectorial\u0103 pentru prima dat\u0103, Adobe Illustrator este solu\u021bia definitiv\u0103.<\/p>\n<p>&nbsp;<\/p>\n<h3>Instrumente puternice \u0219i caracteristici inovatoare \u00een Illustrator 2021<\/h3>\n<p>Illustrator 2021 introduce progrese semnificative care sporesc productivitatea, creativitatea \u0219i eficien\u021ba. Principalele caracteristici includ:<\/p>\n<ul>\n<li><strong>Editare \u0219i previzualizare \u00een timp real:<\/strong> Experimenta\u021bi feedback instantaneu \u00een timp ce crea\u021bi, permi\u021b\u00e2nd experimentarea \u0219i ajust\u0103rile f\u0103r\u0103 \u00eentreruperi.<\/li>\n<li><strong>Instrumentul Intertwine:<\/strong> \u021aese\u021bi \u0219i \u00eempleti\u021bi f\u0103r\u0103 efort obiecte f\u0103r\u0103 editare manual\u0103, perfect pentru crearea de modele complexe, \u00een straturi.<\/li>\n<li><strong>Efecte 3D \u00eembun\u0103t\u0103\u021bite:<\/strong> Genera\u021bi cu u\u0219urin\u021b\u0103 modele 3D realiste, cu controale intuitive pentru rota\u021bie, iluminare \u0219i texturi.<\/li>\n<li><strong>Instrumente tipografice \u00eembun\u0103t\u0103\u021bite:<\/strong> Control sporit asupra fonturilor, manipul\u0103rii textului \u0219i stiliz\u0103rii, simplific\u00e2nd crearea de elemente de text profesionale.<\/li>\n<li><strong>Colaborare avansat\u0103:<\/strong> Partajarea bazat\u0103 pe cloud \u0219i co-editarea \u00een timp real fac Illustrator 2021 ideal pentru lucrul \u00een echip\u0103 \u0219i proiectele la distan\u021b\u0103.<\/li>\n<\/ul>\n<p>Cu Illustrator 2021, utilizatorii beneficiaz\u0103 de avantaje semnificative fa\u021b\u0103 de versiunile anterioare, precum Illustrator 2022 \u0219i Illustrator 2021, datorit\u0103 proces\u0103rii mai rapide, instrumentelor rafinate \u0219i interfe\u021bei mai fluide cu utilizatorul. Comparativ cu solu\u021bii similare precum CorelDRAW sau Affinity Designer, Adobe Illustrator ofer\u0103 o integrare superioar\u0103 \u00een cadrul ecosistemului Adobe, \u00een special al\u0103turi de alte instrumente precum <a href=\"\/ro\/produs\/adobe-photoshop-2021-digital-lecense-key\/\">Photoshop 2021 <\/a>\u0219i <a href=\"\/ro\/produs\/adobe-indesign-2021-digital-license\/\">\u00a0InDesign 2021<\/a>.<\/p>\n<p>&nbsp;<\/p>\n<h3>De ce s\u0103 alege\u021bi Illustrator 2021?<\/h3>\n<p>Illustrator 2021 ofer\u0103 avantaje notabile:<\/p>\n<ul>\n<li><strong>Scalabilitate:<\/strong> Grafica vectorial\u0103 asigur\u0103 men\u021binerea calit\u0103\u021bii desenelor indiferent de dimensiune, de la c\u0103r\u021bi de vizit\u0103 mici la panouri publicitare mari.<\/li>\n<li><strong>Standard industrial:<\/strong> De \u00eencredere la nivel global, competen\u021ba \u00een Illustrator v\u0103 \u00eembun\u0103t\u0103\u021be\u0219te portofoliul profesional \u0219i capacitatea de angajare.<\/li>\n<li><strong>Compatibilitate \u0219i integrare: <\/strong>Combina\u021bi f\u0103r\u0103 efort proiectele Illustrator cu Photoshop, InDesign \u0219i alte programe, eficientiz\u00e2nd fluxul de lucru creativ.<\/li>\n<li><strong>Licen\u021biere flexibil\u0103: <\/strong>O <strong>licen\u021b\u0103 digital\u0103 <\/strong>ofer\u0103 confort \u0219i securitate, f\u0103c\u00e2nd Illustrator 2021 u\u0219or de instalat \u0219i transferat \u00eentre computere.<\/li>\n<\/ul>\n<p>&nbsp;<\/p>\n<h3>Cerin\u021be de sistem<\/h3>\n<p>Aceast\u0103 versiune a Illustrator 2021 este disponibil\u0103 numai pentru Windows, oferind flexibilitate pentru diverse medii creative.<\/p>\n<p><strong>Windows Cerin\u021be de sistem:<\/strong><\/p>\n<table>\n<tbody>\n<tr>\n<td><\/td>\n<td><strong>Minimum<\/strong><\/td>\n<td><strong>Recomandate<\/strong><\/td>\n<\/tr>\n<tr>\n<td><strong><em>Sistem de operare<\/em><\/strong><\/td>\n<td>Windows 10 (pe 64 de bi\u021bi)<\/td>\n<td>Windows 11 (pe 64 de bi\u021bi)<\/td>\n<\/tr>\n<tr>\n<td><strong><em>Procesor<\/em><\/strong><\/td>\n<td>Procesor Multicore Intel sau AMD (64 de bi\u021bi)<\/td>\n<td>Intel Core i7 sau echivalent<\/td>\n<\/tr>\n<tr>\n<td><strong><em>RAM<\/em><\/strong><\/td>\n<td>8 GB<\/td>\n<td>16 GB sau mai mult<\/td>\n<\/tr>\n<tr>\n<td><strong><em>Depozitare<\/em><\/strong><\/td>\n<td>3 GB de spa\u021biu disponibil pe hard-disk<\/td>\n<td>Stocare SSD pentru performan\u021be mai rapide<\/td>\n<\/tr>\n<tr>\n<td><strong><em>Afi\u0219aj<\/em><\/strong><\/td>\n<td>Rezolu\u021bie afi\u0219aj 1024 x 768<\/td>\n<td>Rezolu\u021bie ecran 1920 x 1080<\/td>\n<\/tr>\n<tr>\n<td><strong><em>GPU<\/em><\/strong><\/td>\n<td>GPU integrat<\/td>\n<td>GPU dedicat cu 4GB VRAM<\/td>\n<\/tr>\n<\/tbody>\n<\/table>\n<p>&nbsp;<\/p>\n<h3>Illustrator 2021: Alegerea ideal\u0103 pentru designeri<\/h3>\n<p>Illustrator 2021 r\u0103m\u00e2ne de neegalat \u00een ceea ce prive\u0219te capacit\u0103\u021bile puternice, versatile \u0219i eficiente de design grafic. Cu instrumente create pentru precizie, vitez\u0103 \u0219i libertate creativ\u0103, Illustrator 2021 asigur\u0103 rezultate excep\u021bionale \u00een fiecare proiect. Integrarea sa perfect\u0103 cu alte programe Adobe, \u00eempreun\u0103 cu confortul unei <strong>licen\u021be digitale<\/strong>, fac din Illustrator 2021 o investi\u021bie inteligent\u0103 pentru designerii grafici \u0219i arti\u0219tii digitali deopotriv\u0103. Opt\u00e2nd pentru Adobe Illustrator, nu numai c\u0103 v\u0103 \u00eembun\u0103t\u0103\u021bi\u021bi capacit\u0103\u021bile creative, dar v\u0103 \u0219i pozi\u021biona\u021bi \u00een fruntea industriei de design. Explora\u021bi ast\u0103zi posibilit\u0103\u021bile nelimitate cu Illustrator 2021 .<\/p>\n<p>Pentru specifica\u021bii detaliate \u0219i informa\u021bii suplimentare, v\u0103 rug\u0103m s\u0103 vizita\u021bi <a href=\"https:\/\/blog.adobe.com\/en\/publish\/2023\/10\/10\/revolutionizing-graphic-design-try-out-latest-innovative-adobe-illustrator-features\">site-ul oficial Adobe<\/a>.<\/p>\n<p>&nbsp;<\/p>\n<h3>INFORMA\u021aII IMPORTANTE<\/h3>\n<p><em>Acest produs este o <strong>cheie de licen\u021b\u0103 <\/strong>pentru a v\u0103 activa software-ul. Cheia de licen\u021b\u0103 va fi trimis\u0103 prin e-mail <strong>\u00een termen de 24 de ore<\/strong>. Nu v\u0103 va fi trimis niciun produs fizic.<\/em><\/p>","protected":false},"excerpt":{"rendered":"<div class=\"elementor-element elementor-element-e2ca357 wd-single-short-desc text-left elementor-widget elementor-widget-wd_single_product_short_description\" data-id=\"e2ca357\" data-element_type=\"widget\" data-widget_type=\"wd_single_product_short_description.default\">\n<div class=\"elementor-widget-container\">\n<div class=\"woocommerce-product-details__short-description\">\n<div class=\"flex basis-auto flex-col -mb-(--composer-overlap-px) [--composer-overlap-px:55px] grow overflow-hidden\">\n<div class=\"relative h-full\">\n<div class=\"flex h-full flex-col overflow-y-auto [scrollbar-gutter:stable_both-edges] @[84rem]\/thread:pt-(--header-height)\">\n<div class=\"@thread-xl\/thread:pt-header-height flex flex-col text-sm pb-25\">\n<article class=\"text-token-text-primary w-full\" dir=\"auto\" data-testid=\"conversation-turn-2\" data-scroll-anchor=\"true\">\n<div class=\"text-base my-auto mx-auto py-5 [--thread-content-margin:--spacing(4)] @[37rem]:[--thread-content-margin:--spacing(6)] @[72rem]:[--thread-content-margin:--spacing(16)] px-(--thread-content-margin)\">\n<div class=\"[--thread-content-max-width:32rem] @[34rem]:[--thread-content-max-width:40rem] @[64rem]:[--thread-content-max-width:48rem] mx-auto flex max-w-(--thread-content-max-width) flex-1 text-base gap-4 md:gap-5 lg:gap-6 group\/turn-messages focus-visible:outline-hidden\" tabindex=\"-1\">\n<div class=\"group\/conversation-turn relative flex w-full min-w-0 flex-col agent-turn\">\n<div class=\"relative flex-col gap-1 md:gap-3\">\n<div class=\"flex max-w-full flex-col grow\">\n<div class=\"min-h-8 text-message relative flex w-full flex-col items-end gap-2 text-start break-words whitespace-normal [.text-message+&amp;]:mt-5\" dir=\"auto\" data-message-author-role=\"assistant\" data-message-id=\"38bcca78-c1fc-4a2a-bce3-041d0852cd31\" data-message-model-slug=\"gpt-4o\">\n<div class=\"flex w-full flex-col gap-1 empty:hidden first:pt-[3px]\">\n<div class=\"markdown prose dark:prose-invert w-full break-words light\">\n<p data-start=\"123\" data-end=\"220\"><br data-start=\"165\" data-end=\"168\" \/>\ud83d\udce9 Livrare rapid\u0103 prin e-mail \u00een <strong data-start=\"201\" data-end=\"220\">maxim 24 de ore<\/strong><\/p>\n<p data-start=\"123\" data-end=\"220\">\ud83d\udc64 <strong data-start=\"225\" data-end=\"256\">1 utilizator \u2013 1 dispozitiv<\/strong><br data-start=\"256\" data-end=\"259\" \/>\ud83d\udd01 <strong data-start=\"262\" data-end=\"280\">F\u0103r\u0103 abonament<\/strong>, f\u0103r\u0103 costuri recurente<br data-start=\"304\" data-end=\"307\" \/>\u26a1 <strong data-start=\"309\" data-end=\"345\" data-is-only-node=\"\">Activare online rapid\u0103 \u0219i sigur\u0103<\/strong><br data-start=\"345\" data-end=\"348\" \/>\ud83d\udcbb <strong data-start=\"351\" data-end=\"394\">Instalare unic\u0103 pe un singur dispozitiv<\/strong> \u2013 valabil\u0103 pe termen nelimitat<br data-start=\"425\" data-end=\"428\" \/>\ud83e\udde9 Compatibil cu majoritatea versiunilor moderne de Windows<br data-start=\"487\" data-end=\"490\" \/>\ud83d\udee0\ufe0f Ghid pas cu pas inclus pentru instalare \u0219i activare<br data-start=\"545\" data-end=\"548\" \/>\ud83d\udcde Suport dedicat \u00een caz de \u00eentreb\u0103ri sau nel\u0103muriri<\/p>\n<\/div>\n<\/div>\n<\/div>\n<\/div>\n<\/div>\n<\/div>\n<\/div>\n<\/div>\n<\/article>\n<\/div>\n<\/div>\n<\/div>\n<\/div>\n<\/div>\n<\/div>\n<\/div>\n","protected":false},"featured_media":1419,"comment_status":"closed","ping_status":"closed","template":"","meta":[],"product_brand":[],"product_cat":[34],"product_tag":[],"class_list":{"0":"post-1389","1":"product","2":"type-product","3":"status-publish","4":"has-post-thumbnail","6":"product_cat-graphical","8":"first","9":"instock","10":"sale","11":"shipping-taxable","12":"purchasable","13":"product-type-simple"},"_links":{"self":[{"href":"https:\/\/softlite.ro\/ro\/wp-json\/wp\/v2\/product\/1389","targetHints":{"allow":["GET"]}}],"collection":[{"href":"https:\/\/softlite.ro\/ro\/wp-json\/wp\/v2\/product"}],"about":[{"href":"https:\/\/softlite.ro\/ro\/wp-json\/wp\/v2\/types\/product"}],"replies":[{"embeddable":true,"href":"https:\/\/softlite.ro\/ro\/wp-json\/wp\/v2\/comments?post=1389"}],"wp:featuredmedia":[{"embeddable":true,"href":"https:\/\/softlite.ro\/ro\/wp-json\/wp\/v2\/media\/1419"}],"wp:attachment":[{"href":"https:\/\/softlite.ro\/ro\/wp-json\/wp\/v2\/media?parent=1389"}],"wp:term":[{"taxonomy":"product_brand","embeddable":true,"href":"https:\/\/softlite.ro\/ro\/wp-json\/wp\/v2\/product_brand?post=1389"},{"taxonomy":"product_cat","embeddable":true,"href":"https:\/\/softlite.ro\/ro\/wp-json\/wp\/v2\/product_cat?post=1389"},{"taxonomy":"product_tag","embeddable":true,"href":"https:\/\/softlite.ro\/ro\/wp-json\/wp\/v2\/product_tag?post=1389"}],"curies":[{"name":"wp","href":"https:\/\/api.w.org\/{rel}","templated":true}]}}