{"id":1392,"date":"2025-11-22T17:44:00","date_gmt":"2025-11-22T17:44:00","guid":{"rendered":"https:\/\/softlite.ro\/?post_type=product&#038;p=1392"},"modified":"2025-11-22T18:18:33","modified_gmt":"2025-11-22T18:18:33","slug":"autodesk-autocad-2026-1-year","status":"publish","type":"product","link":"https:\/\/softlite.ro\/ro\/produs\/autodesk-autocad-2026-1-year\/","title":{"rendered":"Autodesk AutoCAD 2026 &#8211; 1 year"},"content":{"rendered":"<p data-start=\"4958\" data-end=\"5294\"><strong data-start=\"4958\" data-end=\"4974\">AutoCAD 2026<\/strong> este cea mai nou\u0103 \u0219i avansat\u0103 versiune a unuia dintre cele mai populare programe CAD din lume, folosit de arhitec\u021bi, ingineri \u0219i designeri din diverse domenii. Aceast\u0103 edi\u021bie aduce \u00eembun\u0103t\u0103\u021biri importante pentru desenul 2D \u0219i modelarea 3D, oferind mai mult\u0103 rapiditate, precizie \u0219i stabilitate \u00een proiectele complexe.<\/p>\n<p data-start=\"5296\" data-end=\"5747\">Interfa\u021ba intuitiv\u0103 \u0219i op\u021biunile de personalizare fac ca fiecare utilizator s\u0103 poat\u0103 adapta programul \u00een func\u021bie de stilul \u0219i nevoile proprii de lucru. AutoCAD 2026 este complet integrat cu serviciile cloud, ceea ce permite accesarea proiectelor de oriunde, colaborarea facil\u0103 cu echipele \u0219i partajarea documenta\u021biei \u00een timp real. De asemenea, suportul extins pentru formatele CAD asigur\u0103 compatibilitatea \u0219i schimbul rapid de date cu alte programe.<\/p>\n<p data-start=\"5749\" data-end=\"5972\">AutoCAD 2026 este o solu\u021bie complet\u0103 de proiectare, util\u0103 \u00een arhitectur\u0103 pentru planuri detaliate, \u00een inginerie pentru modele structurale de \u00eenalt\u0103 precizie \u0219i \u00een design pentru rand\u0103ri realiste \u0219i prezent\u0103ri profesionale.<\/p>","protected":false},"excerpt":{"rendered":"<ul data-start=\"6005\" data-end=\"6347\">\n<li data-start=\"6005\" data-end=\"6044\">\n<p data-start=\"6007\" data-end=\"6044\">\ud83d\udd8a\ufe0f Desene 2D \u0219i modele 3D complexe<\/p>\n<\/li>\n<li data-start=\"6045\" data-end=\"6088\">\n<p data-start=\"6047\" data-end=\"6088\">\ud83d\udcd0 Precizie \u0219i detalii tehnice avansate<\/p>\n<\/li>\n<li data-start=\"6089\" data-end=\"6126\">\n<p data-start=\"6091\" data-end=\"6126\">\u2601\ufe0f Integrare complet\u0103 cu cloud-ul<\/p>\n<\/li>\n<li data-start=\"6127\" data-end=\"6167\">\n<p data-start=\"6129\" data-end=\"6167\">\ud83e\udd1d Colaborare eficient\u0103 \u00eentre echipe<\/p>\n<\/li>\n<li data-start=\"6168\" data-end=\"6214\">\n<p data-start=\"6170\" data-end=\"6214\">\ud83d\ude80 Performan\u021b\u0103 \u00eembun\u0103t\u0103\u021bit\u0103 \u0219i stabilitate<\/p>\n<\/li>\n<li data-start=\"6215\" data-end=\"6263\">\n<p data-start=\"6217\" data-end=\"6263\">\ud83d\uddc2\ufe0f Compatibilitate cu numeroase formate CAD<\/p>\n<\/li>\n<li data-start=\"6264\" data-end=\"6306\">\n<p data-start=\"6266\" data-end=\"6306\">\ud83c\udfa8 Vizualiz\u0103ri \u0219i rand\u0103ri profesionale<\/p>\n<\/li>\n<li data-start=\"6307\" data-end=\"6347\">\n<p data-start=\"6309\" data-end=\"6347\">\ud83d\udd27 Interfa\u021b\u0103 complet personalizabil\u0103<\/p>\n<\/li>\n<\/ul>\n<hr data-start=\"6349\" data-end=\"6352\" \/>\n<p data-start=\"6354\" data-end=\"6474\" data-is-last-node=\"\" data-is-only-node=\"\">","protected":false},"featured_media":1422,"comment_status":"closed","ping_status":"closed","template":"","meta":[],"product_brand":[],"product_cat":[33],"product_tag":[],"class_list":{"0":"post-1392","1":"product","2":"type-product","3":"status-publish","4":"has-post-thumbnail","6":"product_cat-design-engineering","8":"first","9":"instock","10":"sale","11":"shipping-taxable","12":"purchasable","13":"product-type-simple"},"_links":{"self":[{"href":"https:\/\/softlite.ro\/ro\/wp-json\/wp\/v2\/product\/1392","targetHints":{"allow":["GET"]}}],"collection":[{"href":"https:\/\/softlite.ro\/ro\/wp-json\/wp\/v2\/product"}],"about":[{"href":"https:\/\/softlite.ro\/ro\/wp-json\/wp\/v2\/types\/product"}],"replies":[{"embeddable":true,"href":"https:\/\/softlite.ro\/ro\/wp-json\/wp\/v2\/comments?post=1392"}],"wp:featuredmedia":[{"embeddable":true,"href":"https:\/\/softlite.ro\/ro\/wp-json\/wp\/v2\/media\/1422"}],"wp:attachment":[{"href":"https:\/\/softlite.ro\/ro\/wp-json\/wp\/v2\/media?parent=1392"}],"wp:term":[{"taxonomy":"product_brand","embeddable":true,"href":"https:\/\/softlite.ro\/ro\/wp-json\/wp\/v2\/product_brand?post=1392"},{"taxonomy":"product_cat","embeddable":true,"href":"https:\/\/softlite.ro\/ro\/wp-json\/wp\/v2\/product_cat?post=1392"},{"taxonomy":"product_tag","embeddable":true,"href":"https:\/\/softlite.ro\/ro\/wp-json\/wp\/v2\/product_tag?post=1392"}],"curies":[{"name":"wp","href":"https:\/\/api.w.org\/{rel}","templated":true}]}}