{"id":1393,"date":"2025-11-22T17:44:00","date_gmt":"2025-11-22T17:44:00","guid":{"rendered":"https:\/\/softlite.ro\/?post_type=product&#038;p=1393"},"modified":"2025-11-22T18:18:13","modified_gmt":"2025-11-22T18:18:13","slug":"autodesk-autocad-2026-3-year","status":"publish","type":"product","link":"https:\/\/softlite.ro\/ro\/produs\/autodesk-autocad-2026-3-year\/","title":{"rendered":"Autodesk AutoCAD 2026 &#8211; 3 year"},"content":{"rendered":"<p data-start=\"3687\" data-end=\"4069\"><strong data-start=\"3687\" data-end=\"3722\">AutoCAD 2026 \u2013 Licen\u021b\u0103 pe 3 ani<\/strong> este solu\u021bia ideal\u0103 pentru arhitec\u021bi, ingineri \u0219i designeri care au nevoie de stabilitate pe termen lung \u0219i flexibilitate bugetar\u0103. Aceast\u0103 versiune include toate func\u021biile AutoCAD 2026 pentru desenare 2D, modelare 3D \u0219i colaborare \u00eembun\u0103t\u0103\u021bit\u0103. Licen\u021ba de 3 ani elimin\u0103 nevoia re\u00eennoirilor anuale \u0219i asigur\u0103 continuitatea proiectelor complexe.<\/p>\n<p data-start=\"4071\" data-end=\"4328\">AutoCAD 2026 integreaz\u0103 accesul la cloud, performan\u021be optimizate \u0219i compatibilitate extins\u0103 cu formatele CAD, oferind un mediu de lucru rapid \u0219i sigur. Profesioni\u0219tii pot crea planuri detaliate, modele precise \u0219i rand\u0103ri realiste \u00eentr-o singur\u0103 platform\u0103.<\/p>","protected":false},"excerpt":{"rendered":"<ul data-start=\"4361\" data-end=\"4692\">\n<li data-start=\"4361\" data-end=\"4409\">\n<p data-start=\"4363\" data-end=\"4409\">\ud83d\udd8a\ufe0f Instrumente 2D \u0219i 3D de ultim\u0103 genera\u021bie<\/p>\n<\/li>\n<li data-start=\"4410\" data-end=\"4452\">\n<p data-start=\"4412\" data-end=\"4452\">\ud83d\udcd0 Licen\u021b\u0103 de 3 ani pentru stabilitate<\/p>\n<\/li>\n<li data-start=\"4453\" data-end=\"4488\">\n<p data-start=\"4455\" data-end=\"4488\">\u2601\ufe0f Acces la proiecte prin cloud<\/p>\n<\/li>\n<li data-start=\"4489\" data-end=\"4526\">\n<p data-start=\"4491\" data-end=\"4526\">\ud83e\udd1d Colaborare facil\u0103 \u00eentre echipe<\/p>\n<\/li>\n<li data-start=\"4527\" data-end=\"4558\">\n<p data-start=\"4529\" data-end=\"4558\">\ud83d\ude80 Performan\u021b\u0103 \u00eembun\u0103t\u0103\u021bit\u0103<\/p>\n<\/li>\n<li data-start=\"4559\" data-end=\"4606\">\n<p data-start=\"4561\" data-end=\"4606\">\ud83d\uddc2\ufe0f Compatibilitate cu multiple formate CAD<\/p>\n<\/li>\n<li data-start=\"4607\" data-end=\"4649\">\n<p data-start=\"4609\" data-end=\"4649\">\ud83c\udfa8 Vizualiz\u0103ri \u0219i rand\u0103ri profesionale<\/p>\n<\/li>\n<li data-start=\"4650\" data-end=\"4692\">\n<p data-start=\"4652\" data-end=\"4692\">\ud83d\udd27 Personalizare complet\u0103 a interfe\u021bei<\/p>\n<\/li>\n<\/ul>","protected":false},"featured_media":1423,"comment_status":"closed","ping_status":"closed","template":"","meta":[],"product_brand":[],"product_cat":[33],"product_tag":[],"class_list":{"0":"post-1393","1":"product","2":"type-product","3":"status-publish","4":"has-post-thumbnail","6":"product_cat-design-engineering","8":"first","9":"instock","10":"sale","11":"shipping-taxable","12":"purchasable","13":"product-type-simple"},"_links":{"self":[{"href":"https:\/\/softlite.ro\/ro\/wp-json\/wp\/v2\/product\/1393","targetHints":{"allow":["GET"]}}],"collection":[{"href":"https:\/\/softlite.ro\/ro\/wp-json\/wp\/v2\/product"}],"about":[{"href":"https:\/\/softlite.ro\/ro\/wp-json\/wp\/v2\/types\/product"}],"replies":[{"embeddable":true,"href":"https:\/\/softlite.ro\/ro\/wp-json\/wp\/v2\/comments?post=1393"}],"wp:featuredmedia":[{"embeddable":true,"href":"https:\/\/softlite.ro\/ro\/wp-json\/wp\/v2\/media\/1423"}],"wp:attachment":[{"href":"https:\/\/softlite.ro\/ro\/wp-json\/wp\/v2\/media?parent=1393"}],"wp:term":[{"taxonomy":"product_brand","embeddable":true,"href":"https:\/\/softlite.ro\/ro\/wp-json\/wp\/v2\/product_brand?post=1393"},{"taxonomy":"product_cat","embeddable":true,"href":"https:\/\/softlite.ro\/ro\/wp-json\/wp\/v2\/product_cat?post=1393"},{"taxonomy":"product_tag","embeddable":true,"href":"https:\/\/softlite.ro\/ro\/wp-json\/wp\/v2\/product_tag?post=1393"}],"curies":[{"name":"wp","href":"https:\/\/api.w.org\/{rel}","templated":true}]}}