{"id":1394,"date":"2025-11-22T17:44:00","date_gmt":"2025-11-22T17:44:00","guid":{"rendered":"https:\/\/softlite.ro\/?post_type=product&#038;p=1394"},"modified":"2025-11-22T18:17:33","modified_gmt":"2025-11-22T18:17:33","slug":"windows-11-pro-office-2024-pro-plus","status":"publish","type":"product","link":"https:\/\/softlite.ro\/ro\/produs\/windows-11-pro-office-2024-pro-plus\/","title":{"rendered":"Windows 11 Pro + Office 2024 Pro Plus"},"content":{"rendered":"<article class=\"text-token-text-primary w-full focus:outline-none [--shadow-height:45px] has-data-writing-block:pointer-events-none has-data-writing-block:-mt-(--shadow-height) has-data-writing-block:pt-(--shadow-height) [&amp;:has([data-writing-block])&gt;*]:pointer-events-auto [content-visibility:auto] supports-[content-visibility:auto]:[contain-intrinsic-size:auto_100lvh] scroll-mt-[calc(var(--header-height)+min(200px,max(70px,20svh)))]\" dir=\"auto\" tabindex=\"-1\" data-turn-id=\"043826b8-d96c-40f9-930f-346629d24847\" data-testid=\"conversation-turn-2\" data-scroll-anchor=\"true\" data-turn=\"assistant\">\n<div class=\"text-base my-auto mx-auto pb-10 [--thread-content-margin:--spacing(4)] thread-sm:[--thread-content-margin:--spacing(6)] thread-lg:[--thread-content-margin:--spacing(16)] px-(--thread-content-margin)\">\n<div class=\"[--thread-content-max-width:40rem] thread-lg:[--thread-content-max-width:48rem] mx-auto max-w-(--thread-content-max-width) flex-1 group\/turn-messages focus-visible:outline-hidden relative flex w-full min-w-0 flex-col agent-turn\" tabindex=\"-1\">\n<div class=\"flex max-w-full flex-col grow\">\n<div class=\"min-h-8 text-message relative flex w-full flex-col items-end gap-2 text-start break-words whitespace-normal [.text-message+&amp;]:mt-1\" dir=\"auto\" data-message-author-role=\"assistant\" data-message-id=\"443b2519-6bd0-42d4-a8ce-a2333f43beb0\" data-message-model-slug=\"gpt-5\">\n<div class=\"flex w-full flex-col gap-1 empty:hidden first:pt-[1px]\">\n<div class=\"markdown prose dark:prose-invert w-full break-words dark markdown-new-styling\">\n<p data-start=\"279\" data-end=\"790\">Combina\u021bia dintre Windows 11 Pro \u0219i Office 2024 Pro Plus creeaz\u0103 un pachet complet pentru munc\u0103 eficient\u0103 \u0219i sigur\u0103. Este o solu\u021bie care une\u0219te cel mai nou sistem de operare al Microsoft cu cea mai modern\u0103 suit\u0103 Office. Setul ofer\u0103 stabilitate, performan\u021b\u0103 ridicat\u0103 \u0219i toate instrumentele necesare pentru crearea documentelor, analiza datelor \u0219i comunicare la cel mai \u00eenalt nivel. Alegerea ideal\u0103 pentru companii, institu\u021bii educa\u021bionale \u0219i utilizatori individuali care au nevoie de fiabilitate \u00een fiecare zi.<\/p>\n<p data-start=\"792\" data-end=\"1005\"><strong data-start=\"792\" data-end=\"804\">Con\u021binut<\/strong><br data-start=\"804\" data-end=\"807\" \/>\ud83d\udda5\ufe0f Windows 11 Pro \u2013 stabilitate, securitate \u0219i modernitate<br data-start=\"866\" data-end=\"869\" \/>\ud83d\udcc2 Office 2024 Pro Plus \u2013 o nou\u0103 genera\u021bie de instrumente Office<br data-start=\"933\" data-end=\"936\" \/>\u2705 Compatibilitate \u0219i mediu de lucru<br data-start=\"971\" data-end=\"974\" \/>\u2b50 De ce s\u0103 alegi acest pachet<\/p>\n<h3 data-start=\"1008\" data-end=\"1073\">\ud83d\udda5\ufe0f Windows 11 Pro \u2013 stabilitate, securitate \u0219i modernitate<\/h3>\n<p data-start=\"1074\" data-end=\"1374\">Windows 11 Pro este cel mai avansat sistem de operare din istoria Microsoft, creat pentru productivitate, securitate \u0219i confort \u00een utilizare. Ofer\u0103 o interfa\u021b\u0103 elegant\u0103 \u0219i minimalist\u0103, un meniu Start optimizat \u0219i func\u021bii noi pentru multitasking, care permit o utilizare mai rapid\u0103 \u0219i mai intuitiv\u0103.<\/p>\n<p data-start=\"1376\" data-end=\"1609\">Sistemul garanteaz\u0103 performan\u021b\u0103 ridicat\u0103 pentru aplica\u021bii de birou, creative \u0219i tehnice, iar mecanismele avansate de securitate \u2013 precum BitLocker \u0219i Windows Hello \u2013 protejeaz\u0103 datele utilizatorului \u00eempotriva accesului neautorizat.<\/p>\n<p data-start=\"1611\" data-end=\"1662\"><strong data-start=\"1611\" data-end=\"1660\">Caracteristici principale ale Windows 11 Pro:<\/strong><\/p>\n<ul data-start=\"1663\" data-end=\"1958\">\n<li data-start=\"1663\" data-end=\"1706\">\n<p data-start=\"1665\" data-end=\"1706\">Design modern \u0219i interfa\u021b\u0103 simplificat\u0103<\/p>\n<\/li>\n<li data-start=\"1707\" data-end=\"1754\">\n<p data-start=\"1709\" data-end=\"1754\">Performan\u021b\u0103 \u00eembun\u0103t\u0103\u021bit\u0103 \u0219i vitez\u0103 ridicat\u0103<\/p>\n<\/li>\n<li data-start=\"1755\" data-end=\"1821\">\n<p data-start=\"1757\" data-end=\"1821\">Func\u021bii extinse de securitate \u0219i protec\u021bie a datelor personale<\/p>\n<\/li>\n<li data-start=\"1822\" data-end=\"1894\">\n<p data-start=\"1824\" data-end=\"1894\">Posibilitate de utilizare a Desktopului la distan\u021b\u0103 (Remote Desktop)<\/p>\n<\/li>\n<li data-start=\"1895\" data-end=\"1958\">\n<p data-start=\"1897\" data-end=\"1958\">Compatibilitate deplin\u0103 cu cel mai nou hardware \u0219i software<\/p>\n<\/li>\n<\/ul>\n<h3 data-start=\"1961\" data-end=\"2031\">\ud83d\udcc2 Office 2024 Pro Plus \u2013 o nou\u0103 genera\u021bie de instrumente Office<\/h3>\n<p data-start=\"2032\" data-end=\"2354\">Office 2024 Pro Plus este cea mai recent\u0103 versiune a suitei Office legendare, care combin\u0103 aplica\u021biile clasice cu solu\u021bii inovatoare pentru utilizatorul modern. Include Word, Excel, PowerPoint, Outlook, Access \u0219i OneNote \u2013 un set complet de aplica\u021bii pentru crearea documentelor, analiza datelor, rapoarte \u0219i prezent\u0103ri.<\/p>\n<p data-start=\"2356\" data-end=\"2629\">Interfa\u021ba optimizat\u0103 \u0219i integrarea \u00eembun\u0103t\u0103\u021bit\u0103 cu Windows fac utilizarea aplica\u021biilor comod\u0103, rapid\u0103 \u0219i intuitiv\u0103. Office 2024 Pro Plus este un instrument indispensabil \u00een orice companie sau birou, oferind toate func\u021biile necesare pentru o organizare eficient\u0103 a muncii.<\/p>\n<p data-start=\"2631\" data-end=\"2688\"><strong data-start=\"2631\" data-end=\"2686\">Caracteristici principale ale Office 2024 Pro Plus:<\/strong><\/p>\n<ul data-start=\"2689\" data-end=\"3002\">\n<li data-start=\"2689\" data-end=\"2755\">\n<p data-start=\"2691\" data-end=\"2755\">Crearea \u0219i editarea documentelor \u00een Word cu formatare complet\u0103<\/p>\n<\/li>\n<li data-start=\"2756\" data-end=\"2804\">\n<p data-start=\"2758\" data-end=\"2804\">Analiza datelor \u0219i calcule avansate \u00een Excel<\/p>\n<\/li>\n<li data-start=\"2805\" data-end=\"2855\">\n<p data-start=\"2807\" data-end=\"2855\">Crearea de prezent\u0103ri multimedia \u00een PowerPoint<\/p>\n<\/li>\n<li data-start=\"2856\" data-end=\"2911\">\n<p data-start=\"2858\" data-end=\"2911\">Gestionarea e-mailurilor \u0219i calendarelor \u00een Outlook<\/p>\n<\/li>\n<li data-start=\"2912\" data-end=\"2948\">\n<p data-start=\"2914\" data-end=\"2948\">Lucrul cu baze de date \u00een Access<\/p>\n<\/li>\n<li data-start=\"2949\" data-end=\"3002\">\n<p data-start=\"2951\" data-end=\"3002\">Organizarea noti\u021belor \u0219i informa\u021biilor \u00een OneNote<\/p>\n<\/li>\n<\/ul>\n<h3 data-start=\"3005\" data-end=\"3046\">\u2705 Compatibilitate \u0219i mediu de lucru<\/h3>\n<p data-start=\"3047\" data-end=\"3447\">Sistemul de operare Windows 11 Pro este complet optimizat pentru a lucra \u00eempreun\u0103 cu Office 2024 Pro Plus. \u00cempreun\u0103, acestea creeaz\u0103 un mediu de lucru care garanteaz\u0103 fluiditate, stabilitate \u0219i eficien\u021b\u0103 ridicat\u0103. Datorit\u0103 arhitecturii comune, utilizatorul poate crea, salva \u0219i edita documente u\u0219or, sigur \u0219i organizat. Acesta este un pachet ideal at\u00e2t pentru birou, c\u00e2t \u0219i pentru utilizarea acas\u0103.<\/p>\n<h3 data-start=\"3450\" data-end=\"3485\">\u2b50 De ce s\u0103 alegi acest pachet<\/h3>\n<p data-start=\"3486\" data-end=\"3883\" data-is-last-node=\"\" data-is-only-node=\"\">Pachetul Windows 11 Pro + Office 2024 Pro Plus reprezint\u0103 o combina\u021bie \u00eentre modernitate, securitate \u0219i func\u021bionalitate. Sistemul de operare ofer\u0103 stabilitate \u0219i protec\u021bia datelor, iar Office furnizeaz\u0103 toate instrumentele necesare pentru munca de zi cu zi. \u00cempreun\u0103, acestea formeaz\u0103 baza unui spa\u021biu de lucru productiv, care permite atingerea obiectivelor mai rapid \u0219i mai eficient ca niciodat\u0103.<\/p>\n<\/div>\n<\/div>\n<\/div>\n<\/div>\n<div class=\"z-0 flex min-h-[46px] justify-start\"><\/div>\n<div class=\"mt-3 w-full empty:hidden\">\n<div class=\"text-center\"><\/div>\n<\/div>\n<\/div>\n<\/div>\n<\/article>\n<div class=\"pointer-events-none h-px w-px\" aria-hidden=\"true\" data-edge=\"true\"><\/div>\n","protected":false},"excerpt":{"rendered":"<p data-start=\"0\" data-end=\"50\">Set complet de sistem de operare \u0219i suit\u0103 Office<\/p>\n<p data-start=\"52\" data-end=\"120\">\ud83e\udde9 Integrare complet\u0103 \u00eentre Windows 11 Pro \u0219i Office 2024 Pro Plus<\/p>\n<p data-start=\"122\" data-end=\"159\">\u2699\ufe0f Mediu de lucru eficient \u0219i sigur<\/p>\n<p data-start=\"161\" data-end=\"227\">\ud83d\udcdd Creare, editare \u0219i analiz\u0103 de documente \u00eentr-un singur sistem<\/p>\n<p data-start=\"229\" data-end=\"276\">\ud83d\udd12 Protec\u021bie avansat\u0103 \u0219i stabilitate complet\u0103<\/p>","protected":false},"featured_media":1424,"comment_status":"closed","ping_status":"closed","template":"","meta":[],"product_brand":[],"product_cat":[32,15,35],"product_tag":[],"class_list":{"0":"post-1394","1":"product","2":"type-product","3":"status-publish","4":"has-post-thumbnail","6":"product_cat-office","7":"product_cat-operating-systems","8":"product_cat-package-deals","10":"first","11":"instock","12":"sale","13":"shipping-taxable","14":"purchasable","15":"product-type-simple"},"_links":{"self":[{"href":"https:\/\/softlite.ro\/ro\/wp-json\/wp\/v2\/product\/1394","targetHints":{"allow":["GET"]}}],"collection":[{"href":"https:\/\/softlite.ro\/ro\/wp-json\/wp\/v2\/product"}],"about":[{"href":"https:\/\/softlite.ro\/ro\/wp-json\/wp\/v2\/types\/product"}],"replies":[{"embeddable":true,"href":"https:\/\/softlite.ro\/ro\/wp-json\/wp\/v2\/comments?post=1394"}],"wp:featuredmedia":[{"embeddable":true,"href":"https:\/\/softlite.ro\/ro\/wp-json\/wp\/v2\/media\/1424"}],"wp:attachment":[{"href":"https:\/\/softlite.ro\/ro\/wp-json\/wp\/v2\/media?parent=1394"}],"wp:term":[{"taxonomy":"product_brand","embeddable":true,"href":"https:\/\/softlite.ro\/ro\/wp-json\/wp\/v2\/product_brand?post=1394"},{"taxonomy":"product_cat","embeddable":true,"href":"https:\/\/softlite.ro\/ro\/wp-json\/wp\/v2\/product_cat?post=1394"},{"taxonomy":"product_tag","embeddable":true,"href":"https:\/\/softlite.ro\/ro\/wp-json\/wp\/v2\/product_tag?post=1394"}],"curies":[{"name":"wp","href":"https:\/\/api.w.org\/{rel}","templated":true}]}}