{"id":1395,"date":"2025-11-22T17:44:00","date_gmt":"2025-11-22T17:44:00","guid":{"rendered":"https:\/\/softlite.ro\/?post_type=product&#038;p=1395"},"modified":"2025-11-22T18:17:26","modified_gmt":"2025-11-22T18:17:26","slug":"windows-11-pro-acrobat-pro-2025","status":"publish","type":"product","link":"https:\/\/softlite.ro\/ro\/produs\/windows-11-pro-acrobat-pro-2025\/","title":{"rendered":"Windows 11 Pro + Acrobat Pro 2025"},"content":{"rendered":"<article class=\"text-token-text-primary w-full focus:outline-none [--shadow-height:45px] has-data-writing-block:pointer-events-none has-data-writing-block:-mt-(--shadow-height) has-data-writing-block:pt-(--shadow-height) [&amp;:has([data-writing-block])&gt;*]:pointer-events-auto [content-visibility:auto] supports-[content-visibility:auto]:[contain-intrinsic-size:auto_100lvh] scroll-mt-[calc(var(--header-height)+min(200px,max(70px,20svh)))]\" dir=\"auto\" tabindex=\"-1\" data-turn-id=\"request-WEB:82512761-c3eb-4e58-b9bc-3b480d383dce-1\" data-testid=\"conversation-turn-4\" data-scroll-anchor=\"true\" data-turn=\"assistant\">\n<div class=\"text-base my-auto mx-auto pb-10 [--thread-content-margin:--spacing(4)] thread-sm:[--thread-content-margin:--spacing(6)] thread-lg:[--thread-content-margin:--spacing(16)] px-(--thread-content-margin)\">\n<div class=\"[--thread-content-max-width:40rem] thread-lg:[--thread-content-max-width:48rem] mx-auto max-w-(--thread-content-max-width) flex-1 group\/turn-messages focus-visible:outline-hidden relative flex w-full min-w-0 flex-col agent-turn\" tabindex=\"-1\">\n<div class=\"flex max-w-full flex-col grow\">\n<div class=\"min-h-8 text-message relative flex w-full flex-col items-end gap-2 text-start break-words whitespace-normal [.text-message+&amp;]:mt-1\" dir=\"auto\" data-message-author-role=\"assistant\" data-message-id=\"3bb88b0c-64c2-4848-bdb7-513af226d1c4\" data-message-model-slug=\"gpt-5\">\n<div class=\"flex w-full flex-col gap-1 empty:hidden first:pt-[1px]\">\n<div class=\"markdown prose dark:prose-invert w-full break-words dark markdown-new-styling\">\n<p data-start=\"282\" data-end=\"645\">Combina\u021bia dintre Acrobat 2025 \u0219i Windows 11 Pro este alegerea perfect\u0103 pentru utilizatorii care caut\u0103 performan\u021b\u0103 ridicat\u0103, securitate \u0219i control total asupra documentelor lor.<br data-start=\"459\" data-end=\"462\" \/>Acest pachet \u00eembin\u0103 un instrument avansat pentru lucrul cu fi\u0219iere PDF cu cel mai nou sistem de operare Microsoft, oferind o integrare fluid\u0103 \u0219i stabilitate \u00een activit\u0103\u021bile zilnice.<\/p>\n<p data-start=\"647\" data-end=\"836\"><strong data-start=\"647\" data-end=\"659\">Con\u021binut<\/strong><br data-start=\"659\" data-end=\"662\" \/>\ud83d\udda5\ufe0f Sistem de operare modern \u2013 Windows 11 Pro<br data-start=\"707\" data-end=\"710\" \/>\ud83d\udcc4 Lucru cu documente la cel mai \u00eenalt nivel \u2013 Acrobat 2025<br data-start=\"769\" data-end=\"772\" \/>\ud83d\udcbc Compatibilitate \u0219i cerin\u021be<br data-start=\"801\" data-end=\"804\" \/>\u2705 De ce s\u0103 alegi acest pachet?<\/p>\n<h3 data-start=\"839\" data-end=\"890\">\ud83d\udda5\ufe0f Sistem de operare modern \u2013 Windows 11 Pro<\/h3>\n<p data-start=\"891\" data-end=\"1284\">Windows 11 Pro este creat special pentru profesioni\u0219ti \u0219i utilizatori de business care au nevoie de un mediu de lucru flexibil \u0219i sigur.<br data-start=\"1027\" data-end=\"1030\" \/>Ofer\u0103 o interfa\u021b\u0103 minimalist\u0103 nou\u0103, o organizare mai bun\u0103 a desktopului \u0219i func\u021bii avansate de securitate precum BitLocker \u0219i Windows Hello.<br data-start=\"1170\" data-end=\"1173\" \/>Datorit\u0103 optimiz\u0103rii pentru multitasking, sistemul permite utilizarea fluid\u0103 a mai multor aplica\u021bii simultan.<\/p>\n<p data-start=\"1286\" data-end=\"1337\"><strong data-start=\"1286\" data-end=\"1335\">Caracteristici principale ale Windows 11 Pro:<\/strong><\/p>\n<ul data-start=\"1338\" data-end=\"1652\">\n<li data-start=\"1338\" data-end=\"1400\">\n<p data-start=\"1340\" data-end=\"1400\">Suport pentru cele mai noi tehnologii hardware \u0219i software<\/p>\n<\/li>\n<li data-start=\"1401\" data-end=\"1472\">\n<p data-start=\"1403\" data-end=\"1472\">Gestionare \u00eembun\u0103t\u0103\u021bit\u0103 a fi\u0219ierelor \u0219i resurselor \u00een re\u021bele locale<\/p>\n<\/li>\n<li data-start=\"1473\" data-end=\"1529\">\n<p data-start=\"1475\" data-end=\"1529\">Securitate sporit\u0103 prin func\u021bii avansate de criptare<\/p>\n<\/li>\n<li data-start=\"1530\" data-end=\"1588\">\n<p data-start=\"1532\" data-end=\"1588\">Posibilitatea de lucru la distan\u021b\u0103 prin Remote Desktop<\/p>\n<\/li>\n<li data-start=\"1589\" data-end=\"1652\">\n<p data-start=\"1591\" data-end=\"1652\">Func\u021bionare stabil\u0103 at\u00e2t \u00een mediul corporativ, c\u00e2t \u0219i acas\u0103<\/p>\n<\/li>\n<\/ul>\n<h3 data-start=\"1655\" data-end=\"1720\">\ud83d\udcc4 Lucru cu documente la cel mai \u00eenalt nivel \u2013 Acrobat 2025<\/h3>\n<p data-start=\"1721\" data-end=\"2078\">Acrobat 2025 este un instrument puternic pentru crearea, editarea, conversia \u0219i protejarea fi\u0219ierelor PDF.<br data-start=\"1827\" data-end=\"1830\" \/>Cu o interfa\u021b\u0103 intuitiv\u0103 \u0219i o gam\u0103 bogat\u0103 de func\u021bii, utilizatorul poate preg\u0103ti cu u\u0219urin\u021b\u0103 documente, formulare \u0219i rapoarte profesionale.<br data-start=\"1969\" data-end=\"1972\" \/>Este alegerea ideal\u0103 pentru birouri, studen\u021bi \u0219i to\u021bi cei care lucreaz\u0103 zilnic cu documente electronice.<\/p>\n<p data-start=\"2080\" data-end=\"2277\">Programul <strong data-start=\"2090\" data-end=\"2106\">Acrobat 2025<\/strong> func\u021bioneaz\u0103 exclusiv \u00een mod offline, f\u0103r\u0103 func\u021bii care necesit\u0103 conexiune la internet. Toate instrumentele sunt disponibile local, direct pe computerul utilizatorului.<\/p>\n<p data-start=\"2279\" data-end=\"2329\"><strong data-start=\"2279\" data-end=\"2327\">Func\u021bionalit\u0103\u021bi principale ale Acrobat 2025:<\/strong><\/p>\n<ul data-start=\"2330\" data-end=\"2631\">\n<li data-start=\"2330\" data-end=\"2392\">\n<p data-start=\"2332\" data-end=\"2392\">Editarea textului, graficelor \u0219i format\u0103rii \u00een fi\u0219iere PDF<\/p>\n<\/li>\n<li data-start=\"2393\" data-end=\"2450\">\n<p data-start=\"2395\" data-end=\"2450\">Combinarea mai multor documente \u00eentr-un singur fi\u0219ier<\/p>\n<\/li>\n<li data-start=\"2451\" data-end=\"2502\">\n<p data-start=\"2453\" data-end=\"2502\">Crearea \u0219i completarea formularelor interactive<\/p>\n<\/li>\n<li data-start=\"2503\" data-end=\"2571\">\n<p data-start=\"2505\" data-end=\"2571\">Conversia fi\u0219ierelor PDF c\u0103tre Word, Excel, PowerPoint \u0219i invers<\/p>\n<\/li>\n<li data-start=\"2572\" data-end=\"2631\">\n<p data-start=\"2574\" data-end=\"2631\">Protejarea documentelor cu parol\u0103 \u0219i semn\u0103turi digitale<\/p>\n<\/li>\n<\/ul>\n<h3 data-start=\"2634\" data-end=\"2669\">\ud83d\udcbc Compatibilitate \u0219i cerin\u021be<\/h3>\n<p data-start=\"2670\" data-end=\"2742\">Ambele programe sunt destinate exclusiv sistemului de operare Windows.<\/p>\n<p data-start=\"2744\" data-end=\"2877\">Pachetul garanteaz\u0103 compatibilitate total\u0103 \u00eentre Acrobat 2025 \u0219i Windows 11 Pro, oferind performan\u021b\u0103 maxim\u0103 \u0219i func\u021bionare stabil\u0103.<\/p>\n<h3 data-start=\"2880\" data-end=\"2916\">\u2705 De ce s\u0103 alegi acest pachet?<\/h3>\n<p data-start=\"2917\" data-end=\"3242\">Aceasta este solu\u021bia ideal\u0103 pentru persoanele care doresc s\u0103 \u00ee\u0219i optimizeze la maximum activitatea zilnic\u0103 de birou \u0219i administrativ\u0103.<br data-start=\"3051\" data-end=\"3054\" \/>Windows 11 Pro ofer\u0103 un mediu de lucru sigur \u0219i stabil, iar Acrobat 2025 valorific\u0103 pe deplin aceste avantaje, pun\u00e2nd la dispozi\u021bie instrumente pentru gestionarea precis\u0103 a documentelor.<\/p>\n<p data-start=\"3244\" data-end=\"3389\" data-is-last-node=\"\" data-is-only-node=\"\">Rezultatul este un pachet complet, care r\u0103spunde nevoilor at\u00e2t ale utilizatorilor individuali, c\u00e2t \u0219i ale profesioni\u0219tilor din mediul de afaceri.<\/p>\n<\/div>\n<\/div>\n<\/div>\n<\/div>\n<div class=\"z-0 flex min-h-[46px] justify-start\"><\/div>\n<div class=\"mt-3 w-full empty:hidden\">\n<div class=\"text-center\"><\/div>\n<\/div>\n<\/div>\n<\/div>\n<\/article>\n<div class=\"pointer-events-none h-px w-px\" aria-hidden=\"true\" data-edge=\"true\"><\/div>\n","protected":false},"excerpt":{"rendered":"<p>\ud83e\udde9 Compatibilitate \u0219i stabilitate complet\u0103 \u00een mediul Windows<br data-start=\"60\" data-end=\"63\" \/>\ud83d\udd12 Securitate ridicat\u0103 \u0219i protec\u021bie a datelor<br data-start=\"108\" data-end=\"111\" \/>\ud83d\udcdd Lucru cu documente PDF offline, f\u0103r\u0103 conexiune la internet<br data-start=\"172\" data-end=\"175\" \/>\u2699\ufe0f Combina\u021bie ideal\u0103 \u00eentre productivitate \u0219i confort<br data-start=\"227\" data-end=\"230\" \/>\ud83d\ude9a Livrare rapid\u0103 \u2013 \u00een termen de 1 zi lucr\u0103toare<\/p>","protected":false},"featured_media":1425,"comment_status":"closed","ping_status":"closed","template":"","meta":[],"product_brand":[],"product_cat":[34,15,35],"product_tag":[],"class_list":{"0":"post-1395","1":"product","2":"type-product","3":"status-publish","4":"has-post-thumbnail","6":"product_cat-graphical","7":"product_cat-operating-systems","8":"product_cat-package-deals","10":"first","11":"instock","12":"sale","13":"shipping-taxable","14":"purchasable","15":"product-type-simple"},"_links":{"self":[{"href":"https:\/\/softlite.ro\/ro\/wp-json\/wp\/v2\/product\/1395","targetHints":{"allow":["GET"]}}],"collection":[{"href":"https:\/\/softlite.ro\/ro\/wp-json\/wp\/v2\/product"}],"about":[{"href":"https:\/\/softlite.ro\/ro\/wp-json\/wp\/v2\/types\/product"}],"replies":[{"embeddable":true,"href":"https:\/\/softlite.ro\/ro\/wp-json\/wp\/v2\/comments?post=1395"}],"wp:featuredmedia":[{"embeddable":true,"href":"https:\/\/softlite.ro\/ro\/wp-json\/wp\/v2\/media\/1425"}],"wp:attachment":[{"href":"https:\/\/softlite.ro\/ro\/wp-json\/wp\/v2\/media?parent=1395"}],"wp:term":[{"taxonomy":"product_brand","embeddable":true,"href":"https:\/\/softlite.ro\/ro\/wp-json\/wp\/v2\/product_brand?post=1395"},{"taxonomy":"product_cat","embeddable":true,"href":"https:\/\/softlite.ro\/ro\/wp-json\/wp\/v2\/product_cat?post=1395"},{"taxonomy":"product_tag","embeddable":true,"href":"https:\/\/softlite.ro\/ro\/wp-json\/wp\/v2\/product_tag?post=1395"}],"curies":[{"name":"wp","href":"https:\/\/api.w.org\/{rel}","templated":true}]}}