{"id":1396,"date":"2025-11-22T17:44:00","date_gmt":"2025-11-22T17:44:00","guid":{"rendered":"https:\/\/softlite.ro\/?post_type=product&#038;p=1396"},"modified":"2025-11-22T18:17:17","modified_gmt":"2025-11-22T18:17:17","slug":"photoshop-2021-windows-11-pro","status":"publish","type":"product","link":"https:\/\/softlite.ro\/ro\/produs\/photoshop-2021-windows-11-pro\/","title":{"rendered":"Photoshop 2021 + Windows 11 Pro"},"content":{"rendered":"<article class=\"text-token-text-primary w-full focus:outline-none [--shadow-height:45px] has-data-writing-block:pointer-events-none has-data-writing-block:-mt-(--shadow-height) has-data-writing-block:pt-(--shadow-height) [&amp;:has([data-writing-block])&gt;*]:pointer-events-auto [content-visibility:auto] supports-[content-visibility:auto]:[contain-intrinsic-size:auto_100lvh] scroll-mt-[calc(var(--header-height)+min(200px,max(70px,20svh)))]\" dir=\"auto\" tabindex=\"-1\" data-turn-id=\"request-WEB:82512761-c3eb-4e58-b9bc-3b480d383dce-2\" data-testid=\"conversation-turn-6\" data-scroll-anchor=\"true\" data-turn=\"assistant\">\n<div class=\"text-base my-auto mx-auto pb-10 [--thread-content-margin:--spacing(4)] thread-sm:[--thread-content-margin:--spacing(6)] thread-lg:[--thread-content-margin:--spacing(16)] px-(--thread-content-margin)\">\n<div class=\"[--thread-content-max-width:40rem] thread-lg:[--thread-content-max-width:48rem] mx-auto max-w-(--thread-content-max-width) flex-1 group\/turn-messages focus-visible:outline-hidden relative flex w-full min-w-0 flex-col agent-turn\" tabindex=\"-1\">\n<div class=\"flex max-w-full flex-col grow\">\n<div class=\"min-h-8 text-message relative flex w-full flex-col items-end gap-2 text-start break-words whitespace-normal [.text-message+&amp;]:mt-1\" dir=\"auto\" data-message-author-role=\"assistant\" data-message-id=\"74e45939-41cf-4640-8321-e0368d453243\" data-message-model-slug=\"gpt-5\">\n<div class=\"flex w-full flex-col gap-1 empty:hidden first:pt-[1px]\">\n<div class=\"markdown prose dark:prose-invert w-full break-words dark markdown-new-styling\">\n<p data-start=\"307\" data-end=\"789\">Combina\u021bia dintre <strong data-start=\"325\" data-end=\"343\">Photoshop 2021<\/strong> \u0219i <strong data-start=\"347\" data-end=\"365\">Windows 11 Pro<\/strong> reprezint\u0103 un pachet modern care une\u0219te stabilitatea \u0219i securitatea celui mai nou sistem de operare cu puterea unui instrument avansat de editare grafic\u0103. Este solu\u021bia perfect\u0103 pentru profesioni\u0219ti, proiectan\u021bi, fotografi \u0219i utilizatori care apreciaz\u0103 performan\u021ba, func\u021bionalitatea \u0219i libertatea creativ\u0103 \u00eentr-un singur mediu. Pachetul ofer\u0103 eficien\u021b\u0103 maxim\u0103 \u0219i fiabilitate \u00een activitatea de birou, proiectare \u0219i crea\u021bie.<\/p>\n<hr data-start=\"791\" data-end=\"794\" \/>\n<h3 data-start=\"796\" data-end=\"809\">Con\u021binut:<\/h3>\n<p data-start=\"810\" data-end=\"997\">\ud83d\udda5\ufe0f Windows 11 Pro \u2013 stabilitate \u0219i securitate pentru profesioni\u0219ti<br data-start=\"877\" data-end=\"880\" \/>\ud83c\udfa8 Photoshop 2021 \u2013 creativitate f\u0103r\u0103 limite<br data-start=\"924\" data-end=\"927\" \/>\ud83d\udcbc Compatibilitate \u0219i mediu de lucru<br data-start=\"963\" data-end=\"966\" \/>\u2705 De ce s\u0103 alegi acest pachet<\/p>\n<hr data-start=\"999\" data-end=\"1002\" \/>\n<h3 data-start=\"1004\" data-end=\"1077\">\ud83d\udda5\ufe0f Windows 11 Pro \u2013 stabilitate \u0219i securitate pentru profesioni\u0219ti<\/h3>\n<p data-start=\"1078\" data-end=\"1511\">Windows 11 Pro este un sistem de operare modern, conceput pentru productivitate \u0219i protec\u021bia datelor. Ofer\u0103 o interfa\u021b\u0103 actualizat\u0103, un meniu clar \u0219i ordonat, precum \u0219i instrumente avansate pentru multitasking. Datorit\u0103 protec\u021biilor \u00eembun\u0103t\u0103\u021bite precum <strong data-start=\"1331\" data-end=\"1344\">BitLocker<\/strong> \u0219i <strong data-start=\"1348\" data-end=\"1365\">Windows Hello<\/strong>, sistemul asigur\u0103 un nivel ridicat de securitate, iar optimizarea avansat\u0103 garanteaz\u0103 performan\u021b\u0103 rapid\u0103 chiar \u0219i \u00een proiecte grafice complexe.<\/p>\n<p data-start=\"1513\" data-end=\"1564\"><strong data-start=\"1513\" data-end=\"1562\">Caracteristici principale ale Windows 11 Pro:<\/strong><\/p>\n<ul data-start=\"1565\" data-end=\"1880\">\n<li data-start=\"1565\" data-end=\"1607\">\n<p data-start=\"1567\" data-end=\"1607\">Interfa\u021b\u0103 modern\u0103 \u0219i desktop optimizat<\/p>\n<\/li>\n<li data-start=\"1608\" data-end=\"1668\">\n<p data-start=\"1610\" data-end=\"1668\">Stabilitate ridicat\u0103 \u0219i performan\u021b\u0103 \u00een aplica\u021bii grafice<\/p>\n<\/li>\n<li data-start=\"1669\" data-end=\"1729\">\n<p data-start=\"1671\" data-end=\"1729\">Func\u021bii integrate pentru confiden\u021bialitate \u0219i securitate<\/p>\n<\/li>\n<li data-start=\"1730\" data-end=\"1789\">\n<p data-start=\"1732\" data-end=\"1789\">Posibilitate de acces la distan\u021b\u0103 prin <em data-start=\"1771\" data-end=\"1787\">Remote Desktop<\/em><\/p>\n<\/li>\n<li data-start=\"1790\" data-end=\"1880\">\n<p data-start=\"1792\" data-end=\"1880\">Compatibilitate complet\u0103 cu cele mai noi instrumente de proiectare \u0219i aplica\u021bii Office<\/p>\n<\/li>\n<\/ul>\n<hr data-start=\"1882\" data-end=\"1885\" \/>\n<h3 data-start=\"1887\" data-end=\"1937\">\ud83c\udfa8 Photoshop 2021 \u2013 creativitate f\u0103r\u0103 limite<\/h3>\n<p data-start=\"1938\" data-end=\"2341\">Photoshop 2021 este un software puternic pentru crearea \u0219i editarea imaginilor, utilizat de ani de zile de profesioni\u0219ti. Permite retu\u0219area fotografiilor, realizarea ilustra\u021biilor, preg\u0103tirea materialelor publicitare \u0219i a proiectelor grafice la cea mai \u00eenalt\u0103 calitate. Setul s\u0103u amplu de func\u021bii ofer\u0103 control total asupra fiec\u0103rui proiect \u2013 de la corec\u021bii simple p\u00e2n\u0103 la compozi\u021bii vizuale complexe.<\/p>\n<p data-start=\"2343\" data-end=\"2557\"><strong data-start=\"2343\" data-end=\"2361\">Photoshop 2021<\/strong> func\u021bioneaz\u0103 complet offline, f\u0103r\u0103 caracteristici care necesit\u0103 conexiune la internet. Toate instrumentele sunt disponibile local, garant\u00e2nd confiden\u021bialitate \u0219i stabilitate \u00een timpul lucrului.<\/p>\n<p data-start=\"2559\" data-end=\"2611\"><strong data-start=\"2559\" data-end=\"2609\">Func\u021bionalit\u0103\u021bi principale ale Photoshop 2021:<\/strong><\/p>\n<ul data-start=\"2612\" data-end=\"2899\">\n<li data-start=\"2612\" data-end=\"2653\">\n<p data-start=\"2614\" data-end=\"2653\">Editare profesional\u0103 \u0219i retu\u0219are foto<\/p>\n<\/li>\n<li data-start=\"2654\" data-end=\"2718\">\n<p data-start=\"2656\" data-end=\"2718\">Creare de grafici, ilustra\u021bii \u0219i postere la rezolu\u021bie \u00eenalt\u0103<\/p>\n<\/li>\n<li data-start=\"2719\" data-end=\"2766\">\n<p data-start=\"2721\" data-end=\"2766\">Lucru cu straturi, m\u0103\u0219ti \u0219i efecte speciale<\/p>\n<\/li>\n<li data-start=\"2767\" data-end=\"2830\">\n<p data-start=\"2769\" data-end=\"2830\">Suport pentru multiple formate grafice: PSD, PNG, JPG, TIFF<\/p>\n<\/li>\n<li data-start=\"2831\" data-end=\"2899\">\n<p data-start=\"2833\" data-end=\"2899\">Performan\u021b\u0103 ridicat\u0103 \u0219i compatibilitate total\u0103 cu Windows 11 Pro<\/p>\n<\/li>\n<\/ul>\n<hr data-start=\"2901\" data-end=\"2904\" \/>\n<h3 data-start=\"2906\" data-end=\"2948\">\ud83d\udcbc Compatibilitate \u0219i mediu de lucru<\/h3>\n<p data-start=\"2949\" data-end=\"3346\">Windows 11 Pro \u0219i Photoshop 2021 sunt concepute pentru a lucra \u00een perfect\u0103 armonie. Sistemul ofer\u0103 condi\u021bii ideale pentru activit\u0103\u021bi grafice \u2013 vitez\u0103, stabilitate \u0219i fiabilitate \u2013, \u00een timp ce Photoshop utilizeaz\u0103 pe deplin resursele hardware ale calculatorului. \u00cempreun\u0103, acestea formeaz\u0103 o platform\u0103 complet\u0103 care r\u0103spunde cerin\u021belor at\u00e2t ale profesioni\u0219tilor, c\u00e2t \u0219i ale creatorilor pasiona\u021bi.<\/p>\n<hr data-start=\"3348\" data-end=\"3351\" \/>\n<h3 data-start=\"3353\" data-end=\"3388\">\u2705 De ce s\u0103 alegi acest pachet<\/h3>\n<p data-start=\"3389\" data-end=\"3780\" data-is-last-node=\"\" data-is-only-node=\"\">Pachetul <strong data-start=\"3398\" data-end=\"3433\">Photoshop 2021 + Windows 11 Pro<\/strong> ofer\u0103 libertate creativ\u0103 total\u0103 \u0219i stabilitate \u00een activitatea zilnic\u0103. Este combina\u021bia perfect\u0103 pentru designeri grafici, fotografi, arhitec\u021bi \u0219i to\u021bi cei care au nevoie de un mediu ce une\u0219te creativitatea cu fiabilitatea. Cu un sistem modern \u0219i un editor grafic puternic, po\u021bi crea, edita \u0219i prezenta proiecte la cel mai \u00eenalt nivel profesional.<\/p>\n<\/div>\n<\/div>\n<\/div>\n<\/div>\n<div class=\"z-0 flex min-h-[46px] justify-start\"><\/div>\n<div class=\"mt-3 w-full empty:hidden\">\n<div class=\"text-center\"><\/div>\n<\/div>\n<\/div>\n<\/div>\n<\/article>\n<div class=\"pointer-events-none h-px w-px\" aria-hidden=\"true\" data-edge=\"true\"><\/div>\n","protected":false},"excerpt":{"rendered":"<p>\ud83c\udfa8 Set profesional pentru editare grafic\u0103 \u0219i lucru creativ<br data-start=\"91\" data-end=\"94\" \/>\ud83d\udcbb Windows 11 Pro \u2013 modern \u0219i sigur<br data-start=\"129\" data-end=\"132\" \/>\ud83e\udde9 Compatibilitate complet\u0103 \u0219i performan\u021b\u0103 \u00een mediul Windows<br data-start=\"192\" data-end=\"195\" \/>\ud83d\udcdd Editare \u0219i proiectare \u00een mod offline<br data-start=\"234\" data-end=\"237\" \/>\ud83c\udf1f Alegerea ideal\u0103 pentru designeri grafici, arhitec\u021bi \u0219i creatori<\/p>","protected":false},"featured_media":1426,"comment_status":"closed","ping_status":"closed","template":"","meta":[],"product_brand":[],"product_cat":[34,15,35],"product_tag":[],"class_list":{"0":"post-1396","1":"product","2":"type-product","3":"status-publish","4":"has-post-thumbnail","6":"product_cat-graphical","7":"product_cat-operating-systems","8":"product_cat-package-deals","10":"first","11":"instock","12":"sale","13":"shipping-taxable","14":"purchasable","15":"product-type-simple"},"_links":{"self":[{"href":"https:\/\/softlite.ro\/ro\/wp-json\/wp\/v2\/product\/1396","targetHints":{"allow":["GET"]}}],"collection":[{"href":"https:\/\/softlite.ro\/ro\/wp-json\/wp\/v2\/product"}],"about":[{"href":"https:\/\/softlite.ro\/ro\/wp-json\/wp\/v2\/types\/product"}],"replies":[{"embeddable":true,"href":"https:\/\/softlite.ro\/ro\/wp-json\/wp\/v2\/comments?post=1396"}],"wp:featuredmedia":[{"embeddable":true,"href":"https:\/\/softlite.ro\/ro\/wp-json\/wp\/v2\/media\/1426"}],"wp:attachment":[{"href":"https:\/\/softlite.ro\/ro\/wp-json\/wp\/v2\/media?parent=1396"}],"wp:term":[{"taxonomy":"product_brand","embeddable":true,"href":"https:\/\/softlite.ro\/ro\/wp-json\/wp\/v2\/product_brand?post=1396"},{"taxonomy":"product_cat","embeddable":true,"href":"https:\/\/softlite.ro\/ro\/wp-json\/wp\/v2\/product_cat?post=1396"},{"taxonomy":"product_tag","embeddable":true,"href":"https:\/\/softlite.ro\/ro\/wp-json\/wp\/v2\/product_tag?post=1396"}],"curies":[{"name":"wp","href":"https:\/\/api.w.org\/{rel}","templated":true}]}}