{"id":1397,"date":"2025-11-22T17:44:00","date_gmt":"2025-11-22T17:44:00","guid":{"rendered":"https:\/\/softlite.ro\/?post_type=product&#038;p=1397"},"modified":"2025-11-22T18:17:08","modified_gmt":"2025-11-22T18:17:08","slug":"photoshop-2021-office-2024-pro-plus-windows","status":"publish","type":"product","link":"https:\/\/softlite.ro\/ro\/produs\/photoshop-2021-office-2024-pro-plus-windows\/","title":{"rendered":"Photoshop 2021 + Office 2024 Pro Plus | Windows"},"content":{"rendered":"<div class=\"flex max-w-full flex-col grow\">\n<div class=\"min-h-8 text-message relative flex w-full flex-col items-end gap-2 text-start break-words whitespace-normal [.text-message+&amp;]:mt-1\" dir=\"auto\" data-message-author-role=\"assistant\" data-message-id=\"046dae7e-d0f7-4290-ac0c-900aef931f09\" data-message-model-slug=\"gpt-5\">\n<div class=\"flex w-full flex-col gap-1 empty:hidden first:pt-[1px]\">\n<div class=\"markdown prose dark:prose-invert w-full break-words dark markdown-new-styling\">\n<p data-start=\"293\" data-end=\"798\">Combina\u021bia dintre <strong data-start=\"311\" data-end=\"329\">Photoshop 2021<\/strong> \u0219i <strong data-start=\"333\" data-end=\"357\">Office 2024 Pro Plus<\/strong> creeaz\u0103 un mediu ideal pentru munc\u0103 creativ\u0103 \u0219i de birou, totul \u00eentr-un singur loc.<br data-start=\"441\" data-end=\"444\" \/>Acesta este un pachet conceput pentru utilizatorii care au nevoie de instrumente de \u00eencredere at\u00e2t pentru design grafic, c\u00e2t \u0219i pentru redactarea \u0219i editarea documentelor.<br data-start=\"615\" data-end=\"618\" \/>Datorit\u0103 editorului grafic puternic \u0219i suitei moderne de aplica\u021bii Office, utilizatorul prime\u0219te un set complet de solu\u021bii pentru sarcini profesionale \u0219i creative de orice nivel.<\/p>\n<hr data-start=\"800\" data-end=\"803\" \/>\n<h3 data-start=\"805\" data-end=\"819\">Con\u021binut<\/h3>\n<p data-start=\"820\" data-end=\"1010\">\ud83c\udfa8 <strong data-start=\"823\" data-end=\"868\">Photoshop 2021 \u2013 creativitate f\u0103r\u0103 limite<\/strong><br data-start=\"868\" data-end=\"871\" \/>\ud83d\udcc2 <strong data-start=\"874\" data-end=\"929\">Office 2024 Pro Plus \u2013 instrumente moderne de birou<\/strong><br data-start=\"929\" data-end=\"932\" \/>\ud83d\udcbc <strong data-start=\"935\" data-end=\"972\">Compatibilitate \u0219i mediu de lucru<\/strong><br data-start=\"972\" data-end=\"975\" \/>\u2705 <strong data-start=\"977\" data-end=\"1008\">De ce s\u0103 alegi acest pachet<\/strong><\/p>\n<hr data-start=\"1012\" data-end=\"1015\" \/>\n<h3 data-start=\"1017\" data-end=\"1067\">\ud83c\udfa8 Photoshop 2021 \u2013 creativitate f\u0103r\u0103 limite<\/h3>\n<p data-start=\"1068\" data-end=\"1434\">Photoshop 2021 este un program grafic universal care, de ani de zile, reprezint\u0103 standardul \u00een industria designului \u0219i a fotografiei.<br data-start=\"1201\" data-end=\"1204\" \/>Permite crearea, editarea \u0219i retu\u0219area imaginilor cu precizie maxim\u0103, fiind un instrument indispensabil pentru designeri grafici, speciali\u0219ti \u00een marketing, web designeri \u0219i to\u021bi cei care lucreaz\u0103 la nivel profesional cu imagini.<\/p>\n<p data-start=\"1436\" data-end=\"1659\"><strong data-start=\"1436\" data-end=\"1454\">Photoshop 2021<\/strong> func\u021bioneaz\u0103 complet offline, f\u0103r\u0103 func\u021bii care necesit\u0103 conexiune la internet. Toate instrumentele sunt disponibile local, garant\u00e2nd securitate, stabilitate \u0219i control deplin asupra procesului creativ.<\/p>\n<p data-start=\"1661\" data-end=\"1713\"><strong data-start=\"1661\" data-end=\"1711\">Func\u021bionalit\u0103\u021bi principale ale Photoshop 2021:<\/strong><\/p>\n<ul data-start=\"1714\" data-end=\"2007\">\n<li data-start=\"1714\" data-end=\"1773\">\n<p data-start=\"1716\" data-end=\"1773\">Editarea \u0219i retu\u0219area fotografiilor la rezolu\u021bie \u00eenalt\u0103<\/p>\n<\/li>\n<li data-start=\"1774\" data-end=\"1825\">\n<p data-start=\"1776\" data-end=\"1825\">Crearea de proiecte grafice, postere \u0219i bannere<\/p>\n<\/li>\n<li data-start=\"1826\" data-end=\"1874\">\n<p data-start=\"1828\" data-end=\"1874\">Lucrul cu straturi, m\u0103\u0219ti \u0219i efecte speciale<\/p>\n<\/li>\n<li data-start=\"1875\" data-end=\"1937\">\n<p data-start=\"1877\" data-end=\"1937\">Suport pentru formate precum PSD, PNG, JPG, TIFF \u0219i altele<\/p>\n<\/li>\n<li data-start=\"1938\" data-end=\"2007\">\n<p data-start=\"1940\" data-end=\"2007\">Crearea de elemente grafice pentru prezent\u0103ri \u0219i documente Office<\/p>\n<\/li>\n<\/ul>\n<hr data-start=\"2009\" data-end=\"2012\" \/>\n<h3 data-start=\"2014\" data-end=\"2074\">\ud83d\udcc2 Office 2024 Pro Plus \u2013 instrumente moderne de birou<\/h3>\n<p data-start=\"2075\" data-end=\"2398\">Office 2024 Pro Plus este cea mai nou\u0103 versiune a suitei Office legendare, care \u00eembin\u0103 fiabilitatea \u0219i simplitatea cu performan\u021ba necesar\u0103 \u00een mediul de lucru modern.<br data-start=\"2240\" data-end=\"2243\" \/>Pachetul include <strong data-start=\"2260\" data-end=\"2304\">Word, Excel, PowerPoint, Outlook, Access<\/strong> \u0219i <strong data-start=\"2308\" data-end=\"2319\">OneNote<\/strong> \u2013 tot ce ai nevoie pentru a crea documente, analize, rapoarte \u0219i prezent\u0103ri.<\/p>\n<p data-start=\"2400\" data-end=\"2562\">Interfa\u021ba este clar\u0103 \u0219i optimizat\u0103, iar aplica\u021biile func\u021bioneaz\u0103 rapid \u0219i stabil \u00een Windows. Office 2024 Pro Plus faciliteaz\u0103 munca at\u00e2t la birou, c\u00e2t \u0219i acas\u0103.<\/p>\n<p data-start=\"2564\" data-end=\"2622\"><strong data-start=\"2564\" data-end=\"2620\">Func\u021bionalit\u0103\u021bi principale ale Office 2024 Pro Plus:<\/strong><\/p>\n<ul data-start=\"2623\" data-end=\"2908\">\n<li data-start=\"2623\" data-end=\"2672\">\n<p data-start=\"2625\" data-end=\"2672\">Crearea \u0219i editarea documentelor text \u00een Word<\/p>\n<\/li>\n<li data-start=\"2673\" data-end=\"2732\">\n<p data-start=\"2675\" data-end=\"2732\">Analiza datelor \u00een Excel cu formule \u0219i grafice avansate<\/p>\n<\/li>\n<li data-start=\"2733\" data-end=\"2786\">\n<p data-start=\"2735\" data-end=\"2786\">Realizarea de prezent\u0103ri multimedia \u00een PowerPoint<\/p>\n<\/li>\n<li data-start=\"2787\" data-end=\"2842\">\n<p data-start=\"2789\" data-end=\"2842\">Organizarea e-mailurilor \u0219i \u00eent\u00e2lnirilor \u00een Outlook<\/p>\n<\/li>\n<li data-start=\"2843\" data-end=\"2908\">\n<p data-start=\"2845\" data-end=\"2908\">Gestionarea bazelor de date \u00een Access \u0219i noti\u021belor \u00een OneNote<\/p>\n<\/li>\n<\/ul>\n<p data-start=\"2910\" data-end=\"3060\">Toate aplica\u021biile din Office 2024 Pro Plus sunt destinate exclusiv sistemului <strong data-start=\"2988\" data-end=\"2999\">Windows<\/strong>, asigur\u00e2nd compatibilitate deplin\u0103 \u0219i func\u021bionare stabil\u0103.<\/p>\n<hr data-start=\"3062\" data-end=\"3065\" \/>\n<h3 data-start=\"3067\" data-end=\"3109\">\ud83d\udcbc Compatibilitate \u0219i mediu de lucru<\/h3>\n<p data-start=\"3110\" data-end=\"3557\"><strong data-start=\"3110\" data-end=\"3128\">Photoshop 2021<\/strong> \u0219i <strong data-start=\"3132\" data-end=\"3156\">Office 2024 Pro Plus<\/strong> func\u021bioneaz\u0103 perfect \u00eempreun\u0103 \u00een mediul Windows, cre\u00e2nd un ecosistem excelent pentru utilizatorii care au nevoie at\u00e2t de instrumente grafice, c\u00e2t \u0219i de birou.<br data-start=\"3315\" data-end=\"3318\" \/>Proiectele create \u00een Photoshop pot fi integrate cu u\u0219urin\u021b\u0103 \u00een prezent\u0103ri PowerPoint, documente Word sau rapoarte Excel, ceea ce face ca acest pachet s\u0103 fie alegerea ideal\u0103 pentru companii moderne, institu\u021bii educa\u021bionale \u0219i freelanceri.<\/p>\n<hr data-start=\"3559\" data-end=\"3562\" \/>\n<h3 data-start=\"3564\" data-end=\"3599\">\u2705 De ce s\u0103 alegi acest pachet<\/h3>\n<p data-start=\"3600\" data-end=\"3964\" data-is-last-node=\"\" data-is-only-node=\"\">Pachetul <strong data-start=\"3609\" data-end=\"3650\">Photoshop 2021 + Office 2024 Pro Plus<\/strong> combin\u0103 creativitatea cu eficien\u021ba.<br data-start=\"3686\" data-end=\"3689\" \/>Permite crearea de proiecte grafice profesionale \u0219i gestionarea eficient\u0103 a documentelor, prezent\u0103rilor \u0219i datelor.<br data-start=\"3804\" data-end=\"3807\" \/>Este solu\u021bia ideal\u0103 pentru oricine dore\u0219te s\u0103 combine libertatea artistic\u0103 cu organizarea activit\u0103\u021bii de birou \u00eentr-un singur mediu Windows complet integrat.<\/p>\n<\/div>\n<\/div>\n<\/div>\n<\/div>\n<div class=\"z-0 flex min-h-[46px] justify-start\"><\/div>\n<div class=\"mt-3 w-full empty:hidden\">\n<div class=\"text-center\">\n<div>\n<div class=\"inline-flex border border-gray-100 dark:border-gray-700 rounded-xl\">\n<div class=\"text-token-text-secondary flex items-center justify-center gap-4 px-4 py-2.5 text-sm whitespace-nowrap\"><\/div>\n<\/div>\n<\/div>\n<\/div>\n<\/div>\n","protected":false},"excerpt":{"rendered":"<p data-start=\"0\" data-end=\"57\">\ud83c\udfa8 Creativitate \u0219i productivitate \u00eentr-un singur pachet<\/p>\n<p data-start=\"59\" data-end=\"291\">\ud83e\udde9 Compatibilitate complet\u0103 \u00eentre Photoshop 2021 \u0219i Office 2024 Pro Plus<br data-start=\"131\" data-end=\"134\" \/>\ud83d\udcdd Editare grafic\u0103 \u0219i documentar\u0103 \u00eentr-un mediu profesional<br data-start=\"193\" data-end=\"196\" \/>\u2699\ufe0f Func\u021bionare stabil\u0103 \u00een Windows<br data-start=\"229\" data-end=\"232\" \/>\ud83d\udd12 Lucru offline pentru independen\u021b\u0103 \u0219i securitate maxim\u0103<\/p>","protected":false},"featured_media":1427,"comment_status":"closed","ping_status":"closed","template":"","meta":[],"product_brand":[],"product_cat":[34,32,35],"product_tag":[],"class_list":{"0":"post-1397","1":"product","2":"type-product","3":"status-publish","4":"has-post-thumbnail","6":"product_cat-graphical","7":"product_cat-office","8":"product_cat-package-deals","10":"first","11":"instock","12":"sale","13":"shipping-taxable","14":"purchasable","15":"product-type-simple"},"_links":{"self":[{"href":"https:\/\/softlite.ro\/ro\/wp-json\/wp\/v2\/product\/1397","targetHints":{"allow":["GET"]}}],"collection":[{"href":"https:\/\/softlite.ro\/ro\/wp-json\/wp\/v2\/product"}],"about":[{"href":"https:\/\/softlite.ro\/ro\/wp-json\/wp\/v2\/types\/product"}],"replies":[{"embeddable":true,"href":"https:\/\/softlite.ro\/ro\/wp-json\/wp\/v2\/comments?post=1397"}],"wp:featuredmedia":[{"embeddable":true,"href":"https:\/\/softlite.ro\/ro\/wp-json\/wp\/v2\/media\/1427"}],"wp:attachment":[{"href":"https:\/\/softlite.ro\/ro\/wp-json\/wp\/v2\/media?parent=1397"}],"wp:term":[{"taxonomy":"product_brand","embeddable":true,"href":"https:\/\/softlite.ro\/ro\/wp-json\/wp\/v2\/product_brand?post=1397"},{"taxonomy":"product_cat","embeddable":true,"href":"https:\/\/softlite.ro\/ro\/wp-json\/wp\/v2\/product_cat?post=1397"},{"taxonomy":"product_tag","embeddable":true,"href":"https:\/\/softlite.ro\/ro\/wp-json\/wp\/v2\/product_tag?post=1397"}],"curies":[{"name":"wp","href":"https:\/\/api.w.org\/{rel}","templated":true}]}}