{"id":1400,"date":"2025-11-22T17:44:01","date_gmt":"2025-11-22T17:44:01","guid":{"rendered":"https:\/\/softlite.ro\/?post_type=product&#038;p=1400"},"modified":"2025-11-22T18:22:52","modified_gmt":"2025-11-22T18:22:52","slug":"acrobat-2025-pro-office-2024-pro-plus-windows","status":"publish","type":"product","link":"https:\/\/softlite.ro\/ro\/produs\/acrobat-2025-pro-office-2024-pro-plus-windows\/","title":{"rendered":"Acrobat 2025 Pro + Office 2024 Pro Plus | Windows"},"content":{"rendered":"<article class=\"text-token-text-primary w-full focus:outline-none [--shadow-height:45px] has-data-writing-block:pointer-events-none has-data-writing-block:-mt-(--shadow-height) has-data-writing-block:pt-(--shadow-height) [&amp;:has([data-writing-block])&gt;*]:pointer-events-auto [content-visibility:auto] supports-[content-visibility:auto]:[contain-intrinsic-size:auto_100lvh] scroll-mt-[calc(var(--header-height)+min(200px,max(70px,20svh)))]\" dir=\"auto\" tabindex=\"-1\" data-turn-id=\"request-WEB:82512761-c3eb-4e58-b9bc-3b480d383dce-6\" data-testid=\"conversation-turn-14\" data-scroll-anchor=\"true\" data-turn=\"assistant\">\n<div class=\"text-base my-auto mx-auto pb-10 [--thread-content-margin:--spacing(4)] thread-sm:[--thread-content-margin:--spacing(6)] thread-lg:[--thread-content-margin:--spacing(16)] px-(--thread-content-margin)\">\n<div class=\"[--thread-content-max-width:40rem] thread-lg:[--thread-content-max-width:48rem] mx-auto max-w-(--thread-content-max-width) flex-1 group\/turn-messages focus-visible:outline-hidden relative flex w-full min-w-0 flex-col agent-turn\" tabindex=\"-1\">\n<div class=\"flex max-w-full flex-col grow\">\n<div class=\"min-h-8 text-message relative flex w-full flex-col items-end gap-2 text-start break-words whitespace-normal [.text-message+&amp;]:mt-1\" dir=\"auto\" data-message-author-role=\"assistant\" data-message-id=\"a7e39f67-a0b2-441d-8140-1e7adac64a45\" data-message-model-slug=\"gpt-5\">\n<div class=\"flex w-full flex-col gap-1 empty:hidden first:pt-[1px]\">\n<div class=\"markdown prose dark:prose-invert w-full break-words dark markdown-new-styling\">\n<p data-start=\"349\" data-end=\"855\">Combina\u021bia dintre <strong data-start=\"367\" data-end=\"383\">Acrobat 2025<\/strong> \u0219i <strong data-start=\"387\" data-end=\"411\">Office 2024 Pro Plus<\/strong> reprezint\u0103 un pachet profesional destinat utilizatorilor care caut\u0103 func\u021bionalitate complet\u0103 \u0219i performan\u021b\u0103 ridicat\u0103 \u00een activitatea lor zilnic\u0103.<br data-start=\"556\" data-end=\"559\" \/>Acest set une\u0219te un instrument puternic pentru editarea \u0219i conversia fi\u0219ierelor PDF cu cea mai nou\u0103 suit\u0103 Office, asigur\u00e2nd o armonie perfect\u0103 \u00eentre crearea, analiza \u0219i gestionarea documentelor.<br data-start=\"753\" data-end=\"756\" \/>Este solu\u021bia ideal\u0103 pentru companii, birouri, institu\u021bii educa\u021bionale \u0219i utilizatori individuali.<\/p>\n<hr data-start=\"857\" data-end=\"860\" \/>\n<h3 data-start=\"862\" data-end=\"880\"><strong data-start=\"866\" data-end=\"878\">Con\u021binut<\/strong><\/h3>\n<p data-start=\"881\" data-end=\"1057\">\ud83d\udcc2 Office 2024 Pro Plus \u2013 mediu de lucru modern<br data-start=\"928\" data-end=\"931\" \/>\ud83d\udcc4 Acrobat 2025 \u2013 control complet asupra documentelor PDF<br data-start=\"988\" data-end=\"991\" \/>\ud83d\udcbc Compatibilitate \u0219i colaborare<br data-start=\"1023\" data-end=\"1026\" \/>\u2705 De ce s\u0103 alegi acest pachet<\/p>\n<hr data-start=\"1059\" data-end=\"1062\" \/>\n<h3 data-start=\"1064\" data-end=\"1121\">\ud83d\udcc2 <strong data-start=\"1071\" data-end=\"1119\">Office 2024 Pro Plus \u2013 mediu de lucru modern<\/strong><\/h3>\n<p data-start=\"1122\" data-end=\"1591\">Office 2024 Pro Plus este cea mai nou\u0103 genera\u021bie a renumitei suite Office, oferind aplica\u021bii \u00eembun\u0103t\u0103\u021bite \u0219i instrumente concepute pentru a cre\u0219te productivitatea \u00een orice sarcin\u0103.<br data-start=\"1302\" data-end=\"1305\" \/>Utilizatorii au acces la <strong data-start=\"1330\" data-end=\"1374\">Word, Excel, PowerPoint, Outlook, Access<\/strong> \u0219i <strong data-start=\"1378\" data-end=\"1389\">OneNote<\/strong> \u2013 tot ce este necesar pentru crearea \u0219i organizarea documentelor profesionale.<br data-start=\"1468\" data-end=\"1471\" \/>Interfa\u021ba optimizat\u0103 \u0219i func\u021biile \u00eembun\u0103t\u0103\u021bite de analiz\u0103 a datelor fac munca mai rapid\u0103, mai u\u0219oar\u0103 \u0219i mai intuitiv\u0103.<\/p>\n<p data-start=\"1593\" data-end=\"1651\"><strong data-start=\"1593\" data-end=\"1649\">Func\u021bionalit\u0103\u021bi principale ale Office 2024 Pro Plus:<\/strong><\/p>\n<ul data-start=\"1652\" data-end=\"2006\">\n<li data-start=\"1652\" data-end=\"1701\">\n<p data-start=\"1654\" data-end=\"1701\">Crearea \u0219i editarea documentelor text \u00een Word<\/p>\n<\/li>\n<li data-start=\"1702\" data-end=\"1777\">\n<p data-start=\"1704\" data-end=\"1777\">Analiza datelor \u0219i realizarea rapoartelor \u00een Excel, cu formule avansate<\/p>\n<\/li>\n<li data-start=\"1778\" data-end=\"1828\">\n<p data-start=\"1780\" data-end=\"1828\">Crearea de prezent\u0103ri multimedia \u00een PowerPoint<\/p>\n<\/li>\n<li data-start=\"1829\" data-end=\"1897\">\n<p data-start=\"1831\" data-end=\"1897\">Gestionarea e-mailurilor, contactelor \u0219i calendarului \u00een Outlook<\/p>\n<\/li>\n<li data-start=\"1898\" data-end=\"1951\">\n<p data-start=\"1900\" data-end=\"1951\">Organizarea noti\u021belor \u0219i informa\u021biilor \u00een OneNote<\/p>\n<\/li>\n<li data-start=\"1952\" data-end=\"2006\">\n<p data-start=\"1954\" data-end=\"2006\">Crearea \u0219i administrarea bazelor de date \u00een Access<\/p>\n<\/li>\n<\/ul>\n<p data-start=\"2008\" data-end=\"2170\">Toate aplica\u021biile din pachet sunt dezvoltate exclusiv pentru <strong data-start=\"2069\" data-end=\"2080\">Windows<\/strong>, asigur\u00e2nd stabilitate ridicat\u0103 \u0219i compatibilitate perfect\u0103 cu alte instrumente Office.<\/p>\n<hr data-start=\"2172\" data-end=\"2175\" \/>\n<h3 data-start=\"2177\" data-end=\"2244\">\ud83d\udcc4 <strong data-start=\"2184\" data-end=\"2242\">Acrobat 2025 \u2013 control complet asupra documentelor PDF<\/strong><\/h3>\n<p data-start=\"2245\" data-end=\"2612\">Acrobat 2025 este un instrument multifunc\u021bional pentru editarea, conversia \u0219i protejarea fi\u0219ierelor PDF.<br data-start=\"2349\" data-end=\"2352\" \/>A fost creat pentru profesioni\u0219ti care au nevoie de func\u021bii precise \u0219i de \u00eencredere \u00een lucrul cu documente.<br data-start=\"2459\" data-end=\"2462\" \/>Permite editarea u\u0219oar\u0103 a textelor, combinarea fi\u0219ierelor, conversia \u00een diverse formate \u0219i protejarea documentelor cu parole sau semn\u0103turi digitale.<\/p>\n<p data-start=\"2614\" data-end=\"2825\">Programul func\u021bioneaz\u0103 exclusiv \u00een mod <strong data-start=\"2653\" data-end=\"2664\">offline<\/strong>, f\u0103r\u0103 caracteristici care necesit\u0103 conexiune la internet.<br data-start=\"2722\" data-end=\"2725\" \/>Toate instrumentele sunt complet accesibile local, oferind confiden\u021bialitate \u0219i securitate maxim\u0103.<\/p>\n<p data-start=\"2827\" data-end=\"2877\"><strong data-start=\"2827\" data-end=\"2875\">Func\u021bionalit\u0103\u021bi principale ale Acrobat 2025:<\/strong><\/p>\n<ul data-start=\"2878\" data-end=\"3180\">\n<li data-start=\"2878\" data-end=\"2957\">\n<p data-start=\"2880\" data-end=\"2957\">Editarea \u0219i conversia fi\u0219ierelor PDF c\u0103tre \u0219i din Word, Excel \u0219i PowerPoint<\/p>\n<\/li>\n<li data-start=\"2958\" data-end=\"3011\">\n<p data-start=\"2960\" data-end=\"3011\">Crearea, combinarea \u0219i separarea documentelor PDF<\/p>\n<\/li>\n<li data-start=\"3012\" data-end=\"3071\">\n<p data-start=\"3014\" data-end=\"3071\">Ad\u0103ugarea semn\u0103turilor digitale \u0219i protejarea cu parol\u0103<\/p>\n<\/li>\n<li data-start=\"3072\" data-end=\"3120\">\n<p data-start=\"3074\" data-end=\"3120\">Crearea de formulare interactive \u0219i rapoarte<\/p>\n<\/li>\n<li data-start=\"3121\" data-end=\"3180\">\n<p data-start=\"3123\" data-end=\"3180\">Compatibilitate excelent\u0103 cu fi\u0219ierele din suita Office<\/p>\n<\/li>\n<\/ul>\n<hr data-start=\"3182\" data-end=\"3185\" \/>\n<h3 data-start=\"3187\" data-end=\"3229\">\ud83d\udcbc <strong data-start=\"3194\" data-end=\"3227\">Compatibilitate \u0219i colaborare<\/strong><\/h3>\n<p data-start=\"3230\" data-end=\"3585\">At\u00e2t <strong data-start=\"3235\" data-end=\"3251\">Acrobat 2025<\/strong>, c\u00e2t \u0219i <strong data-start=\"3260\" data-end=\"3284\">Office 2024 Pro Plus<\/strong> sunt proiectate special pentru utilizatorii de Windows.<br data-start=\"3340\" data-end=\"3343\" \/>Programele func\u021bioneaz\u0103 \u00een armonie complet\u0103, permi\u021b\u00e2nd tranzi\u021bii u\u0219oare \u00eentre documentele Word, Excel \u0219i PDF.<br data-start=\"3452\" data-end=\"3455\" \/>Integrarea lor garanteaz\u0103 eficien\u021b\u0103 maxim\u0103, flux de lucru fluid \u0219i rezultate de calitate \u2013 indiferent de domeniul de activitate.<\/p>\n<hr data-start=\"3587\" data-end=\"3590\" \/>\n<h3 data-start=\"3592\" data-end=\"3631\">\u2705 <strong data-start=\"3598\" data-end=\"3629\">De ce s\u0103 alegi acest pachet<\/strong><\/h3>\n<p data-start=\"3632\" data-end=\"4025\" data-is-last-node=\"\" data-is-only-node=\"\">Pachetul <strong data-start=\"3641\" data-end=\"3680\">Acrobat 2025 + Office 2024 Pro Plus<\/strong> este conceput pentru a r\u0103spunde nevoilor utilizatorilor moderni \u2013 de la firme mici la organiza\u021bii mari.<br data-start=\"3784\" data-end=\"3787\" \/>Permite crearea, analiza, prezentarea \u0219i protejarea datelor \u00eentr-un mediu de lucru coerent.<br data-start=\"3878\" data-end=\"3881\" \/>Datorit\u0103 func\u021biilor moderne \u0219i performan\u021bei stabile \u00een Windows, acest set reprezint\u0103 o baz\u0103 complet\u0103 pentru orice activitate de birou eficient\u0103.<\/p>\n<\/div>\n<\/div>\n<\/div>\n<\/div>\n<div class=\"z-0 flex min-h-[46px] justify-start\"><\/div>\n<div class=\"mt-3 w-full empty:hidden\">\n<div class=\"text-center\"><\/div>\n<\/div>\n<\/div>\n<\/div>\n<\/article>\n<div class=\"pointer-events-none h-px w-px\" aria-hidden=\"true\" data-edge=\"true\"><\/div>\n","protected":false},"excerpt":{"rendered":"<p data-start=\"0\" data-end=\"61\">\ud83d\udcbc <strong data-start=\"3\" data-end=\"59\">Pachet pentru lucru de birou \u0219i editare de documente<\/strong><\/p>\n<p data-start=\"63\" data-end=\"347\">\ud83e\udde9 Integrare complet\u0103 \u00eentre <strong data-start=\"91\" data-end=\"115\">Office 2024 Pro Plus<\/strong> \u0219i <strong data-start=\"119\" data-end=\"135\">Acrobat 2025<\/strong><br data-start=\"135\" data-end=\"138\" \/>\ud83d\udcdd Creare \u0219i conversie de fi\u0219iere PDF \u00een mod offline<br data-start=\"190\" data-end=\"193\" \/>\u2699\ufe0f Func\u021bionare stabil\u0103 \u00een mediul Windows<br data-start=\"233\" data-end=\"236\" \/>\ud83d\udd12 Protejarea documentelor cu semn\u0103tur\u0103 digital\u0103 \u0219i parol\u0103<br data-start=\"294\" data-end=\"297\" \/>\ud83d\ude9a Livrare rapid\u0103 \u2013 \u00een termen de 1 zi lucr\u0103toare<\/p>","protected":false},"featured_media":1430,"comment_status":"closed","ping_status":"closed","template":"","meta":[],"product_brand":[],"product_cat":[34,32,35],"product_tag":[],"class_list":{"0":"post-1400","1":"product","2":"type-product","3":"status-publish","4":"has-post-thumbnail","6":"product_cat-graphical","7":"product_cat-office","8":"product_cat-package-deals","10":"first","11":"instock","12":"sale","13":"shipping-taxable","14":"purchasable","15":"product-type-simple"},"_links":{"self":[{"href":"https:\/\/softlite.ro\/ro\/wp-json\/wp\/v2\/product\/1400","targetHints":{"allow":["GET"]}}],"collection":[{"href":"https:\/\/softlite.ro\/ro\/wp-json\/wp\/v2\/product"}],"about":[{"href":"https:\/\/softlite.ro\/ro\/wp-json\/wp\/v2\/types\/product"}],"replies":[{"embeddable":true,"href":"https:\/\/softlite.ro\/ro\/wp-json\/wp\/v2\/comments?post=1400"}],"wp:featuredmedia":[{"embeddable":true,"href":"https:\/\/softlite.ro\/ro\/wp-json\/wp\/v2\/media\/1430"}],"wp:attachment":[{"href":"https:\/\/softlite.ro\/ro\/wp-json\/wp\/v2\/media?parent=1400"}],"wp:term":[{"taxonomy":"product_brand","embeddable":true,"href":"https:\/\/softlite.ro\/ro\/wp-json\/wp\/v2\/product_brand?post=1400"},{"taxonomy":"product_cat","embeddable":true,"href":"https:\/\/softlite.ro\/ro\/wp-json\/wp\/v2\/product_cat?post=1400"},{"taxonomy":"product_tag","embeddable":true,"href":"https:\/\/softlite.ro\/ro\/wp-json\/wp\/v2\/product_tag?post=1400"}],"curies":[{"name":"wp","href":"https:\/\/api.w.org\/{rel}","templated":true}]}}