{"id":1401,"date":"2025-11-22T17:44:01","date_gmt":"2025-11-22T17:44:01","guid":{"rendered":"https:\/\/softlite.ro\/?post_type=product&#038;p=1401"},"modified":"2025-11-22T18:22:30","modified_gmt":"2025-11-22T18:22:30","slug":"acrobat-2020-pro-windows-11-pro","status":"publish","type":"product","link":"https:\/\/softlite.ro\/ro\/produs\/acrobat-2020-pro-windows-11-pro\/","title":{"rendered":"Acrobat 2020 Pro + Windows 11 Pro"},"content":{"rendered":"<article class=\"text-token-text-primary w-full focus:outline-none [--shadow-height:45px] has-data-writing-block:pointer-events-none has-data-writing-block:-mt-(--shadow-height) has-data-writing-block:pt-(--shadow-height) [&amp;:has([data-writing-block])&gt;*]:pointer-events-auto [content-visibility:auto] supports-[content-visibility:auto]:[contain-intrinsic-size:auto_100lvh] scroll-mt-[calc(var(--header-height)+min(200px,max(70px,20svh)))]\" dir=\"auto\" tabindex=\"-1\" data-turn-id=\"request-WEB:82512761-c3eb-4e58-b9bc-3b480d383dce-7\" data-testid=\"conversation-turn-16\" data-scroll-anchor=\"true\" data-turn=\"assistant\">\n<div class=\"text-base my-auto mx-auto pb-10 [--thread-content-margin:--spacing(4)] thread-sm:[--thread-content-margin:--spacing(6)] thread-lg:[--thread-content-margin:--spacing(16)] px-(--thread-content-margin)\">\n<div class=\"[--thread-content-max-width:40rem] thread-lg:[--thread-content-max-width:48rem] mx-auto max-w-(--thread-content-max-width) flex-1 group\/turn-messages focus-visible:outline-hidden relative flex w-full min-w-0 flex-col agent-turn\" tabindex=\"-1\">\n<div class=\"flex max-w-full flex-col grow\">\n<div class=\"min-h-8 text-message relative flex w-full flex-col items-end gap-2 text-start break-words whitespace-normal [.text-message+&amp;]:mt-1\" dir=\"auto\" data-message-author-role=\"assistant\" data-message-id=\"d267bed0-e53c-4055-b932-fbeb97e332eb\" data-message-model-slug=\"gpt-5\">\n<div class=\"flex w-full flex-col gap-1 empty:hidden first:pt-[1px]\">\n<div class=\"markdown prose dark:prose-invert w-full break-words dark markdown-new-styling\">\n<p data-start=\"370\" data-end=\"717\">Combina\u021bia dintre <strong data-start=\"388\" data-end=\"404\">Acrobat 2020<\/strong> \u0219i <strong data-start=\"408\" data-end=\"426\">Windows 11 Pro<\/strong> creeaz\u0103 un mediu profesional pentru utilizatorii care apreciaz\u0103 productivitatea, securitatea \u0219i controlul deplin asupra documentelor lor.<br data-start=\"564\" data-end=\"567\" \/>Acest pachet ofer\u0103 toate instrumentele necesare pentru editarea, conversia \u0219i organizarea fi\u0219ierelor PDF \u00eentr-un sistem de operare modern \u0219i stabil.<\/p>\n<hr data-start=\"719\" data-end=\"722\" \/>\n<h3 data-start=\"724\" data-end=\"742\"><strong data-start=\"728\" data-end=\"740\">Con\u021binut<\/strong><\/h3>\n<p data-start=\"743\" data-end=\"937\">\ud83d\udcbb Windows 11 Pro \u2013 software modern pentru utilizatori exigen\u021bi<br data-start=\"806\" data-end=\"809\" \/>\ud83d\udcc4 Acrobat 2020 \u2013 instrument fiabil pentru lucrul cu fi\u0219iere PDF<br data-start=\"873\" data-end=\"876\" \/>\ud83d\udcbc Compatibilitate \u0219i performan\u021b\u0103<br data-start=\"909\" data-end=\"912\" \/>\u2705 Avantajele pachetului<\/p>\n<hr data-start=\"939\" data-end=\"942\" \/>\n<h3 data-start=\"944\" data-end=\"1017\">\ud83d\udcbb <strong data-start=\"951\" data-end=\"1015\">Windows 11 Pro \u2013 software modern pentru utilizatori exigen\u021bi<\/strong><\/h3>\n<p data-start=\"1018\" data-end=\"1582\">Windows 11 Pro este un sistem de operare inovator, conceput pentru profesioni\u0219ti.<br data-start=\"1099\" data-end=\"1102\" \/>Ofer\u0103 un design nou, curat, o interfa\u021b\u0103 intuitiv\u0103 \u0219i productivitate sporit\u0103.<br data-start=\"1178\" data-end=\"1181\" \/>Sistemul se remarc\u0103 prin pornire rapid\u0103, gestionare optimizat\u0103 a resurselor \u0219i stabilitate excelent\u0103, ceea ce \u00eel face ideal pentru activit\u0103\u021bi de birou, proiecte \u0219i sarcini administrative.<br data-start=\"1368\" data-end=\"1371\" \/>Utilizatorii beneficiaz\u0103 de func\u021bii de securitate avansate precum <strong data-start=\"1437\" data-end=\"1450\">BitLocker<\/strong>, <strong data-start=\"1452\" data-end=\"1469\">Windows Hello<\/strong> \u0219i <strong data-start=\"1473\" data-end=\"1513\">Desktop la distan\u021b\u0103 (Remote Desktop)<\/strong>, care garanteaz\u0103 protec\u021bia complet\u0103 a datelor \u0219i confortul zilnic.<\/p>\n<p data-start=\"1584\" data-end=\"1636\"><strong data-start=\"1584\" data-end=\"1634\">Func\u021bionalit\u0103\u021bi principale ale Windows 11 Pro:<\/strong><\/p>\n<ul data-start=\"1637\" data-end=\"1947\">\n<li data-start=\"1637\" data-end=\"1685\">\n<p data-start=\"1639\" data-end=\"1685\">Performan\u021b\u0103 optimizat\u0103 \u0219i multitasking fluid<\/p>\n<\/li>\n<li data-start=\"1686\" data-end=\"1735\">\n<p data-start=\"1688\" data-end=\"1735\">Securitate \u00eembun\u0103t\u0103\u021bit\u0103 \u0219i criptare a datelor<\/p>\n<\/li>\n<li data-start=\"1736\" data-end=\"1814\">\n<p data-start=\"1738\" data-end=\"1814\">Compatibilitate complet\u0103 cu cele mai noi aplica\u021bii \u0219i echipamente hardware<\/p>\n<\/li>\n<li data-start=\"1815\" data-end=\"1887\">\n<p data-start=\"1817\" data-end=\"1887\">Posibilitate de lucru la distan\u021b\u0103 \u0219i integrare \u00een re\u021bele de companie<\/p>\n<\/li>\n<li data-start=\"1888\" data-end=\"1947\">\n<p data-start=\"1890\" data-end=\"1947\">Interfa\u021b\u0103 modern\u0103 \u0219i organizare eficient\u0103 a desktopului<\/p>\n<\/li>\n<\/ul>\n<hr data-start=\"1949\" data-end=\"1952\" \/>\n<h3 data-start=\"1954\" data-end=\"2028\">\ud83d\udcc4 <strong data-start=\"1961\" data-end=\"2026\">Acrobat 2020 \u2013 instrument fiabil pentru lucrul cu fi\u0219iere PDF<\/strong><\/h3>\n<p data-start=\"2029\" data-end=\"2534\">Acrobat 2020 este un program consacrat \u0219i stabil pentru gestionarea fi\u0219ierelor PDF, oferind toate func\u021biile esen\u021biale pentru activitatea zilnic\u0103 de birou.<br data-start=\"2183\" data-end=\"2186\" \/>Permite crearea, editarea, combinarea \u0219i conversia documentelor \u00een diverse formate.<br data-start=\"2269\" data-end=\"2272\" \/>Interfa\u021ba intuitiv\u0103 face ca sarcinile de zi cu zi s\u0103 fie u\u0219or de realizat, f\u0103r\u0103 a fi nevoie de instrumente suplimentare.<br data-start=\"2392\" data-end=\"2395\" \/>Este ideal at\u00e2t pentru companii, c\u00e2t \u0219i pentru utilizatori individuali care doresc o solu\u021bie simpl\u0103 \u0219i sigur\u0103 pentru lucrul cu documente.<\/p>\n<p data-start=\"2536\" data-end=\"2786\">Programul <strong data-start=\"2546\" data-end=\"2562\">Acrobat 2020<\/strong> func\u021bioneaz\u0103 exclusiv \u00een mod offline, f\u0103r\u0103 caracteristici care necesit\u0103 conexiune la internet.<br data-start=\"2657\" data-end=\"2660\" \/>Toate instrumentele sunt disponibile local pe computerul utilizatorului, asigur\u00e2nd confiden\u021bialitate \u0219i stabilitate deplin\u0103.<\/p>\n<p data-start=\"2788\" data-end=\"2838\"><strong data-start=\"2788\" data-end=\"2836\">Func\u021bionalit\u0103\u021bi principale ale Acrobat 2020:<\/strong><\/p>\n<ul data-start=\"2839\" data-end=\"3123\">\n<li data-start=\"2839\" data-end=\"2891\">\n<p data-start=\"2841\" data-end=\"2891\">Editarea, conversia \u0219i combinarea fi\u0219ierelor PDF<\/p>\n<\/li>\n<li data-start=\"2892\" data-end=\"2943\">\n<p data-start=\"2894\" data-end=\"2943\">Crearea \u0219i completarea formularelor interactive<\/p>\n<\/li>\n<li data-start=\"2944\" data-end=\"3007\">\n<p data-start=\"2946\" data-end=\"3007\">Conversia documentelor c\u0103tre \u0219i din Word, Excel, PowerPoint<\/p>\n<\/li>\n<li data-start=\"3008\" data-end=\"3067\">\n<p data-start=\"3010\" data-end=\"3067\">Protejarea documentelor cu parol\u0103 \u0219i semn\u0103turi digitale<\/p>\n<\/li>\n<li data-start=\"3068\" data-end=\"3123\">\n<p data-start=\"3070\" data-end=\"3123\">Compatibilitate ridicat\u0103 cu sistemul Windows 11 Pro<\/p>\n<\/li>\n<\/ul>\n<hr data-start=\"3125\" data-end=\"3128\" \/>\n<h3 data-start=\"3130\" data-end=\"3173\">\ud83d\udcbc <strong data-start=\"3137\" data-end=\"3171\">Compatibilitate \u0219i performan\u021b\u0103<\/strong><\/h3>\n<p data-start=\"3174\" data-end=\"3516\">Ambele programe sunt concepute exclusiv pentru sistemul de operare <strong data-start=\"3241\" data-end=\"3252\">Windows<\/strong>.<br data-start=\"3253\" data-end=\"3256\" \/>Integrarea dintre <strong data-start=\"3274\" data-end=\"3290\">Acrobat 2020<\/strong> \u0219i <strong data-start=\"3294\" data-end=\"3312\">Windows 11 Pro<\/strong> asigur\u0103 func\u021bionare fluent\u0103, acces rapid la documente \u0219i stabilitate maxim\u0103.<br data-start=\"3389\" data-end=\"3392\" \/>Pachetul este ideal pentru utilizare \u00een birouri, companii, \u0219coli sau acas\u0103, unde fiabilitatea \u0219i eficien\u021ba sunt esen\u021biale.<\/p>\n<hr data-start=\"3518\" data-end=\"3521\" \/>\n<h3 data-start=\"3523\" data-end=\"3556\">\u2705 <strong data-start=\"3529\" data-end=\"3554\">Avantajele pachetului<\/strong><\/h3>\n<p data-start=\"3557\" data-end=\"3967\" data-is-last-node=\"\" data-is-only-node=\"\">Pachetul <strong data-start=\"3566\" data-end=\"3599\">Acrobat 2020 + Windows 11 Pro<\/strong> este o combina\u021bie practic\u0103 \u00eentre un sistem de operare modern \u0219i o solu\u021bie consacrat\u0103 pentru lucrul cu documente.<br data-start=\"3712\" data-end=\"3715\" \/>Permite crearea materialelor profesionale, gestionarea datelor \u0219i stocarea lor \u00een siguran\u021b\u0103 \u2013 totul \u00eentr-un singur mediu de lucru integrat.<br data-start=\"3854\" data-end=\"3857\" \/>Este alegerea perfect\u0103 pentru cei care apreciaz\u0103 simplitatea, stabilitatea \u0219i func\u021bionalitatea de nivel \u00eenalt.<\/p>\n<\/div>\n<\/div>\n<\/div>\n<\/div>\n<div class=\"z-0 flex min-h-[46px] justify-start\"><\/div>\n<div class=\"mt-3 w-full empty:hidden\">\n<div class=\"text-center\"><\/div>\n<\/div>\n<\/div>\n<\/div>\n<\/article>\n<div class=\"pointer-events-none h-px w-px\" aria-hidden=\"true\" data-edge=\"true\"><\/div>\n","protected":false},"excerpt":{"rendered":"<p data-start=\"0\" data-end=\"70\">\ud83d\udcbc <strong data-start=\"3\" data-end=\"68\">Pachet profesional pentru activit\u0103\u021bi de birou \u0219i administrare<\/strong><\/p>\n<p data-start=\"72\" data-end=\"368\">\ud83e\udde9 Compatibilitate excelent\u0103 \u00eentre <strong data-start=\"107\" data-end=\"123\">Acrobat 2020<\/strong> \u0219i <strong data-start=\"127\" data-end=\"145\">Windows 11 Pro<\/strong><br data-start=\"145\" data-end=\"148\" \/>\ud83d\udd12 Securitate ridicat\u0103 a datelor \u0219i protec\u021bie complet\u0103 a documentelor<br data-start=\"217\" data-end=\"220\" \/>\ud83d\udcdd Editare \u0219i conversie PDF \u00een mod offline<br data-start=\"262\" data-end=\"265\" \/>\u2699\ufe0f Func\u021bionare stabil\u0103 \u0219i rapid\u0103 \u00een mediul Windows<br data-start=\"315\" data-end=\"318\" \/>\ud83d\ude9a Livrare rapid\u0103 \u2013 \u00een termen de 1 zi lucr\u0103toare<\/p>","protected":false},"featured_media":1431,"comment_status":"closed","ping_status":"closed","template":"","meta":[],"product_brand":[],"product_cat":[34,15,35],"product_tag":[],"class_list":{"0":"post-1401","1":"product","2":"type-product","3":"status-publish","4":"has-post-thumbnail","6":"product_cat-graphical","7":"product_cat-operating-systems","8":"product_cat-package-deals","10":"first","11":"instock","12":"sale","13":"shipping-taxable","14":"purchasable","15":"product-type-simple"},"_links":{"self":[{"href":"https:\/\/softlite.ro\/ro\/wp-json\/wp\/v2\/product\/1401","targetHints":{"allow":["GET"]}}],"collection":[{"href":"https:\/\/softlite.ro\/ro\/wp-json\/wp\/v2\/product"}],"about":[{"href":"https:\/\/softlite.ro\/ro\/wp-json\/wp\/v2\/types\/product"}],"replies":[{"embeddable":true,"href":"https:\/\/softlite.ro\/ro\/wp-json\/wp\/v2\/comments?post=1401"}],"wp:featuredmedia":[{"embeddable":true,"href":"https:\/\/softlite.ro\/ro\/wp-json\/wp\/v2\/media\/1431"}],"wp:attachment":[{"href":"https:\/\/softlite.ro\/ro\/wp-json\/wp\/v2\/media?parent=1401"}],"wp:term":[{"taxonomy":"product_brand","embeddable":true,"href":"https:\/\/softlite.ro\/ro\/wp-json\/wp\/v2\/product_brand?post=1401"},{"taxonomy":"product_cat","embeddable":true,"href":"https:\/\/softlite.ro\/ro\/wp-json\/wp\/v2\/product_cat?post=1401"},{"taxonomy":"product_tag","embeddable":true,"href":"https:\/\/softlite.ro\/ro\/wp-json\/wp\/v2\/product_tag?post=1401"}],"curies":[{"name":"wp","href":"https:\/\/api.w.org\/{rel}","templated":true}]}}