{"id":1402,"date":"2025-11-22T17:44:01","date_gmt":"2025-11-22T17:44:01","guid":{"rendered":"https:\/\/softlite.ro\/?post_type=product&#038;p=1402"},"modified":"2025-11-22T18:22:13","modified_gmt":"2025-11-22T18:22:13","slug":"acrobat-2020-pro-photoshop-2021-windows","status":"publish","type":"product","link":"https:\/\/softlite.ro\/ro\/produs\/acrobat-2020-pro-photoshop-2021-windows\/","title":{"rendered":"Acrobat 2020 Pro + Photoshop 2021 | Windows"},"content":{"rendered":"<article class=\"text-token-text-primary w-full focus:outline-none [--shadow-height:45px] has-data-writing-block:pointer-events-none has-data-writing-block:-mt-(--shadow-height) has-data-writing-block:pt-(--shadow-height) [&amp;:has([data-writing-block])&gt;*]:pointer-events-auto [content-visibility:auto] supports-[content-visibility:auto]:[contain-intrinsic-size:auto_100lvh] scroll-mt-[calc(var(--header-height)+min(200px,max(70px,20svh)))]\" dir=\"auto\" tabindex=\"-1\" data-turn-id=\"request-WEB:82512761-c3eb-4e58-b9bc-3b480d383dce-8\" data-testid=\"conversation-turn-18\" data-scroll-anchor=\"true\" data-turn=\"assistant\">\n<div class=\"text-base my-auto mx-auto pb-10 [--thread-content-margin:--spacing(4)] thread-sm:[--thread-content-margin:--spacing(6)] thread-lg:[--thread-content-margin:--spacing(16)] px-(--thread-content-margin)\">\n<div class=\"[--thread-content-max-width:40rem] thread-lg:[--thread-content-max-width:48rem] mx-auto max-w-(--thread-content-max-width) flex-1 group\/turn-messages focus-visible:outline-hidden relative flex w-full min-w-0 flex-col agent-turn\" tabindex=\"-1\">\n<div class=\"flex max-w-full flex-col grow\">\n<div class=\"min-h-8 text-message relative flex w-full flex-col items-end gap-2 text-start break-words whitespace-normal [.text-message+&amp;]:mt-1\" dir=\"auto\" data-message-author-role=\"assistant\" data-message-id=\"2f3ee04e-57b2-40bc-8905-1ecaeaeb94a1\" data-message-model-slug=\"gpt-5\">\n<div class=\"flex w-full flex-col gap-1 empty:hidden first:pt-[1px]\">\n<div class=\"markdown prose dark:prose-invert w-full break-words dark markdown-new-styling\">\n<p data-start=\"304\" data-end=\"774\">Pachetul <strong data-start=\"313\" data-end=\"346\">Acrobat 2020 + Photoshop 2021<\/strong> reprezint\u0103 o solu\u021bie complet\u0103 pentru cei care doresc s\u0103 combine editarea documentelor cu designul grafic de nivel profesional.<br data-start=\"473\" data-end=\"476\" \/>Aceast\u0103 combina\u021bie func\u021bioneaz\u0103 perfect \u00een mediile de birou, proiectare sau educa\u021bionale, oferind func\u021bionalitate complet\u0103 \u0219i u\u0219urin\u021b\u0103 \u00een utilizare.<br data-start=\"624\" data-end=\"627\" \/>Cu acest set ob\u021bine\u021bi instrumente pentru crearea de fi\u0219iere PDF profesionale \u0219i proiecte grafice care respect\u0103 cele mai \u00eenalte standarde vizuale.<\/p>\n<hr data-start=\"776\" data-end=\"779\" \/>\n<h3 data-start=\"781\" data-end=\"799\"><strong data-start=\"785\" data-end=\"797\">Con\u021binut<\/strong><\/h3>\n<p data-start=\"800\" data-end=\"981\">\ud83d\udcc4 Acrobat 2020 \u2013 editor PDF fiabil<br data-start=\"835\" data-end=\"838\" \/>\ud83c\udfa8 Photoshop 2021 \u2013 creativitate \u0219i precizie \u00eentr-un singur instrument<br data-start=\"908\" data-end=\"911\" \/>\ud83d\udcbc Compatibilitate \u0219i mediu de lucru<br data-start=\"947\" data-end=\"950\" \/>\u2705 De ce s\u0103 alegi acest pachet<\/p>\n<hr data-start=\"983\" data-end=\"986\" \/>\n<h3 data-start=\"988\" data-end=\"1033\">\ud83d\udcc4 <strong data-start=\"995\" data-end=\"1031\">Acrobat 2020 \u2013 editor PDF fiabil<\/strong><\/h3>\n<p data-start=\"1034\" data-end=\"1415\">Acrobat 2020 este un software consacrat pentru lucrul cu fi\u0219iere PDF, oferind toate func\u021biile esen\u021biale necesare activit\u0103\u021bii zilnice de birou.<br data-start=\"1176\" data-end=\"1179\" \/>Programul permite crearea, editarea, combinarea \u0219i conversia documentelor, precum \u0219i protejarea \u0219i semnarea acestora.<br data-start=\"1296\" data-end=\"1299\" \/>Interfa\u021ba intuitiv\u0103 faciliteaz\u0103 gestionarea con\u021binutului \u0219i preg\u0103tirea materialelor pentru publicare sau arhivare.<\/p>\n<p data-start=\"1417\" data-end=\"1634\"><strong data-start=\"1417\" data-end=\"1433\">Acrobat 2020<\/strong> func\u021bioneaz\u0103 complet offline, f\u0103r\u0103 caracteristici care necesit\u0103 conexiune la internet.<br data-start=\"1520\" data-end=\"1523\" \/>Toate instrumentele sunt disponibile local, garant\u00e2nd confiden\u021bialitate \u0219i control total asupra documentelor.<\/p>\n<p data-start=\"1636\" data-end=\"1686\"><strong data-start=\"1636\" data-end=\"1684\">Func\u021bionalit\u0103\u021bi principale ale Acrobat 2020:<\/strong><\/p>\n<ul data-start=\"1687\" data-end=\"1987\">\n<li data-start=\"1687\" data-end=\"1736\">\n<p data-start=\"1689\" data-end=\"1736\">Crearea, editarea \u0219i conversia fi\u0219ierelor PDF<\/p>\n<\/li>\n<li data-start=\"1737\" data-end=\"1798\">\n<p data-start=\"1739\" data-end=\"1798\">Combinarea \u0219i separarea documentelor \u00eentr-un singur mediu<\/p>\n<\/li>\n<li data-start=\"1799\" data-end=\"1859\">\n<p data-start=\"1801\" data-end=\"1859\">Conversia \u00eentre formatele PDF, Word, Excel \u0219i PowerPoint<\/p>\n<\/li>\n<li data-start=\"1860\" data-end=\"1919\">\n<p data-start=\"1862\" data-end=\"1919\">Ad\u0103ugarea semn\u0103turilor digitale \u0219i protejarea cu parol\u0103<\/p>\n<\/li>\n<li data-start=\"1920\" data-end=\"1987\">\n<p data-start=\"1922\" data-end=\"1987\">Lucrul cu formulare \u0219i preg\u0103tirea documentelor pentru imprimare<\/p>\n<\/li>\n<\/ul>\n<hr data-start=\"1989\" data-end=\"1992\" \/>\n<h3 data-start=\"1994\" data-end=\"2074\">\ud83c\udfa8 <strong data-start=\"2001\" data-end=\"2072\">Photoshop 2021 \u2013 creativitate \u0219i precizie \u00eentr-un singur instrument<\/strong><\/h3>\n<p data-start=\"2075\" data-end=\"2499\">Photoshop 2021 este un software grafic puternic, care de ani de zile reprezint\u0103 standardul \u00een industrie pentru design \u0219i fotografie.<br data-start=\"2207\" data-end=\"2210\" \/>Permite crearea, editarea \u0219i retu\u0219area imaginilor cu precizie excep\u021bional\u0103, iar func\u021biile sale avansate ofer\u0103 control deplin asupra fiec\u0103rui detaliu al proiectului.<br data-start=\"2374\" data-end=\"2377\" \/>Programul este ideal pentru proiecte de marketing, materiale grafice pentru web \u0219i editare profesional\u0103 a fotografiilor.<\/p>\n<p data-start=\"2501\" data-end=\"2686\"><strong data-start=\"2501\" data-end=\"2519\">Photoshop 2021<\/strong> func\u021bioneaz\u0103 complet offline, f\u0103r\u0103 a necesita conexiune la internet.<br data-start=\"2588\" data-end=\"2591\" \/>Toate opera\u021biunile sunt efectuate local, oferind vitez\u0103 \u0219i siguran\u021b\u0103 \u00een orice mediu de lucru.<\/p>\n<p data-start=\"2688\" data-end=\"2740\"><strong data-start=\"2688\" data-end=\"2738\">Func\u021bionalit\u0103\u021bi principale ale Photoshop 2021:<\/strong><\/p>\n<ul data-start=\"2741\" data-end=\"3016\">\n<li data-start=\"2741\" data-end=\"2797\">\n<p data-start=\"2743\" data-end=\"2797\">Editarea \u0219i retu\u0219area imaginilor la rezolu\u021bie \u00eenalt\u0103<\/p>\n<\/li>\n<li data-start=\"2798\" data-end=\"2864\">\n<p data-start=\"2800\" data-end=\"2864\">Crearea de ilustra\u021bii, bannere, afi\u0219e \u0219i materiale publicitare<\/p>\n<\/li>\n<li data-start=\"2865\" data-end=\"2903\">\n<p data-start=\"2867\" data-end=\"2903\">Lucru avansat cu straturi \u0219i m\u0103\u0219ti<\/p>\n<\/li>\n<li data-start=\"2904\" data-end=\"2953\">\n<p data-start=\"2906\" data-end=\"2953\">Suport pentru o gam\u0103 larg\u0103 de formate grafice<\/p>\n<\/li>\n<li data-start=\"2954\" data-end=\"3016\">\n<p data-start=\"2956\" data-end=\"3016\">Integrare perfect\u0103 cu fi\u0219ierele PDF create \u00een Acrobat 2020<\/p>\n<\/li>\n<\/ul>\n<hr data-start=\"3018\" data-end=\"3021\" \/>\n<h3 data-start=\"3023\" data-end=\"3069\">\ud83d\udcbc <strong data-start=\"3030\" data-end=\"3067\">Compatibilitate \u0219i mediu de lucru<\/strong><\/h3>\n<p data-start=\"3070\" data-end=\"3433\">Ambele programe sunt concepute exclusiv pentru <strong data-start=\"3117\" data-end=\"3128\">Windows<\/strong> \u0219i func\u021bioneaz\u0103 \u00eempreun\u0103 \u00een mod stabil \u0219i eficient.<br data-start=\"3180\" data-end=\"3183\" \/>Utilizatorii pot crea materiale grafice \u00een Photoshop \u0219i le pot integra cu u\u0219urin\u021b\u0103 \u00een fi\u0219iere PDF realizate cu Acrobat 2020.<br data-start=\"3307\" data-end=\"3310\" \/>Datorit\u0103 acestei integr\u0103ri, procesul de creare a materialelor este rapid, logic \u0219i lipsit de probleme de compatibilitate.<\/p>\n<hr data-start=\"3435\" data-end=\"3438\" \/>\n<h3 data-start=\"3440\" data-end=\"3479\">\u2705 <strong data-start=\"3446\" data-end=\"3477\">De ce s\u0103 alegi acest pachet<\/strong><\/h3>\n<p data-start=\"3480\" data-end=\"3872\" data-is-last-node=\"\" data-is-only-node=\"\">Pachetul <strong data-start=\"3489\" data-end=\"3522\">Acrobat 2020 + Photoshop 2021<\/strong> combin\u0103 cele mai bune calit\u0103\u021bi din dou\u0103 domenii \u2013 editarea precis\u0103 a documentelor \u0219i designul grafic creativ.<br data-start=\"3632\" data-end=\"3635\" \/>Cu acest set pute\u021bi crea materiale profesionale pentru tipar, prezent\u0103ri de afaceri sau publica\u021bii web, toate \u00eentr-un mediu stabil.<br data-start=\"3766\" data-end=\"3769\" \/>Este solu\u021bia ideal\u0103 pentru cei care caut\u0103 at\u00e2t performan\u021b\u0103 ridicat\u0103, c\u00e2t \u0219i libertate creativ\u0103 deplin\u0103.<\/p>\n<\/div>\n<\/div>\n<\/div>\n<\/div>\n<div class=\"z-0 flex min-h-[46px] justify-start\"><\/div>\n<div class=\"mt-3 w-full empty:hidden\">\n<div class=\"text-center\"><\/div>\n<\/div>\n<\/div>\n<\/div>\n<\/article>\n<div class=\"pointer-events-none h-px w-px\" aria-hidden=\"true\" data-edge=\"true\"><\/div>\n","protected":false},"excerpt":{"rendered":"<p data-start=\"0\" data-end=\"64\">\ud83c\udfa8 <strong data-start=\"3\" data-end=\"62\">Pachet profesional pentru lucru cu documente \u0219i grafic\u0103<\/strong><\/p>\n<p data-start=\"66\" data-end=\"302\">\ud83e\udde9 Integrare excelent\u0103 \u00eentre <strong data-start=\"95\" data-end=\"111\">Acrobat 2020<\/strong> \u0219i <strong data-start=\"115\" data-end=\"133\">Photoshop 2021<\/strong><br data-start=\"133\" data-end=\"136\" \/>\ud83d\udcdd Editare PDF \u0219i design grafic \u00eentr-un singur mediu<br data-start=\"188\" data-end=\"191\" \/>\u2699\ufe0f Func\u021bionare stabil\u0103 \u00een Windows<br data-start=\"224\" data-end=\"227\" \/>\ud83d\udd12 Func\u021bionalitate complet offline pentru securitate \u0219i confiden\u021bialitate<\/p>","protected":false},"featured_media":1432,"comment_status":"closed","ping_status":"closed","template":"","meta":[],"product_brand":[],"product_cat":[34,35],"product_tag":[],"class_list":{"0":"post-1402","1":"product","2":"type-product","3":"status-publish","4":"has-post-thumbnail","6":"product_cat-graphical","7":"product_cat-package-deals","9":"first","10":"instock","11":"sale","12":"shipping-taxable","13":"purchasable","14":"product-type-simple"},"_links":{"self":[{"href":"https:\/\/softlite.ro\/ro\/wp-json\/wp\/v2\/product\/1402","targetHints":{"allow":["GET"]}}],"collection":[{"href":"https:\/\/softlite.ro\/ro\/wp-json\/wp\/v2\/product"}],"about":[{"href":"https:\/\/softlite.ro\/ro\/wp-json\/wp\/v2\/types\/product"}],"replies":[{"embeddable":true,"href":"https:\/\/softlite.ro\/ro\/wp-json\/wp\/v2\/comments?post=1402"}],"wp:featuredmedia":[{"embeddable":true,"href":"https:\/\/softlite.ro\/ro\/wp-json\/wp\/v2\/media\/1432"}],"wp:attachment":[{"href":"https:\/\/softlite.ro\/ro\/wp-json\/wp\/v2\/media?parent=1402"}],"wp:term":[{"taxonomy":"product_brand","embeddable":true,"href":"https:\/\/softlite.ro\/ro\/wp-json\/wp\/v2\/product_brand?post=1402"},{"taxonomy":"product_cat","embeddable":true,"href":"https:\/\/softlite.ro\/ro\/wp-json\/wp\/v2\/product_cat?post=1402"},{"taxonomy":"product_tag","embeddable":true,"href":"https:\/\/softlite.ro\/ro\/wp-json\/wp\/v2\/product_tag?post=1402"}],"curies":[{"name":"wp","href":"https:\/\/api.w.org\/{rel}","templated":true}]}}