{"id":1403,"date":"2025-11-22T17:44:01","date_gmt":"2025-11-22T17:44:01","guid":{"rendered":"https:\/\/softlite.ro\/?post_type=product&#038;p=1403"},"modified":"2025-11-22T18:21:18","modified_gmt":"2025-11-22T18:21:18","slug":"acrobat-2020-pro-office-2024-pro-plus-windows","status":"publish","type":"product","link":"https:\/\/softlite.ro\/ro\/produs\/acrobat-2020-pro-office-2024-pro-plus-windows\/","title":{"rendered":"Acrobat 2020 Pro + Office 2024 Pro Plus | Windows"},"content":{"rendered":"<article class=\"text-token-text-primary w-full focus:outline-none [--shadow-height:45px] has-data-writing-block:pointer-events-none has-data-writing-block:-mt-(--shadow-height) has-data-writing-block:pt-(--shadow-height) [&amp;:has([data-writing-block])&gt;*]:pointer-events-auto [content-visibility:auto] supports-[content-visibility:auto]:[contain-intrinsic-size:auto_100lvh] scroll-mt-[calc(var(--header-height)+min(200px,max(70px,20svh)))]\" dir=\"auto\" tabindex=\"-1\" data-turn-id=\"request-WEB:82512761-c3eb-4e58-b9bc-3b480d383dce-9\" data-testid=\"conversation-turn-20\" data-scroll-anchor=\"true\" data-turn=\"assistant\">\n<div class=\"text-base my-auto mx-auto pb-10 [--thread-content-margin:--spacing(4)] thread-sm:[--thread-content-margin:--spacing(6)] thread-lg:[--thread-content-margin:--spacing(16)] px-(--thread-content-margin)\">\n<div class=\"[--thread-content-max-width:40rem] thread-lg:[--thread-content-max-width:48rem] mx-auto max-w-(--thread-content-max-width) flex-1 group\/turn-messages focus-visible:outline-hidden relative flex w-full min-w-0 flex-col agent-turn\" tabindex=\"-1\">\n<div class=\"flex max-w-full flex-col grow\">\n<div class=\"min-h-8 text-message relative flex w-full flex-col items-end gap-2 text-start break-words whitespace-normal [.text-message+&amp;]:mt-1\" dir=\"auto\" data-message-author-role=\"assistant\" data-message-id=\"91aaab40-6f6f-474d-b948-abed0b43bc18\" data-message-model-slug=\"gpt-5\">\n<div class=\"flex w-full flex-col gap-1 empty:hidden first:pt-[1px]\">\n<div class=\"markdown prose dark:prose-invert w-full break-words dark markdown-new-styling\">\n<p data-start=\"372\" data-end=\"786\">Pachetul <strong data-start=\"381\" data-end=\"420\">Acrobat 2020 + Office 2024 Pro Plus<\/strong> este alegerea perfect\u0103 pentru oricine are nevoie de un set complet de instrumente pentru crearea, editarea \u0219i gestionarea documentelor.<br data-start=\"556\" data-end=\"559\" \/>Suita Office puternic\u0103 \u0219i editorul PDF avansat creeaz\u0103 un mediu de lucru care permite realizarea sarcinilor zilnice rapid, precis \u0219i profesional.<br data-start=\"704\" data-end=\"707\" \/>Este o solu\u021bie potrivit\u0103 at\u00e2t pentru birouri, c\u00e2t \u0219i pentru utilizarea acas\u0103.<\/p>\n<hr data-start=\"788\" data-end=\"791\" \/>\n<h3 data-start=\"793\" data-end=\"811\"><strong data-start=\"797\" data-end=\"809\">Con\u021binut<\/strong><\/h3>\n<p data-start=\"812\" data-end=\"993\">\ud83d\udcc2 Office 2024 Pro Plus \u2013 noul standard al productivit\u0103\u021bii<br data-start=\"870\" data-end=\"873\" \/>\ud83d\udcc4 Acrobat 2020 \u2013 lucru profesional cu fi\u0219iere PDF<br data-start=\"923\" data-end=\"926\" \/>\ud83d\udcbc Compatibilitate \u0219i performan\u021b\u0103<br data-start=\"959\" data-end=\"962\" \/>\u2705 De ce s\u0103 alegi acest pachet<\/p>\n<hr data-start=\"995\" data-end=\"998\" \/>\n<h3 data-start=\"1000\" data-end=\"1068\">\ud83d\udcc2 <strong data-start=\"1007\" data-end=\"1066\">Office 2024 Pro Plus \u2013 noul standard al productivit\u0103\u021bii<\/strong><\/h3>\n<p data-start=\"1069\" data-end=\"1453\">Office 2024 Pro Plus este cea mai recent\u0103 versiune a popularei suite Office, care combin\u0103 func\u021biile clasice cu un concept modern de eficien\u021b\u0103.<br data-start=\"1211\" data-end=\"1214\" \/>Utilizatorul are acces la toate aplica\u021biile esen\u021biale \u2013 <strong data-start=\"1270\" data-end=\"1314\">Word, Excel, PowerPoint, Outlook, Access<\/strong> \u0219i <strong data-start=\"1318\" data-end=\"1329\">OneNote<\/strong> \u2013 necesare pentru crearea documentelor, analiza datelor, gestionarea coresponden\u021bei \u0219i organizarea activit\u0103\u021bilor zilnice.<\/p>\n<p data-start=\"1455\" data-end=\"1650\">Interfa\u021ba este simplificat\u0103 \u0219i modernizat\u0103, permi\u021b\u00e2nd realizarea mai rapid\u0103 a sarcinilor cu un efort minim.<br data-start=\"1562\" data-end=\"1565\" \/>Office 2024 Pro Plus ofer\u0103 performan\u021b\u0103 maxim\u0103 \u0219i stabilitate \u00eentr-un mediu Windows.<\/p>\n<p data-start=\"1652\" data-end=\"1710\"><strong data-start=\"1652\" data-end=\"1708\">Func\u021bionalit\u0103\u021bi principale ale Office 2024 Pro Plus:<\/strong><\/p>\n<ul data-start=\"1711\" data-end=\"2121\">\n<li data-start=\"1711\" data-end=\"1794\">\n<p data-start=\"1713\" data-end=\"1794\">Crearea \u0219i editarea documentelor text \u00een Word, cu op\u021biuni avansate de formatare<\/p>\n<\/li>\n<li data-start=\"1795\" data-end=\"1860\">\n<p data-start=\"1797\" data-end=\"1860\">Analiza datelor \u00een Excel cu formule, diagrame \u0219i tabele pivot<\/p>\n<\/li>\n<li data-start=\"1861\" data-end=\"1938\">\n<p data-start=\"1863\" data-end=\"1938\">Realizarea prezent\u0103rilor dinamice \u00een PowerPoint cu efecte vizuale moderne<\/p>\n<\/li>\n<li data-start=\"1939\" data-end=\"2005\">\n<p data-start=\"1941\" data-end=\"2005\">Organizarea e-mailurilor, contactelor \u0219i sarcinilor \u00een Outlook<\/p>\n<\/li>\n<li data-start=\"2006\" data-end=\"2066\">\n<p data-start=\"2008\" data-end=\"2066\">Luarea noti\u021belor \u0219i gestionarea informa\u021biilor \u00een OneNote<\/p>\n<\/li>\n<li data-start=\"2067\" data-end=\"2121\">\n<p data-start=\"2069\" data-end=\"2121\">Crearea \u0219i administrarea bazelor de date \u00een Access<\/p>\n<\/li>\n<\/ul>\n<p data-start=\"2123\" data-end=\"2248\">Toate aplica\u021biile sunt destinate exclusiv sistemului <strong data-start=\"2176\" data-end=\"2187\">Windows<\/strong>, asigur\u00e2nd compatibilitate deplin\u0103 \u0219i func\u021bionare stabil\u0103.<\/p>\n<hr data-start=\"2250\" data-end=\"2253\" \/>\n<h3 data-start=\"2255\" data-end=\"2315\">\ud83d\udcc4 <strong data-start=\"2262\" data-end=\"2313\">Acrobat 2020 \u2013 lucru profesional cu fi\u0219iere PDF<\/strong><\/h3>\n<p data-start=\"2316\" data-end=\"2672\">Acrobat 2020 este un instrument consacrat pentru lucrul cu fi\u0219iere PDF, oferind toate func\u021biile necesare pentru crearea, editarea \u0219i protejarea documentelor.<br data-start=\"2473\" data-end=\"2476\" \/>Cu o interfa\u021b\u0103 intuitiv\u0103 \u0219i u\u0219or de utilizat, utilizatorii pot combina fi\u0219iere, edita texte, converti documente c\u0103tre \u0219i din Word, Excel sau PowerPoint \u0219i ad\u0103uga protec\u021bii \u0219i semn\u0103turi digitale.<\/p>\n<p data-start=\"2674\" data-end=\"2903\">Programul func\u021bioneaz\u0103 exclusiv \u00een mod offline, f\u0103r\u0103 caracteristici care necesit\u0103 conexiune la internet.<br data-start=\"2778\" data-end=\"2781\" \/>Toate instrumentele sunt disponibile local, oferind confiden\u021bialitate, stabilitate \u0219i control total asupra documentelor.<\/p>\n<p data-start=\"2905\" data-end=\"2955\"><strong data-start=\"2905\" data-end=\"2953\">Func\u021bionalit\u0103\u021bi principale ale Acrobat 2020:<\/strong><\/p>\n<ul data-start=\"2956\" data-end=\"3291\">\n<li data-start=\"2956\" data-end=\"3044\">\n<p data-start=\"2958\" data-end=\"3044\">Crearea \u0219i editarea fi\u0219ierelor PDF, cu posibilitatea de conversie c\u0103tre alte formate<\/p>\n<\/li>\n<li data-start=\"3045\" data-end=\"3098\">\n<p data-start=\"3047\" data-end=\"3098\">Combinarea, separarea \u0219i optimizarea documentelor<\/p>\n<\/li>\n<li data-start=\"3099\" data-end=\"3165\">\n<p data-start=\"3101\" data-end=\"3165\">Completarea formularelor \u0219i ad\u0103ugarea semn\u0103turilor electronice<\/p>\n<\/li>\n<li data-start=\"3166\" data-end=\"3224\">\n<p data-start=\"3168\" data-end=\"3224\">Protejarea fi\u0219ierelor cu parol\u0103 \u0219i controlul accesului<\/p>\n<\/li>\n<li data-start=\"3225\" data-end=\"3291\">\n<p data-start=\"3227\" data-end=\"3291\">Compatibilitate ridicat\u0103 cu documentele create \u00een suita Office<\/p>\n<\/li>\n<\/ul>\n<hr data-start=\"3293\" data-end=\"3296\" \/>\n<h3 data-start=\"3298\" data-end=\"3341\">\ud83d\udcbc <strong data-start=\"3305\" data-end=\"3339\">Compatibilitate \u0219i performan\u021b\u0103<\/strong><\/h3>\n<p data-start=\"3342\" data-end=\"3717\">Ambele programe sunt dezvoltate special pentru <strong data-start=\"3389\" data-end=\"3400\">Windows<\/strong>, garant\u00e2nd compatibilitate complet\u0103 \u0219i o colaborare fluent\u0103.<br data-start=\"3461\" data-end=\"3464\" \/>Documentele create \u00een Word sau Excel pot fi convertite cu u\u0219urin\u021b\u0103 \u00een PDF, iar ulterior pot fi protejate \u0219i distribuite cu ajutorul instrumentelor din Acrobat 2020.<br data-start=\"3628\" data-end=\"3631\" \/>Aceast\u0103 combina\u021bie asigur\u0103 un flux de lucru coerent \u0219i rezultate de \u00eenalt\u0103 calitate.<\/p>\n<hr data-start=\"3719\" data-end=\"3722\" \/>\n<h3 data-start=\"3724\" data-end=\"3763\">\u2705 <strong data-start=\"3730\" data-end=\"3761\">De ce s\u0103 alegi acest pachet<\/strong><\/h3>\n<p data-start=\"3764\" data-end=\"4132\" data-is-last-node=\"\" data-is-only-node=\"\">Pachetul <strong data-start=\"3773\" data-end=\"3812\">Acrobat 2020 + Office 2024 Pro Plus<\/strong> \u00eembin\u0103 tehnologia modern\u0103, stabilitatea \u0219i confortul.<br data-start=\"3866\" data-end=\"3869\" \/>Ofer\u0103 utilizatorului control complet asupra documentelor \u2013 de la crearea lor p\u00e2n\u0103 la prezentarea final\u0103 \u0219i arhivare.<br data-start=\"3985\" data-end=\"3988\" \/>Indiferent dac\u0103 preg\u0103ti\u021bi rapoarte, analize, contracte sau materiale educa\u021bionale, acest duo v\u0103 garanteaz\u0103 rezultate profesionale \u00een fiecare zi.<\/p>\n<\/div>\n<\/div>\n<\/div>\n<\/div>\n<div class=\"z-0 flex min-h-[46px] justify-start\"><\/div>\n<div class=\"mt-3 w-full empty:hidden\">\n<div class=\"text-center\"><\/div>\n<\/div>\n<\/div>\n<\/div>\n<\/article>\n<div class=\"pointer-events-none h-px w-px\" aria-hidden=\"true\" data-edge=\"true\"><\/div>\n","protected":false},"excerpt":{"rendered":"<p data-start=\"0\" data-end=\"77\">\ud83d\udcbc <strong data-start=\"3\" data-end=\"75\">Pachet profesional pentru lucru de birou \u0219i gestionarea documentelor<\/strong><\/p>\n<p data-start=\"79\" data-end=\"370\">\ud83e\udde9 Combina\u021bia ideal\u0103 dintre <strong data-start=\"107\" data-end=\"131\">Office 2024 Pro Plus<\/strong> \u0219i <strong data-start=\"135\" data-end=\"151\">Acrobat 2020<\/strong><br data-start=\"151\" data-end=\"154\" \/>\ud83d\udcdd Editare \u0219i conversie de fi\u0219iere PDF \u00een mod offline<br data-start=\"207\" data-end=\"210\" \/>\u2699\ufe0f Compatibilitate complet\u0103 cu sistemul Windows<br data-start=\"257\" data-end=\"260\" \/>\ud83d\udd12 Protec\u021bia datelor \u0219i semn\u0103turi digitale pentru siguran\u021b\u0103 total\u0103<br data-start=\"326\" data-end=\"329\" \/>\ud83d\ude9a Livrare \u00een termen de 1 zi lucr\u0103toare<\/p>\n<p data-start=\"372\" data-end=\"786\">","protected":false},"featured_media":1433,"comment_status":"closed","ping_status":"closed","template":"","meta":[],"product_brand":[],"product_cat":[34,32,35],"product_tag":[],"class_list":{"0":"post-1403","1":"product","2":"type-product","3":"status-publish","4":"has-post-thumbnail","6":"product_cat-graphical","7":"product_cat-office","8":"product_cat-package-deals","10":"first","11":"instock","12":"sale","13":"shipping-taxable","14":"purchasable","15":"product-type-simple"},"_links":{"self":[{"href":"https:\/\/softlite.ro\/ro\/wp-json\/wp\/v2\/product\/1403","targetHints":{"allow":["GET"]}}],"collection":[{"href":"https:\/\/softlite.ro\/ro\/wp-json\/wp\/v2\/product"}],"about":[{"href":"https:\/\/softlite.ro\/ro\/wp-json\/wp\/v2\/types\/product"}],"replies":[{"embeddable":true,"href":"https:\/\/softlite.ro\/ro\/wp-json\/wp\/v2\/comments?post=1403"}],"wp:featuredmedia":[{"embeddable":true,"href":"https:\/\/softlite.ro\/ro\/wp-json\/wp\/v2\/media\/1433"}],"wp:attachment":[{"href":"https:\/\/softlite.ro\/ro\/wp-json\/wp\/v2\/media?parent=1403"}],"wp:term":[{"taxonomy":"product_brand","embeddable":true,"href":"https:\/\/softlite.ro\/ro\/wp-json\/wp\/v2\/product_brand?post=1403"},{"taxonomy":"product_cat","embeddable":true,"href":"https:\/\/softlite.ro\/ro\/wp-json\/wp\/v2\/product_cat?post=1403"},{"taxonomy":"product_tag","embeddable":true,"href":"https:\/\/softlite.ro\/ro\/wp-json\/wp\/v2\/product_tag?post=1403"}],"curies":[{"name":"wp","href":"https:\/\/api.w.org\/{rel}","templated":true}]}}