{"id":1404,"date":"2025-11-22T17:44:01","date_gmt":"2025-11-22T17:44:01","guid":{"rendered":"https:\/\/softlite.ro\/?post_type=product&#038;p=1404"},"modified":"2025-11-22T18:21:08","modified_gmt":"2025-11-22T18:21:08","slug":"5-x-windows-11-pro","status":"publish","type":"product","link":"https:\/\/softlite.ro\/ro\/produs\/5-x-windows-11-pro\/","title":{"rendered":"5 x Windows 11 Pro"},"content":{"rendered":"<article class=\"text-token-text-primary w-full focus:outline-none [--shadow-height:45px] has-data-writing-block:pointer-events-none has-data-writing-block:-mt-(--shadow-height) has-data-writing-block:pt-(--shadow-height) [&amp;:has([data-writing-block])&gt;*]:pointer-events-auto [content-visibility:auto] supports-[content-visibility:auto]:[contain-intrinsic-size:auto_100lvh] scroll-mt-[calc(var(--header-height)+min(200px,max(70px,20svh)))]\" dir=\"auto\" tabindex=\"-1\" data-turn-id=\"request-WEB:82512761-c3eb-4e58-b9bc-3b480d383dce-10\" data-testid=\"conversation-turn-22\" data-scroll-anchor=\"true\" data-turn=\"assistant\">\n<div class=\"text-base my-auto mx-auto pb-10 [--thread-content-margin:--spacing(4)] thread-sm:[--thread-content-margin:--spacing(6)] thread-lg:[--thread-content-margin:--spacing(16)] px-(--thread-content-margin)\">\n<div class=\"[--thread-content-max-width:40rem] thread-lg:[--thread-content-max-width:48rem] mx-auto max-w-(--thread-content-max-width) flex-1 group\/turn-messages focus-visible:outline-hidden relative flex w-full min-w-0 flex-col agent-turn\" tabindex=\"-1\">\n<div class=\"flex max-w-full flex-col grow\">\n<div class=\"min-h-8 text-message relative flex w-full flex-col items-end gap-2 text-start break-words whitespace-normal [.text-message+&amp;]:mt-1\" dir=\"auto\" data-message-author-role=\"assistant\" data-message-id=\"24ec0fe4-6839-46a1-a7e7-8973a7fba822\" data-message-model-slug=\"gpt-5\">\n<div class=\"flex w-full flex-col gap-1 empty:hidden first:pt-[1px]\">\n<div class=\"markdown prose dark:prose-invert w-full break-words dark markdown-new-styling\">\n<p data-start=\"248\" data-end=\"718\">Pachetul <strong data-start=\"257\" data-end=\"278\">5\u00d7 Windows 11 Pro<\/strong> este solu\u021bia perfect\u0103 pentru companii, echipe de proiect \u0219i institu\u021bii care au nevoie de un sistem de operare fiabil \u0219i sigur pentru mai multe sta\u021bii de lucru.<br data-start=\"438\" data-end=\"441\" \/>Cel mai nou sistem Microsoft este conceput pentru productivitate maxim\u0103, u\u0219urin\u021b\u0103 \u00een utilizare \u0219i o abordare modern\u0103 a muncii.<br data-start=\"567\" data-end=\"570\" \/>Cu acest set de cinci licen\u021be, pute\u021bi oferi \u00eentregii echipe un mediu profesional unificat, care garanteaz\u0103 stabilitate \u0219i eficien\u021b\u0103 \u00een fiecare zi.<\/p>\n<hr data-start=\"720\" data-end=\"723\" \/>\n<h3 data-start=\"725\" data-end=\"743\"><strong data-start=\"729\" data-end=\"741\">Con\u021binut<\/strong><\/h3>\n<p data-start=\"744\" data-end=\"911\">\ud83c\udf1f Modernitate \u0219i elegan\u021b\u0103 \u00eentr-un singur sistem<br data-start=\"792\" data-end=\"795\" \/>\ud83d\udd10 Securitate \u0219i control complet<br data-start=\"827\" data-end=\"830\" \/>\u2699\ufe0f Conceput pentru productivitate<br data-start=\"863\" data-end=\"866\" \/>\u2705 De ce s\u0103 alegi pachetul 5\u00d7 Windows 11 Pro<\/p>\n<hr data-start=\"913\" data-end=\"916\" \/>\n<h3 data-start=\"918\" data-end=\"976\">\ud83c\udf1f <strong data-start=\"925\" data-end=\"974\">Modernitate \u0219i elegan\u021b\u0103 \u00eentr-un singur sistem<\/strong><\/h3>\n<p data-start=\"977\" data-end=\"1351\">Windows 11 Pro se remarc\u0103 printr-un design modern \u0219i o interfa\u021b\u0103 clar\u0103, creat\u0103 pentru confort \u0219i concentrare \u00een timpul lucrului.<br data-start=\"1105\" data-end=\"1108\" \/>Noul meniu Start, bara de activit\u0103\u021bi simplificat\u0103 \u0219i gestionarea \u00eembun\u0103t\u0103\u021bit\u0103 a ferestrelor fac utilizarea mai intuitiv\u0103 \u0219i organizat\u0103.<br data-start=\"1243\" data-end=\"1246\" \/>Sistemul porne\u0219te mai rapid, func\u021bioneaz\u0103 mai fluent \u0219i este optimizat pentru cele mai noi dispozitive.<\/p>\n<p data-start=\"1353\" data-end=\"1404\"><strong data-start=\"1353\" data-end=\"1402\">Caracteristici principale ale Windows 11 Pro:<\/strong><\/p>\n<ul data-start=\"1405\" data-end=\"1667\">\n<li data-start=\"1405\" data-end=\"1441\">\n<p data-start=\"1407\" data-end=\"1441\">Interfa\u021b\u0103 modern\u0103 \u0219i minimalist\u0103<\/p>\n<\/li>\n<li data-start=\"1442\" data-end=\"1491\">\n<p data-start=\"1444\" data-end=\"1491\">Performan\u021b\u0103 optimizat\u0103 \u0219i func\u021bionare fluent\u0103<\/p>\n<\/li>\n<li data-start=\"1492\" data-end=\"1556\">\n<p data-start=\"1494\" data-end=\"1556\">Compatibilitate complet\u0103 cu cel mai nou hardware \u0219i software<\/p>\n<\/li>\n<li data-start=\"1557\" data-end=\"1625\">\n<p data-start=\"1559\" data-end=\"1625\">Func\u021bii integrate de securitate \u0219i protec\u021bie a datelor personale<\/p>\n<\/li>\n<li data-start=\"1626\" data-end=\"1667\">\n<p data-start=\"1628\" data-end=\"1667\">Acces la distan\u021b\u0103 prin Remote Desktop<\/p>\n<\/li>\n<\/ul>\n<hr data-start=\"1669\" data-end=\"1672\" \/>\n<h3 data-start=\"1674\" data-end=\"1716\">\ud83d\udd10 <strong data-start=\"1681\" data-end=\"1714\">Securitate \u0219i control complet<\/strong><\/h3>\n<p data-start=\"1717\" data-end=\"2178\">Windows 11 Pro ofer\u0103 mecanisme avansate de protec\u021bie a datelor, garant\u00e2nd siguran\u021b\u0103 deplin\u0103 at\u00e2t \u00een mediul profesional, c\u00e2t \u0219i acas\u0103.<br data-start=\"1850\" data-end=\"1853\" \/>Sistemul de criptare <strong data-start=\"1874\" data-end=\"1887\">BitLocker<\/strong> protejeaz\u0103 fi\u0219ierele \u00eempotriva accesului neautorizat, iar <strong data-start=\"1946\" data-end=\"1963\">Windows Hello<\/strong> permite autentificare rapid\u0103 \u0219i sigur\u0103 prin date biometrice sau cod PIN.<br data-start=\"2036\" data-end=\"2039\" \/>Administratorii pot gestiona cu u\u0219urin\u021b\u0103 accesul utilizatorilor \u0219i dispozitivelor \u2013 un avantaj important pentru mediile multi-utilizator.<\/p>\n<p data-start=\"2180\" data-end=\"2214\"><strong data-start=\"2180\" data-end=\"2212\">Func\u021bii cheie de securitate:<\/strong><\/p>\n<ul data-start=\"2215\" data-end=\"2442\">\n<li data-start=\"2215\" data-end=\"2252\">\n<p data-start=\"2217\" data-end=\"2252\">Criptarea discurilor cu BitLocker<\/p>\n<\/li>\n<li data-start=\"2253\" data-end=\"2305\">\n<p data-start=\"2255\" data-end=\"2305\">Autentificare biometric\u0103 \u0219i PIN cu Windows Hello<\/p>\n<\/li>\n<li data-start=\"2306\" data-end=\"2341\">\n<p data-start=\"2308\" data-end=\"2341\">Protec\u021bie hardware prin TPM 2.0<\/p>\n<\/li>\n<li data-start=\"2342\" data-end=\"2380\">\n<p data-start=\"2344\" data-end=\"2380\">Actualiz\u0103ri regulate de securitate<\/p>\n<\/li>\n<li data-start=\"2381\" data-end=\"2442\">\n<p data-start=\"2383\" data-end=\"2442\">Izolarea proceselor \u0219i controlul accesului utilizatorilor<\/p>\n<\/li>\n<\/ul>\n<hr data-start=\"2444\" data-end=\"2447\" \/>\n<h3 data-start=\"2449\" data-end=\"2492\">\u2699\ufe0f <strong data-start=\"2456\" data-end=\"2490\">Conceput pentru productivitate<\/strong><\/h3>\n<p data-start=\"2493\" data-end=\"2890\">Windows 11 Pro ofer\u0103 o organizare flexibil\u0103 a fluxului de lucru.<br data-start=\"2557\" data-end=\"2560\" \/>Func\u021bii precum <strong data-start=\"2575\" data-end=\"2598\">desktopuri virtuale<\/strong>, <strong data-start=\"2600\" data-end=\"2616\">Snap Layouts<\/strong> \u0219i managementul inteligent al ferestrelor permit executarea simultan\u0103 a mai multor sarcini \u00eentr-un mod eficient.<br data-start=\"2729\" data-end=\"2732\" \/>Sistemul este optimizat pentru aplica\u021bii de birou, software grafic \u0219i instrumente de dezvoltare, fiind o alegere excelent\u0103 pentru profesioni\u0219ti \u0219i companii.<\/p>\n<hr data-start=\"2892\" data-end=\"2895\" \/>\n<h3 data-start=\"2897\" data-end=\"2950\">\u2705 <strong data-start=\"2903\" data-end=\"2948\">De ce s\u0103 alegi pachetul 5\u00d7 Windows 11 Pro<\/strong><\/h3>\n<p data-start=\"2951\" data-end=\"3317\" data-is-last-node=\"\" data-is-only-node=\"\">Pachetul cu cinci licen\u021be <strong data-start=\"2977\" data-end=\"2995\">Windows 11 Pro<\/strong> permite standardizarea mediului de lucru \u00een \u00eentreaga companie, cre\u0219terea nivelului de securitate \u0219i simplificarea administr\u0103rii sta\u021biilor de lucru.<br data-start=\"3143\" data-end=\"3146\" \/>Av\u00e2nd aceea\u0219i platform\u0103, to\u021bi utilizatorii lucreaz\u0103 \u00eentr-un sistem stabil \u0219i uniform, ceea ce faciliteaz\u0103 colaborarea, reduce erorile \u0219i \u00eembun\u0103t\u0103\u021be\u0219te comunicarea intern\u0103.<\/p>\n<\/div>\n<\/div>\n<\/div>\n<\/div>\n<div class=\"z-0 flex min-h-[46px] justify-start\"><\/div>\n<div class=\"mt-3 w-full empty:hidden\">\n<div class=\"text-center\"><\/div>\n<\/div>\n<\/div>\n<\/div>\n<\/article>\n<div class=\"pointer-events-none h-px w-px\" aria-hidden=\"true\" data-edge=\"true\"><\/div>\n","protected":false},"excerpt":{"rendered":"<p data-start=\"0\" data-end=\"59\">\ud83d\udcbb <strong data-start=\"3\" data-end=\"57\">5 licen\u021be Windows 11 Pro pentru companii \u0219i echipe<\/strong><\/p>\n<p data-start=\"61\" data-end=\"246\">\ud83e\udde9 Mediu de lucru unificat \u0219i stabil<br data-start=\"97\" data-end=\"100\" \/>\ud83d\udd12 Protec\u021bie avansat\u0103 \u0219i securitate a datelor<br data-start=\"145\" data-end=\"148\" \/>\u2699\ufe0f Performan\u021b\u0103 ridicat\u0103 \u0219i interfa\u021b\u0103 modern\u0103<br data-start=\"192\" data-end=\"195\" \/>\ud83c\udfe2 Alegerea ideal\u0103 pentru uz business \u0219i personal<\/p>\n<p data-start=\"248\" data-end=\"718\">","protected":false},"featured_media":1434,"comment_status":"closed","ping_status":"closed","template":"","meta":[],"product_brand":[],"product_cat":[15,35],"product_tag":[],"class_list":{"0":"post-1404","1":"product","2":"type-product","3":"status-publish","4":"has-post-thumbnail","6":"product_cat-operating-systems","7":"product_cat-package-deals","9":"first","10":"instock","11":"sale","12":"shipping-taxable","13":"purchasable","14":"product-type-simple"},"_links":{"self":[{"href":"https:\/\/softlite.ro\/ro\/wp-json\/wp\/v2\/product\/1404","targetHints":{"allow":["GET"]}}],"collection":[{"href":"https:\/\/softlite.ro\/ro\/wp-json\/wp\/v2\/product"}],"about":[{"href":"https:\/\/softlite.ro\/ro\/wp-json\/wp\/v2\/types\/product"}],"replies":[{"embeddable":true,"href":"https:\/\/softlite.ro\/ro\/wp-json\/wp\/v2\/comments?post=1404"}],"wp:featuredmedia":[{"embeddable":true,"href":"https:\/\/softlite.ro\/ro\/wp-json\/wp\/v2\/media\/1434"}],"wp:attachment":[{"href":"https:\/\/softlite.ro\/ro\/wp-json\/wp\/v2\/media?parent=1404"}],"wp:term":[{"taxonomy":"product_brand","embeddable":true,"href":"https:\/\/softlite.ro\/ro\/wp-json\/wp\/v2\/product_brand?post=1404"},{"taxonomy":"product_cat","embeddable":true,"href":"https:\/\/softlite.ro\/ro\/wp-json\/wp\/v2\/product_cat?post=1404"},{"taxonomy":"product_tag","embeddable":true,"href":"https:\/\/softlite.ro\/ro\/wp-json\/wp\/v2\/product_tag?post=1404"}],"curies":[{"name":"wp","href":"https:\/\/api.w.org\/{rel}","templated":true}]}}