{"id":1405,"date":"2025-11-22T17:44:01","date_gmt":"2025-11-22T17:44:01","guid":{"rendered":"https:\/\/softlite.ro\/?post_type=product&#038;p=1405"},"modified":"2025-11-22T18:20:54","modified_gmt":"2025-11-22T18:20:54","slug":"5-x-office-2024-pro-plus","status":"publish","type":"product","link":"https:\/\/softlite.ro\/ro\/produs\/5-x-office-2024-pro-plus\/","title":{"rendered":"5 x Office 2024 Pro Plus"},"content":{"rendered":"<article class=\"text-token-text-primary w-full focus:outline-none [--shadow-height:45px] has-data-writing-block:pointer-events-none has-data-writing-block:-mt-(--shadow-height) has-data-writing-block:pt-(--shadow-height) [&amp;:has([data-writing-block])&gt;*]:pointer-events-auto [content-visibility:auto] supports-[content-visibility:auto]:[contain-intrinsic-size:auto_100lvh] scroll-mt-[calc(var(--header-height)+min(200px,max(70px,20svh)))]\" dir=\"auto\" tabindex=\"-1\" data-turn-id=\"request-WEB:82512761-c3eb-4e58-b9bc-3b480d383dce-11\" data-testid=\"conversation-turn-24\" data-scroll-anchor=\"true\" data-turn=\"assistant\">\n<div class=\"text-base my-auto mx-auto pb-10 [--thread-content-margin:--spacing(4)] thread-sm:[--thread-content-margin:--spacing(6)] thread-lg:[--thread-content-margin:--spacing(16)] px-(--thread-content-margin)\">\n<div class=\"[--thread-content-max-width:40rem] thread-lg:[--thread-content-max-width:48rem] mx-auto max-w-(--thread-content-max-width) flex-1 group\/turn-messages focus-visible:outline-hidden relative flex w-full min-w-0 flex-col agent-turn\" tabindex=\"-1\">\n<div class=\"flex max-w-full flex-col grow\">\n<div class=\"min-h-8 text-message relative flex w-full flex-col items-end gap-2 text-start break-words whitespace-normal [.text-message+&amp;]:mt-1\" dir=\"auto\" data-message-author-role=\"assistant\" data-message-id=\"94fcaf27-3fe2-44d6-aacd-b47172f74cc3\" data-message-model-slug=\"gpt-5\">\n<div class=\"flex w-full flex-col gap-1 empty:hidden first:pt-[1px]\">\n<div class=\"markdown prose dark:prose-invert w-full break-words dark markdown-new-styling\">\n<p data-start=\"319\" data-end=\"707\">Pachetul <strong data-start=\"328\" data-end=\"355\">5\u00d7 Office 2024 Pro Plus<\/strong> este solu\u021bia ideal\u0103 pentru companii, institu\u021bii educa\u021bionale \u0219i organiza\u021bii care au nevoie de o suit\u0103 Office modern\u0103, fiabil\u0103 \u0219i complet func\u021bional\u0103 pentru mai mul\u021bi utilizatori.<br data-start=\"534\" data-end=\"537\" \/>Setul de cinci licen\u021be permite \u00eentregii echipe s\u0103 lucreze cu acela\u0219i software profesional, asigur\u00e2nd productivitate maxim\u0103 \u0219i compatibilitate deplin\u0103 \u00een mediul Windows.<\/p>\n<p data-start=\"709\" data-end=\"939\"><strong data-start=\"709\" data-end=\"733\">Office 2024 Pro Plus<\/strong> reprezint\u0103 cea mai nou\u0103 genera\u021bie a suitei Office populare, oferind o performan\u021b\u0103 mai rapid\u0103, o interfa\u021b\u0103 modernizat\u0103 \u0219i o multitudine de func\u021bii care cresc eficien\u021ba \u0219i confortul \u00een activitatea zilnic\u0103.<\/p>\n<hr data-start=\"941\" data-end=\"944\" \/>\n<h3 data-start=\"946\" data-end=\"964\"><strong data-start=\"950\" data-end=\"962\">Con\u021binut<\/strong><\/h3>\n<p data-start=\"965\" data-end=\"1125\">\ud83e\udde0 Modernitate \u0219i func\u021bionalitate \u00eentr-un singur pachet<br data-start=\"1020\" data-end=\"1023\" \/>\u2699\ufe0f Stabilitate \u0219i performan\u021b\u0103 \u00een mediul de lucru<br data-start=\"1071\" data-end=\"1074\" \/>\u2705 De ce s\u0103 alegi pachetul 5\u00d7 Office 2024 Pro Plus<\/p>\n<hr data-start=\"1127\" data-end=\"1130\" \/>\n<h3 data-start=\"1132\" data-end=\"1197\">\ud83e\udde0 <strong data-start=\"1139\" data-end=\"1195\">Modernitate \u0219i func\u021bionalitate \u00eentr-un singur pachet<\/strong><\/h3>\n<p data-start=\"1198\" data-end=\"1626\"><strong data-start=\"1198\" data-end=\"1222\">Office 2024 Pro Plus<\/strong> reune\u0219te aplica\u021biile clasice Office \u00eentr-o form\u0103 \u00eembun\u0103t\u0103\u021bit\u0103 \u2013 <strong data-start=\"1287\" data-end=\"1331\">Word, Excel, PowerPoint, Outlook, Access<\/strong> \u0219i <strong data-start=\"1335\" data-end=\"1346\">OneNote<\/strong>.<br data-start=\"1347\" data-end=\"1350\" \/>Fiecare aplica\u021bie este conceput\u0103 pentru a r\u0103spunde cerin\u021belor utilizatorilor moderni \u2013 de la angaja\u021bi de birou p\u00e2n\u0103 la anali\u0219ti \u0219i proiectan\u021bi.<br data-start=\"1493\" data-end=\"1496\" \/>Versiunea 2024 ofer\u0103 o interfa\u021b\u0103 mai intuitiv\u0103, o integrare mai bun\u0103 \u00eentre aplica\u021bii \u0219i o func\u021bionare stabil\u0103 \u00een mediul Windows.<\/p>\n<p data-start=\"1628\" data-end=\"1686\"><strong data-start=\"1628\" data-end=\"1684\">Func\u021bionalit\u0103\u021bi principale ale Office 2024 Pro Plus:<\/strong><\/p>\n<ul data-start=\"1687\" data-end=\"2130\">\n<li data-start=\"1687\" data-end=\"1756\">\n<p data-start=\"1689\" data-end=\"1756\"><strong data-start=\"1689\" data-end=\"1697\">Word<\/strong> \u2013 creare de documente profesionale cu formatare avansat\u0103<\/p>\n<\/li>\n<li data-start=\"1757\" data-end=\"1834\">\n<p data-start=\"1759\" data-end=\"1834\"><strong data-start=\"1759\" data-end=\"1768\">Excel<\/strong> \u2013 analiz\u0103 de date, tabele pivot, grafice \u0219i formule de business<\/p>\n<\/li>\n<li data-start=\"1835\" data-end=\"1914\">\n<p data-start=\"1837\" data-end=\"1914\"><strong data-start=\"1837\" data-end=\"1851\">PowerPoint<\/strong> \u2013 realizarea de prezent\u0103ri captivante cu con\u021binut multimedia<\/p>\n<\/li>\n<li data-start=\"1915\" data-end=\"2005\">\n<p data-start=\"1917\" data-end=\"2005\"><strong data-start=\"1917\" data-end=\"1928\">Outlook<\/strong> \u2013 gestionarea e-mailurilor, calendarelor \u0219i contactelor \u00eentr-un singur loc<\/p>\n<\/li>\n<li data-start=\"2006\" data-end=\"2064\">\n<p data-start=\"2008\" data-end=\"2064\"><strong data-start=\"2008\" data-end=\"2018\">Access<\/strong> \u2013 proiectarea \u0219i utilizarea bazelor de date<\/p>\n<\/li>\n<li data-start=\"2065\" data-end=\"2130\">\n<p data-start=\"2067\" data-end=\"2130\"><strong data-start=\"2067\" data-end=\"2078\">OneNote<\/strong> \u2013 organizarea noti\u021belor, ideilor \u0219i informa\u021biilor<\/p>\n<\/li>\n<\/ul>\n<p data-start=\"2132\" data-end=\"2303\">Toate aplica\u021biile sunt complet compatibile \u00eentre ele \u0219i func\u021bioneaz\u0103 exclusiv \u00een mediul <strong data-start=\"2220\" data-end=\"2231\">Windows<\/strong>, asigur\u00e2nd o experien\u021b\u0103 coerent\u0103 \u0219i eficient\u0103 pentru \u00eentreaga echip\u0103.<\/p>\n<hr data-start=\"2305\" data-end=\"2308\" \/>\n<h3 data-start=\"2310\" data-end=\"2368\">\u2699\ufe0f <strong data-start=\"2317\" data-end=\"2366\">Stabilitate \u0219i performan\u021b\u0103 \u00een mediul de lucru<\/strong><\/h3>\n<p data-start=\"2369\" data-end=\"2803\">Datorit\u0103 optimiz\u0103rii moderne, <strong data-start=\"2399\" data-end=\"2423\">Office 2024 Pro Plus<\/strong> func\u021bioneaz\u0103 rapid, stabil \u0219i f\u0103r\u0103 \u00eentreruperi.<br data-start=\"2471\" data-end=\"2474\" \/>Suita se integreaz\u0103 perfect cu noile func\u021bii ale <strong data-start=\"2523\" data-end=\"2537\">Windows 11<\/strong>, garant\u00e2nd performan\u021b\u0103 maxim\u0103 chiar \u0219i \u00een cazul fi\u0219ierelor de mari dimensiuni.<br data-start=\"2616\" data-end=\"2619\" \/>Cele cinci licen\u021be asigur\u0103 un sistem unificat \u0219i compatibil \u00eentre diferite sta\u021bii de lucru, elimin\u00e2nd problemele de incompatibilitate \u00eentre versiuni din cadrul aceleia\u0219i organiza\u021bii.<\/p>\n<p data-start=\"2805\" data-end=\"2847\"><strong data-start=\"2805\" data-end=\"2845\">Avantajele pachetului multi-licen\u021b\u0103:<\/strong><\/p>\n<ul data-start=\"2848\" data-end=\"3119\">\n<li data-start=\"2848\" data-end=\"2897\">\n<p data-start=\"2850\" data-end=\"2897\">Mediu de lucru uniform pentru \u00eentreaga echip\u0103<\/p>\n<\/li>\n<li data-start=\"2898\" data-end=\"2947\">\n<p data-start=\"2900\" data-end=\"2947\">Colaborare \u0219i partajare de fi\u0219iere mai simpl\u0103<\/p>\n<\/li>\n<li data-start=\"2948\" data-end=\"3002\">\n<p data-start=\"2950\" data-end=\"3002\">Administrare u\u0219oar\u0103 a licen\u021belor \u0219i actualiz\u0103rilor<\/p>\n<\/li>\n<li data-start=\"3003\" data-end=\"3072\">\n<p data-start=\"3005\" data-end=\"3072\">Compatibilitate complet\u0103 \u00eentre documente \u0219i formate standardizate<\/p>\n<\/li>\n<li data-start=\"3073\" data-end=\"3119\">\n<p data-start=\"3075\" data-end=\"3119\">Stabilitate ridicat\u0103 \u0219i func\u021bionare sigur\u0103<\/p>\n<\/li>\n<\/ul>\n<hr data-start=\"3121\" data-end=\"3124\" \/>\n<h3 data-start=\"3126\" data-end=\"3185\">\u2705 <strong data-start=\"3132\" data-end=\"3183\">De ce s\u0103 alegi pachetul 5\u00d7 Office 2024 Pro Plus<\/strong><\/h3>\n<p data-start=\"3186\" data-end=\"3586\" data-is-last-node=\"\" data-is-only-node=\"\">Acest pachet reprezint\u0103 o investi\u021bie \u00een eficien\u021b\u0103 \u0219i profesionalism.<br data-start=\"3254\" data-end=\"3257\" \/>Cu cinci licen\u021be complete, fiecare membru al echipei are acces la acelea\u0219i aplica\u021bii, facilit\u00e2nd colaborarea, implementarea proiectelor \u0219i men\u021binerea unui standard ridicat de calitate.<br data-start=\"3441\" data-end=\"3444\" \/><strong data-start=\"3444\" data-end=\"3468\">Office 2024 Pro Plus<\/strong> ofer\u0103 instrumente care economisesc timp, \u00eembun\u0103t\u0103\u021besc precizia \u0219i sus\u021bin organizarea activit\u0103\u021bii la toate nivelurile.<\/p>\n<\/div>\n<\/div>\n<\/div>\n<\/div>\n<div class=\"z-0 flex min-h-[46px] justify-start\"><\/div>\n<div class=\"mt-3 w-full empty:hidden\">\n<div class=\"text-center\"><\/div>\n<\/div>\n<\/div>\n<\/div>\n<\/article>\n<div class=\"pointer-events-none h-px w-px\" aria-hidden=\"true\" data-edge=\"true\"><\/div>\n","protected":false},"excerpt":{"rendered":"<p data-start=\"0\" data-end=\"65\">\ud83d\udcbc <strong data-start=\"3\" data-end=\"63\">5 licen\u021be Office 2024 Pro Plus pentru echipe \u0219i companii<\/strong><\/p>\n<p data-start=\"67\" data-end=\"317\">\ud83e\udde9 Suit\u0103 complet\u0103 de aplica\u021bii Office \u00een cea mai nou\u0103 versiune<br data-start=\"129\" data-end=\"132\" \/>\u2699\ufe0f Performan\u021b\u0103 ridicat\u0103 \u0219i compatibilitate total\u0103 cu Windows<br data-start=\"192\" data-end=\"195\" \/>\ud83d\udcdd Colaborare eficient\u0103 \u0219i gestionare u\u0219oar\u0103 a documentelor<br data-start=\"254\" data-end=\"257\" \/>\ud83d\ude80 Mediu stabil \u0219i profesional pentru activit\u0103\u021bile zilnice<\/p>\n<p data-start=\"319\" data-end=\"707\">","protected":false},"featured_media":1435,"comment_status":"closed","ping_status":"closed","template":"","meta":[],"product_brand":[],"product_cat":[32,35],"product_tag":[],"class_list":{"0":"post-1405","1":"product","2":"type-product","3":"status-publish","4":"has-post-thumbnail","6":"product_cat-office","7":"product_cat-package-deals","9":"first","10":"instock","11":"sale","12":"shipping-taxable","13":"purchasable","14":"product-type-simple"},"_links":{"self":[{"href":"https:\/\/softlite.ro\/ro\/wp-json\/wp\/v2\/product\/1405","targetHints":{"allow":["GET"]}}],"collection":[{"href":"https:\/\/softlite.ro\/ro\/wp-json\/wp\/v2\/product"}],"about":[{"href":"https:\/\/softlite.ro\/ro\/wp-json\/wp\/v2\/types\/product"}],"replies":[{"embeddable":true,"href":"https:\/\/softlite.ro\/ro\/wp-json\/wp\/v2\/comments?post=1405"}],"wp:featuredmedia":[{"embeddable":true,"href":"https:\/\/softlite.ro\/ro\/wp-json\/wp\/v2\/media\/1435"}],"wp:attachment":[{"href":"https:\/\/softlite.ro\/ro\/wp-json\/wp\/v2\/media?parent=1405"}],"wp:term":[{"taxonomy":"product_brand","embeddable":true,"href":"https:\/\/softlite.ro\/ro\/wp-json\/wp\/v2\/product_brand?post=1405"},{"taxonomy":"product_cat","embeddable":true,"href":"https:\/\/softlite.ro\/ro\/wp-json\/wp\/v2\/product_cat?post=1405"},{"taxonomy":"product_tag","embeddable":true,"href":"https:\/\/softlite.ro\/ro\/wp-json\/wp\/v2\/product_tag?post=1405"}],"curies":[{"name":"wp","href":"https:\/\/api.w.org\/{rel}","templated":true}]}}