{"id":1406,"date":"2025-11-22T17:44:01","date_gmt":"2025-11-22T17:44:01","guid":{"rendered":"https:\/\/softlite.ro\/?post_type=product&#038;p=1406"},"modified":"2025-11-22T18:20:48","modified_gmt":"2025-11-22T18:20:48","slug":"5-x-acrobat-2025-pro","status":"publish","type":"product","link":"https:\/\/softlite.ro\/ro\/produs\/5-x-acrobat-2025-pro\/","title":{"rendered":"5 x Acrobat 2025 Pro"},"content":{"rendered":"<article class=\"text-token-text-primary w-full focus:outline-none [--shadow-height:45px] has-data-writing-block:pointer-events-none has-data-writing-block:-mt-(--shadow-height) has-data-writing-block:pt-(--shadow-height) [&amp;:has([data-writing-block])&gt;*]:pointer-events-auto [content-visibility:auto] supports-[content-visibility:auto]:[contain-intrinsic-size:auto_100lvh] scroll-mt-[calc(var(--header-height)+min(200px,max(70px,20svh)))]\" dir=\"auto\" tabindex=\"-1\" data-turn-id=\"request-WEB:82512761-c3eb-4e58-b9bc-3b480d383dce-12\" data-testid=\"conversation-turn-26\" data-scroll-anchor=\"true\" data-turn=\"assistant\">\n<div class=\"text-base my-auto mx-auto pb-10 [--thread-content-margin:--spacing(4)] thread-sm:[--thread-content-margin:--spacing(6)] thread-lg:[--thread-content-margin:--spacing(16)] px-(--thread-content-margin)\">\n<div class=\"[--thread-content-max-width:40rem] thread-lg:[--thread-content-max-width:48rem] mx-auto max-w-(--thread-content-max-width) flex-1 group\/turn-messages focus-visible:outline-hidden relative flex w-full min-w-0 flex-col agent-turn\" tabindex=\"-1\">\n<div class=\"flex max-w-full flex-col grow\">\n<div class=\"min-h-8 text-message relative flex w-full flex-col items-end gap-2 text-start break-words whitespace-normal [.text-message+&amp;]:mt-1\" dir=\"auto\" data-message-author-role=\"assistant\" data-message-id=\"1ae3d05f-c7b8-44a4-9782-6bddffeb4909\" data-message-model-slug=\"gpt-5\">\n<div class=\"flex w-full flex-col gap-1 empty:hidden first:pt-[1px]\">\n<div class=\"markdown prose dark:prose-invert w-full break-words dark markdown-new-styling\">\n<p data-start=\"284\" data-end=\"787\">Pachetul <strong data-start=\"293\" data-end=\"312\">5\u00d7 Acrobat 2025<\/strong> este o solu\u021bie complet\u0103 pentru companii, birouri, institu\u021bii educa\u021bionale \u0219i organiza\u021bii care au nevoie de un software fiabil \u0219i modern pentru lucrul cu fi\u0219iere PDF.<br data-start=\"478\" data-end=\"481\" \/>Cele cinci licen\u021be ofer\u0103 un mediu de lucru uniform pentru mai mul\u021bi utilizatori, permi\u021b\u00e2nd editarea, conversia \u0219i protejarea fi\u0219ierelor la cel mai \u00eenalt nivel de calitate.<br data-start=\"652\" data-end=\"655\" \/>Datorit\u0103 aceleia\u0219i versiuni a programului, \u00eentreaga echip\u0103 poate lucra eficient, profesionist \u0219i f\u0103r\u0103 probleme de compatibilitate.<\/p>\n<hr data-start=\"789\" data-end=\"792\" \/>\n<h3 data-start=\"794\" data-end=\"812\"><strong data-start=\"798\" data-end=\"810\">Con\u021binut<\/strong><\/h3>\n<p data-start=\"813\" data-end=\"964\">\ud83d\udccc Acrobat 2025 \u2013 control total asupra documentelor<br data-start=\"864\" data-end=\"867\" \/>\ud83d\udc65 Mediu multi-utilizator<br data-start=\"892\" data-end=\"895\" \/>\ud83d\udcbb Creat pentru Windows<br data-start=\"918\" data-end=\"921\" \/>\u2705 De ce s\u0103 alegi pachetul 5\u00d7 Acrobat 2025<\/p>\n<hr data-start=\"966\" data-end=\"969\" \/>\n<h3 data-start=\"971\" data-end=\"1032\">\ud83d\udccc <strong data-start=\"978\" data-end=\"1030\">Acrobat 2025 \u2013 control total asupra documentelor<\/strong><\/h3>\n<p data-start=\"1033\" data-end=\"1428\"><strong data-start=\"1033\" data-end=\"1049\">Acrobat 2025<\/strong> este cea mai recent\u0103 versiune a software-ului avansat pentru lucrul cu fi\u0219iere PDF, oferind performan\u021b\u0103 \u00eembun\u0103t\u0103\u021bit\u0103, o interfa\u021b\u0103 intuitiv\u0103 \u0219i func\u021bii extinse de editare.<br data-start=\"1220\" data-end=\"1223\" \/>Utilizatorii pot crea rapid documente noi, edita fi\u0219iere existente, combina mai multe documente \u00eentr-unul singur, converti \u00eentre diferite formate \u0219i proteja con\u021binutul prin parol\u0103 sau semn\u0103tur\u0103 digital\u0103.<\/p>\n<p data-start=\"1430\" data-end=\"1624\">Programul func\u021bioneaz\u0103 exclusiv <strong data-start=\"1462\" data-end=\"1473\">offline<\/strong>, f\u0103r\u0103 a necesita conexiune la internet.<br data-start=\"1513\" data-end=\"1516\" \/>Toate func\u021biile sunt executate local, garant\u00e2nd securitate maxim\u0103 \u0219i confiden\u021bialitate complet\u0103 a datelor.<\/p>\n<p data-start=\"1626\" data-end=\"1676\"><strong data-start=\"1626\" data-end=\"1674\">Func\u021bionalit\u0103\u021bi principale ale Acrobat 2025:<\/strong><\/p>\n<ul data-start=\"1677\" data-end=\"1982\">\n<li data-start=\"1677\" data-end=\"1745\">\n<p data-start=\"1679\" data-end=\"1745\">Crearea \u0219i editarea fi\u0219ierelor PDF cu text, imagini \u0219i formatare<\/p>\n<\/li>\n<li data-start=\"1746\" data-end=\"1803\">\n<p data-start=\"1748\" data-end=\"1803\">Combinarea, separarea \u0219i organizarea documentelor PDF<\/p>\n<\/li>\n<li data-start=\"1804\" data-end=\"1869\">\n<p data-start=\"1806\" data-end=\"1869\">Conversia PDF-urilor \u00een Word, Excel \u0219i PowerPoint \u2013 \u0219i invers<\/p>\n<\/li>\n<li data-start=\"1870\" data-end=\"1930\">\n<p data-start=\"1872\" data-end=\"1930\">Ad\u0103ugarea semn\u0103turilor digitale \u0219i protec\u021bie prin parol\u0103<\/p>\n<\/li>\n<li data-start=\"1931\" data-end=\"1982\">\n<p data-start=\"1933\" data-end=\"1982\">Crearea \u0219i completarea formularelor interactive<\/p>\n<\/li>\n<\/ul>\n<hr data-start=\"1984\" data-end=\"1987\" \/>\n<h3 data-start=\"1989\" data-end=\"2024\">\ud83d\udc65 <strong data-start=\"1996\" data-end=\"2022\">Mediu multi-utilizator<\/strong><\/h3>\n<p data-start=\"2025\" data-end=\"2435\">Pachetul <strong data-start=\"2034\" data-end=\"2053\">5\u00d7 Acrobat 2025<\/strong> este conceput special pentru echipe care au nevoie de o solu\u021bie unificat\u0103 \u0219i fiabil\u0103 pentru gestionarea documentelor.<br data-start=\"2171\" data-end=\"2174\" \/>Fiecare dintre cele cinci licen\u021be func\u021bioneaz\u0103 independent, dar ofer\u0103 acelea\u0219i caracteristici \u0219i set\u0103ri, permi\u021b\u00e2nd o colaborare eficient\u0103 \u00eentre utilizatori.<br data-start=\"2330\" data-end=\"2333\" \/>Astfel, \u00eentreaga organiza\u021bie folose\u0219te acela\u0219i sistem, reduc\u00e2nd erorile \u0219i cresc\u00e2nd productivitatea.<\/p>\n<p data-start=\"2437\" data-end=\"2688\">Este solu\u021bia ideal\u0103 pentru birourile care proceseaz\u0103 zilnic contracte, rapoarte, facturi sau alte documente electronice.<br data-start=\"2557\" data-end=\"2560\" \/>Utilizarea aceluia\u0219i software faciliteaz\u0103 schimbul de informa\u021bii \u0219i \u00eembun\u0103t\u0103\u021be\u0219te gestionarea fi\u0219ierelor la nivel de companie.<\/p>\n<p data-start=\"2690\" data-end=\"2732\"><strong data-start=\"2690\" data-end=\"2730\">Avantajele pachetului multi-licen\u021b\u0103:<\/strong><\/p>\n<ul data-start=\"2733\" data-end=\"3006\">\n<li data-start=\"2733\" data-end=\"2792\">\n<p data-start=\"2735\" data-end=\"2792\">Aceea\u0219i versiune a programului pentru to\u021bi utilizatorii<\/p>\n<\/li>\n<li data-start=\"2793\" data-end=\"2854\">\n<p data-start=\"2795\" data-end=\"2854\">Compatibilitate total\u0103 \u00eentre fi\u0219iere \u0219i formate unificate<\/p>\n<\/li>\n<li data-start=\"2855\" data-end=\"2907\">\n<p data-start=\"2857\" data-end=\"2907\">Implementare \u0219i administrare u\u0219oar\u0103 a licen\u021belor<\/p>\n<\/li>\n<li data-start=\"2908\" data-end=\"2953\">\n<p data-start=\"2910\" data-end=\"2953\">Economie de timp printr-un mediu unificat<\/p>\n<\/li>\n<li data-start=\"2954\" data-end=\"3006\">\n<p data-start=\"2956\" data-end=\"3006\">Protec\u021bia datelor \u0219i func\u021bionare complet offline<\/p>\n<\/li>\n<\/ul>\n<hr data-start=\"3008\" data-end=\"3011\" \/>\n<h3 data-start=\"3013\" data-end=\"3046\">\ud83d\udcbb <strong data-start=\"3020\" data-end=\"3044\">Creat pentru Windows<\/strong><\/h3>\n<p data-start=\"3047\" data-end=\"3397\"><strong data-start=\"3047\" data-end=\"3063\">Acrobat 2025<\/strong> este dezvoltat special pentru utilizatorii de Windows, oferind performan\u021b\u0103 ridicat\u0103 \u0219i compatibilitate complet\u0103 cu alte aplica\u021bii Office.<br data-start=\"3201\" data-end=\"3204\" \/>Pachetul de cinci licen\u021be reprezint\u0103 solu\u021bia ideal\u0103 pentru companii \u0219i institu\u021bii care lucreaz\u0103 \u00eentr-un mediu IT unificat \u0219i au nevoie de un instrument stabil pentru gestionarea documentelor.<\/p>\n<hr data-start=\"3399\" data-end=\"3402\" \/>\n<h3 data-start=\"3404\" data-end=\"3455\">\u2705 <strong data-start=\"3410\" data-end=\"3453\">De ce s\u0103 alegi pachetul 5\u00d7 Acrobat 2025<\/strong><\/h3>\n<p data-start=\"3456\" data-end=\"3858\" data-is-last-node=\"\" data-is-only-node=\"\">Setul de cinci licen\u021be <strong data-start=\"3479\" data-end=\"3495\">Acrobat 2025<\/strong> este o investi\u021bie \u00een productivitate \u0219i profesionalism.<br data-start=\"3550\" data-end=\"3553\" \/>Permite \u00eentregii echipe s\u0103 lucreze \u00eentr-un mediu identic, oferind vitez\u0103, securitate \u0219i confort.<br data-start=\"3649\" data-end=\"3652\" \/>Aceasta este o solu\u021bie modern\u0103 care \u00eembun\u0103t\u0103\u021be\u0219te fluxul de lucru cu documente \u0219i v\u0103 permite s\u0103 v\u0103 concentra\u021bi pe ceea ce conteaz\u0103 cel mai mult \u2013 o activitate eficient\u0103 \u0219i f\u0103r\u0103 erori \u00een gestionarea datelor.<\/p>\n<\/div>\n<\/div>\n<\/div>\n<\/div>\n<div class=\"z-0 flex min-h-[46px] justify-start\"><\/div>\n<div class=\"mt-3 w-full empty:hidden\">\n<div class=\"text-center\"><\/div>\n<\/div>\n<\/div>\n<\/div>\n<\/article>\n<div class=\"pointer-events-none h-px w-px\" aria-hidden=\"true\" data-edge=\"true\"><\/div>\n","protected":false},"excerpt":{"rendered":"<p data-start=\"0\" data-end=\"66\">\ud83d\udcc4 <strong data-start=\"3\" data-end=\"64\">5 licen\u021be Acrobat 2025 pentru companii, birouri \u0219i echipe<\/strong><\/p>\n<p data-start=\"68\" data-end=\"282\">\ud83e\udde9 Mediu unificat pentru lucrul cu documente PDF<br data-start=\"116\" data-end=\"119\" \/>\ud83d\udd12 Mod offline \u0219i protec\u021bie complet\u0103 a datelor<br data-start=\"165\" data-end=\"168\" \/>\u2699\ufe0f Func\u021bionare stabil\u0103 \u00een sistemul de operare Windows<br data-start=\"221\" data-end=\"224\" \/>\ud83d\ude80 Gestionare mai rapid\u0103 \u0219i mai eficient\u0103 a documentelor<\/p>","protected":false},"featured_media":1436,"comment_status":"closed","ping_status":"closed","template":"","meta":[],"product_brand":[],"product_cat":[34,35],"product_tag":[],"class_list":{"0":"post-1406","1":"product","2":"type-product","3":"status-publish","4":"has-post-thumbnail","6":"product_cat-graphical","7":"product_cat-package-deals","9":"first","10":"instock","11":"sale","12":"shipping-taxable","13":"purchasable","14":"product-type-simple"},"_links":{"self":[{"href":"https:\/\/softlite.ro\/ro\/wp-json\/wp\/v2\/product\/1406","targetHints":{"allow":["GET"]}}],"collection":[{"href":"https:\/\/softlite.ro\/ro\/wp-json\/wp\/v2\/product"}],"about":[{"href":"https:\/\/softlite.ro\/ro\/wp-json\/wp\/v2\/types\/product"}],"replies":[{"embeddable":true,"href":"https:\/\/softlite.ro\/ro\/wp-json\/wp\/v2\/comments?post=1406"}],"wp:featuredmedia":[{"embeddable":true,"href":"https:\/\/softlite.ro\/ro\/wp-json\/wp\/v2\/media\/1436"}],"wp:attachment":[{"href":"https:\/\/softlite.ro\/ro\/wp-json\/wp\/v2\/media?parent=1406"}],"wp:term":[{"taxonomy":"product_brand","embeddable":true,"href":"https:\/\/softlite.ro\/ro\/wp-json\/wp\/v2\/product_brand?post=1406"},{"taxonomy":"product_cat","embeddable":true,"href":"https:\/\/softlite.ro\/ro\/wp-json\/wp\/v2\/product_cat?post=1406"},{"taxonomy":"product_tag","embeddable":true,"href":"https:\/\/softlite.ro\/ro\/wp-json\/wp\/v2\/product_tag?post=1406"}],"curies":[{"name":"wp","href":"https:\/\/api.w.org\/{rel}","templated":true}]}}