{"id":1407,"date":"2025-11-22T17:44:01","date_gmt":"2025-11-22T17:44:01","guid":{"rendered":"https:\/\/softlite.ro\/?post_type=product&#038;p=1407"},"modified":"2025-11-22T18:20:40","modified_gmt":"2025-11-22T18:20:40","slug":"5-x-acrobat-2020-pro","status":"publish","type":"product","link":"https:\/\/softlite.ro\/ro\/produs\/5-x-acrobat-2020-pro\/","title":{"rendered":"5 x Acrobat 2020 Pro"},"content":{"rendered":"<div class=\"relative basis-auto flex-col -mb-(--composer-overlap-px) [--composer-overlap-px:28px] grow flex overflow-hidden\">\n<div class=\"relative h-full\">\n<div class=\"flex h-full flex-col overflow-y-auto thread-xl:pt-(--header-height) [scrollbar-gutter:stable_both-edges]\">\n<div class=\"flex flex-col text-sm thread-xl:pt-header-height pb-25\">\n<article class=\"text-token-text-primary w-full focus:outline-none [--shadow-height:45px] has-data-writing-block:pointer-events-none has-data-writing-block:-mt-(--shadow-height) has-data-writing-block:pt-(--shadow-height) [&amp;:has([data-writing-block])&gt;*]:pointer-events-auto [content-visibility:auto] supports-[content-visibility:auto]:[contain-intrinsic-size:auto_100lvh] scroll-mt-[calc(var(--header-height)+min(200px,max(70px,20svh)))]\" dir=\"auto\" tabindex=\"-1\" data-turn-id=\"request-WEB:82512761-c3eb-4e58-b9bc-3b480d383dce-14\" data-testid=\"conversation-turn-30\" data-scroll-anchor=\"true\" data-turn=\"assistant\">\n<div class=\"text-base my-auto mx-auto pb-10 [--thread-content-margin:--spacing(4)] thread-sm:[--thread-content-margin:--spacing(6)] thread-lg:[--thread-content-margin:--spacing(16)] px-(--thread-content-margin)\">\n<div class=\"[--thread-content-max-width:40rem] thread-lg:[--thread-content-max-width:48rem] mx-auto max-w-(--thread-content-max-width) flex-1 group\/turn-messages focus-visible:outline-hidden relative flex w-full min-w-0 flex-col agent-turn\" tabindex=\"-1\">\n<div class=\"flex max-w-full flex-col grow\">\n<div class=\"min-h-8 text-message relative flex w-full flex-col items-end gap-2 text-start break-words whitespace-normal [.text-message+&amp;]:mt-1\" dir=\"auto\" data-message-author-role=\"assistant\" data-message-id=\"0aad6591-6145-439b-9f31-860d58fc77df\" data-message-model-slug=\"gpt-5\">\n<div class=\"flex w-full flex-col gap-1 empty:hidden first:pt-[1px]\">\n<div class=\"markdown prose dark:prose-invert w-full break-words dark markdown-new-styling\">\n<p data-start=\"0\" data-end=\"468\">Pachetul <strong data-start=\"9\" data-end=\"28\">5\u00d7 Acrobat 2020<\/strong> este solu\u021bia ideal\u0103 pentru companii, birouri, institu\u021bii educa\u021bionale \u0219i echipe care lucreaz\u0103 zilnic cu documente PDF.<br data-start=\"147\" data-end=\"150\" \/>Cele cinci licen\u021be ofer\u0103 un mediu de lucru unificat pentru mai mul\u021bi utilizatori, permi\u021b\u00e2nd crearea, editarea, conversia \u0219i protejarea fi\u0219ierelor simultan, la cel mai \u00eenalt nivel de calitate.<br data-start=\"341\" data-end=\"344\" \/>\u00centreaga echip\u0103 utilizeaz\u0103 acelea\u0219i instrumente, men\u021bin\u00e2nd compatibilitatea complet\u0103 \u0219i eficien\u021ba \u00een activitatea de birou.<\/p>\n<hr data-start=\"470\" data-end=\"473\" \/>\n<h3 data-start=\"475\" data-end=\"493\"><strong data-start=\"479\" data-end=\"491\">Con\u021binut<\/strong><\/h3>\n<p data-start=\"494\" data-end=\"745\">\ud83d\udccc Control total asupra documentelor PDF<br data-start=\"534\" data-end=\"537\" \/><strong data-start=\"537\" data-end=\"585\">Func\u021bionalit\u0103\u021bi principale ale Acrobat 2020:<\/strong><br data-start=\"585\" data-end=\"588\" \/>\ud83d\udc65 Pachet pentru mai multe sta\u021bii de lucru<br data-start=\"630\" data-end=\"633\" \/><strong data-start=\"633\" data-end=\"673\">Avantajele pachetului multi-licen\u021b\u0103:<\/strong><br data-start=\"673\" data-end=\"676\" \/>\ud83d\udcbb Creat pentru Windows<br data-start=\"699\" data-end=\"702\" \/>\u2705 De ce s\u0103 alegi pachetul 5\u00d7 Acrobat 2020<\/p>\n<hr data-start=\"747\" data-end=\"750\" \/>\n<h3 data-start=\"752\" data-end=\"802\">\ud83d\udccc <strong data-start=\"759\" data-end=\"800\">Control total asupra documentelor PDF<\/strong><\/h3>\n<p data-start=\"803\" data-end=\"1284\"><strong data-start=\"803\" data-end=\"819\">Acrobat 2020<\/strong> este un program stabil \u0219i consacrat pentru lucrul cu fi\u0219iere PDF, oferind toate func\u021biile esen\u021biale pentru gestionarea profesional\u0103 a documentelor electronice.<br data-start=\"979\" data-end=\"982\" \/>Permite crearea de documente noi, editarea celor existente, combinarea mai multor fi\u0219iere \u00eentr-unul singur \u0219i conversia \u00eentre diferite formate.<br data-start=\"1125\" data-end=\"1128\" \/>Programul include, de asemenea, func\u021bii de protec\u021bie prin parol\u0103, ad\u0103ugare de semn\u0103turi digitale \u0219i preg\u0103tirea documentelor pentru imprimare sau arhivare.<\/p>\n<p data-start=\"1286\" data-end=\"1490\">Aplica\u021bia func\u021bioneaz\u0103 exclusiv <strong data-start=\"1318\" data-end=\"1329\">offline<\/strong>, f\u0103r\u0103 a necesita conexiune la internet.<br data-start=\"1369\" data-end=\"1372\" \/>Toate instrumentele sunt disponibile local pe computer, garant\u00e2nd securitate maxim\u0103 \u0219i control total asupra datelor.<\/p>\n<p data-start=\"1492\" data-end=\"1542\"><strong data-start=\"1492\" data-end=\"1540\">Func\u021bionalit\u0103\u021bi principale ale Acrobat 2020:<\/strong><\/p>\n<ul data-start=\"1543\" data-end=\"1840\">\n<li data-start=\"1543\" data-end=\"1600\">\n<p data-start=\"1545\" data-end=\"1600\">Crearea \u0219i editarea fi\u0219ierelor PDF cu text \u0219i imagini<\/p>\n<\/li>\n<li data-start=\"1601\" data-end=\"1670\">\n<p data-start=\"1603\" data-end=\"1670\">Conversia fi\u0219ierelor PDF \u00een Word, Excel \u0219i PowerPoint \u2013 \u0219i invers<\/p>\n<\/li>\n<li data-start=\"1671\" data-end=\"1728\">\n<p data-start=\"1673\" data-end=\"1728\">Combinarea, separarea \u0219i optimizarea documentelor PDF<\/p>\n<\/li>\n<li data-start=\"1729\" data-end=\"1788\">\n<p data-start=\"1731\" data-end=\"1788\">Ad\u0103ugarea semn\u0103turilor digitale \u0219i protejarea cu parol\u0103<\/p>\n<\/li>\n<li data-start=\"1789\" data-end=\"1840\">\n<p data-start=\"1791\" data-end=\"1840\">Crearea \u0219i completarea formularelor interactive<\/p>\n<\/li>\n<\/ul>\n<hr data-start=\"1842\" data-end=\"1845\" \/>\n<h3 data-start=\"1847\" data-end=\"1899\">\ud83d\udc65 <strong data-start=\"1854\" data-end=\"1897\">Pachet pentru mai multe sta\u021bii de lucru<\/strong><\/h3>\n<p data-start=\"1900\" data-end=\"2187\">Pachetul <strong data-start=\"1909\" data-end=\"1928\">5\u00d7 Acrobat 2020<\/strong> este conceput special pentru echipe care au nevoie de o solu\u021bie comun\u0103 pentru lucrul cu documente.<br data-start=\"2027\" data-end=\"2030\" \/>Cu cinci licen\u021be complete, fiecare utilizator poate lucra independent, p\u0103str\u00e2nd totodat\u0103 compatibilitatea fi\u0219ierelor \u0219i a set\u0103rilor \u00een cadrul organiza\u021biei.<\/p>\n<p data-start=\"2189\" data-end=\"2374\">Este o solu\u021bie ideal\u0103 pentru departamente administrative, financiare \u0219i de resurse umane, precum \u0219i pentru \u0219coli \u0219i institu\u021bii publice care creeaz\u0103 \u0219i proceseaz\u0103 frecvent fi\u0219iere PDF.<\/p>\n<p data-start=\"2376\" data-end=\"2418\"><strong data-start=\"2376\" data-end=\"2416\">Avantajele pachetului multi-licen\u021b\u0103:<\/strong><\/p>\n<ul data-start=\"2419\" data-end=\"2717\">\n<li data-start=\"2419\" data-end=\"2469\">\n<p data-start=\"2421\" data-end=\"2469\">Mediu de lucru unificat pentru \u00eentreaga echip\u0103<\/p>\n<\/li>\n<li data-start=\"2470\" data-end=\"2529\">\n<p data-start=\"2472\" data-end=\"2529\">Compatibilitate complet\u0103 \u00eentre fi\u0219ierele utilizatorilor<\/p>\n<\/li>\n<li data-start=\"2530\" data-end=\"2595\">\n<p data-start=\"2532\" data-end=\"2595\">Gestionare mai u\u0219oar\u0103 a documenta\u021biei \u0219i standardelor interne<\/p>\n<\/li>\n<li data-start=\"2596\" data-end=\"2656\">\n<p data-start=\"2598\" data-end=\"2656\">Eficien\u021b\u0103 crescut\u0103 \u0219i finalizare mai rapid\u0103 a sarcinilor<\/p>\n<\/li>\n<li data-start=\"2657\" data-end=\"2717\">\n<p data-start=\"2659\" data-end=\"2717\">Func\u021bionare stabil\u0103 \u0219i sigur\u0103 f\u0103r\u0103 conexiune la internet<\/p>\n<\/li>\n<\/ul>\n<hr data-start=\"2719\" data-end=\"2722\" \/>\n<h3 data-start=\"2724\" data-end=\"2757\">\ud83d\udcbb <strong data-start=\"2731\" data-end=\"2755\">Creat pentru Windows<\/strong><\/h3>\n<p data-start=\"2758\" data-end=\"3041\"><strong data-start=\"2758\" data-end=\"2774\">Acrobat 2020<\/strong> func\u021bioneaz\u0103 exclusiv \u00een mediul <strong data-start=\"2807\" data-end=\"2818\">Windows<\/strong>, oferind compatibilitate deplin\u0103 cu cele mai utilizate aplica\u021bii Office.<br data-start=\"2891\" data-end=\"2894\" \/>Este o alegere excelent\u0103 pentru companii \u0219i institu\u021bii educa\u021bionale care au nevoie de fiabilitate \u0219i integrare complet\u0103 \u00een infrastructura lor IT.<\/p>\n<hr data-start=\"3043\" data-end=\"3046\" \/>\n<h3 data-start=\"3048\" data-end=\"3099\">\u2705 <strong data-start=\"3054\" data-end=\"3097\">De ce s\u0103 alegi pachetul 5\u00d7 Acrobat 2020<\/strong><\/h3>\n<p data-start=\"3100\" data-end=\"3526\" data-is-last-node=\"\" data-is-only-node=\"\">Pachetul cu cinci licen\u021be <strong data-start=\"3126\" data-end=\"3142\">Acrobat 2020<\/strong> reprezint\u0103 o investi\u021bie \u00een profesionalism \u0219i eficien\u021b\u0103 de echip\u0103.<br data-start=\"3208\" data-end=\"3211\" \/>Faciliteaz\u0103 colaborarea, ofer\u0103 un control mai bun asupra documentelor \u0219i economise\u0219te timp \u00een activit\u0103\u021bile de birou zilnice.<br data-start=\"3335\" data-end=\"3338\" \/>Datorit\u0103 versiunii unificate \u0219i performan\u021bei stabile, echipa poate lucra mai rapid \u0219i f\u0103r\u0103 probleme \u2013 f\u0103r\u0103 griji legate de compatibilitatea fi\u0219ierelor sau de lipsa instrumentelor necesare.<\/p>\n<\/div>\n<\/div>\n<\/div>\n<\/div>\n<div class=\"z-0 flex min-h-[46px] justify-start\"><\/div>\n<div class=\"mt-3 w-full empty:hidden\">\n<div class=\"text-center\"><\/div>\n<\/div>\n<\/div>\n<\/div>\n<\/article>\n<div class=\"pointer-events-none h-px w-px\" aria-hidden=\"true\" data-edge=\"true\"><\/div>\n<div><\/div>\n<\/div>\n<\/div>\n<\/div>\n<\/div>\n<div id=\"thread-bottom-container\" class=\"group\/thread-bottom-container relative isolate z-10 w-full basis-auto has-data-has-thread-error:pt-2 has-data-has-thread-error:[box-shadow:var(--sharp-edge-bottom-shadow)] md:border-transparent md:pt-0 dark:border-white\/20 md:dark:border-transparent content-fade single-line flex flex-col\">\n<div id=\"thread-bottom\">\n<div class=\"text-base mx-auto [--thread-content-margin:--spacing(4)] thread-sm:[--thread-content-margin:--spacing(6)] thread-lg:[--thread-content-margin:--spacing(16)] px-(--thread-content-margin)\">\n<div class=\"[--thread-content-max-width:40rem] thread-lg:[--thread-content-max-width:48rem] mx-auto max-w-(--thread-content-max-width) flex-1\">\n<div class=\"flex justify-center empty:hidden\"><\/div>\n<div class=\"pointer-events-auto relative z-1 flex h-[var(--composer-container-height,100%)] max-w-full flex-[var(--composer-container-flex,1)] flex-col\"><button class=\"invisible absolute self-center\" tabindex=\"-1\" name=\"context-connector-pasted-link-popover-trigger\" type=\"button\" aria-hidden=\"true\" aria-haspopup=\"dialog\" aria-expanded=\"false\" aria-controls=\"radix-_R_jl4lh6aj5on8iqcm_\" data-state=\"closed\"><\/button><\/p>\n<div class=\"absolute start-0 end-0 bottom-full z-20\"><\/div>\n<form class=\"group\/composer w-full\" data-type=\"unified-composer\">\n<div class=\"hidden\"><input tabindex=\"-1\" multiple=\"multiple\" type=\"file\" \/><\/div>\n<div class=\"\">\n<div class=\"bg-token-bg-primary cursor-text overflow-clip bg-clip-padding p-2.5 contain-inline-size dark:bg-[#303030] grid grid-cols-[auto_1fr_auto] [grid-template-areas:'header_header_header'_'leading_primary_trailing'_'._footer_.'] group-data-expanded\/composer:[grid-template-areas:'header_header_header'_'primary_primary_primary'_'leading_footer_trailing'] shadow-short\">\n<div class=\"-my-2.5 flex min-h-14 items-center overflow-x-hidden px-1.5 [grid-area:primary] group-data-expanded\/composer:mb-0 group-data-expanded\/composer:px-2.5\">\n<div class=\"_prosemirror-parent_198md_2 text-token-text-primary max-h-[max(35svh,5rem)] max-h-52 flex-1 overflow-auto [scrollbar-width:thin] default-browser vertical-scroll-fade-mask\"><textarea class=\"_fallbackTextarea_198md_2\" name=\"prompt-textarea\" autofocus=\"\" placeholder=\"Ask anything\" data-virtualkeyboard=\"true\"><\/textarea><\/p>\n<div id=\"prompt-textarea\" class=\"ProseMirror\" contenteditable=\"true\" translate=\"no\" data-virtualkeyboard=\"true\"><\/div>\n<\/div>\n<\/div>\n<\/div>\n<\/div>\n<\/form>\n<\/div>\n<\/div>\n<\/div>\n<\/div>\n<\/div>\n","protected":false},"excerpt":{"rendered":"<p data-start=\"0\" data-end=\"57\">\ud83d\udcc4 <strong data-start=\"3\" data-end=\"55\">5 licen\u021be Acrobat 2020 pentru echipe \u0219i companii<\/strong><\/p>\n<p data-start=\"59\" data-end=\"302\" data-is-last-node=\"\" data-is-only-node=\"\">\ud83e\udde9 Editare, conversie \u0219i combinare profesional\u0103 a fi\u0219ierelor PDF<br data-start=\"123\" data-end=\"126\" \/>\ud83d\udd12 Confiden\u021bialitate total\u0103 \u0219i securitate \u00een modul offline<br data-start=\"184\" data-end=\"187\" \/>\u2699\ufe0f Func\u021bionare stabil\u0103 \u00een sistemul de operare Windows<br data-start=\"240\" data-end=\"243\" \/>\ud83d\ude80 Colaborare eficient\u0103 \u0219i gestionare optim\u0103 a documentelor<\/p>","protected":false},"featured_media":1437,"comment_status":"closed","ping_status":"closed","template":"","meta":[],"product_brand":[],"product_cat":[34,35],"product_tag":[],"class_list":{"0":"post-1407","1":"product","2":"type-product","3":"status-publish","4":"has-post-thumbnail","6":"product_cat-graphical","7":"product_cat-package-deals","9":"first","10":"instock","11":"sale","12":"shipping-taxable","13":"purchasable","14":"product-type-simple"},"_links":{"self":[{"href":"https:\/\/softlite.ro\/ro\/wp-json\/wp\/v2\/product\/1407","targetHints":{"allow":["GET"]}}],"collection":[{"href":"https:\/\/softlite.ro\/ro\/wp-json\/wp\/v2\/product"}],"about":[{"href":"https:\/\/softlite.ro\/ro\/wp-json\/wp\/v2\/types\/product"}],"replies":[{"embeddable":true,"href":"https:\/\/softlite.ro\/ro\/wp-json\/wp\/v2\/comments?post=1407"}],"wp:featuredmedia":[{"embeddable":true,"href":"https:\/\/softlite.ro\/ro\/wp-json\/wp\/v2\/media\/1437"}],"wp:attachment":[{"href":"https:\/\/softlite.ro\/ro\/wp-json\/wp\/v2\/media?parent=1407"}],"wp:term":[{"taxonomy":"product_brand","embeddable":true,"href":"https:\/\/softlite.ro\/ro\/wp-json\/wp\/v2\/product_brand?post=1407"},{"taxonomy":"product_cat","embeddable":true,"href":"https:\/\/softlite.ro\/ro\/wp-json\/wp\/v2\/product_cat?post=1407"},{"taxonomy":"product_tag","embeddable":true,"href":"https:\/\/softlite.ro\/ro\/wp-json\/wp\/v2\/product_tag?post=1407"}],"curies":[{"name":"wp","href":"https:\/\/api.w.org\/{rel}","templated":true}]}}