{"id":1510,"date":"2026-01-18T15:49:01","date_gmt":"2026-01-18T15:49:01","guid":{"rendered":"https:\/\/softlite.ro\/?post_type=product&#038;p=1510"},"modified":"2026-01-18T15:53:00","modified_gmt":"2026-01-18T15:53:00","slug":"lightroom-2026-i-windows","status":"publish","type":"product","link":"https:\/\/softlite.ro\/ro\/produs\/lightroom-2026-i-windows\/","title":{"rendered":"Lightroom 2026 I Windows"},"content":{"rendered":"<p data-start=\"29\" data-end=\"295\"><strong data-start=\"29\" data-end=\"57\">Lightroom 2026 | Windows<\/strong> este un software profesional de gestionare \u0219i editare foto, conceput special pentru fotografi \u0219i creatori de con\u021binut vizual. Este ideal pentru organizarea, ajustarea fin\u0103 \u0219i uniformizarea stilului unui volum mare de imagini RAW \u0219i JPEG.<\/p>\n<p data-start=\"297\" data-end=\"574\">Versiunea 2026 ofer\u0103 un management al culorilor \u00eembun\u0103t\u0103\u021bit, ajust\u0103ri mai precise ale luminii \u0219i umbrelor, precum \u0219i un flux de lucru mai rapid. Datorit\u0103 edit\u0103rii non-distructive, fi\u0219ierul original r\u0103m\u00e2ne \u00eentotdeauna intact, iar set\u0103rile pot fi modificate sau ref\u0103cute oric\u00e2nd.<\/p>\n<p data-start=\"576\" data-end=\"885\">Software-ul este <strong data-start=\"593\" data-end=\"649\">optimizat complet pentru sistemul de operare Windows<\/strong>, asigur\u00e2nd o func\u021bionare stabil\u0103 \u0219i fiabil\u0103 chiar \u0219i cu imagini de rezolu\u021bie mare. Cu preseturi predefinite, catalogare detaliat\u0103 \u0219i op\u021biuni avansate de export, sus\u021bine utilizarea profesional\u0103 \u2014 inclusiv <strong data-start=\"854\" data-end=\"884\">f\u0103r\u0103 conexiune la internet<\/strong>.<\/p>","protected":false},"excerpt":{"rendered":"<ul>\n<li data-start=\"908\" data-end=\"964\">\n<p data-start=\"910\" data-end=\"964\">\ud83d\udcf8 Editare foto profesional\u0103 \u0219i organizare eficient\u0103<\/p>\n<\/li>\n<li data-start=\"965\" data-end=\"1032\">\n<p data-start=\"967\" data-end=\"1032\">\ud83c\udfa8 Corec\u021bie avansat\u0103 a culorilor \u0219i control precis al tonurilor<\/p>\n<\/li>\n<li data-start=\"1033\" data-end=\"1085\">\n<p data-start=\"1035\" data-end=\"1085\">\ud83d\uddc2\ufe0f Editare non-distructiv\u0103, flux de lucru sigur<\/p>\n<\/li>\n<li data-start=\"1086\" data-end=\"1132\">\n<p data-start=\"1088\" data-end=\"1132\">\u26a1 Performan\u021b\u0103 rapid\u0103 \u0219i stabil\u0103 pe Windows<\/p>\n<\/li>\n<li data-start=\"1133\" data-end=\"1165\">\n<p data-start=\"1135\" data-end=\"1165\">\ud83d\udcf4 Poate fi utilizat offline<\/p>\n<\/li>\n<li data-start=\"1166\" data-end=\"1223\" data-is-last-node=\"\">\n<p data-start=\"1168\" data-end=\"1223\" data-is-last-node=\"\">\ud83d\udda5\ufe0f Conceput special pentru sistemul de operare Windows<\/p>\n<\/li>\n<\/ul>","protected":false},"featured_media":1511,"comment_status":"open","ping_status":"closed","template":"","meta":[],"product_brand":[],"product_cat":[34],"product_tag":[],"class_list":{"0":"post-1510","1":"product","2":"type-product","3":"status-publish","4":"has-post-thumbnail","6":"product_cat-graphical","8":"first","9":"instock","10":"virtual","11":"purchasable","12":"product-type-simple"},"_links":{"self":[{"href":"https:\/\/softlite.ro\/ro\/wp-json\/wp\/v2\/product\/1510","targetHints":{"allow":["GET"]}}],"collection":[{"href":"https:\/\/softlite.ro\/ro\/wp-json\/wp\/v2\/product"}],"about":[{"href":"https:\/\/softlite.ro\/ro\/wp-json\/wp\/v2\/types\/product"}],"replies":[{"embeddable":true,"href":"https:\/\/softlite.ro\/ro\/wp-json\/wp\/v2\/comments?post=1510"}],"wp:featuredmedia":[{"embeddable":true,"href":"https:\/\/softlite.ro\/ro\/wp-json\/wp\/v2\/media\/1511"}],"wp:attachment":[{"href":"https:\/\/softlite.ro\/ro\/wp-json\/wp\/v2\/media?parent=1510"}],"wp:term":[{"taxonomy":"product_brand","embeddable":true,"href":"https:\/\/softlite.ro\/ro\/wp-json\/wp\/v2\/product_brand?post=1510"},{"taxonomy":"product_cat","embeddable":true,"href":"https:\/\/softlite.ro\/ro\/wp-json\/wp\/v2\/product_cat?post=1510"},{"taxonomy":"product_tag","embeddable":true,"href":"https:\/\/softlite.ro\/ro\/wp-json\/wp\/v2\/product_tag?post=1510"}],"curies":[{"name":"wp","href":"https:\/\/api.w.org\/{rel}","templated":true}]}}