{"id":1512,"date":"2026-01-18T16:01:26","date_gmt":"2026-01-18T16:01:26","guid":{"rendered":"https:\/\/softlite.ro\/?post_type=product&#038;p=1512"},"modified":"2026-01-18T16:01:43","modified_gmt":"2026-01-18T16:01:43","slug":"office-2024-home-business-i-windows-mac","status":"publish","type":"product","link":"https:\/\/softlite.ro\/ro\/produs\/office-2024-home-business-i-windows-mac\/","title":{"rendered":"Office 2024 Home &#038; business I Windows &#038; Mac"},"content":{"rendered":"<p data-start=\"48\" data-end=\"407\"><strong data-start=\"48\" data-end=\"95\">Office 2024 Home &amp; Business | Windows &amp; Mac<\/strong> este un pachet software de birou fiabil, modern \u0219i versatil, conceput special pentru utilizatori casnici, freelanceri \u0219i \u00eentreprinderi mici \u0219i mijlocii. Pachetul include toate aplica\u021biile esen\u021biale necesare pentru activit\u0103\u021bile administrative zilnice, comunicarea de afaceri \u0219i crearea de documente profesionale.<\/p>\n<p data-start=\"409\" data-end=\"841\">Edi\u021bia 2024 ofer\u0103 stabilitate \u00eembun\u0103t\u0103\u021bit\u0103, performan\u021b\u0103 mai rapid\u0103 \u0219i o interfa\u021b\u0103 mai clar\u0103 \u0219i mai modern\u0103. Cu ajutorul aplica\u021biei Word pot fi create documente text bine structurate, Excel ofer\u0103 instrumente avansate pentru gestionarea datelor \u0219i calcule, PowerPoint permite realizarea de prezent\u0103ri atractive, iar Outlook asigur\u0103 gestionarea profesional\u0103 a e-mailurilor, contactelor \u0219i calendarului \u00eentr-un mediu de lucru organizat.<\/p>\n<p data-start=\"843\" data-end=\"1187\">Software-ul este <strong data-start=\"860\" data-end=\"925\">complet compatibil at\u00e2t cu sistemele Windows, c\u00e2t \u0219i cu macOS<\/strong>, fiind o alegere ideal\u0103 pentru utilizatorii care lucreaz\u0103 pe mai multe platforme. Datorit\u0103 func\u021bion\u0103rii offline, aplica\u021biile pot fi utilizate f\u0103r\u0103 conexiune la internet, ceea ce reprezint\u0103 un avantaj important \u00een deplas\u0103ri sau \u00een zone cu acces limitat la re\u021bea.<\/p>\n<p data-start=\"1189\" data-end=\"1474\">Office 2024 Home &amp; Business este disponibil prin <strong data-start=\"1238\" data-end=\"1257\">achizi\u021bie unic\u0103<\/strong>, f\u0103r\u0103 abonament, oferind o solu\u021bie rentabil\u0103 pe termen lung. Este alegerea potrivit\u0103 pentru cei care doresc un mediu de lucru stabil \u0219i durabil, f\u0103r\u0103 costuri recurente, dar cu func\u021bionalit\u0103\u021bi moderne \u0219i profesionale.<\/p>","protected":false},"excerpt":{"rendered":"<ul>\n<li data-start=\"1497\" data-end=\"1557\">\n<p data-start=\"1499\" data-end=\"1557\">\ud83d\udcdd Aplica\u021bii de birou profesionale \u00eentr-un singur pachet<\/p>\n<\/li>\n<li data-start=\"1558\" data-end=\"1601\">\n<p data-start=\"1560\" data-end=\"1601\">\ud83d\udcbc Ideal pentru uz casnic \u0219i de afaceri<\/p>\n<\/li>\n<li data-start=\"1602\" data-end=\"1643\">\n<p data-start=\"1604\" data-end=\"1643\">\ud83d\udda5\ufe0f Compatibil cu Windows \u0219i \ud83c\udf4e macOS<\/p>\n<\/li>\n<li data-start=\"1644\" data-end=\"1714\">\n<p data-start=\"1646\" data-end=\"1714\">\ud83d\udcca Creare \u0219i gestionare documente, tabele, prezent\u0103ri \u0219i e-mailuri<\/p>\n<\/li>\n<li data-start=\"1715\" data-end=\"1754\">\n<p data-start=\"1717\" data-end=\"1754\">\ud83d\udcf4 Utilizare offline, f\u0103r\u0103 internet<\/p>\n<\/li>\n<li data-start=\"1755\" data-end=\"1791\" data-is-last-node=\"\">\n<p data-start=\"1757\" data-end=\"1791\" data-is-last-node=\"\">\ud83d\udd10 Achizi\u021bie unic\u0103, f\u0103r\u0103 abonament<\/p>\n<\/li>\n<\/ul>","protected":false},"featured_media":1513,"comment_status":"open","ping_status":"closed","template":"","meta":[],"product_brand":[],"product_cat":[32],"product_tag":[],"class_list":{"0":"post-1512","1":"product","2":"type-product","3":"status-publish","4":"has-post-thumbnail","6":"product_cat-office","8":"first","9":"instock","10":"virtual","11":"purchasable","12":"product-type-simple"},"_links":{"self":[{"href":"https:\/\/softlite.ro\/ro\/wp-json\/wp\/v2\/product\/1512","targetHints":{"allow":["GET"]}}],"collection":[{"href":"https:\/\/softlite.ro\/ro\/wp-json\/wp\/v2\/product"}],"about":[{"href":"https:\/\/softlite.ro\/ro\/wp-json\/wp\/v2\/types\/product"}],"replies":[{"embeddable":true,"href":"https:\/\/softlite.ro\/ro\/wp-json\/wp\/v2\/comments?post=1512"}],"wp:featuredmedia":[{"embeddable":true,"href":"https:\/\/softlite.ro\/ro\/wp-json\/wp\/v2\/media\/1513"}],"wp:attachment":[{"href":"https:\/\/softlite.ro\/ro\/wp-json\/wp\/v2\/media?parent=1512"}],"wp:term":[{"taxonomy":"product_brand","embeddable":true,"href":"https:\/\/softlite.ro\/ro\/wp-json\/wp\/v2\/product_brand?post=1512"},{"taxonomy":"product_cat","embeddable":true,"href":"https:\/\/softlite.ro\/ro\/wp-json\/wp\/v2\/product_cat?post=1512"},{"taxonomy":"product_tag","embeddable":true,"href":"https:\/\/softlite.ro\/ro\/wp-json\/wp\/v2\/product_tag?post=1512"}],"curies":[{"name":"wp","href":"https:\/\/api.w.org\/{rel}","templated":true}]}}