{"id":1533,"date":"2026-01-31T17:54:30","date_gmt":"2026-01-31T17:54:30","guid":{"rendered":"https:\/\/softlite.ro\/?post_type=product&#038;p=1533"},"modified":"2026-01-31T17:54:34","modified_gmt":"2026-01-31T17:54:34","slug":"illustrator-2025-indesign-2025-i-windows","status":"publish","type":"product","link":"https:\/\/softlite.ro\/ro\/produs\/illustrator-2025-indesign-2025-i-windows\/","title":{"rendered":"Illustrator 2025 &#038; InDesign 2025 I Windows"},"content":{"rendered":"<p data-start=\"1448\" data-end=\"1847\">Pachetul <strong data-start=\"1457\" data-end=\"1503\">Illustrator 2025 &amp; InDesign 2025 | Windows<\/strong> este solu\u021bia ideal\u0103 pentru designeri grafici, edituri, speciali\u0219ti \u00een marketing \u0219i echipe creative care au nevoie de instrumente complete pentru design vectorial \u0219i editare profesional\u0103 de publica\u021bii. Cele dou\u0103 aplica\u021bii acoper\u0103 \u00eentregul flux de lucru, de la crearea materialelor vizuale p\u00e2n\u0103 la realizarea publica\u021biilor tip\u0103rite sau digitale.<\/p>\n<p data-start=\"1849\" data-end=\"2125\"><strong data-start=\"1849\" data-end=\"1869\">Illustrator 2025<\/strong> ofer\u0103 un set modern de instrumente pentru grafic\u0103 vectorial\u0103, fiind ideal pentru realizarea de logo-uri, ilustra\u021bii, pictograme \u0219i elemente de identitate vizual\u0103. Grafica precis\u0103 \u0219i scalabil\u0103 este potrivit\u0103 at\u00e2t pentru mediul digital, c\u00e2t \u0219i pentru tipar.<\/p>\n<p data-start=\"2127\" data-end=\"2378\"><strong data-start=\"2127\" data-end=\"2144\">InDesign 2025<\/strong> este un software profesional de editare de publica\u021bii, utilizat pentru realizarea de reviste, c\u0103r\u021bi, cataloage, bro\u0219uri \u0219i documente multipagin\u0103. Instrumentele avansate de tipografie \u0219i machetare asigur\u0103 un aspect final profesionist.<\/p>\n<p data-start=\"2380\" data-end=\"2596\">Ambele aplica\u021bii func\u021bioneaz\u0103 pe <strong data-start=\"2413\" data-end=\"2444\">sistemul de operare Windows<\/strong> \u0219i sunt versiuni <strong data-start=\"2462\" data-end=\"2473\">offline<\/strong>, f\u0103r\u0103 func\u021bii bazate pe cloud sau AI. Acest lucru garanteaz\u0103 un mediu de lucru stabil \u0219i control total asupra proiectelor.<\/p>","protected":false},"excerpt":{"rendered":"<p>\u270f\ufe0f Design grafic vectorial avansat (Illustrator 2025)<br data-start=\"2693\" data-end=\"2696\" \/>\ud83d\udcda Editare profesional\u0103 de publica\u021bii (InDesign 2025)<br data-start=\"2749\" data-end=\"2752\" \/>\ud83d\udcbb Compatibil exclusiv cu Windows<br data-start=\"2785\" data-end=\"2788\" \/>\ud83d\udd12 Func\u021bionare offline, f\u0103r\u0103 cloud sau AI<br data-start=\"2829\" data-end=\"2832\" \/>\ud83c\udfa8 De la logo-uri la reviste \u0219i cataloage<br data-start=\"2873\" data-end=\"2876\" \/>\ud83d\ude80 Flux de lucru rapid \u0219i eficient<\/p>","protected":false},"featured_media":1556,"comment_status":"closed","ping_status":"closed","template":"","meta":[],"product_brand":[],"product_cat":[54,32,52],"product_tag":[],"class_list":{"0":"post-1533","1":"product","2":"type-product","3":"status-publish","4":"has-post-thumbnail","6":"product_cat-oferte-de-pachete","7":"product_cat-office","8":"product_cat-software-de-grafica","10":"first","11":"instock","12":"virtual","13":"purchasable","14":"product-type-simple"},"_links":{"self":[{"href":"https:\/\/softlite.ro\/ro\/wp-json\/wp\/v2\/product\/1533","targetHints":{"allow":["GET"]}}],"collection":[{"href":"https:\/\/softlite.ro\/ro\/wp-json\/wp\/v2\/product"}],"about":[{"href":"https:\/\/softlite.ro\/ro\/wp-json\/wp\/v2\/types\/product"}],"replies":[{"embeddable":true,"href":"https:\/\/softlite.ro\/ro\/wp-json\/wp\/v2\/comments?post=1533"}],"wp:featuredmedia":[{"embeddable":true,"href":"https:\/\/softlite.ro\/ro\/wp-json\/wp\/v2\/media\/1556"}],"wp:attachment":[{"href":"https:\/\/softlite.ro\/ro\/wp-json\/wp\/v2\/media?parent=1533"}],"wp:term":[{"taxonomy":"product_brand","embeddable":true,"href":"https:\/\/softlite.ro\/ro\/wp-json\/wp\/v2\/product_brand?post=1533"},{"taxonomy":"product_cat","embeddable":true,"href":"https:\/\/softlite.ro\/ro\/wp-json\/wp\/v2\/product_cat?post=1533"},{"taxonomy":"product_tag","embeddable":true,"href":"https:\/\/softlite.ro\/ro\/wp-json\/wp\/v2\/product_tag?post=1533"}],"curies":[{"name":"wp","href":"https:\/\/api.w.org\/{rel}","templated":true}]}}