{"id":1537,"date":"2026-01-31T17:54:30","date_gmt":"2026-01-31T17:54:30","guid":{"rendered":"https:\/\/softlite.ro\/?post_type=product&#038;p=1537"},"modified":"2026-01-31T17:54:36","modified_gmt":"2026-01-31T17:54:36","slug":"illustrator-2026-office-2024-pro-plus","status":"publish","type":"product","link":"https:\/\/softlite.ro\/ro\/produs\/illustrator-2026-office-2024-pro-plus\/","title":{"rendered":"Illustrator 2026 + Office 2024 Pro Plus"},"content":{"rendered":"<div class=\"flex flex-col text-sm\">\n<article class=\"text-token-text-primary w-full focus:outline-none [--shadow-height:45px] has-data-writing-block:pointer-events-none has-data-writing-block:-mt-(--shadow-height) has-data-writing-block:pt-(--shadow-height) [&amp;:has([data-writing-block])&gt;*]:pointer-events-auto scroll-mt-[calc(var(--header-height)+min(200px,max(70px,20svh)))]\" dir=\"auto\" tabindex=\"-1\" data-turn-id=\"request-WEB:e8c0a112-86aa-471a-ae0c-38dcca355508-5\" data-testid=\"conversation-turn-12\" data-scroll-anchor=\"true\" data-turn=\"assistant\">\n<div class=\"text-base my-auto mx-auto pb-10 [--thread-content-margin:--spacing(4)] @w-sm\/main:[--thread-content-margin:--spacing(6)] @w-lg\/main:[--thread-content-margin:--spacing(16)] px-(--thread-content-margin)\">\n<div class=\"[--thread-content-max-width:40rem] @w-lg\/main:[--thread-content-max-width:48rem] mx-auto max-w-(--thread-content-max-width) flex-1 group\/turn-messages focus-visible:outline-hidden relative flex w-full min-w-0 flex-col agent-turn\" tabindex=\"-1\">\n<div class=\"flex max-w-full flex-col grow\">\n<div class=\"min-h-8 text-message relative flex w-full flex-col items-end gap-2 text-start break-words whitespace-normal [.text-message+&amp;]:mt-1\" dir=\"auto\" data-message-author-role=\"assistant\" data-message-id=\"d7c6fa69-425f-4d3e-8cd6-3eb7f3ffa355\" data-message-model-slug=\"gpt-5-2\">\n<div class=\"flex w-full flex-col gap-1 empty:hidden first:pt-[1px]\">\n<div class=\"markdown prose dark:prose-invert w-full wrap-break-word light markdown-new-styling\">\n<p data-start=\"275\" data-end=\"707\">Illustrator 2026 \u0219i Office 2024 Pro Plus formeaz\u0103 un mediu de lucru eficient \u0219i flexibil, care r\u0103spunde simultan nevoilor de design creativ \u0219i sarcinilor zilnice de birou. Acest pachet este ideal pentru profesioni\u0219ti, afaceri \u0219i studen\u021bi care desf\u0103\u0219oar\u0103 at\u00e2t activit\u0103\u021bi de creare de con\u021binut vizual, c\u00e2t \u0219i gestionare structurat\u0103 a documentelor, \u0219i care doresc s\u0103 \u00eembine procesele creative \u0219i administrative \u00eentr-un singur sistem.<\/p>\n<p data-start=\"709\" data-end=\"1059\">Deoarece Illustrator 2026 poate fi utilizat exclusiv pe sistemul de operare Windows, este important ca pachetul s\u0103 fie folosit \u00eentr-un mediu bazat pe Windows. \u00cen plus, software-ul este o versiune offline, ceea ce \u00eenseamn\u0103 c\u0103 nu include func\u021bii care depind de conexiunea la internet \u2013 acest lucru permite un mod de lucru stabil, sigur \u0219i previzibil.<\/p>\n<p data-start=\"1061\" data-end=\"1413\"><strong data-start=\"1061\" data-end=\"1124\">Illustrator 2026 \u2013 design profesional de grafic\u0103 vectorial\u0103<\/strong><br data-start=\"1124\" data-end=\"1127\" \/>Illustrator 2026 este unul dintre instrumentele definitorii ale industriei creative moderne, specializat \u00een crearea graficii vectoriale. Este ideal pentru design de logo-uri, ilustra\u021bii, pictograme, infografice \u0219i orice element grafic care trebuie s\u0103 fie scalabil \u0219i bogat \u00een detalii.<\/p>\n<p data-start=\"1415\" data-end=\"1738\">Controlul complet asupra formelor, curbelor, contururilor \u0219i culorilor permite o munc\u0103 precis\u0103 \u0219i profesionist\u0103. Software-ul este extrem de flexibil \u0219i poate fi utilizat \u00een identitate vizual\u0103, realizarea materialelor de marketing \u0219i \u00een orice proiect vizual \u00een care este important\u0103 implementarea exact\u0103 a ideilor creative.<\/p>\n<p data-start=\"1740\" data-end=\"2120\"><strong data-start=\"1740\" data-end=\"1820\">Office 2024 Pro Plus \u2013 productivitate modern\u0103 la birou \u00eentr-un singur pachet<\/strong><br data-start=\"1820\" data-end=\"1823\" \/>Office 2024 Pro Plus ofer\u0103 un set complet de aplica\u021bii de birou care sus\u021bin sarcinile zilnice de creare a documentelor, gestionare a datelor, realizare de prezent\u0103ri \u0219i activit\u0103\u021bi administrative. Pachetul include instrumentele esen\u021biale de care are nevoie o afacere sau un utilizator individual:<\/p>\n<ul data-start=\"2122\" data-end=\"2283\">\n<li data-start=\"2122\" data-end=\"2157\">\n<p data-start=\"2124\" data-end=\"2157\">procesare profesional\u0103 de text,<\/p>\n<\/li>\n<li data-start=\"2158\" data-end=\"2201\">\n<p data-start=\"2160\" data-end=\"2201\">gestionare avansat\u0103 a foilor de calcul,<\/p>\n<\/li>\n<li data-start=\"2202\" data-end=\"2237\">\n<p data-start=\"2204\" data-end=\"2237\">creare de prezent\u0103ri atractive,<\/p>\n<\/li>\n<li data-start=\"2238\" data-end=\"2283\">\n<p data-start=\"2240\" data-end=\"2283\">gestionare structurat\u0103 a bazelor de date.<\/p>\n<\/li>\n<\/ul>\n<p data-start=\"2285\" data-end=\"2535\">Aplica\u021biile sunt rapide, stabile \u0219i u\u0219or de utilizat, fiind potrivite at\u00e2t pentru mediul de afaceri, c\u00e2t \u0219i pentru cel educa\u021bional sau individual. Documentele pot fi organizate, editate \u0219i partajate cu u\u0219urin\u021b\u0103, asigur\u00e2nd un flux de lucru eficient.<\/p>\n<p data-start=\"2537\" data-end=\"2967\"><strong data-start=\"2537\" data-end=\"2606\">Cele dou\u0103 programe \u00eempreun\u0103: creativitate \u0219i eficien\u021b\u0103 armonizate<\/strong><br data-start=\"2606\" data-end=\"2609\" \/>Combina\u021bia dintre Illustrator 2026 \u0219i Office 2024 Pro Plus permite ca procesele creative \u0219i sarcinile administrative s\u0103 se desf\u0103\u0219oare \u00eentr-un singur sistem unitar, sus\u021bin\u00e2ndu-se reciproc. Dup\u0103 realizarea materialelor vizuale \u2013 cum ar fi logo-uri, elemente grafice sau ilustra\u021bii \u2013 acestea pot fi integrate cu u\u0219urin\u021b\u0103 \u00een documente, prezent\u0103ri sau rapoarte.<\/p>\n<p data-start=\"2969\" data-end=\"3018\">Acest pachet este recomandat \u00een special pentru:<\/p>\n<ul data-start=\"3020\" data-end=\"3306\">\n<li data-start=\"3020\" data-end=\"3091\">\n<p data-start=\"3022\" data-end=\"3091\">afaceri care \u00ee\u0219i creeaz\u0103 intern identitatea vizual\u0103 \u0219i documentele,<\/p>\n<\/li>\n<li data-start=\"3092\" data-end=\"3145\">\n<p data-start=\"3094\" data-end=\"3145\">speciali\u0219ti \u00een marketing \u0219i creatori de con\u021binut,<\/p>\n<\/li>\n<li data-start=\"3146\" data-end=\"3218\">\n<p data-start=\"3148\" data-end=\"3218\">designeri grafici care lucreaz\u0103 frecvent cu prezent\u0103ri sau rapoarte,<\/p>\n<\/li>\n<li data-start=\"3219\" data-end=\"3306\">\n<p data-start=\"3221\" data-end=\"3306\">institu\u021bii educa\u021bionale \u0219i studen\u021bi care realizeaz\u0103 proiecte creative \u0219i documente.<\/p>\n<\/li>\n<\/ul>\n<p data-start=\"3308\" data-end=\"3432\">Cele dou\u0103 programe \u00eempreun\u0103 ofer\u0103 flexibilitate, eficien\u021b\u0103 \u0219i rezultate profesionale \u2013 toate \u00eentr-un mediu Windows stabil.<\/p>\n<p data-start=\"3434\" data-end=\"3554\"><strong data-start=\"3434\" data-end=\"3470\">Principalele avantaje, pe scurt:<\/strong><br data-start=\"3470\" data-end=\"3473\" \/>Design profesional de grafic\u0103 vectorial\u0103 \u0219i pachet modern de aplica\u021bii de birou<\/p>\n<p data-start=\"3556\" data-end=\"3594\">Mediu creativ cu func\u021bionare offline<\/p>\n<p data-start=\"3596\" data-end=\"3666\">Instrument grafic utilizabil exclusiv pe sistemul de operare Windows<\/p>\n<p data-start=\"3668\" data-end=\"3736\">Mod de lucru flexibil \u0219i eficient \u00een medii corporative \u0219i creative<\/p>\n<p data-start=\"3738\" data-end=\"3807\" data-is-last-node=\"\" data-is-only-node=\"\">Ideal pentru sarcini de identitate vizual\u0103, marketing \u0219i administrare<\/p>\n<\/div>\n<\/div>\n<\/div>\n<\/div>\n<div class=\"z-0 flex min-h-[46px] justify-start\"><\/div>\n<\/div>\n<\/div>\n<\/article>\n<\/div>\n<div class=\"pointer-events-none h-px w-px absolute bottom-0\" aria-hidden=\"true\" data-edge=\"true\"><\/div>\n","protected":false},"excerpt":{"rendered":"<article class=\"text-token-text-primary w-full focus:outline-none [--shadow-height:45px] has-data-writing-block:pointer-events-none has-data-writing-block:-mt-(--shadow-height) has-data-writing-block:pt-(--shadow-height) [&amp;:has([data-writing-block])&gt;*]:pointer-events-auto scroll-mt-(--header-height)\" dir=\"auto\" tabindex=\"-1\" data-turn-id=\"b08c1ea8-c68d-4b56-a708-26a02c0fa1bd\" data-testid=\"conversation-turn-11\" data-scroll-anchor=\"false\" data-turn=\"user\">\n<div class=\"text-base my-auto mx-auto pt-12 [--thread-content-margin:--spacing(4)] @w-sm\/main:[--thread-content-margin:--spacing(6)] @w-lg\/main:[--thread-content-margin:--spacing(16)] px-(--thread-content-margin)\">\n<div class=\"[--thread-content-max-width:40rem] @w-lg\/main:[--thread-content-max-width:48rem] mx-auto max-w-(--thread-content-max-width) flex-1 group\/turn-messages focus-visible:outline-hidden relative flex w-full min-w-0 flex-col\" tabindex=\"-1\">\n<div class=\"flex max-w-full flex-col grow\">\n<div class=\"min-h-8 text-message relative flex w-full flex-col items-end gap-2 text-start break-words whitespace-normal [.text-message+&amp;]:mt-1\" dir=\"auto\" data-message-author-role=\"user\" data-message-id=\"b08c1ea8-c68d-4b56-a708-26a02c0fa1bd\">\n<div class=\"flex w-full flex-col gap-1 empty:hidden items-end rtl:items-start\">\n<div class=\"user-message-bubble-color corner-superellipse\/1.1 relative rounded-[18px] px-4 py-1.5 data-[multiline]:py-3 max-w-[var(--user-chat-width,70%)]\" data-multiline=\"\">\n<div class=\"whitespace-pre-wrap\">translate this to romanian as well<\/div>\n<\/div>\n<\/div>\n<\/div>\n<\/div>\n<div class=\"z-0 flex justify-end\"><\/div>\n<\/div>\n<\/div>\n<\/article>\n<article class=\"text-token-text-primary w-full focus:outline-none [--shadow-height:45px] has-data-writing-block:pointer-events-none has-data-writing-block:-mt-(--shadow-height) has-data-writing-block:pt-(--shadow-height) [&amp;:has([data-writing-block])&gt;*]:pointer-events-auto scroll-mt-[calc(var(--header-height)+min(200px,max(70px,20svh)))]\" dir=\"auto\" tabindex=\"-1\" data-turn-id=\"request-WEB:e8c0a112-86aa-471a-ae0c-38dcca355508-5\" data-testid=\"conversation-turn-12\" data-scroll-anchor=\"true\" data-turn=\"assistant\">\n<div class=\"text-base my-auto mx-auto pb-10 [--thread-content-margin:--spacing(4)] @w-sm\/main:[--thread-content-margin:--spacing(6)] @w-lg\/main:[--thread-content-margin:--spacing(16)] px-(--thread-content-margin)\">\n<div class=\"[--thread-content-max-width:40rem] @w-lg\/main:[--thread-content-max-width:48rem] mx-auto max-w-(--thread-content-max-width) flex-1 group\/turn-messages focus-visible:outline-hidden relative flex w-full min-w-0 flex-col agent-turn\" tabindex=\"-1\">\n<div class=\"flex max-w-full flex-col grow\">\n<div class=\"min-h-8 text-message relative flex w-full flex-col items-end gap-2 text-start break-words whitespace-normal [.text-message+&amp;]:mt-1\" dir=\"auto\" data-message-author-role=\"assistant\" data-message-id=\"d7c6fa69-425f-4d3e-8cd6-3eb7f3ffa355\" data-message-model-slug=\"gpt-5-2\">\n<div class=\"flex w-full flex-col gap-1 empty:hidden first:pt-[1px]\">\n<div class=\"streaming-animation markdown prose dark:prose-invert w-full wrap-break-word light markdown-new-styling\">\n<p data-start=\"0\" data-end=\"51\">\u270f\ufe0f Grafic\u0103 vectorial\u0103 precis\u0103 cu Illustrator 2026<\/p>\n<p data-start=\"53\" data-end=\"121\">\ud83d\udcc4 Set profesional de instrumente de birou cu Office 2024 Pro Plus<\/p>\n<p data-start=\"123\" data-end=\"158\">\ud83d\udcbb Mediu creativ de lucru offline<\/p>\n<p data-start=\"160\" data-end=\"205\">\ud83d\udda5\ufe0f Necesit\u0103 func\u021bionare pe baz\u0103 de Windows<\/p>\n<p data-start=\"207\" data-end=\"273\">\ud83d\udd17 Combina\u021bia perfect\u0103 pentru sarcini creative \u0219i administrative<\/p>\n<\/div>\n<\/div>\n<\/div>\n<\/div>\n<\/div>\n<\/div>\n<\/article>\n","protected":false},"featured_media":1560,"comment_status":"closed","ping_status":"closed","template":"","meta":[],"product_brand":[],"product_cat":[54,32,52],"product_tag":[],"class_list":{"0":"post-1537","1":"product","2":"type-product","3":"status-publish","4":"has-post-thumbnail","6":"product_cat-oferte-de-pachete","7":"product_cat-office","8":"product_cat-software-de-grafica","10":"first","11":"instock","12":"shipping-taxable","13":"purchasable","14":"product-type-simple"},"_links":{"self":[{"href":"https:\/\/softlite.ro\/ro\/wp-json\/wp\/v2\/product\/1537","targetHints":{"allow":["GET"]}}],"collection":[{"href":"https:\/\/softlite.ro\/ro\/wp-json\/wp\/v2\/product"}],"about":[{"href":"https:\/\/softlite.ro\/ro\/wp-json\/wp\/v2\/types\/product"}],"replies":[{"embeddable":true,"href":"https:\/\/softlite.ro\/ro\/wp-json\/wp\/v2\/comments?post=1537"}],"wp:featuredmedia":[{"embeddable":true,"href":"https:\/\/softlite.ro\/ro\/wp-json\/wp\/v2\/media\/1560"}],"wp:attachment":[{"href":"https:\/\/softlite.ro\/ro\/wp-json\/wp\/v2\/media?parent=1537"}],"wp:term":[{"taxonomy":"product_brand","embeddable":true,"href":"https:\/\/softlite.ro\/ro\/wp-json\/wp\/v2\/product_brand?post=1537"},{"taxonomy":"product_cat","embeddable":true,"href":"https:\/\/softlite.ro\/ro\/wp-json\/wp\/v2\/product_cat?post=1537"},{"taxonomy":"product_tag","embeddable":true,"href":"https:\/\/softlite.ro\/ro\/wp-json\/wp\/v2\/product_tag?post=1537"}],"curies":[{"name":"wp","href":"https:\/\/api.w.org\/{rel}","templated":true}]}}