{"id":1539,"date":"2026-01-31T17:54:31","date_gmt":"2026-01-31T17:54:31","guid":{"rendered":"https:\/\/softlite.ro\/?post_type=product&#038;p=1539"},"modified":"2026-01-31T17:54:36","modified_gmt":"2026-01-31T17:54:36","slug":"photoshop-2026-office-2024-pro-plus","status":"publish","type":"product","link":"https:\/\/softlite.ro\/ro\/produs\/photoshop-2026-office-2024-pro-plus\/","title":{"rendered":"Photoshop 2026 + Office 2024 Pro Plus"},"content":{"rendered":"<div class=\"flex flex-col text-sm pb-25\">\n<article class=\"text-token-text-primary w-full focus:outline-none [--shadow-height:45px] has-data-writing-block:pointer-events-none has-data-writing-block:-mt-(--shadow-height) has-data-writing-block:pt-(--shadow-height) [&amp;:has([data-writing-block])&gt;*]:pointer-events-auto scroll-mt-[calc(var(--header-height)+min(200px,max(70px,20svh)))]\" dir=\"auto\" tabindex=\"-1\" data-turn-id=\"request-WEB:e8c0a112-86aa-471a-ae0c-38dcca355508-7\" data-testid=\"conversation-turn-16\" data-scroll-anchor=\"true\" data-turn=\"assistant\">\n<div class=\"text-base my-auto mx-auto pb-10 [--thread-content-margin:--spacing(4)] @w-sm\/main:[--thread-content-margin:--spacing(6)] @w-lg\/main:[--thread-content-margin:--spacing(16)] px-(--thread-content-margin)\">\n<div class=\"[--thread-content-max-width:40rem] @w-lg\/main:[--thread-content-max-width:48rem] mx-auto max-w-(--thread-content-max-width) flex-1 group\/turn-messages focus-visible:outline-hidden relative flex w-full min-w-0 flex-col agent-turn\" tabindex=\"-1\">\n<div class=\"flex max-w-full flex-col grow\">\n<div class=\"min-h-8 text-message relative flex w-full flex-col items-end gap-2 text-start break-words whitespace-normal [.text-message+&amp;]:mt-1\" dir=\"auto\" data-message-author-role=\"assistant\" data-message-id=\"c0e9d9f7-eb8f-411a-b7c9-22b2c9054059\" data-message-model-slug=\"gpt-5-2\">\n<div class=\"flex w-full flex-col gap-1 empty:hidden first:pt-[1px]\">\n<div class=\"markdown prose dark:prose-invert w-full wrap-break-word light markdown-new-styling\">\n<p data-start=\"293\" data-end=\"702\">Combina\u021bia dintre Photoshop 2026 \u0219i Office 2024 Pro Plus formeaz\u0103 un pachet care sus\u021bine simultan crearea profesional\u0103 de con\u021binut vizual \u0219i munca eficient\u0103 de birou. Este o alegere ideal\u0103 pentru cei care lucreaz\u0103 at\u00e2t la proiecte creative, c\u00e2t \u0219i la sarcini de gestionare a documentelor, fie c\u0103 este vorba despre afaceri, echipe de marketing, institu\u021bii educa\u021bionale sau utilizare individual\u0103 la domiciliu.<\/p>\n<p data-start=\"704\" data-end=\"1167\">Photoshop 2026 ruleaz\u0103 exclusiv pe sistemul de operare Windows, \u00een timp ce Office 2024 Pro Plus poate fi disponibil \u0219i pe alte platforme; totu\u0219i, \u00een acest pachet, datorit\u0103 Photoshop-ului, este important de men\u021bionat c\u0103 activitatea creativ\u0103 necesit\u0103 un mediu Windows. De asemenea, Photoshop 2026 este o versiune offline, ceea ce \u00eenseamn\u0103 c\u0103 nu include func\u021bii care depind de conexiunea la internet; toate opera\u021biunile de editare a imaginilor se desf\u0103\u0219oar\u0103 local.<\/p>\n<p data-start=\"1169\" data-end=\"1653\"><strong data-start=\"1169\" data-end=\"1234\">Photoshop 2026 \u2013 instrumente creative profesionale de editare<\/strong><br data-start=\"1234\" data-end=\"1237\" \/>Photoshop 2026 este una dintre cele mai avansate solu\u021bii pentru grafic\u0103 \u0219i editare de imagini. Dispune de gestionare precis\u0103 a straturilor, instrumente versatile de retu\u0219are, op\u021biuni avansate de corec\u021bie a culorilor \u0219i func\u021bii creative de compozi\u021bie. Programul este excelent pentru retu\u0219 foto, realizarea materialelor de marketing, crearea de vizualuri pentru re\u021belele sociale \u0219i dezvoltarea proiectelor artistice.<\/p>\n<p data-start=\"1655\" data-end=\"1923\">Func\u021bionarea offline a software-ului asigur\u0103 un flux de lucru stabil, ceea ce este deosebit de avantajos pentru utilizatorii care lucreaz\u0103 cu fi\u0219iere sensibile sau de mari dimensiuni \u0219i care au nevoie de un mediu de editare mereu disponibil, independent de internet.<\/p>\n<p data-start=\"1925\" data-end=\"2484\"><strong data-start=\"1925\" data-end=\"2008\">Office 2024 Pro Plus \u2013 set complet de instrumente pentru munca modern\u0103 de birou<\/strong><br data-start=\"2008\" data-end=\"2011\" \/>Office 2024 Pro Plus este un pachet de birou cuprinz\u0103tor, care include toate aplica\u021biile necesare pentru administrare zilnic\u0103, gestionarea datelor \u0219i comunicare. Pachetul con\u021bine instrumente clasice precum aplica\u021bii pentru procesare de text, foi de calcul, realizarea prezent\u0103rilor \u0219i gestionarea bazelor de date. Acestea sunt aplica\u021bii rapide \u0219i stabile, adaptate cerin\u021belor moderne de business, care sus\u021bin o gestionare clar\u0103 a documentelor \u0219i un mod de lucru eficient.<\/p>\n<p data-start=\"2486\" data-end=\"2661\">Utilizatorii pot crea cu u\u0219urin\u021b\u0103 documente profesionale, rapoarte, prezent\u0103ri \u0219i baze de date care duc comunicarea corporativ\u0103 \u0219i procesele de afaceri la un nivel superior.<\/p>\n<p data-start=\"2663\" data-end=\"2987\"><strong data-start=\"2663\" data-end=\"2748\">Cele dou\u0103 programe \u00eempreun\u0103: conectarea fluent\u0103 a sarcinilor creative \u0219i de birou<\/strong><br data-start=\"2748\" data-end=\"2751\" \/>Capabilit\u0103\u021bile de editare ale Photoshop 2026, \u00eempreun\u0103 cu instrumentele de birou din Office 2024 Pro Plus, formeaz\u0103 un pachet care permite preg\u0103tirea profesional\u0103 a con\u021binutului vizual \u0219i gestionarea eficient\u0103 a documentelor asociate.<\/p>\n<p data-start=\"2989\" data-end=\"3025\">Este deosebit de avantajos pentru:<\/p>\n<ul data-start=\"3027\" data-end=\"3413\">\n<li data-start=\"3027\" data-end=\"3134\">\n<p data-start=\"3029\" data-end=\"3134\">speciali\u0219ti \u00een marketing \u0219i creatori de con\u021binut care realizeaz\u0103 materiale vizuale \u0219i textuale unitare,<\/p>\n<\/li>\n<li data-start=\"3135\" data-end=\"3220\">\n<p data-start=\"3137\" data-end=\"3220\">afaceri care doresc s\u0103 \u00ee\u0219i gestioneze intern sarcinile grafice \u0219i administrative,<\/p>\n<\/li>\n<li data-start=\"3221\" data-end=\"3312\">\n<p data-start=\"3223\" data-end=\"3312\">institu\u021bii educa\u021bionale \u0219i studen\u021bi care lucreaz\u0103 la proiecte creative \u0219i documenta\u021bie,<\/p>\n<\/li>\n<li data-start=\"3313\" data-end=\"3413\">\n<p data-start=\"3315\" data-end=\"3413\">utilizatori corporate care vor s\u0103 \u00eembine productivitatea \u0219i creativitatea \u00eentr-un singur sistem.<\/p>\n<\/li>\n<\/ul>\n<p data-start=\"3415\" data-end=\"3534\">Pachetul ofer\u0103 eficien\u021b\u0103, rezultate profesionale \u0219i libertate creativ\u0103 \u2013 toate \u00eentr-un mediu de lucru Windows unitar.<\/p>\n<p data-start=\"3536\" data-end=\"3636\"><strong data-start=\"3536\" data-end=\"3572\">Principalele avantaje, pe scurt:<\/strong><br data-start=\"3572\" data-end=\"3575\" \/>Solu\u021bie complet\u0103 creativ\u0103 \u0219i de birou \u00eentr-un singur pachet<\/p>\n<p data-start=\"3638\" data-end=\"3705\">Versiune offline a Photoshop, f\u0103r\u0103 func\u021bii dependente de internet<\/p>\n<p data-start=\"3707\" data-end=\"3771\">Editare profesional\u0103 de imagini \u0219i creare modern\u0103 de documente<\/p>\n<p data-start=\"3773\" data-end=\"3842\">Instrument creativ (Photoshop) utilizabil exclusiv \u00een mediu Windows<\/p>\n<p data-start=\"3844\" data-end=\"3914\" data-is-last-node=\"\" data-is-only-node=\"\">Ideal pentru afaceri, speciali\u0219ti \u00een marketing \u0219i creatori de con\u021binut<\/p>\n<\/div>\n<\/div>\n<\/div>\n<\/div>\n<div class=\"z-0 flex min-h-[46px] justify-start\"><\/div>\n<\/div>\n<\/div>\n<\/article>\n<\/div>\n<div class=\"pointer-events-none h-px w-px absolute bottom-0\" aria-hidden=\"true\" data-edge=\"true\"><\/div>\n","protected":false},"excerpt":{"rendered":"<div class=\"text-base my-auto mx-auto pb-10 [--thread-content-margin:--spacing(4)] @w-sm\/main:[--thread-content-margin:--spacing(6)] @w-lg\/main:[--thread-content-margin:--spacing(16)] px-(--thread-content-margin)\">\n<div class=\"[--thread-content-max-width:40rem] @w-lg\/main:[--thread-content-max-width:48rem] mx-auto max-w-(--thread-content-max-width) flex-1 group\/turn-messages focus-visible:outline-hidden relative flex w-full min-w-0 flex-col agent-turn\" tabindex=\"-1\">\n<div class=\"flex max-w-full flex-col grow\">\n<div class=\"min-h-8 text-message relative flex w-full flex-col items-end gap-2 text-start break-words whitespace-normal [.text-message+&amp;]:mt-1\" dir=\"auto\" data-message-author-role=\"assistant\" data-message-id=\"c0e9d9f7-eb8f-411a-b7c9-22b2c9054059\" data-message-model-slug=\"gpt-5-2\">\n<div class=\"flex w-full flex-col gap-1 empty:hidden first:pt-[1px]\">\n<div class=\"markdown prose dark:prose-invert w-full wrap-break-word light markdown-new-styling\">\n<p data-start=\"0\" data-end=\"54\">\ud83c\udfa8 Editare profesional\u0103 de imagini cu Photoshop 2026<\/p>\n<p data-start=\"56\" data-end=\"123\">\ud83d\udcc4 Creare eficient\u0103 de documente cu ajutorul Office 2024 Pro Plus<\/p>\n<p data-start=\"125\" data-end=\"176\">\ud83d\udcbb Editare imagini offline, mediu de lucru stabil<\/p>\n<p data-start=\"178\" data-end=\"222\">\ud83d\udda5\ufe0f Este necesar un mediu bazat pe Windows<\/p>\n<p data-start=\"224\" data-end=\"291\">\ud83d\udd17 Ideal pentru armonizarea sarcinilor creative \u0219i administrative<\/p>\n<\/div>\n<\/div>\n<\/div>\n<\/div>\n<\/div>\n<\/div>\n","protected":false},"featured_media":1562,"comment_status":"closed","ping_status":"closed","template":"","meta":[],"product_brand":[],"product_cat":[54,32,52],"product_tag":[],"class_list":{"0":"post-1539","1":"product","2":"type-product","3":"status-publish","4":"has-post-thumbnail","6":"product_cat-oferte-de-pachete","7":"product_cat-office","8":"product_cat-software-de-grafica","10":"first","11":"instock","12":"shipping-taxable","13":"purchasable","14":"product-type-simple"},"_links":{"self":[{"href":"https:\/\/softlite.ro\/ro\/wp-json\/wp\/v2\/product\/1539","targetHints":{"allow":["GET"]}}],"collection":[{"href":"https:\/\/softlite.ro\/ro\/wp-json\/wp\/v2\/product"}],"about":[{"href":"https:\/\/softlite.ro\/ro\/wp-json\/wp\/v2\/types\/product"}],"replies":[{"embeddable":true,"href":"https:\/\/softlite.ro\/ro\/wp-json\/wp\/v2\/comments?post=1539"}],"wp:featuredmedia":[{"embeddable":true,"href":"https:\/\/softlite.ro\/ro\/wp-json\/wp\/v2\/media\/1562"}],"wp:attachment":[{"href":"https:\/\/softlite.ro\/ro\/wp-json\/wp\/v2\/media?parent=1539"}],"wp:term":[{"taxonomy":"product_brand","embeddable":true,"href":"https:\/\/softlite.ro\/ro\/wp-json\/wp\/v2\/product_brand?post=1539"},{"taxonomy":"product_cat","embeddable":true,"href":"https:\/\/softlite.ro\/ro\/wp-json\/wp\/v2\/product_cat?post=1539"},{"taxonomy":"product_tag","embeddable":true,"href":"https:\/\/softlite.ro\/ro\/wp-json\/wp\/v2\/product_tag?post=1539"}],"curies":[{"name":"wp","href":"https:\/\/api.w.org\/{rel}","templated":true}]}}