{"id":1543,"date":"2026-01-31T17:54:31","date_gmt":"2026-01-31T17:54:31","guid":{"rendered":"https:\/\/softlite.ro\/?post_type=product&#038;p=1543"},"modified":"2026-01-31T17:54:38","modified_gmt":"2026-01-31T17:54:38","slug":"lightroom-classic-2025-acrobat-2025-pro-i-windows","status":"publish","type":"product","link":"https:\/\/softlite.ro\/ro\/produs\/lightroom-classic-2025-acrobat-2025-pro-i-windows\/","title":{"rendered":"Lightroom Classic 2025 + Acrobat 2025 Pro I Windows"},"content":{"rendered":"<div class=\"flex flex-col text-sm\">\n<article class=\"text-token-text-primary w-full focus:outline-none [--shadow-height:45px] has-data-writing-block:pointer-events-none has-data-writing-block:-mt-(--shadow-height) has-data-writing-block:pt-(--shadow-height) [&amp;:has([data-writing-block])&gt;*]:pointer-events-auto scroll-mt-[calc(var(--header-height)+min(200px,max(70px,20svh)))]\" dir=\"auto\" tabindex=\"-1\" data-turn-id=\"request-WEB:e8c0a112-86aa-471a-ae0c-38dcca355508-9\" data-testid=\"conversation-turn-20\" data-scroll-anchor=\"true\" data-turn=\"assistant\">\n<div class=\"text-base my-auto mx-auto pb-10 [--thread-content-margin:--spacing(4)] @w-sm\/main:[--thread-content-margin:--spacing(6)] @w-lg\/main:[--thread-content-margin:--spacing(16)] px-(--thread-content-margin)\">\n<div class=\"[--thread-content-max-width:40rem] @w-lg\/main:[--thread-content-max-width:48rem] mx-auto max-w-(--thread-content-max-width) flex-1 group\/turn-messages focus-visible:outline-hidden relative flex w-full min-w-0 flex-col agent-turn\" tabindex=\"-1\">\n<div class=\"flex max-w-full flex-col grow\">\n<div class=\"min-h-8 text-message relative flex w-full flex-col items-end gap-2 text-start break-words whitespace-normal [.text-message+&amp;]:mt-1\" dir=\"auto\" data-message-author-role=\"assistant\" data-message-id=\"16d98903-0b19-4fd0-bcf8-997911c9f2ef\" data-message-model-slug=\"gpt-5-2\">\n<div class=\"flex w-full flex-col gap-1 empty:hidden first:pt-[1px]\">\n<div class=\"markdown prose dark:prose-invert w-full wrap-break-word light markdown-new-styling\">\n<p data-start=\"353\" data-end=\"821\">Acest pachet software este o alegere ideal\u0103 pentru fotografi, designeri grafici, speciali\u0219ti de birou \u0219i companii care au nevoie at\u00e2t de editare foto, c\u00e2t \u0219i de gestionare eficient\u0103 a documentelor \u00een activitatea zilnic\u0103. Lightroom Classic 2025 ofer\u0103 instrumente complete pentru post-procesare profesional\u0103, organizare \u0219i corec\u021bie de culoare a fotografiilor, \u00een timp ce Acrobat 2025 Pro asigur\u0103 solu\u021bii fiabile pentru crearea, editarea \u0219i protejarea documentelor PDF.<\/p>\n<h3 data-start=\"823\" data-end=\"865\">Func\u021bionalitate \u0219i cerin\u021be de sistem<\/h3>\n<p data-start=\"866\" data-end=\"1084\">Software-urile ruleaz\u0103 pe sistemul de operare Windows \u0219i dispun de func\u021bii offline. Acest lucru \u00eenseamn\u0103 c\u0103 nu includ servicii online sau extensii bazate pe cloud; sunt disponibile exclusiv func\u021biile instalate local.<\/p>\n<h3 data-start=\"1086\" data-end=\"1140\">Caracteristici principale Lightroom Classic 2025<\/h3>\n<p data-start=\"1141\" data-end=\"1268\">Lightroom Classic 2025 este conceput special pentru fotografi care doresc s\u0103 \u00ee\u0219i proceseze imaginile la un nivel profesional.<\/p>\n<ul data-start=\"1270\" data-end=\"1595\">\n<li data-start=\"1270\" data-end=\"1354\">\n<p data-start=\"1272\" data-end=\"1354\"><strong data-start=\"1272\" data-end=\"1298\">Organizarea imaginilor<\/strong> \u2013 catalogare u\u0219oar\u0103, cu op\u021biuni eficiente de c\u0103utare.<\/p>\n<\/li>\n<li data-start=\"1355\" data-end=\"1434\">\n<p data-start=\"1357\" data-end=\"1434\"><strong data-start=\"1357\" data-end=\"1387\">Ajust\u0103ri de culoare \u0219i ton<\/strong> \u2013 reglaje fine pentru un aspect profesional.<\/p>\n<\/li>\n<li data-start=\"1435\" data-end=\"1516\">\n<p data-start=\"1437\" data-end=\"1516\"><strong data-start=\"1437\" data-end=\"1466\">Procesarea fi\u0219ierelor RAW<\/strong> \u2013 editarea imaginilor la cea mai bun\u0103 calitate.<\/p>\n<\/li>\n<li data-start=\"1517\" data-end=\"1595\">\n<p data-start=\"1519\" data-end=\"1595\"><strong data-start=\"1519\" data-end=\"1549\">Export \u00een multiple formate<\/strong> \u2013 pentru utilizare digital\u0103 \u0219i tipografic\u0103.<\/p>\n<\/li>\n<\/ul>\n<h3 data-start=\"1597\" data-end=\"1645\">Caracteristici principale Acrobat 2025 Pro<\/h3>\n<p data-start=\"1646\" data-end=\"1772\">Acrobat 2025 Pro este o solu\u021bie modern\u0103 de gestionare PDF, indispensabil\u0103 at\u00e2t \u00een mediul de birou, c\u00e2t \u0219i \u00een cel de afaceri.<\/p>\n<ul data-start=\"1774\" data-end=\"2086\">\n<li data-start=\"1774\" data-end=\"1842\">\n<p data-start=\"1776\" data-end=\"1842\"><strong data-start=\"1776\" data-end=\"1801\">Creare \u0219i editare PDF<\/strong> \u2013 modificarea complet\u0103 a documentelor.<\/p>\n<\/li>\n<li data-start=\"1843\" data-end=\"1924\">\n<p data-start=\"1845\" data-end=\"1924\"><strong data-start=\"1845\" data-end=\"1873\">Gestionarea formularelor<\/strong> \u2013 creare \u0219i completare de formulare interactive.<\/p>\n<\/li>\n<li data-start=\"1925\" data-end=\"1999\">\n<p data-start=\"1927\" data-end=\"1999\"><strong data-start=\"1927\" data-end=\"1952\">Func\u021bii de securitate<\/strong> \u2013 protec\u021bie cu parol\u0103 \u0219i semn\u0103tur\u0103 digital\u0103.<\/p>\n<\/li>\n<li data-start=\"2000\" data-end=\"2086\">\n<p data-start=\"2002\" data-end=\"2086\"><strong data-start=\"2002\" data-end=\"2036\">Conversie \u00een mai multe formate<\/strong> \u2013 compatibilitate cu Word, Excel \u0219i PowerPoint.<\/p>\n<\/li>\n<\/ul>\n<h3 data-start=\"2088\" data-end=\"2122\">Cui i se adreseaz\u0103 pachetul?<\/h3>\n<p data-start=\"2123\" data-end=\"2235\">Acest pachet software este ideal pentru cei care lucreaz\u0103 simultan cu materiale vizuale \u0219i documente oficiale.<\/p>\n<ul data-start=\"2237\" data-end=\"2620\">\n<li data-start=\"2237\" data-end=\"2305\">\n<p data-start=\"2239\" data-end=\"2305\">fotografi care \u00ee\u0219i proceseaz\u0103 \u0219i prezint\u0103 imaginile profesional,<\/p>\n<\/li>\n<li data-start=\"2306\" data-end=\"2369\">\n<p data-start=\"2308\" data-end=\"2369\">companii care necesit\u0103 gestionare eficient\u0103 a documentelor,<\/p>\n<\/li>\n<li data-start=\"2370\" data-end=\"2451\">\n<p data-start=\"2372\" data-end=\"2451\">echipe de marketing care creeaz\u0103 imagini \u0219i materiale suport pentru campanii,<\/p>\n<\/li>\n<li data-start=\"2452\" data-end=\"2522\">\n<p data-start=\"2454\" data-end=\"2522\">institu\u021bii educa\u021bionale care gestioneaz\u0103 con\u021binut vizual \u0219i scris,<\/p>\n<\/li>\n<li data-start=\"2523\" data-end=\"2620\">\n<p data-start=\"2525\" data-end=\"2620\">utilizatori casnici care doresc s\u0103 combine creativitatea cu sarcinile zilnice de documentare.<\/p>\n<\/li>\n<\/ul>\n<h3 data-start=\"2622\" data-end=\"2656\">De ce s\u0103 alegi acest pachet?<\/h3>\n<p data-start=\"2657\" data-end=\"2974\" data-is-last-node=\"\" data-is-only-node=\"\">Combinarea Lightroom Classic 2025 cu Acrobat 2025 Pro ofer\u0103 o solu\u021bie complet\u0103 at\u00e2t pentru activit\u0103\u021bi creative, c\u00e2t \u0219i administrative. De la procesarea fotografiilor p\u00e2n\u0103 la crearea \u0219i protejarea documentelor PDF, toate fluxurile de lucru sunt disponibile \u00eentr-un singur pachet, \u00eentr-un mediu Windows stabil \u0219i sigur.<\/p>\n<\/div>\n<\/div>\n<\/div>\n<\/div>\n<div class=\"z-0 flex min-h-[46px] justify-start\"><\/div>\n<\/div>\n<\/div>\n<\/article>\n<\/div>\n<div class=\"pointer-events-none h-px w-px absolute bottom-0\" aria-hidden=\"true\" data-edge=\"true\"><\/div>\n","protected":false},"excerpt":{"rendered":"<p data-start=\"0\" data-end=\"80\">\ud83d\udcf7 <strong data-start=\"3\" data-end=\"78\">Lightroom Classic 2025 \u2013 post-procesare foto profesional\u0103 \u0219i organizare<\/strong><\/p>\n<p data-start=\"82\" data-end=\"142\">\ud83d\udcc4 <strong data-start=\"85\" data-end=\"140\">Acrobat 2025 Pro \u2013 creare, editare \u0219i protec\u021bie PDF<\/strong><\/p>\n<p data-start=\"144\" data-end=\"204\">\ud83d\uddbc\ufe0f <strong data-start=\"148\" data-end=\"202\">Flux de lucru complet \u2013 de la imagini la documente<\/strong><\/p>\n<p data-start=\"206\" data-end=\"276\">\ud83d\udd12 <strong data-start=\"209\" data-end=\"274\">Gestionare sigur\u0103 \u2013 protec\u021bie cu parol\u0103 \u0219i semn\u0103tur\u0103 digital\u0103<\/strong><\/p>\n<p data-start=\"278\" data-end=\"350\">\ud83d\ude80 <strong data-start=\"281\" data-end=\"348\">Pachet profesional \u2013 pentru utilizatori creativi \u0219i de business<\/strong><\/p>","protected":false},"featured_media":1566,"comment_status":"closed","ping_status":"closed","template":"","meta":[],"product_brand":[],"product_cat":[54,52],"product_tag":[],"class_list":{"0":"post-1543","1":"product","2":"type-product","3":"status-publish","4":"has-post-thumbnail","6":"product_cat-oferte-de-pachete","7":"product_cat-software-de-grafica","9":"first","10":"instock","11":"virtual","12":"purchasable","13":"product-type-simple"},"_links":{"self":[{"href":"https:\/\/softlite.ro\/ro\/wp-json\/wp\/v2\/product\/1543","targetHints":{"allow":["GET"]}}],"collection":[{"href":"https:\/\/softlite.ro\/ro\/wp-json\/wp\/v2\/product"}],"about":[{"href":"https:\/\/softlite.ro\/ro\/wp-json\/wp\/v2\/types\/product"}],"replies":[{"embeddable":true,"href":"https:\/\/softlite.ro\/ro\/wp-json\/wp\/v2\/comments?post=1543"}],"wp:featuredmedia":[{"embeddable":true,"href":"https:\/\/softlite.ro\/ro\/wp-json\/wp\/v2\/media\/1566"}],"wp:attachment":[{"href":"https:\/\/softlite.ro\/ro\/wp-json\/wp\/v2\/media?parent=1543"}],"wp:term":[{"taxonomy":"product_brand","embeddable":true,"href":"https:\/\/softlite.ro\/ro\/wp-json\/wp\/v2\/product_brand?post=1543"},{"taxonomy":"product_cat","embeddable":true,"href":"https:\/\/softlite.ro\/ro\/wp-json\/wp\/v2\/product_cat?post=1543"},{"taxonomy":"product_tag","embeddable":true,"href":"https:\/\/softlite.ro\/ro\/wp-json\/wp\/v2\/product_tag?post=1543"}],"curies":[{"name":"wp","href":"https:\/\/api.w.org\/{rel}","templated":true}]}}