{"id":1605,"date":"2026-03-15T11:07:47","date_gmt":"2026-03-15T11:07:47","guid":{"rendered":"https:\/\/softlite.ro\/?post_type=product&#038;p=1605"},"modified":"2026-03-15T11:09:51","modified_gmt":"2026-03-15T11:09:51","slug":"illustrator-2026-i-windows","status":"publish","type":"product","link":"https:\/\/softlite.ro\/ro\/produs\/illustrator-2026-i-windows\/","title":{"rendered":"Illustrator 2026 I Windows"},"content":{"rendered":"<article class=\"text-token-text-primary w-full focus:outline-none [--shadow-height:45px] has-data-writing-block:pointer-events-none has-data-writing-block:-mt-(--shadow-height) has-data-writing-block:pt-(--shadow-height) [&amp;:has([data-writing-block])&gt;*]:pointer-events-auto scroll-mt-[calc(var(--header-height)+min(200px,max(70px,20svh)))]\" dir=\"auto\" tabindex=\"-1\" data-turn-id=\"request-WEB:3ab8c3a2-417a-44cb-9ba4-5b092b47fa31-1\" data-testid=\"conversation-turn-4\" data-scroll-anchor=\"true\" data-turn=\"assistant\">\n<div class=\"text-base my-auto mx-auto pb-10 [--thread-content-margin:--spacing(4)] @w-sm\/main:[--thread-content-margin:--spacing(6)] @w-lg\/main:[--thread-content-margin:--spacing(16)] px-(--thread-content-margin)\">\n<div class=\"[--thread-content-max-width:40rem] @w-lg\/main:[--thread-content-max-width:48rem] mx-auto max-w-(--thread-content-max-width) flex-1 group\/turn-messages focus-visible:outline-hidden relative flex w-full min-w-0 flex-col agent-turn\" tabindex=\"-1\">\n<div class=\"flex max-w-full flex-col grow\">\n<div class=\"min-h-8 text-message relative flex w-full flex-col items-end gap-2 text-start break-words whitespace-normal [.text-message+&amp;]:mt-1\" dir=\"auto\" data-message-author-role=\"assistant\" data-message-id=\"29b0820d-7bf7-4aee-a9d2-5acb7586f9b9\" data-message-model-slug=\"gpt-5-2\">\n<div class=\"flex w-full flex-col gap-1 empty:hidden first:pt-[1px]\">\n<div class=\"markdown prose dark:prose-invert w-full break-words dark markdown-new-styling\">\n<p data-start=\"384\" data-end=\"790\">Illustrator 2026 este unul dintre cele mai avansate instrumente de grafic\u0103 vectorial\u0103 din lume, utilizat zilnic de milioane de designeri, speciali\u0219ti \u00een marketing, graficieni, agen\u021bii \u0219i studiouri creative. Versiunea 2026 vine cu \u00eembun\u0103t\u0103\u021biri semnificative de performan\u021b\u0103, randare mai rapid\u0103 \u0219i o interfa\u021b\u0103 \u0219i mai intuitiv\u0103, oferind utilizatorilor de Windows o experien\u021b\u0103 de crea\u021bie la cel mai \u00eenalt nivel.<\/p>\n<p data-start=\"792\" data-end=\"1339\">Illustrator 2026 este conceput special pentru profesioni\u0219tii creativi care au nevoie de solu\u021bii grafice precise \u0219i scalabile. Fie c\u0103 este vorba despre proiectarea de logo-uri, elemente de identitate vizual\u0103, pictograme, afi\u0219e, infografice, ambalaje sau ilustra\u021bii vectoriale pentru web, programul gestioneaz\u0103 fiecare detaliu cu o precizie excep\u021bional\u0103. Setul de instrumente bazat pe vectori permite ca grafica final\u0103 s\u0103 \u00ee\u0219i p\u0103streze calitatea perfect\u0103 la orice dimensiune, asigur\u00e2nd utilizarea profesional\u0103 at\u00e2t \u00een tipar, c\u00e2t \u0219i \u00een mediul digital.<\/p>\n<p data-start=\"1341\" data-end=\"1783\">Versiunea 2026 func\u021bioneaz\u0103 pe un motor reproiectat, care permite un flux de lucru mai rapid chiar \u0219i \u00een cazul fi\u0219ierelor mari \u0219i al compozi\u021biilor complexe. Pensulele \u00eembun\u0103t\u0103\u021bite, formele, func\u021biile avansate de editare a curbelor \u0219i set\u0103rile tipografice permit graficienilor s\u0103 \u00ee\u0219i transforme ideile creative mai rapid \u0219i mai precis. Interfa\u021ba programului este mai curat\u0103 \u0219i mai u\u0219or de urm\u0103rit, un avantaj important \u00een proiectele de durat\u0103.<\/p>\n<p data-start=\"1785\" data-end=\"2270\">Illustrator 2026 este complet optimizat pentru Windows \u0219i este conceput pentru utilizare offline, astfel \u00eenc\u00e2t toate func\u021biile ruleaz\u0103 direct pe computer, f\u0103r\u0103 a necesita conexiune la internet. Nu exist\u0103 limit\u0103ri bazate pe cloud sau func\u021bii dependente de servicii online, iar fluxul de lucru r\u0103m\u00e2ne sigur \u0219i previzibil. Acest aspect este deosebit de avantajos pentru profesioni\u0219tii care lucreaz\u0103 cu proiecte sensibile sau \u00een medii unde accesul la internet nu este \u00eentotdeauna garantat.<\/p>\n<p data-start=\"2272\" data-end=\"2598\">Func\u021bionarea este stabil\u0103, randarea este rapid\u0103, iar setul de instrumente vectoriale ridic\u0103 munca creativ\u0103 la un nivel cu adev\u0103rat profesional. Indiferent dac\u0103 designerii afla\u021bi la \u00eenceput de drum doresc s\u0103 evolueze sau agen\u021biile mari creeaz\u0103 materiale de branding complexe, Illustrator 2026 poate r\u0103spunde tuturor cerin\u021belor.<\/p>\n<p data-start=\"2600\" data-end=\"2802\" data-is-last-node=\"\" data-is-only-node=\"\">Aceast\u0103 versiune este alegerea ideal\u0103 pentru cei care \u00ee\u0219i doresc libertate creativ\u0103 complet\u0103 \u00eentr-un sistem de grafic\u0103 vectorial\u0103 fiabil, offline \u0219i dezvoltat special pentru Windows \u2013 f\u0103r\u0103 compromisuri.<\/p>\n<\/div>\n<\/div>\n<\/div>\n<\/div>\n<div class=\"z-0 flex min-h-[46px] justify-start\"><\/div>\n<div class=\"mt-3 w-full empty:hidden\">\n<div class=\"text-center\"><\/div>\n<\/div>\n<\/div>\n<\/div>\n<\/article>\n<div class=\"pointer-events-none h-px w-px\" aria-hidden=\"true\" data-edge=\"true\"><\/div>\n","protected":false},"excerpt":{"rendered":"<p data-start=\"0\" data-end=\"86\">\ud83d\udcbb Versiune creat\u0103 special pentru sistemele Windows, cu func\u021bionare stabil\u0103 \u0219i rapid\u0103.<\/p>\n<p data-start=\"88\" data-end=\"205\">\ud83c\udfa8 Grafic\u0103 vectorial\u0103 precis\u0103: pentru realizarea de logo-uri, pictograme, afi\u0219e, infografice \u0219i elemente de branding.<\/p>\n<p data-start=\"207\" data-end=\"290\">\u26a1 Performan\u021b\u0103 optimizat\u0103 pentru proiecte de mari dimensiuni \u0219i compozi\u021bii complexe.<\/p>\n<p data-start=\"292\" data-end=\"382\">\ud83c\udfc6 Ideal pentru designeri grafici, agen\u021bii, echipe de marketing \u0219i profesioni\u0219ti creativi.<\/p>","protected":false},"featured_media":1612,"comment_status":"closed","ping_status":"closed","template":"","meta":[],"product_brand":[],"product_cat":[34,52],"product_tag":[],"class_list":{"0":"post-1605","1":"product","2":"type-product","3":"status-publish","4":"has-post-thumbnail","6":"product_cat-graphical","7":"product_cat-software-de-grafica","9":"first","10":"instock","11":"sale","12":"shipping-taxable","13":"purchasable","14":"product-type-simple"},"_links":{"self":[{"href":"https:\/\/softlite.ro\/ro\/wp-json\/wp\/v2\/product\/1605","targetHints":{"allow":["GET"]}}],"collection":[{"href":"https:\/\/softlite.ro\/ro\/wp-json\/wp\/v2\/product"}],"about":[{"href":"https:\/\/softlite.ro\/ro\/wp-json\/wp\/v2\/types\/product"}],"replies":[{"embeddable":true,"href":"https:\/\/softlite.ro\/ro\/wp-json\/wp\/v2\/comments?post=1605"}],"wp:featuredmedia":[{"embeddable":true,"href":"https:\/\/softlite.ro\/ro\/wp-json\/wp\/v2\/media\/1612"}],"wp:attachment":[{"href":"https:\/\/softlite.ro\/ro\/wp-json\/wp\/v2\/media?parent=1605"}],"wp:term":[{"taxonomy":"product_brand","embeddable":true,"href":"https:\/\/softlite.ro\/ro\/wp-json\/wp\/v2\/product_brand?post=1605"},{"taxonomy":"product_cat","embeddable":true,"href":"https:\/\/softlite.ro\/ro\/wp-json\/wp\/v2\/product_cat?post=1605"},{"taxonomy":"product_tag","embeddable":true,"href":"https:\/\/softlite.ro\/ro\/wp-json\/wp\/v2\/product_tag?post=1605"}],"curies":[{"name":"wp","href":"https:\/\/api.w.org\/{rel}","templated":true}]}}