{"id":1606,"date":"2026-03-15T11:07:47","date_gmt":"2026-03-15T11:07:47","guid":{"rendered":"https:\/\/softlite.ro\/?post_type=product&#038;p=1606"},"modified":"2026-03-15T11:09:57","modified_gmt":"2026-03-15T11:09:57","slug":"indesign-2026-i-windows","status":"publish","type":"product","link":"https:\/\/softlite.ro\/ro\/produs\/indesign-2026-i-windows\/","title":{"rendered":"Indesign 2026 I windows"},"content":{"rendered":"<article class=\"text-token-text-primary w-full focus:outline-none [--shadow-height:45px] has-data-writing-block:pointer-events-none has-data-writing-block:-mt-(--shadow-height) has-data-writing-block:pt-(--shadow-height) [&amp;:has([data-writing-block])&gt;*]:pointer-events-auto scroll-mt-[calc(var(--header-height)+min(200px,max(70px,20svh)))]\" dir=\"auto\" tabindex=\"-1\" data-turn-id=\"request-WEB:3ab8c3a2-417a-44cb-9ba4-5b092b47fa31-2\" data-testid=\"conversation-turn-6\" data-scroll-anchor=\"true\" data-turn=\"assistant\">\n<div class=\"text-base my-auto mx-auto pb-10 [--thread-content-margin:--spacing(4)] @w-sm\/main:[--thread-content-margin:--spacing(6)] @w-lg\/main:[--thread-content-margin:--spacing(16)] px-(--thread-content-margin)\">\n<div class=\"[--thread-content-max-width:40rem] @w-lg\/main:[--thread-content-max-width:48rem] mx-auto max-w-(--thread-content-max-width) flex-1 group\/turn-messages focus-visible:outline-hidden relative flex w-full min-w-0 flex-col agent-turn\" tabindex=\"-1\">\n<div class=\"flex max-w-full flex-col grow\">\n<div class=\"min-h-8 text-message relative flex w-full flex-col items-end gap-2 text-start break-words whitespace-normal [.text-message+&amp;]:mt-1\" dir=\"auto\" data-message-author-role=\"assistant\" data-message-id=\"b86cf811-e676-40da-aef6-b6db9c9b90e1\" data-message-model-slug=\"gpt-5-2\">\n<div class=\"flex w-full flex-col gap-1 empty:hidden first:pt-[1px]\">\n<div class=\"markdown prose dark:prose-invert w-full break-words dark markdown-new-styling\">\n<p data-start=\"387\" data-end=\"960\">InDesign 2026 este unul dintre cele mai importante instrumente ale edit\u0103rii \u0219i machet\u0103rii moderne, utilizat la nivel global de edituri, reviste, studiouri grafice, agen\u021bii de marketing \u0219i companii. Edi\u021bia 2026 ofer\u0103 performan\u021b\u0103 \u00eembun\u0103t\u0103\u021bit\u0103, randare mai rapid\u0103 a paginilor \u0219i un control tipografic \u0219i mai precis, fiind optimizat\u0103 special pentru sistemele Windows. Func\u021biile profesionale de machetare, gestionarea avansat\u0103 a textului \u0219i setul bine g\u00e2ndit de instrumente \u00eel fac alegerea ideal\u0103 pentru to\u021bi cei care creeaz\u0103 publica\u021bii tip\u0103rite sau digitale de \u00eenalt\u0103 calitate.<\/p>\n<p data-start=\"962\" data-end=\"1427\">Unul dintre cele mai mari avantaje ale InDesign 2026 este controlul complet asupra documentelor. Utilizatorii pot crea cu u\u0219urin\u021b\u0103 reviste, cataloage, bro\u0219uri, c\u0103r\u021bi, newslettere, PDF-uri cu mai multe pagini sau chiar documenta\u021bii complete de identitate corporativ\u0103. Sistemul flexibil de proiectare a paginilor, paginile master, stilurile \u0219i set\u0103rile precise de compozi\u021bie permit un flux de lucru rapid \u0219i eficient, chiar \u0219i \u00een cazul documentelor de sute de pagini.<\/p>\n<p data-start=\"1429\" data-end=\"1824\">Func\u021biile tipografice \u00eembun\u0103t\u0103\u021bite ofer\u0103 un nivel superior de precizie: spa\u021biere rafinat\u0103 \u00eentre caractere, suport OpenType avansat, stiluri exacte de r\u00e2nd \u0219i paragraf, precum \u0219i kerning optimizat, astfel \u00eenc\u00e2t fiecare detaliu al designului s\u0103 arate impecabil. Interfa\u021ba InDesign 2026 este curat\u0103 \u0219i bine structurat\u0103, u\u0219or de \u00eenv\u0103\u021bat pentru \u00eencep\u0103tori \u0219i extrem de eficient\u0103 pentru profesioni\u0219ti.<\/p>\n<p data-start=\"1826\" data-end=\"2316\">Programul este conceput pentru utilizare complet offline, toate func\u021biile rul\u00e2nd local pe computer, ceea ce asigur\u0103 un mediu de lucru sigur \u0219i previzibil. Acest aspect este deosebit de avantajos pentru companiile \u0219i agen\u021biile care lucreaz\u0103 cu materiale sensibile sau nepublicate \u0219i doresc ca toate datele s\u0103 r\u0103m\u00e2n\u0103 stocate local. Datorit\u0103 func\u021bion\u0103rii offline, exportul documentelor, generarea PDF-urilor, preg\u0103tirea pentru tipar \u0219i editarea sunt rapide chiar \u0219i f\u0103r\u0103 conexiune la internet.<\/p>\n<p data-start=\"2318\" data-end=\"2656\">InDesign 2026 ofer\u0103 compatibilitate avansat\u0103 cu alte programe grafice \u0219i formate de fi\u0219iere. Gestioneaz\u0103 excelent grafica vectorial\u0103, fotografiile, elementele tipografice \u0219i layout-urile complexe. Motorul de randare performant garanteaz\u0103 c\u0103 \u0219i documentele voluminoase, bogate \u00een con\u021binut grafic, pot fi manipulate u\u0219or \u0219i exportate rapid.<\/p>\n<p data-start=\"2658\" data-end=\"2973\" data-is-last-node=\"\" data-is-only-node=\"\">Programul este ideal pentru to\u021bi utilizatorii creativi \u0219i de business care realizeaz\u0103 publica\u021bii la nivel profesional \u0219i doresc s\u0103 lucreze \u00eentr-un mediu stabil, bazat pe Windows. Fie c\u0103 este vorba despre cataloage corporative sau c\u0103r\u021bi de sute de pagini, InDesign 2026 ofer\u0103 o solu\u021bie modern\u0103, fiabil\u0103 \u0219i eficient\u0103.<\/p>\n<\/div>\n<\/div>\n<\/div>\n<\/div>\n<div class=\"z-0 flex min-h-[46px] justify-start\"><\/div>\n<div class=\"mt-3 w-full empty:hidden\">\n<div class=\"text-center\"><\/div>\n<\/div>\n<\/div>\n<\/div>\n<\/article>\n<div class=\"pointer-events-none h-px w-px\" aria-hidden=\"true\" data-edge=\"true\"><\/div>\n","protected":false},"excerpt":{"rendered":"<p data-start=\"0\" data-end=\"83\">\ud83d\udcbb Sistem de editare \u0219i machetare optimizat pentru Windows, cu func\u021bionare stabil\u0103.<\/p>\n<p data-start=\"85\" data-end=\"192\">\ud83d\udcda Machetare profesional\u0103: pentru realizarea de c\u0103r\u021bi, reviste, cataloage \u0219i documente cu mai multe pagini.<\/p>\n<p data-start=\"194\" data-end=\"297\">\ud83c\udfa8 Control tipografic precis: stiluri, pagini master, set\u0103ri avansate de fonturi \u0219i aranjamente exacte.<\/p>\n<p data-start=\"299\" data-end=\"384\">\u26a1 Export rapid \u0219i flux de lucru eficient chiar \u0219i pentru proiecte de mari dimensiuni.<\/p>","protected":false},"featured_media":1613,"comment_status":"closed","ping_status":"closed","template":"","meta":[],"product_brand":[],"product_cat":[34,52],"product_tag":[],"class_list":{"0":"post-1606","1":"product","2":"type-product","3":"status-publish","4":"has-post-thumbnail","6":"product_cat-graphical","7":"product_cat-software-de-grafica","9":"first","10":"instock","11":"sale","12":"shipping-taxable","13":"purchasable","14":"product-type-simple"},"_links":{"self":[{"href":"https:\/\/softlite.ro\/ro\/wp-json\/wp\/v2\/product\/1606","targetHints":{"allow":["GET"]}}],"collection":[{"href":"https:\/\/softlite.ro\/ro\/wp-json\/wp\/v2\/product"}],"about":[{"href":"https:\/\/softlite.ro\/ro\/wp-json\/wp\/v2\/types\/product"}],"replies":[{"embeddable":true,"href":"https:\/\/softlite.ro\/ro\/wp-json\/wp\/v2\/comments?post=1606"}],"wp:featuredmedia":[{"embeddable":true,"href":"https:\/\/softlite.ro\/ro\/wp-json\/wp\/v2\/media\/1613"}],"wp:attachment":[{"href":"https:\/\/softlite.ro\/ro\/wp-json\/wp\/v2\/media?parent=1606"}],"wp:term":[{"taxonomy":"product_brand","embeddable":true,"href":"https:\/\/softlite.ro\/ro\/wp-json\/wp\/v2\/product_brand?post=1606"},{"taxonomy":"product_cat","embeddable":true,"href":"https:\/\/softlite.ro\/ro\/wp-json\/wp\/v2\/product_cat?post=1606"},{"taxonomy":"product_tag","embeddable":true,"href":"https:\/\/softlite.ro\/ro\/wp-json\/wp\/v2\/product_tag?post=1606"}],"curies":[{"name":"wp","href":"https:\/\/api.w.org\/{rel}","templated":true}]}}