{"id":1607,"date":"2026-03-15T11:07:47","date_gmt":"2026-03-15T11:07:47","guid":{"rendered":"https:\/\/softlite.ro\/?post_type=product&#038;p=1607"},"modified":"2026-03-15T11:07:49","modified_gmt":"2026-03-15T11:07:49","slug":"lightroom-classic-2026-i-windows","status":"publish","type":"product","link":"https:\/\/softlite.ro\/ro\/produs\/lightroom-classic-2026-i-windows\/","title":{"rendered":"Lightroom Classic 2026 I Windows"},"content":{"rendered":"<article class=\"text-token-text-primary w-full focus:outline-none [--shadow-height:45px] has-data-writing-block:pointer-events-none has-data-writing-block:-mt-(--shadow-height) has-data-writing-block:pt-(--shadow-height) [&amp;:has([data-writing-block])&gt;*]:pointer-events-auto scroll-mt-[calc(var(--header-height)+min(200px,max(70px,20svh)))]\" dir=\"auto\" tabindex=\"-1\" data-turn-id=\"request-WEB:3ab8c3a2-417a-44cb-9ba4-5b092b47fa31-3\" data-testid=\"conversation-turn-8\" data-scroll-anchor=\"true\" data-turn=\"assistant\">\n<div class=\"text-base my-auto mx-auto pb-10 [--thread-content-margin:--spacing(4)] @w-sm\/main:[--thread-content-margin:--spacing(6)] @w-lg\/main:[--thread-content-margin:--spacing(16)] px-(--thread-content-margin)\">\n<div class=\"[--thread-content-max-width:40rem] @w-lg\/main:[--thread-content-max-width:48rem] mx-auto max-w-(--thread-content-max-width) flex-1 group\/turn-messages focus-visible:outline-hidden relative flex w-full min-w-0 flex-col agent-turn\" tabindex=\"-1\">\n<div class=\"flex max-w-full flex-col grow\">\n<div class=\"min-h-8 text-message relative flex w-full flex-col items-end gap-2 text-start break-words whitespace-normal [.text-message+&amp;]:mt-1\" dir=\"auto\" data-message-author-role=\"assistant\" data-message-id=\"450bf6bf-86d5-4878-aecf-52abd60a05f5\" data-message-model-slug=\"gpt-5-2\">\n<div class=\"flex w-full flex-col gap-1 empty:hidden first:pt-[1px]\">\n<div class=\"markdown prose dark:prose-invert w-full break-words dark markdown-new-styling\">\n<p data-start=\"373\" data-end=\"822\">Lightroom Classic 2026 este unul dintre cele mai importante \u0219i mai fiabile instrumente pentru fotografi, creat special pentru cei care doresc s\u0103 \u00ee\u0219i organizeze \u00eentreaga colec\u021bie foto, s\u0103 o proceseze rapid \u0219i s\u0103 aplice corec\u021bii la nivel profesional. Versiunea 2026 perfec\u021bioneaz\u0103 stabilitatea anilor anteriori \u0219i ofer\u0103 utilizatorilor de Windows o func\u021bionare a cataloagelor \u0219i mai rapid\u0103, procesare de imagine optimizat\u0103 \u0219i editare RAW mai eficient\u0103.<\/p>\n<p data-start=\"824\" data-end=\"1396\">Programul este ideal \u00een special pentru fotografii care lucreaz\u0103 cu volume mari de imagini \u0219i pentru care este esen\u021bial ca toate fi\u0219ierele s\u0103 fie gestionate \u00eentr-un singur sistem de bibliotec\u0103 clar \u0219i bine structurat. Lightroom Classic 2026 permite selec\u021bia rapid\u0103 a fotografiilor, organizarea prin stele \u0219i culori, importul \u00een loturi \u0219i generarea instantanee de previzualiz\u0103ri. Astfel, proiectele mari \u2013 fie c\u0103 este vorba despre fotografii de nunt\u0103, procesarea \u00een mas\u0103 a imaginilor de produs sau organizarea unui portofoliu de c\u0103l\u0103torie \u2013 devin mult mai u\u0219or de gestionat.<\/p>\n<p data-start=\"1398\" data-end=\"1776\">Motorul RAW avansat ofer\u0103 un control al culorilor \u0219i mai precis, optimiz\u0103ri noi ale curbelor de ton \u0219i corec\u021bii geometrice exacte, permi\u021b\u00e2nd fiec\u0103rei imagini s\u0103 valorifice la maximum intervalul dinamic. Corec\u021biile locale, m\u0103\u0219tile, pensulele \u0219i gradien\u021bii au fost de asemenea \u00eembun\u0103t\u0103\u021bite, ceea ce face ca post-procesarea creativ\u0103 s\u0103 fie rapid\u0103, intuitiv\u0103 \u0219i extrem de detaliat\u0103.<\/p>\n<p data-start=\"1778\" data-end=\"2298\">Lightroom Classic 2026 este dezvoltat special pentru sistemele Windows \u0219i func\u021bioneaz\u0103 complet offline, astfel \u00eenc\u00e2t procesarea datelor, gestionarea cataloagelor \u0219i editarea se desf\u0103\u0219oar\u0103 integral local, \u00eentr-un mediu sigur. Nu necesit\u0103 conexiune la internet, nu folose\u0219te sincronizare \u00een cloud, iar toate datele r\u0103m\u00e2n exclusiv pe computerul utilizatorului. Acest lucru este deosebit de important pentru fotografii care lucreaz\u0103 cu proiecte confiden\u021biale sau \u00een medii unde accesul la internet nu este \u00eentotdeauna stabil.<\/p>\n<p data-start=\"2300\" data-end=\"2720\">Interfa\u021ba programului este bine cunoscut\u0103 \u0219i logic\u0103, iar eficien\u021ba este remarcabil\u0103: procesarea a sute sau chiar mii de imagini se realizeaz\u0103 extrem de rapid, iar catalogul \u021bine pasul f\u0103r\u0103 probleme cu fi\u0219ierele RAW de rezolu\u021bie mare. Editarea fotografiilor se face \u00een timp real, modific\u0103rile pot fi anulate cu u\u0219urin\u021b\u0103, iar fluxul de lucru nedistructiv garanteaz\u0103 c\u0103 materialele originale r\u0103m\u00e2n \u00eentotdeauna \u00een siguran\u021b\u0103.<\/p>\n<p data-start=\"2722\" data-end=\"3022\" data-is-last-node=\"\" data-is-only-node=\"\">Lightroom Classic 2026 este alegerea ideal\u0103 at\u00e2t pentru fotografii amatori, c\u00e2t \u0219i pentru profesioni\u0219ti, care \u00ee\u0219i doresc un instrument precis, eficient \u0219i de \u00eencredere pentru \u00eentregul flux de post-procesare \u2013 de la import \u0219i gestionarea cataloagelor p\u00e2n\u0103 la corec\u021biile detaliate de culoare \u0219i lumin\u0103.<\/p>\n<\/div>\n<\/div>\n<\/div>\n<\/div>\n<div class=\"z-0 flex min-h-[46px] justify-start\"><\/div>\n<div class=\"mt-3 w-full empty:hidden\">\n<div class=\"text-center\"><\/div>\n<\/div>\n<\/div>\n<\/div>\n<\/article>\n<div class=\"pointer-events-none h-px w-px\" aria-hidden=\"true\" data-edge=\"true\"><\/div>\n","protected":false},"excerpt":{"rendered":"<p data-start=\"0\" data-end=\"53\">\ud83d\udcbb Sistem de procesare foto dezvoltat pentru Windows.<\/p>\n<p data-start=\"55\" data-end=\"148\">\ud83d\udcf8 Organizare rapid\u0103 a unui volum mare de fotografii: cataloage, etichete, opera\u021biuni \u00een lot.<\/p>\n<p data-start=\"150\" data-end=\"256\">\ud83c\udfa8 Post-procesare RAW profesional\u0103: corec\u021bie de culoare, curbe de ton, m\u0103\u0219ti locale, corec\u021bii de obiectiv.<\/p>\n<p data-start=\"258\" data-end=\"370\">\u26a1 Performan\u021b\u0103 excelent\u0103 pentru gestionarea fi\u0219ierelor de rezolu\u021bie mare \u0219i a colec\u021biilor foto de mii de imagini.<\/p>","protected":false},"featured_media":1614,"comment_status":"closed","ping_status":"closed","template":"","meta":[],"product_brand":[],"product_cat":[52],"product_tag":[],"class_list":{"0":"post-1607","1":"product","2":"type-product","3":"status-publish","4":"has-post-thumbnail","6":"product_cat-software-de-grafica","8":"first","9":"instock","10":"sale","11":"shipping-taxable","12":"purchasable","13":"product-type-simple"},"_links":{"self":[{"href":"https:\/\/softlite.ro\/ro\/wp-json\/wp\/v2\/product\/1607","targetHints":{"allow":["GET"]}}],"collection":[{"href":"https:\/\/softlite.ro\/ro\/wp-json\/wp\/v2\/product"}],"about":[{"href":"https:\/\/softlite.ro\/ro\/wp-json\/wp\/v2\/types\/product"}],"replies":[{"embeddable":true,"href":"https:\/\/softlite.ro\/ro\/wp-json\/wp\/v2\/comments?post=1607"}],"wp:featuredmedia":[{"embeddable":true,"href":"https:\/\/softlite.ro\/ro\/wp-json\/wp\/v2\/media\/1614"}],"wp:attachment":[{"href":"https:\/\/softlite.ro\/ro\/wp-json\/wp\/v2\/media?parent=1607"}],"wp:term":[{"taxonomy":"product_brand","embeddable":true,"href":"https:\/\/softlite.ro\/ro\/wp-json\/wp\/v2\/product_brand?post=1607"},{"taxonomy":"product_cat","embeddable":true,"href":"https:\/\/softlite.ro\/ro\/wp-json\/wp\/v2\/product_cat?post=1607"},{"taxonomy":"product_tag","embeddable":true,"href":"https:\/\/softlite.ro\/ro\/wp-json\/wp\/v2\/product_tag?post=1607"}],"curies":[{"name":"wp","href":"https:\/\/api.w.org\/{rel}","templated":true}]}}