{"id":1608,"date":"2026-03-15T11:07:47","date_gmt":"2026-03-15T11:07:47","guid":{"rendered":"https:\/\/softlite.ro\/?post_type=product&#038;p=1608"},"modified":"2026-03-15T11:11:02","modified_gmt":"2026-03-15T11:11:02","slug":"onedrive-cloud-1-tb-storage-1-year","status":"publish","type":"product","link":"https:\/\/softlite.ro\/ro\/produs\/onedrive-cloud-1-tb-storage-1-year\/","title":{"rendered":"OneDrive Cloud 1 TB storage &#8211; 1 year"},"content":{"rendered":"<article class=\"text-token-text-primary w-full focus:outline-none [--shadow-height:45px] has-data-writing-block:pointer-events-none has-data-writing-block:-mt-(--shadow-height) has-data-writing-block:pt-(--shadow-height) [&amp;:has([data-writing-block])&gt;*]:pointer-events-auto scroll-mt-[calc(var(--header-height)+min(200px,max(70px,20svh)))]\" dir=\"auto\" tabindex=\"-1\" data-turn-id=\"221ba64b-3f8b-4045-bc26-5e115a34a8d0\" data-testid=\"conversation-turn-4\" data-scroll-anchor=\"false\" data-turn=\"assistant\">\n<div class=\"text-base my-auto mx-auto [--thread-content-margin:--spacing(4)] @w-sm\/main:[--thread-content-margin:--spacing(6)] @w-lg\/main:[--thread-content-margin:--spacing(16)] px-(--thread-content-margin)\">\n<div class=\"[--thread-content-max-width:40rem] @w-lg\/main:[--thread-content-max-width:48rem] mx-auto max-w-(--thread-content-max-width) flex-1 group\/turn-messages focus-visible:outline-hidden relative flex w-full min-w-0 flex-col agent-turn\" tabindex=\"-1\">\n<div class=\"flex max-w-full flex-col grow\">\n<div class=\"min-h-8 text-message relative flex w-full flex-col items-end gap-2 text-start break-words whitespace-normal [.text-message+&amp;]:mt-1\" dir=\"auto\" data-message-author-role=\"assistant\" data-message-id=\"b1fec2c8-43c1-4705-a0c1-5cb70c27521b\" data-message-model-slug=\"gpt-5-2\">\n<div class=\"flex w-full flex-col gap-1 empty:hidden first:pt-[1px]\">\n<div class=\"markdown prose dark:prose-invert w-full break-words dark markdown-new-styling\">\n<p data-start=\"52\" data-end=\"359\">OneDrive Cloud cu <strong data-start=\"70\" data-end=\"122\">1 TB spa\u021biu de stocare pentru o perioad\u0103 de 1 an<\/strong> reprezint\u0103 o solu\u021bie complet\u0103 \u0219i fiabil\u0103 pentru stocarea, protejarea \u0219i gestionarea fi\u0219ierelor tale \u00een mediul online. Acest serviciu este conceput pentru a oferi acces rapid \u0219i sigur la datele tale, indiferent de loca\u021bie sau dispozitiv.<\/p>\n<p data-start=\"361\" data-end=\"684\">Cu un spa\u021biu generos de <strong data-start=\"385\" data-end=\"403\">1 TB (1000 GB)<\/strong>, po\u021bi salva f\u0103r\u0103 griji documente de lucru, fotografii la rezolu\u021bie mare, videoclipuri, proiecte personale, arhive \u0219i copii de siguran\u021b\u0103 importante. OneDrive permite organizarea eficient\u0103 a fi\u0219ierelor \u00een foldere, astfel \u00eenc\u00e2t s\u0103 \u00ee\u021bi men\u021bii datele bine structurate \u0219i u\u0219or de g\u0103sit.<\/p>\n<p data-start=\"686\" data-end=\"1496\">\ud83d\udd39 <strong data-start=\"689\" data-end=\"713\">Acces multiplatform\u0103<\/strong> \u2013 fi\u0219ierele tale pot fi accesate de pe PC sau laptop cu Windows, macOS, precum \u0219i de pe smartphone sau tablet\u0103 (Android \u0219i iOS)<br data-start=\"841\" data-end=\"844\" \/>\ud83d\udd39 <strong data-start=\"847\" data-end=\"888\">Sincronizare automat\u0103 \u0219i \u00een timp real<\/strong> \u2013 orice modificare efectuat\u0103 pe un dispozitiv este actualizat\u0103 automat pe toate celelalte<br data-start=\"978\" data-end=\"981\" data-is-only-node=\"\" \/>\ud83d\udd39 <strong data-start=\"984\" data-end=\"1020\">Partajare flexibil\u0103 a fi\u0219ierelor<\/strong> \u2013 po\u021bi crea linkuri de acces pentru colaborare sau vizualizare, cu op\u021biuni de control al permisiunilor<br data-start=\"1123\" data-end=\"1126\" \/>\ud83d\udd39 <strong data-start=\"1129\" data-end=\"1162\">Securitate avansat\u0103 a datelor<\/strong> \u2013 protec\u021bie \u00eempotriva pierderii fi\u0219ierelor, criptare \u0219i posibilitate de recuperare a datelor<br data-start=\"1255\" data-end=\"1258\" \/>\ud83d\udd39 <strong data-start=\"1261\" data-end=\"1285\">Backup \u0219i restaurare<\/strong> \u2013 ideal pentru p\u0103strarea copiilor de siguran\u021b\u0103 ale documentelor importante<br data-start=\"1360\" data-end=\"1363\" \/>\ud83d\udd39 <strong data-start=\"1366\" data-end=\"1391\">Valabilitate: 12 luni<\/strong> de la data activ\u0103rii contului<br data-start=\"1421\" data-end=\"1424\" \/>\ud83d\udd39 <strong data-start=\"1427\" data-end=\"1447\">Livrare digital\u0103<\/strong> \u2013 activare rapid\u0103 \u0219i simpl\u0103, f\u0103r\u0103 livrare fizic\u0103<\/p>\n<p data-start=\"1498\" data-end=\"1868\" data-is-last-node=\"\" data-is-only-node=\"\">OneDrive Cloud este solu\u021bia ideal\u0103 pentru utilizatori individuali, freelanceri, studen\u021bi \u0219i profesioni\u0219ti care au nevoie de un spa\u021biu de stocare sigur, accesibil \u0219i eficient pentru datele lor personale sau profesionale. Serviciul \u00ee\u021bi ofer\u0103 lini\u0219tea c\u0103 fi\u0219ierele tale sunt protejate \u0219i disponibile oric\u00e2nd ai nevoie de ele, \u00eentr-un mediu cloud modern \u0219i u\u0219or de utilizat.<\/p>\n<\/div>\n<\/div>\n<\/div>\n<\/div>\n<div class=\"z-0 flex min-h-[46px] justify-start\"><\/div>\n<\/div>\n<\/div>\n<\/article>\n<article class=\"text-token-text-primary w-full focus:outline-none [--shadow-height:45px] has-data-writing-block:pointer-events-none has-data-writing-block:-mt-(--shadow-height) has-data-writing-block:pt-(--shadow-height) [&amp;:has([data-writing-block])&gt;*]:pointer-events-auto scroll-mt-(--header-height)\" dir=\"auto\" tabindex=\"-1\" data-turn-id=\"0fcf649d-7a45-4d3b-9562-81c928e9f0e9\" data-testid=\"conversation-turn-5\" data-scroll-anchor=\"false\" data-turn=\"user\">\n<div class=\"text-base my-auto mx-auto pt-12 [--thread-content-margin:--spacing(4)] @w-sm\/main:[--thread-content-margin:--spacing(6)] @w-lg\/main:[--thread-content-margin:--spacing(16)] px-(--thread-content-margin)\">\n<div class=\"[--thread-content-max-width:40rem] @w-lg\/main:[--thread-content-max-width:48rem] mx-auto max-w-(--thread-content-max-width) flex-1 group\/turn-messages focus-visible:outline-hidden relative flex w-full min-w-0 flex-col\" tabindex=\"-1\">\n<div class=\"flex max-w-full flex-col grow\">\n<div class=\"min-h-8 text-message relative flex w-full flex-col items-end gap-2 text-start break-words whitespace-normal [.text-message+&amp;]:mt-1\" dir=\"auto\" data-message-author-role=\"user\" data-message-id=\"0fcf649d-7a45-4d3b-9562-81c928e9f0e9\">\n<div class=\"flex w-full flex-col gap-1 empty:hidden items-end rtl:items-start\">\n<div class=\"user-message-bubble-color corner-superellipse\/1.1 relative rounded-[18px] px-4 py-1.5 data-[multiline]:py-3 max-w-[var(--user-chat-width,70%)]\">\n<div class=\"whitespace-pre-wrap\"><\/div>\n<\/div>\n<\/div>\n<\/div>\n<\/div>\n<\/div>\n<\/div>\n<\/article>\n","protected":false},"excerpt":{"rendered":"<p>\u2601\ufe0f <strong data-start=\"45\" data-end=\"80\">1 TB spa\u021biu de stocare \u00een cloud<\/strong> pentru fi\u0219iere, fotografii \u0219i videoclipuri<br data-start=\"123\" data-end=\"126\" \/>\ud83d\udcf1 <strong data-start=\"129\" data-end=\"149\">Acces de oriunde<\/strong> \u2013 PC, laptop, tablet\u0103 \u0219i smartphone<br data-start=\"185\" data-end=\"188\" \/>\ud83d\udd04 <strong data-start=\"191\" data-end=\"216\">Sincronizare automat\u0103<\/strong> pe toate dispozitivele tale<br data-start=\"244\" data-end=\"247\" \/>\ud83d\udd17 <strong data-start=\"250\" data-end=\"280\">Partajare rapid\u0103 \u0219i sigur\u0103<\/strong> prin linkuri<br data-start=\"293\" data-end=\"296\" \/>\ud83d\udd12 <strong data-start=\"299\" data-end=\"331\">Protec\u021bie avansat\u0103 a datelor<\/strong> \u0219i recuperare fi\u0219iere<br data-start=\"353\" data-end=\"356\" \/>\u23f3 <strong data-start=\"358\" data-end=\"383\">Valabilitate: 12 luni<\/strong> de la activare<br data-start=\"398\" data-end=\"401\" \/>\u26a1 <strong data-start=\"403\" data-end=\"432\">Livrare digital\u0103 instant\u0103<\/strong>, f\u0103r\u0103 suport fizic<\/p>","protected":false},"featured_media":1615,"comment_status":"closed","ping_status":"closed","template":"","meta":[],"product_brand":[],"product_cat":[56,57],"product_tag":[],"class_list":{"0":"post-1608","1":"product","2":"type-product","3":"status-publish","4":"has-post-thumbnail","6":"product_cat-depozitare","7":"product_cat-jocuri","9":"first","10":"instock","11":"shipping-taxable","12":"purchasable","13":"product-type-simple"},"_links":{"self":[{"href":"https:\/\/softlite.ro\/ro\/wp-json\/wp\/v2\/product\/1608","targetHints":{"allow":["GET"]}}],"collection":[{"href":"https:\/\/softlite.ro\/ro\/wp-json\/wp\/v2\/product"}],"about":[{"href":"https:\/\/softlite.ro\/ro\/wp-json\/wp\/v2\/types\/product"}],"replies":[{"embeddable":true,"href":"https:\/\/softlite.ro\/ro\/wp-json\/wp\/v2\/comments?post=1608"}],"wp:featuredmedia":[{"embeddable":true,"href":"https:\/\/softlite.ro\/ro\/wp-json\/wp\/v2\/media\/1615"}],"wp:attachment":[{"href":"https:\/\/softlite.ro\/ro\/wp-json\/wp\/v2\/media?parent=1608"}],"wp:term":[{"taxonomy":"product_brand","embeddable":true,"href":"https:\/\/softlite.ro\/ro\/wp-json\/wp\/v2\/product_brand?post=1608"},{"taxonomy":"product_cat","embeddable":true,"href":"https:\/\/softlite.ro\/ro\/wp-json\/wp\/v2\/product_cat?post=1608"},{"taxonomy":"product_tag","embeddable":true,"href":"https:\/\/softlite.ro\/ro\/wp-json\/wp\/v2\/product_tag?post=1608"}],"curies":[{"name":"wp","href":"https:\/\/api.w.org\/{rel}","templated":true}]}}